




{"id":7856,"date":"2016-06-16T14:38:08","date_gmt":"2016-06-16T13:38:08","guid":{"rendered":"https:\/\/sport-timing.pl\/pomiar-czasu\/?page_id=7856"},"modified":"2024-08-24T17:04:22","modified_gmt":"2024-08-24T15:04:22","slug":"xiii-ogolnopolskich-mistrzostw-mazur-plywaniu-dlugodystansowym-wilkasy-2016","status":"publish","type":"page","link":"https:\/\/sport-timing.pl\/pomiar-czasu\/zapisy-online\/xiii-ogolnopolskich-mistrzostw-mazur-plywaniu-dlugodystansowym-wilkasy-2016\/","title":{"rendered":"XIII Og\u00f3lnopolskich Mistrzostw Mazur w P\u0142ywaniu D\u0142ugodystansowym WILKASY 2016"},"content":{"rendered":"<div class=\"wpb-content-wrapper\"><p><div class=\"vc_row wpb_row vc_row-fluid\"><div class=\"wpb_column vc_column_container vc_col-sm-6\"><div class=\"vc_column-inner\"><div class=\"wpb_wrapper\"><\/div><\/div><\/div><div class=\"wpb_column vc_column_container vc_col-sm-6\"><div class=\"vc_column-inner\"><div class=\"wpb_wrapper\"><div class=\"vc_btn3-container vc_btn3-right vc_do_btn\" ><a class=\"vc_general vc_btn3 vc_btn3-size-sm vc_btn3-shape-rounded vc_btn3-style-3d vc_btn3-icon-left vc_btn3-color-info\" href=\"https:\/\/sport-timing.pl\/pomiar-czasu\/wydarzenie\/enduro-trails\/\" title=\"\"><i class=\"vc_btn3-icon fa fa-long-arrow-left\"><\/i> Strona g\u0142\u00f3wna wydarzenia<\/a><\/div><\/div><\/div><\/div><\/div><div class=\"vc_row wpb_row vc_row-fluid event_espresso_form_wrapper event-data-display\"><div class=\"wpb_column vc_column_container vc_col-sm-12\"><div class=\"vc_column-inner\"><div class=\"wpb_wrapper\"><div class=\"vc_message_box vc_message_box-standard vc_message_box-round vc_color-alert-info wpb_animate_when_almost_visible wpb_appear appear vc_do_message import-done\" ><div class=\"vc_message_box-icon\"><i class=\"vc_pixel_icon vc_pixel_icon-info\"><\/i><\/div><p>Dane zosta\u0142y zaimportowane z\u00a0Twojego profilu.<\/p>\n<\/div><div class=\"vc_separator wpb_content_element vc_separator_align_center vc_sep_width_100 vc_sep_pos_align_center vc_sep_color_grey wpb_content_element vc_separator-has-text\" ><span class=\"vc_sep_holder vc_sep_holder_l\"><span class=\"vc_sep_line\"><\/span><\/span><h4>Formularz zg\u0142oszeniowy<\/h4><span class=\"vc_sep_holder vc_sep_holder_r\"><span class=\"vc_sep_line\"><\/span><\/span>\n<\/div><\/div><\/div><\/div><\/div><div class=\"vc_row wpb_row vc_row-fluid\"><div class=\"wpb_column vc_column_container vc_col-sm-12\"><div class=\"vc_column-inner\"><div class=\"wpb_wrapper\">\n\t<div class=\"wpb_raw_code wpb_raw_js\" >\n\t\t<div class=\"wpb_wrapper\">\n\t\t\t\t<script>\n$(function() {\n\n\/\/\n\n$(\"#input_22_26\").prop(\"readonly\", true);\n$(\"#input_19_26\").prop(\"readonly\", true);\n$('input[name=\"input_26\"]').prop('readonly', true);\n\/\/$('input[name=\"input_63\"]').prop('disabled', true);\n\n});\n<\/script>\n<script>\n    \/\/ wilkasy\n    $(document).ready(function () {\n\/\/$('input[name=\"input_26\"]').val('140.00');\n\n$('#choice_25_63_0').attr(\"disabled\", true);\n$('#choice_25_63_1').attr(\"disabled\", true);\n\n\n        $(\"#gform_25\").change(function () {\n\n$('#choice_25_63_1').click();\n\n            age = $(\"input[name=input_54]\").val();\n\n           \/* if ($('input[value=Kobieta]:checked').length > 0) {\n                short_sex = \"K\";\n                console.log('k-------');\n            }\n            ;\n\n            if ($('input[value=M\u0119\u017cczyzna]:checked').length > 0) {\n                short_sex = \"M\";\n                console.log('m-------');\n            }\n            ;\n*\/\nif ($('input[id=choice_25_65_1]:checked').length > 0) {\n                special_cat = \"S\";\n                console.log('special-s');\n            }\n\nshort_sex = \"O\";\n            $('input[name=input_55]').attr(\"disabled\", true);\n\n            \n\n            if (age <= 11 && short_sex === 'O') {\n                console.log(short_sex + '' +age );\n                $('input[value=' + short_sex + '11]').attr(\"disabled\", false);\n                $('input[value=' + short_sex + '11]').click();\n                $('#input_25_26').val(\"0.00\");\n                $('#input_25_40').val(\"Approved\");\n                $('#choice_25_63_0').attr(\"disabled\", false);\n                $('#choice_25_63_1').attr(\"disabled\", true);\n                $('#choice_25_63_0').click();\n\n            }\n            if (age >= 12 && age <= 13 && short_sex === 'O') {\n                console.log(short_sex + '' +age );\n                $('input[value=' + short_sex + '12-13]').attr(\"disabled\", false);\n                $('input[value=' + short_sex + '12-13]').click();\n                $('#input_25_26').val(\"0.00\");\n                $('#input_25_40').val(\"Approved\");\n                $('#choice_25_63_0').attr(\"disabled\", false);\n                $('#choice_25_63_1').attr(\"disabled\", true);\n                $('#choice_25_63_0').click();\n            }\n            if (age >= 14 && age <= 15 && short_sex === 'O') {\n                console.log(short_sex + '' +age );\n                $('input[value=' + short_sex + '14-15]').attr(\"disabled\", false);\n                $('input[value=' + short_sex + '14-15]').click();\n                $('#input_25_26').val(\"0.00\");\n                $('#input_25_40').val(\"Approved\");\n                $('#choice_25_63_0').attr(\"disabled\", false);\n                $('#choice_25_63_1').attr(\"disabled\", true);\n                $('#choice_25_63_0').click();\n            }\n            if (age >= 16 && age <= 18 && short_sex === 'O') {\n                console.log(short_sex + '' +age );\n                $('input[value=' + short_sex + '16-18]').attr(\"disabled\", false);\n                $('input[value=' + short_sex + '16-18]').click();\n                $('#input_25_26').val(\"25.00\");\n                $('#input_25_40').val(\"Pending\");\n                $('#choice_25_63_0').attr(\"disabled\", true);\n                $('#choice_25_63_1').attr(\"disabled\", false);\n                $('#choice_25_63_0').click();\n            }\n            if (age >= 19 && age <= 34 && short_sex === 'O') {\n                console.log(short_sex + '' +age );\n                $('input[value=' + short_sex + '19-35]').attr(\"disabled\", false);\n                $('input[value=' + short_sex + '19-35]').click();\n                $('#input_25_26').val(\"25.00\");\n                $('#input_25_40').val(\"Pending\");\n                $('#choice_25_63_0').attr(\"disabled\", true);\n                $('#choice_25_63_1').attr(\"disabled\", false);\n                $('#choice_25_63_1').click();\n            }\n            if (age >= 35 && short_sex === 'O') {\n                console.log(short_sex + '' +age );\n                $('input[value=\"O35+\"]').attr(\"disabled\", false);\n                $('input[value=\"O35+\"]').click();\n                $('#input_25_26').val(\"25.00\");\n                $('#input_25_40').val(\"Pending\");\n                $('#choice_25_63_0').attr(\"disabled\", true);\n                $('#choice_25_63_1').attr(\"disabled\", false);\n                $('#choice_25_63_1').click();\n            }\nif($('#choice_25_65_2').is(':checked')) { \n\tconsole.log('gi');\n \t\t\t$('#input_25_26').val(\"0.00\");\n            $('#input_25_40').val(\"Approved\");\n            $('#choice_25_63_0').attr(\"disabled\", false);\n                $('#choice_25_63_1').attr(\"disabled\", true);\n                $('#choice_25_63_0').click();\n\n}\n           \/* if (special_cat === 'S') {\n                console.log(short_sex + '' +age );\n                $('input[value=\"OS\"]').attr(\"disabled\", false);\n                $('input[value=\"OS\"]').click();\n                $('#input_25_26').val(\"25.00\");\n                $('#input_25_40').val(\"Pending\");\n                $('#choice_25_63_0').attr(\"disabled\", true);\n                $('#choice_25_63_1').attr(\"disabled\", false);\n                $('#choice_25_63_1').click();\n            }\n*\/\n\n  \/\/$('#input_25_26').val(\"140.00\");\n\n            get_city_name ();\n        });\n    });\n<\/script>\n\t\t<\/div>\n\t<\/div>\n<\/div><\/div><\/div><\/div><\/p>\n<\/div>","protected":false},"excerpt":{"rendered":"Strona g\u0142\u00f3wna wydarzeniaDane zosta\u0142y zaimportowane z\u00a0Twojego profilu. Formularz zg\u0142oszeniowy","protected":false},"author":2112,"featured_media":0,"parent":39880,"menu_order":0,"comment_status":"closed","ping_status":"closed","template":"page-zapisy.php","meta":{"_acf_changed":false,"_monsterinsights_skip_tracking":false,"_monsterinsights_sitenote_active":false,"_monsterinsights_sitenote_note":"","_monsterinsights_sitenote_category":0,"footnotes":""},"categories":[],"tags":[],"class_list":["post-7856","page","type-page","status-publish","hentry"],"acf":[],"aioseo_notices":[],"_links":{"self":[{"href":"https:\/\/sport-timing.pl\/pomiar-czasu\/wp-json\/wp\/v2\/pages\/7856","targetHints":{"allow":["GET"]}}],"collection":[{"href":"https:\/\/sport-timing.pl\/pomiar-czasu\/wp-json\/wp\/v2\/pages"}],"about":[{"href":"https:\/\/sport-timing.pl\/pomiar-czasu\/wp-json\/wp\/v2\/types\/page"}],"author":[{"embeddable":true,"href":"https:\/\/sport-timing.pl\/pomiar-czasu\/wp-json\/wp\/v2\/users\/2112"}],"replies":[{"embeddable":true,"href":"https:\/\/sport-timing.pl\/pomiar-czasu\/wp-json\/wp\/v2\/comments?post=7856"}],"version-history":[{"count":15,"href":"https:\/\/sport-timing.pl\/pomiar-czasu\/wp-json\/wp\/v2\/pages\/7856\/revisions"}],"predecessor-version":[{"id":7940,"href":"https:\/\/sport-timing.pl\/pomiar-czasu\/wp-json\/wp\/v2\/pages\/7856\/revisions\/7940"}],"up":[{"embeddable":true,"href":"https:\/\/sport-timing.pl\/pomiar-czasu\/wp-json\/wp\/v2\/pages\/39880"}],"wp:attachment":[{"href":"https:\/\/sport-timing.pl\/pomiar-czasu\/wp-json\/wp\/v2\/media?parent=7856"}],"wp:term":[{"taxonomy":"category","embeddable":true,"href":"https:\/\/sport-timing.pl\/pomiar-czasu\/wp-json\/wp\/v2\/categories?post=7856"},{"taxonomy":"post_tag","embeddable":true,"href":"https:\/\/sport-timing.pl\/pomiar-czasu\/wp-json\/wp\/v2\/tags?post=7856"}],"curies":[{"name":"wp","href":"https:\/\/api.w.org\/{rel}","templated":true}]}}