




{"id":6352,"date":"2016-04-01T09:12:53","date_gmt":"2016-04-01T08:12:53","guid":{"rendered":"https:\/\/sport-timing.pl\/pomiar-czasu\/?page_id=6352"},"modified":"2024-08-24T17:04:22","modified_gmt":"2024-08-24T15:04:22","slug":"enduro-trails-formularz","status":"publish","type":"page","link":"https:\/\/sport-timing.pl\/pomiar-czasu\/zapisy-online\/enduro-trails-formularz\/","title":{"rendered":"Enduro Trails Formularz"},"content":{"rendered":"<div class=\"wpb-content-wrapper\"><p><div class=\"vc_row wpb_row vc_row-fluid\"><div class=\"wpb_column vc_column_container vc_col-sm-6\"><div class=\"vc_column-inner\"><div class=\"wpb_wrapper\"><\/div><\/div><\/div><div class=\"wpb_column vc_column_container vc_col-sm-6\"><div class=\"vc_column-inner\"><div class=\"wpb_wrapper\"><div class=\"vc_btn3-container vc_btn3-right vc_do_btn\" ><a class=\"vc_general vc_btn3 vc_btn3-size-sm vc_btn3-shape-rounded vc_btn3-style-3d vc_btn3-icon-left vc_btn3-color-info\" href=\"https:\/\/sport-timing.pl\/pomiar-czasu\/wydarzenie\/enduro-trails\/\" title=\"\"><i class=\"vc_btn3-icon fa fa-long-arrow-left\"><\/i> Strona g\u0142\u00f3wna wydarzenia<\/a><\/div><\/div><\/div><\/div><\/div><div class=\"vc_row wpb_row vc_row-fluid event_espresso_form_wrapper event-data-display\"><div class=\"wpb_column vc_column_container vc_col-sm-12\"><div class=\"vc_column-inner\"><div class=\"wpb_wrapper\"><div class=\"vc_message_box vc_message_box-standard vc_message_box-round vc_color-alert-info wpb_animate_when_almost_visible wpb_appear appear vc_do_message import-done\" ><div class=\"vc_message_box-icon\"><i class=\"vc_pixel_icon vc_pixel_icon-info\"><\/i><\/div><p>Dane zosta\u0142y zaimportowane z\u00a0Twojego profilu.<\/p>\n<\/div><div class=\"vc_separator wpb_content_element vc_separator_align_center vc_sep_width_100 vc_sep_pos_align_center vc_sep_color_grey wpb_content_element vc_separator-has-text\" ><span class=\"vc_sep_holder vc_sep_holder_l\"><span class=\"vc_sep_line\"><\/span><\/span><h4>Formularz zg\u0142oszeniowy<\/h4><span class=\"vc_sep_holder vc_sep_holder_r\"><span class=\"vc_sep_line\"><\/span><\/span>\n<\/div><\/div><\/div><\/div><\/div><div class=\"vc_row wpb_row vc_row-fluid\"><div class=\"wpb_column vc_column_container vc_col-sm-12\"><div class=\"vc_column-inner\"><div class=\"wpb_wrapper\">\n\t<div class=\"wpb_raw_code wpb_raw_js\" >\n\t\t<div class=\"wpb_wrapper\">\n\t\t\t<script>\n$(function() {\n\n\/\/\n\n$(\"#input_22_26\").prop(\"readonly\", true);\n$(\"#input_19_26\").prop(\"readonly\", true);\n$('input[name=\"input_26\"]').prop('readonly', true);\n\/\/$('input[name=\"input_63\"]').prop('disabled', true);\n\n});\n<\/script>\n<script>\n    \/\/ enduro\n    $(document).ready(function () {\n\/\/$('input[name=\"input_26\"]').val('140.00');\n\n$('#choice_24_63_0').attr(\"disabled\", true);\n$('#choice_24_63_1').attr(\"disabled\", false);\n$('#choice_24_63_2').attr(\"disabled\", true);\n\n\n        $(\"#gform_24\").change(function () {\n\n$('#choice_24_63_1').click();\n\n            age = $(\"input[name=input_54]\").val();\n\n            if ($('input[value=Kobieta]:checked').length > 0) {\n                short_sex = \"K\";\n                console.log('k-------');\n            }\n            ;\n\n            if ($('input[value=M\u0119\u017cczyzna]:checked').length > 0) {\n                short_sex = \"M\";\n                console.log('m-------');\n            }\n            ;\n\n            $('input[name=input_55]').attr(\"disabled\", true);\n\n\n            if (age <= 21 && short_sex === 'M') {\n                console.log(short_sex + '' +age );\n                $('input[value=' + short_sex + '21]').attr(\"disabled\", false);\n                $('input[value=' + short_sex + '21]').click();\n\n            }\n            if (age >= 22 && age <= 39 && short_sex === 'M') {\n                console.log(short_sex + '16');\n                $('input[value=' + short_sex + '22-40]').attr(\"disabled\", false);\n                $('input[value=' + short_sex + '22-40]').click();\n\n            }\n            if (age >= 40 && short_sex === 'M') {\n                console.log(short_sex + '41');\n                $('input[value=\"M40+\"]').attr(\"disabled\", false);\n                $('input[value=\"M40+\"]').click();\n\n            }\n            if (short_sex === 'K') {\n                console.log(short_sex + 'K');\n                $('input[value=\"K\"]').attr(\"disabled\", false);\n                $('input[value=\"K\"]').click();\n\n            }\n\n\n  \/\/$('#input_24_26').val(\"140.00\");\n\n            get_city_name ();\n        });\n    });\n<\/script>\n\t\t<\/div>\n\t<\/div>\n<\/div><\/div><\/div><\/div><\/p>\n<\/div>","protected":false},"excerpt":{"rendered":"Strona g\u0142\u00f3wna wydarzeniaDane zosta\u0142y zaimportowane z\u00a0Twojego profilu. Formularz zg\u0142oszeniowy","protected":false},"author":2112,"featured_media":0,"parent":39880,"menu_order":0,"comment_status":"closed","ping_status":"closed","template":"page-zapisy.php","meta":{"_acf_changed":false,"_monsterinsights_skip_tracking":false,"_monsterinsights_sitenote_active":false,"_monsterinsights_sitenote_note":"","_monsterinsights_sitenote_category":0,"footnotes":""},"categories":[],"tags":[],"class_list":["post-6352","page","type-page","status-publish","hentry"],"acf":[],"aioseo_notices":[],"_links":{"self":[{"href":"https:\/\/sport-timing.pl\/pomiar-czasu\/wp-json\/wp\/v2\/pages\/6352","targetHints":{"allow":["GET"]}}],"collection":[{"href":"https:\/\/sport-timing.pl\/pomiar-czasu\/wp-json\/wp\/v2\/pages"}],"about":[{"href":"https:\/\/sport-timing.pl\/pomiar-czasu\/wp-json\/wp\/v2\/types\/page"}],"author":[{"embeddable":true,"href":"https:\/\/sport-timing.pl\/pomiar-czasu\/wp-json\/wp\/v2\/users\/2112"}],"replies":[{"embeddable":true,"href":"https:\/\/sport-timing.pl\/pomiar-czasu\/wp-json\/wp\/v2\/comments?post=6352"}],"version-history":[{"count":43,"href":"https:\/\/sport-timing.pl\/pomiar-czasu\/wp-json\/wp\/v2\/pages\/6352\/revisions"}],"predecessor-version":[{"id":7219,"href":"https:\/\/sport-timing.pl\/pomiar-czasu\/wp-json\/wp\/v2\/pages\/6352\/revisions\/7219"}],"up":[{"embeddable":true,"href":"https:\/\/sport-timing.pl\/pomiar-czasu\/wp-json\/wp\/v2\/pages\/39880"}],"wp:attachment":[{"href":"https:\/\/sport-timing.pl\/pomiar-czasu\/wp-json\/wp\/v2\/media?parent=6352"}],"wp:term":[{"taxonomy":"category","embeddable":true,"href":"https:\/\/sport-timing.pl\/pomiar-czasu\/wp-json\/wp\/v2\/categories?post=6352"},{"taxonomy":"post_tag","embeddable":true,"href":"https:\/\/sport-timing.pl\/pomiar-czasu\/wp-json\/wp\/v2\/tags?post=6352"}],"curies":[{"name":"wp","href":"https:\/\/api.w.org\/{rel}","templated":true}]}}