




{"id":6157,"date":"2016-03-19T14:22:39","date_gmt":"2016-03-19T13:22:39","guid":{"rendered":"https:\/\/sport-timing.pl\/pomiar-czasu\/?page_id=6157"},"modified":"2019-03-05T16:05:46","modified_gmt":"2019-03-05T15:05:46","slug":"wtyczka-demo","status":"publish","type":"page","link":"https:\/\/sport-timing.pl\/pomiar-czasu\/wtyczka-demo\/","title":{"rendered":"Wtyczka demo"},"content":{"rendered":"<div class=\"wpb-content-wrapper\"><p><div class=\"vc_row wpb_row vc_row-fluid\"><div class=\"wpb_column vc_column_container vc_col-sm-3\"><div class=\"vc_column-inner\"><div class=\"wpb_wrapper\"><\/div><\/div><\/div><div class=\"wpb_column vc_column_container vc_col-sm-6\"><div class=\"vc_column-inner\"><div class=\"wpb_wrapper\"><div class=\"vc_btn3-container vc_btn3-right vc_do_btn\" ><a class=\"vc_general vc_btn3 vc_btn3-size-md vc_btn3-shape-square vc_btn3-style-flat vc_btn3-icon-left vc_btn3-color-grey\" href=\"#\" title=\"\"><i class=\"vc_btn3-icon fa fa-times-circle\"><\/i> Zamknij t\u0105 stron\u0119<\/a><\/div><div class=\"vc_empty_space\"   style=\"height: 32px\"><span class=\"vc_empty_space_inner\"><\/span><\/div>\n\t<div class=\"wpb_text_column wpb_content_element\" >\n\t\t<div class=\"wpb_wrapper\">\n\t\t\t<p>Aby doda\u0107 nasz\u0105 wtyczk\u0119 na swoj\u0105 stron\u0119, skopiuj poni\u017cszy kod HTML i umie\u015b\u0107 do swojej strony w postaci kodu HTML. W razie pyta\u0144 <a href=\"https:\/\/sport-timing.pl\/support\/open.php\" rel=\"noopener\">prosimy o kontakt z naszym biurem obs\u0142ugi<\/a>\u00a0lub o wiadomo\u015b\u0107 na adres email <a href=\"mailto:pomoc@sport-timing.pl\">pomoc@sport-timing.pl<\/a>.<\/p>\n\n\t\t<\/div>\n\t<\/div>\n<div class=\"vc_empty_space\"   style=\"height: 32px\"><span class=\"vc_empty_space_inner\"><\/span><\/div>\n\t<div class=\"wpb_text_column wpb_content_element\" >\n\t\t<div class=\"wpb_wrapper\">\n\t\t\t<div class='gdl-code'>&lt;\/p&gt;<br \/>\n&lt;p&gt;&lt;!&#8211; Start &#8211; Sport-Timing.pl event widget v 1.0 &#8211;&gt;&lt;br \/&gt;<br \/>\n&lt;script src=&quot;https:\/\/sport-timing.pl\/pomiar-czasu\/widget\/?event_id=&amp;#91;event_id&amp;#93;&quot;&gt;&lt;\/script&gt;<\/p>\n<p>&lt;br \/&gt;<br \/>\n&lt;div id=&quot;sport-timing&quot;&gt;&lt;\/div&gt;<br \/>\n&lt;p&gt;<\/p>\n<p>&lt;!&#8211; End Sport-Timing.pl &#8211;&gt;\n<\/p><\/div>\n\n\t\t<\/div>\n\t<\/div>\n<div class=\"vc_empty_space\"   style=\"height: 32px\"><span class=\"vc_empty_space_inner\"><\/span><\/div>\n\t<div class=\"wpb_text_column wpb_content_element\" >\n\t\t<div class=\"wpb_wrapper\">\n\t\t\t<p>Podgl\u0105d:<\/p>\n\n\t\t<\/div>\n\t<\/div>\n<\/div><\/div><\/div><div class=\"wpb_column vc_column_container vc_col-sm-3\"><div class=\"vc_column-inner\"><div class=\"wpb_wrapper\"><\/div><\/div><\/div><\/div><div class=\"vc_row wpb_row vc_row-fluid\"><div class=\"wpb_column vc_column_container vc_col-sm-2\"><div class=\"vc_column-inner\"><div class=\"wpb_wrapper\"><\/div><\/div><\/div><div class=\"wpb_column vc_column_container vc_col-sm-8\"><div class=\"vc_column-inner\"><div class=\"wpb_wrapper\">\n\t<div class=\"wpb_text_column wpb_content_element\" >\n\t\t<div class=\"wpb_wrapper\">\n\t\t\t<p><!-- Start - Sport-Timing.pl event widget v 1.0 --> <script src=\"https:\/\/sport-timing.pl\/pomiar-czasu\/widget\/?event_id=&#091;event_id&#093;\"><\/script><\/p>\n<div id=\"sport-timing\"><\/div>\n<p><!-- End Sport-Timing.pl --><\/p>\n\n\t\t<\/div>\n\t<\/div>\n<\/div><\/div><\/div><div class=\"wpb_column vc_column_container vc_col-sm-2\"><div class=\"vc_column-inner\"><div class=\"wpb_wrapper\"><\/div><\/div><\/div><\/div><\/p>\n<\/div>","protected":false},"excerpt":{"rendered":"Zamknij t\u0105 stron\u0119 Aby doda\u0107 nasz\u0105 wtyczk\u0119 na swoj\u0105 stron\u0119, skopiuj poni\u017cszy kod HTML i umie\u015b\u0107 do swojej strony w postaci kodu HTML. W razie pyta\u0144 prosimy o kontakt z naszym biurem obs\u0142ugi\u00a0lub o wiadomo\u015b\u0107 na adres email pomoc@sport-timing.pl. &lt;\/p&gt; &lt;p&gt;&lt;!-- Start - Sport-Timing.pl event widget v 1.0 --&gt;&lt;br \/&gt; &lt;script src=&quot;https:\/\/sport-timing.pl\/pomiar-czasu\/widget\/?event_id=&amp;#091;event_id&amp;#093;&quot;&gt;&lt;\/script&gt;&lt;\/p&gt; &lt;p&gt;&lt;\/p&gt; &lt;div id=&quot;sport-timing&quot;&gt;&lt;\/div&gt; &lt;p&gt;&lt;!-- End Sport-Timing.pl --&gt; Podgl\u0105d:","protected":false},"author":2112,"featured_media":0,"parent":0,"menu_order":0,"comment_status":"closed","ping_status":"closed","template":"page-widget-get.php","meta":{"_acf_changed":false,"_monsterinsights_skip_tracking":false,"_monsterinsights_sitenote_active":false,"_monsterinsights_sitenote_note":"","_monsterinsights_sitenote_category":0,"footnotes":""},"categories":[],"tags":[],"class_list":["post-6157","page","type-page","status-publish","hentry"],"acf":[],"aioseo_notices":[],"_links":{"self":[{"href":"https:\/\/sport-timing.pl\/pomiar-czasu\/wp-json\/wp\/v2\/pages\/6157","targetHints":{"allow":["GET"]}}],"collection":[{"href":"https:\/\/sport-timing.pl\/pomiar-czasu\/wp-json\/wp\/v2\/pages"}],"about":[{"href":"https:\/\/sport-timing.pl\/pomiar-czasu\/wp-json\/wp\/v2\/types\/page"}],"author":[{"embeddable":true,"href":"https:\/\/sport-timing.pl\/pomiar-czasu\/wp-json\/wp\/v2\/users\/2112"}],"replies":[{"embeddable":true,"href":"https:\/\/sport-timing.pl\/pomiar-czasu\/wp-json\/wp\/v2\/comments?post=6157"}],"version-history":[{"count":15,"href":"https:\/\/sport-timing.pl\/pomiar-czasu\/wp-json\/wp\/v2\/pages\/6157\/revisions"}],"predecessor-version":[{"id":28607,"href":"https:\/\/sport-timing.pl\/pomiar-czasu\/wp-json\/wp\/v2\/pages\/6157\/revisions\/28607"}],"wp:attachment":[{"href":"https:\/\/sport-timing.pl\/pomiar-czasu\/wp-json\/wp\/v2\/media?parent=6157"}],"wp:term":[{"taxonomy":"category","embeddable":true,"href":"https:\/\/sport-timing.pl\/pomiar-czasu\/wp-json\/wp\/v2\/categories?post=6157"},{"taxonomy":"post_tag","embeddable":true,"href":"https:\/\/sport-timing.pl\/pomiar-czasu\/wp-json\/wp\/v2\/tags?post=6157"}],"curies":[{"name":"wp","href":"https:\/\/api.w.org\/{rel}","templated":true}]}}