




{"id":44924,"date":"2025-10-25T10:28:01","date_gmt":"2025-10-25T08:28:01","guid":{"rendered":"https:\/\/sport-timing.pl\/pomiar-czasu\/?page_id=44924"},"modified":"2025-10-30T02:47:37","modified_gmt":"2025-10-30T01:47:37","slug":"poppunkty-status-zawodnikow","status":"publish","type":"page","link":"https:\/\/sport-timing.pl\/pomiar-czasu\/wyniki-zawodow\/poppunkty-status-zawodnikow\/","title":{"rendered":"&#x1f4b3; Status zawodnika i p\u0142atno\u015b\u0107"},"content":{"rendered":"\t\t<div data-elementor-type=\"wp-page\" data-elementor-id=\"44924\" class=\"elementor elementor-44924\" data-elementor-post-type=\"page\">\n\t\t\t\t<div class=\"elementor-element elementor-element-bcfecc9 e-flex e-con-boxed e-con e-parent\" data-id=\"bcfecc9\" data-element_type=\"container\">\n\t\t\t\t\t<div class=\"e-con-inner\">\n\t\t<div class=\"elementor-element elementor-element-772acb3 e-con-full e-flex e-con e-child\" data-id=\"772acb3\" data-element_type=\"container\">\n\t\t<div class=\"elementor-element elementor-element-4a0ac9a e-con-full e-flex e-con e-child\" data-id=\"4a0ac9a\" data-element_type=\"container\" data-settings=\"{&quot;background_background&quot;:&quot;classic&quot;}\">\n\t\t<div class=\"elementor-element elementor-element-e981004 e-con-full e-flex e-con e-child\" data-id=\"e981004\" data-element_type=\"container\">\n\t\t\t\t<div class=\"elementor-element elementor-element-eef5126 elementor-widget elementor-widget-heading\" data-id=\"eef5126\" data-element_type=\"widget\" data-widget_type=\"heading.default\">\n\t\t\t\t<div class=\"elementor-widget-container\">\n\t\t\t<style>\/*! elementor - v3.23.0 - 05-08-2024 *\/\n.elementor-heading-title{padding:0;margin:0;line-height:1}.elementor-widget-heading .elementor-heading-title[class*=elementor-size-]>a{color:inherit;font-size:inherit;line-height:inherit}.elementor-widget-heading .elementor-heading-title.elementor-size-small{font-size:15px}.elementor-widget-heading .elementor-heading-title.elementor-size-medium{font-size:19px}.elementor-widget-heading .elementor-heading-title.elementor-size-large{font-size:29px}.elementor-widget-heading .elementor-heading-title.elementor-size-xl{font-size:39px}.elementor-widget-heading .elementor-heading-title.elementor-size-xxl{font-size:59px}<\/style><h2 class=\"elementor-heading-title elementor-size-default\">Polpunkty<\/h2>\t\t<\/div>\n\t\t\t\t<\/div>\n\t\t\t\t<div class=\"elementor-element elementor-element-b0039f2 elementor-widget elementor-widget-heading\" data-id=\"b0039f2\" data-element_type=\"widget\" data-widget_type=\"heading.default\">\n\t\t\t\t<div class=\"elementor-widget-container\">\n\t\t\t<h3 class=\"elementor-heading-title elementor-size-default\">sezon 2025\/2026<\/h3>\t\t<\/div>\n\t\t\t\t<\/div>\n\t\t\t\t<\/div>\n\t\t\t\t<div class=\"elementor-element elementor-element-96911f9 elementor-widget-divider--view-line elementor-widget elementor-widget-divider\" data-id=\"96911f9\" data-element_type=\"widget\" data-widget_type=\"divider.default\">\n\t\t\t\t<div class=\"elementor-widget-container\">\n\t\t\t<style>\/*! elementor - v3.23.0 - 05-08-2024 *\/\n.elementor-widget-divider{--divider-border-style:none;--divider-border-width:1px;--divider-color:#0c0d0e;--divider-icon-size:20px;--divider-element-spacing:10px;--divider-pattern-height:24px;--divider-pattern-size:20px;--divider-pattern-url:none;--divider-pattern-repeat:repeat-x}.elementor-widget-divider .elementor-divider{display:flex}.elementor-widget-divider .elementor-divider__text{font-size:15px;line-height:1;max-width:95%}.elementor-widget-divider .elementor-divider__element{margin:0 var(--divider-element-spacing);flex-shrink:0}.elementor-widget-divider .elementor-icon{font-size:var(--divider-icon-size)}.elementor-widget-divider .elementor-divider-separator{display:flex;margin:0;direction:ltr}.elementor-widget-divider--view-line_icon .elementor-divider-separator,.elementor-widget-divider--view-line_text .elementor-divider-separator{align-items:center}.elementor-widget-divider--view-line_icon .elementor-divider-separator:after,.elementor-widget-divider--view-line_icon .elementor-divider-separator:before,.elementor-widget-divider--view-line_text .elementor-divider-separator:after,.elementor-widget-divider--view-line_text .elementor-divider-separator:before{display:block;content:\"\";border-block-end:0;flex-grow:1;border-block-start:var(--divider-border-width) var(--divider-border-style) var(--divider-color)}.elementor-widget-divider--element-align-left .elementor-divider .elementor-divider-separator>.elementor-divider__svg:first-of-type{flex-grow:0;flex-shrink:100}.elementor-widget-divider--element-align-left .elementor-divider-separator:before{content:none}.elementor-widget-divider--element-align-left .elementor-divider__element{margin-left:0}.elementor-widget-divider--element-align-right .elementor-divider .elementor-divider-separator>.elementor-divider__svg:last-of-type{flex-grow:0;flex-shrink:100}.elementor-widget-divider--element-align-right .elementor-divider-separator:after{content:none}.elementor-widget-divider--element-align-right .elementor-divider__element{margin-right:0}.elementor-widget-divider--element-align-start .elementor-divider .elementor-divider-separator>.elementor-divider__svg:first-of-type{flex-grow:0;flex-shrink:100}.elementor-widget-divider--element-align-start .elementor-divider-separator:before{content:none}.elementor-widget-divider--element-align-start .elementor-divider__element{margin-inline-start:0}.elementor-widget-divider--element-align-end .elementor-divider .elementor-divider-separator>.elementor-divider__svg:last-of-type{flex-grow:0;flex-shrink:100}.elementor-widget-divider--element-align-end .elementor-divider-separator:after{content:none}.elementor-widget-divider--element-align-end .elementor-divider__element{margin-inline-end:0}.elementor-widget-divider:not(.elementor-widget-divider--view-line_text):not(.elementor-widget-divider--view-line_icon) .elementor-divider-separator{border-block-start:var(--divider-border-width) var(--divider-border-style) var(--divider-color)}.elementor-widget-divider--separator-type-pattern{--divider-border-style:none}.elementor-widget-divider--separator-type-pattern.elementor-widget-divider--view-line .elementor-divider-separator,.elementor-widget-divider--separator-type-pattern:not(.elementor-widget-divider--view-line) .elementor-divider-separator:after,.elementor-widget-divider--separator-type-pattern:not(.elementor-widget-divider--view-line) .elementor-divider-separator:before,.elementor-widget-divider--separator-type-pattern:not([class*=elementor-widget-divider--view]) .elementor-divider-separator{width:100%;min-height:var(--divider-pattern-height);-webkit-mask-size:var(--divider-pattern-size) 100%;mask-size:var(--divider-pattern-size) 100%;-webkit-mask-repeat:var(--divider-pattern-repeat);mask-repeat:var(--divider-pattern-repeat);background-color:var(--divider-color);-webkit-mask-image:var(--divider-pattern-url);mask-image:var(--divider-pattern-url)}.elementor-widget-divider--no-spacing{--divider-pattern-size:auto}.elementor-widget-divider--bg-round{--divider-pattern-repeat:round}.rtl .elementor-widget-divider .elementor-divider__text{direction:rtl}.e-con-inner>.elementor-widget-divider,.e-con>.elementor-widget-divider{width:var(--container-widget-width,100%);--flex-grow:var(--container-widget-flex-grow)}<\/style>\t\t<div class=\"elementor-divider\">\n\t\t\t<span class=\"elementor-divider-separator\">\n\t\t\t\t\t\t<\/span>\n\t\t<\/div>\n\t\t\t\t<\/div>\n\t\t\t\t<\/div>\n\t\t<div class=\"elementor-element elementor-element-3ed1614 e-con-full e-flex e-con e-child\" data-id=\"3ed1614\" data-element_type=\"container\">\n\t\t\t\t<div class=\"elementor-element elementor-element-8f96162 elementor-widget elementor-widget-heading\" data-id=\"8f96162\" data-element_type=\"widget\" data-widget_type=\"heading.default\">\n\t\t\t\t<div class=\"elementor-widget-container\">\n\t\t\t<h2 class=\"elementor-heading-title elementor-size-default\">Status op\u0142aty<\/h2>\t\t<\/div>\n\t\t\t\t<\/div>\n\t\t\t\t<div class=\"elementor-element elementor-element-ef4d14b elementor-widget elementor-widget-shortcode\" data-id=\"ef4d14b\" data-element_type=\"widget\" data-widget_type=\"shortcode.default\">\n\t\t\t\t<div class=\"elementor-widget-container\">\n\t\t\t\t\t<div class=\"elementor-shortcode\">        <div class=\"plrab-wrapper\" data-show-filter=\"all\">\r\n          <div class=\"plrab-filters\">\r\n            <div class=\"plrab-field\">\r\n                <label class=\"form-label\">Numer licencji<\/label>\r\n                <input type=\"text\" id=\"plrab-licencja\" class=\"form-control\" placeholder=\"np. 1667\">\r\n            <\/div>\r\n            <div class=\"plrab-field\">\r\n                <label class=\"form-label\">Nazwisko<\/label>\r\n                <input type=\"text\" id=\"plrab-nazwisko\" class=\"form-control\" placeholder=\"np. Kowalski\">\r\n            <\/div>\r\n            <div class=\"plrab-field\">\r\n                <label class=\"form-label\">P\u0142atno\u015b\u0107<\/label>\r\n                <select id=\"plrab-platnosc\" class=\"form-select\">\r\n                    <option value=\"\">Dowolna<\/option>\r\n                    <option value=\"1\">Tak<\/option>\r\n                    <option value=\"0\">Nie<\/option>\r\n                <\/select>\r\n            <\/div>\r\n            <div class=\"plrab-field\">\r\n                <label class=\"form-label\">Klub<\/label>\r\n                <select id=\"plrab-klub\" class=\"form-select\" disabled>\r\n                    <option value=\"\">\r\n                        <i class=\"bi bi-arrow-clockwise plrab-spin\"><\/i> \u0141adowanie...\r\n                    <\/option>\r\n                <\/select>\r\n            <\/div>\r\n            <div class=\"plrab-field\">\r\n                <label class=\"form-label\">Wynik\u00f3w na stron\u0119<\/label>\r\n                <select id=\"plrab-per-page\" class=\"form-select\">\r\n                    <option value=\"10\" selected>10<\/option>\r\n                    <option value=\"20\">20<\/option>\r\n                    <option value=\"50\">50<\/option>\r\n                <\/select>\r\n            <\/div>\r\n            <button id=\"plrab-refresh\" class=\"plrab-btn btn btn-primary\">\r\n                <i class=\"bi bi-search\"><\/i> Szukaj\r\n            <\/button>\r\n            <span id=\"plrab-status\" class=\"plrab-status\">\r\n                <i class=\"bi bi-arrow-clockwise plrab-spin\"><\/i> Inicjalizacja...\r\n            <\/span>\r\n          <\/div>\r\n          <div class=\"plrab-tablewrap\">\r\n            <table class=\"plrab-table table table-striped table-hover\">\r\n              <thead class=\"table-light\">\r\n                <tr>\r\n                  <th scope=\"col\">Licencja<\/th>\r\n                  <th scope=\"col\">Nazwisko<\/th>\r\n                  <th scope=\"col\">Imi\u0119<\/th>\r\n                  <th scope=\"col\">Rocznik<\/th>\r\n                  <th scope=\"col\">P\u0142e\u0107<\/th>\r\n                  <th scope=\"col\">Klub<\/th>\r\n                  <th scope=\"col\">P\u0142atno\u015b\u0107<\/th>                  \r\n                <\/tr>\r\n              <\/thead>\r\n              <tbody id=\"plrab-results\">\r\n                <tr><td colspan=\"7\" class=\"plrab-muted loading text-center\">\r\n                    <i class=\"bi bi-arrow-clockwise plrab-spin\"><\/i> \u0141adowanie danych...\r\n                <\/td><\/tr>\r\n              <\/tbody>\r\n            <\/table>\r\n          <\/div>\r\n          <div class=\"plrab-pagination\">\r\n            <div class=\"plrab-pagination-info\">\r\n              <span id=\"plrab-pagination-info\" class=\"text-muted\">Strona 1 z 1 (0 wynik\u00f3w)<\/span>\r\n            <\/div>\r\n            <div class=\"plrab-pagination-controls\">\r\n              <button id=\"plrab-first-page\" class=\"plrab-page-btn btn btn-outline-secondary btn-sm\" disabled>\r\n                <i class=\"bi bi-chevron-double-left\"><\/i>\r\n              <\/button>\r\n              <button id=\"plrab-prev-page\" class=\"plrab-page-btn btn btn-outline-secondary btn-sm\" disabled>\r\n                <i class=\"bi bi-chevron-left\"><\/i>\r\n              <\/button>\r\n              <span class=\"plrab-page-numbers\" id=\"plrab-page-numbers\">\r\n                <button class=\"plrab-page-btn plrab-current-page btn btn-primary btn-sm\">1<\/button>\r\n              <\/span>\r\n              <button id=\"plrab-next-page\" class=\"plrab-page-btn btn btn-outline-secondary btn-sm\" disabled>\r\n                <i class=\"bi bi-chevron-right\"><\/i>\r\n              <\/button>\r\n              <button id=\"plrab-last-page\" class=\"plrab-page-btn btn btn-outline-secondary btn-sm\" disabled>\r\n                <i class=\"bi bi-chevron-double-right\"><\/i>\r\n              <\/button>\r\n            <\/div>\r\n          <\/div>\r\n        <\/div>\r\n        <\/div>\n\t\t\t\t<\/div>\n\t\t\t\t<\/div>\n\t\t\t\t<\/div>\n\t\t\t\t<div class=\"elementor-element elementor-element-5acfb09 elementor-widget-divider--view-line elementor-widget elementor-widget-divider\" data-id=\"5acfb09\" data-element_type=\"widget\" data-widget_type=\"divider.default\">\n\t\t\t\t<div class=\"elementor-widget-container\">\n\t\t\t\t\t<div class=\"elementor-divider\">\n\t\t\t<span class=\"elementor-divider-separator\">\n\t\t\t\t\t\t<\/span>\n\t\t<\/div>\n\t\t\t\t<\/div>\n\t\t\t\t<\/div>\n\t\t\t\t<div class=\"elementor-element elementor-element-546c34c elementor-widget-divider--view-line elementor-widget elementor-widget-divider\" data-id=\"546c34c\" data-element_type=\"widget\" data-widget_type=\"divider.default\">\n\t\t\t\t<div class=\"elementor-widget-container\">\n\t\t\t\t\t<div class=\"elementor-divider\">\n\t\t\t<span class=\"elementor-divider-separator\">\n\t\t\t\t\t\t<\/span>\n\t\t<\/div>\n\t\t\t\t<\/div>\n\t\t\t\t<\/div>\n\t\t<div class=\"elementor-element elementor-element-35bda52 e-con-full e-flex e-con e-child\" data-id=\"35bda52\" data-element_type=\"container\">\n\t\t\t\t<div class=\"elementor-element elementor-element-743f91e elementor-widget elementor-widget-heading\" data-id=\"743f91e\" data-element_type=\"widget\" data-widget_type=\"heading.default\">\n\t\t\t\t<div class=\"elementor-widget-container\">\n\t\t\t<p class=\"elementor-heading-title elementor-size-default\">System rankingowy<\/p>\t\t<\/div>\n\t\t\t\t<\/div>\n\t\t\t\t<div class=\"elementor-element elementor-element-4fadccf elementor-widget elementor-widget-image\" data-id=\"4fadccf\" data-element_type=\"widget\" data-widget_type=\"image.default\">\n\t\t\t\t<div class=\"elementor-widget-container\">\n\t\t\t<style>\/*! elementor - v3.23.0 - 05-08-2024 *\/\n.elementor-widget-image{text-align:center}.elementor-widget-image a{display:inline-block}.elementor-widget-image a img[src$=\".svg\"]{width:48px}.elementor-widget-image img{vertical-align:middle;display:inline-block}<\/style>\t\t\t\t\t\t\t\t\t\t\t<a href=\"https:\/\/plrank.sport-timing.pl\/\">\n\t\t\t\t\t\t\t<img fetchpriority=\"high\" decoding=\"async\" width=\"960\" height=\"362\" src=\"https:\/\/sport-timing.pl\/pomiar-czasu\/content\/uploads\/2025\/10\/logo-1024x386.png\" class=\"attachment-large size-large wp-image-44879\" alt=\"\" srcset=\"https:\/\/sport-timing.pl\/pomiar-czasu\/content\/uploads\/2025\/10\/logo-1024x386.png 1024w, https:\/\/sport-timing.pl\/pomiar-czasu\/content\/uploads\/2025\/10\/logo-300x113.png 300w, https:\/\/sport-timing.pl\/pomiar-czasu\/content\/uploads\/2025\/10\/logo-768x289.png 768w, https:\/\/sport-timing.pl\/pomiar-czasu\/content\/uploads\/2025\/10\/logo.png 1689w\" sizes=\"(max-width: 960px) 100vw, 960px\" \/>\t\t\t\t\t\t\t\t<\/a>\n\t\t\t\t\t\t\t\t\t\t\t\t\t<\/div>\n\t\t\t\t<\/div>\n\t\t\t\t<\/div>\n\t\t\t\t<\/div>\n\t\t\t\t<\/div>\n\t\t<div class=\"elementor-element elementor-element-e75da93 e-con-full e-flex e-con e-child\" data-id=\"e75da93\" data-element_type=\"container\">\n\t\t<div class=\"elementor-element elementor-element-509da50 e-con-full e-flex e-con e-child\" data-id=\"509da50\" data-element_type=\"container\">\n\t\t\t\t<div class=\"elementor-element elementor-element-cef21a4 elementor-align-right elementor-widget elementor-widget-button\" data-id=\"cef21a4\" data-element_type=\"widget\" data-widget_type=\"button.default\">\n\t\t\t\t<div class=\"elementor-widget-container\">\n\t\t\t\t\t<div class=\"elementor-button-wrapper\">\n\t\t\t<a class=\"elementor-button elementor-button-link elementor-size-sm\" href=\"https:\/\/sport-timing.pl\/pomiar-czasu\/wyniki-zawodow\/punkty-rankingowe\/\">\n\t\t\t\t\t\t<span class=\"elementor-button-content-wrapper\">\n\t\t\t\t\t\t<span class=\"elementor-button-icon\">\n\t\t\t\t<i aria-hidden=\"true\" class=\"fas fa-arrow-left\"><\/i>\t\t\t<\/span>\n\t\t\t\t\t\t\t\t\t<span class=\"elementor-button-text\">Powr\u00f3t<\/span>\n\t\t\t\t\t<\/span>\n\t\t\t\t\t<\/a>\n\t\t<\/div>\n\t\t\t\t<\/div>\n\t\t\t\t<\/div>\n\t\t<div class=\"elementor-element elementor-element-2f7a89c e-con-full e-flex e-con e-child\" data-id=\"2f7a89c\" data-element_type=\"container\" data-settings=\"{&quot;background_background&quot;:&quot;classic&quot;,&quot;sticky&quot;:&quot;top&quot;,&quot;sticky_offset&quot;:100,&quot;sticky_on&quot;:[&quot;desktop&quot;,&quot;tablet&quot;,&quot;mobile&quot;],&quot;sticky_effects_offset&quot;:0}\">\n\t\t\t\t<div class=\"elementor-element elementor-element-b62c3f3 elementor-widget elementor-widget-heading\" data-id=\"b62c3f3\" data-element_type=\"widget\" data-widget_type=\"heading.default\">\n\t\t\t\t<div class=\"elementor-widget-container\">\n\t\t\t<h2 class=\"elementor-heading-title elementor-size-default\">Op\u0142a\u0107 Polpunkty<\/h2>\t\t<\/div>\n\t\t\t\t<\/div>\n\t\t\t\t<div class=\"elementor-element elementor-element-896f96c elementor-widget elementor-widget-heading\" data-id=\"896f96c\" data-element_type=\"widget\" data-widget_type=\"heading.default\">\n\t\t\t\t<div class=\"elementor-widget-container\">\n\t\t\t<h5 class=\"elementor-heading-title elementor-size-default\">Szybka p\u0142atno\u015bc On-Line<\/h5>\t\t<\/div>\n\t\t\t\t<\/div>\n\t\t\t\t<div class=\"elementor-element elementor-element-835fd2c elementor-align-center elementor-widget elementor-widget-button\" data-id=\"835fd2c\" data-element_type=\"widget\" data-widget_type=\"button.default\">\n\t\t\t\t<div class=\"elementor-widget-container\">\n\t\t\t\t\t<div class=\"elementor-button-wrapper\">\n\t\t\t<a class=\"elementor-button elementor-button-link elementor-size-sm\" href=\"https:\/\/sport-timing.pl\/pomiar-czasu\/zapisy-online\/polpunkty-platnosc\/\">\n\t\t\t\t\t\t<span class=\"elementor-button-content-wrapper\">\n\t\t\t\t\t\t<span class=\"elementor-button-icon\">\n\t\t\t\t<i aria-hidden=\"true\" class=\"fas fa-arrow-right\"><\/i>\t\t\t<\/span>\n\t\t\t\t\t\t\t\t\t<span class=\"elementor-button-text\">Przejdz do bramki p\u0142atno\u015bci<\/span>\n\t\t\t\t\t<\/span>\n\t\t\t\t\t<\/a>\n\t\t<\/div>\n\t\t\t\t<\/div>\n\t\t\t\t<\/div>\n\t\t\t\t<\/div>\n\t\t\t\t<\/div>\n\t\t\t\t<\/div>\n\t\t\t\t\t<\/div>\n\t\t\t\t<\/div>\n\t\t\t\t<\/div>\n\t\t","protected":false},"excerpt":{"rendered":"<p>Sprawd\u017a status zawodnika oraz dokonaj p\u0142atno\u015bci On-line za aktualny sezon.<\/p>\n","protected":false},"author":2381,"featured_media":0,"parent":53,"menu_order":0,"comment_status":"closed","ping_status":"closed","template":"elementor_header_footer","meta":{"_acf_changed":false,"_monsterinsights_skip_tracking":false,"_monsterinsights_sitenote_active":false,"_monsterinsights_sitenote_note":"","_monsterinsights_sitenote_category":0,"footnotes":""},"categories":[],"tags":[],"class_list":["post-44924","page","type-page","status-publish","hentry"],"acf":[],"aioseo_notices":[],"_links":{"self":[{"href":"https:\/\/sport-timing.pl\/pomiar-czasu\/wp-json\/wp\/v2\/pages\/44924","targetHints":{"allow":["GET"]}}],"collection":[{"href":"https:\/\/sport-timing.pl\/pomiar-czasu\/wp-json\/wp\/v2\/pages"}],"about":[{"href":"https:\/\/sport-timing.pl\/pomiar-czasu\/wp-json\/wp\/v2\/types\/page"}],"author":[{"embeddable":true,"href":"https:\/\/sport-timing.pl\/pomiar-czasu\/wp-json\/wp\/v2\/users\/2381"}],"replies":[{"embeddable":true,"href":"https:\/\/sport-timing.pl\/pomiar-czasu\/wp-json\/wp\/v2\/comments?post=44924"}],"version-history":[{"count":42,"href":"https:\/\/sport-timing.pl\/pomiar-czasu\/wp-json\/wp\/v2\/pages\/44924\/revisions"}],"predecessor-version":[{"id":45044,"href":"https:\/\/sport-timing.pl\/pomiar-czasu\/wp-json\/wp\/v2\/pages\/44924\/revisions\/45044"}],"up":[{"embeddable":true,"href":"https:\/\/sport-timing.pl\/pomiar-czasu\/wp-json\/wp\/v2\/pages\/53"}],"wp:attachment":[{"href":"https:\/\/sport-timing.pl\/pomiar-czasu\/wp-json\/wp\/v2\/media?parent=44924"}],"wp:term":[{"taxonomy":"category","embeddable":true,"href":"https:\/\/sport-timing.pl\/pomiar-czasu\/wp-json\/wp\/v2\/categories?post=44924"},{"taxonomy":"post_tag","embeddable":true,"href":"https:\/\/sport-timing.pl\/pomiar-czasu\/wp-json\/wp\/v2\/tags?post=44924"}],"curies":[{"name":"wp","href":"https:\/\/api.w.org\/{rel}","templated":true}]}}