




{"id":43971,"date":"2025-04-29T13:15:52","date_gmt":"2025-04-29T11:15:52","guid":{"rendered":"https:\/\/sport-timing.pl\/pomiar-czasu\/?page_id=43971"},"modified":"2025-04-29T13:21:53","modified_gmt":"2025-04-29T11:21:53","slug":"ii-mistrzostw-gor-swietokrzyskich-w-biegach-na-nartorolkach-raceroll-hulajnogi","status":"publish","type":"page","link":"https:\/\/sport-timing.pl\/pomiar-czasu\/zapisy-online\/ii-mistrzostw-gor-swietokrzyskich-w-biegach-na-nartorolkach-raceroll-hulajnogi\/","title":{"rendered":"II Mistrzostw G\u00f3r \u015awi\u0119tokrzyskich w biegach na nartorolkach Race&#038;Roll &#8211; Hulajnogi"},"content":{"rendered":"<div class=\"wpb-content-wrapper\"><div class=\"vc_row wpb_row vc_row-fluid event_espresso_form_wrapper event-data-display\"><div class=\"wpb_column vc_column_container vc_col-sm-12\"><div class=\"vc_column-inner\"><div class=\"wpb_wrapper\"><\/div><\/div><\/div><\/div>\n<\/div>","protected":false},"excerpt":{"rendered":"","protected":false},"author":2112,"featured_media":0,"parent":39880,"menu_order":0,"comment_status":"closed","ping_status":"closed","template":"page-zapisy.php","meta":{"_acf_changed":false,"_monsterinsights_skip_tracking":false,"_monsterinsights_sitenote_active":false,"_monsterinsights_sitenote_note":"","_monsterinsights_sitenote_category":0,"footnotes":""},"categories":[],"tags":[],"class_list":["post-43971","page","type-page","status-publish","hentry"],"acf":[],"aioseo_notices":[],"_links":{"self":[{"href":"https:\/\/sport-timing.pl\/pomiar-czasu\/wp-json\/wp\/v2\/pages\/43971","targetHints":{"allow":["GET"]}}],"collection":[{"href":"https:\/\/sport-timing.pl\/pomiar-czasu\/wp-json\/wp\/v2\/pages"}],"about":[{"href":"https:\/\/sport-timing.pl\/pomiar-czasu\/wp-json\/wp\/v2\/types\/page"}],"author":[{"embeddable":true,"href":"https:\/\/sport-timing.pl\/pomiar-czasu\/wp-json\/wp\/v2\/users\/2112"}],"replies":[{"embeddable":true,"href":"https:\/\/sport-timing.pl\/pomiar-czasu\/wp-json\/wp\/v2\/comments?post=43971"}],"version-history":[{"count":2,"href":"https:\/\/sport-timing.pl\/pomiar-czasu\/wp-json\/wp\/v2\/pages\/43971\/revisions"}],"predecessor-version":[{"id":43973,"href":"https:\/\/sport-timing.pl\/pomiar-czasu\/wp-json\/wp\/v2\/pages\/43971\/revisions\/43973"}],"up":[{"embeddable":true,"href":"https:\/\/sport-timing.pl\/pomiar-czasu\/wp-json\/wp\/v2\/pages\/39880"}],"wp:attachment":[{"href":"https:\/\/sport-timing.pl\/pomiar-czasu\/wp-json\/wp\/v2\/media?parent=43971"}],"wp:term":[{"taxonomy":"category","embeddable":true,"href":"https:\/\/sport-timing.pl\/pomiar-czasu\/wp-json\/wp\/v2\/categories?post=43971"},{"taxonomy":"post_tag","embeddable":true,"href":"https:\/\/sport-timing.pl\/pomiar-czasu\/wp-json\/wp\/v2\/tags?post=43971"}],"curies":[{"name":"wp","href":"https:\/\/api.w.org\/{rel}","templated":true}]}}