




{"id":43749,"date":"2025-03-17T20:31:44","date_gmt":"2025-03-17T19:31:44","guid":{"rendered":"https:\/\/sport-timing.pl\/pomiar-czasu\/?page_id=43749"},"modified":"2025-03-17T20:33:09","modified_gmt":"2025-03-17T19:33:09","slug":"lista-zgloszonych-2-2","status":"publish","type":"page","link":"https:\/\/sport-timing.pl\/pomiar-czasu\/panel-organizatora\/tatra-fest-bieg-2024-panel\/lista-zgloszonych-2-2\/","title":{"rendered":"TATRA FEST BIEG 2025 Wolontariusze &#8211; Lista zg\u0142oszonych"},"content":{"rendered":"<div class=\"wpb-content-wrapper\"><p><div class=\"vc_row wpb_row vc_row-fluid\"><div class=\"wpb_column vc_column_container vc_col-sm-6\"><div class=\"vc_column-inner\"><div class=\"wpb_wrapper\">\n\t<div class=\"wpb_text_column wpb_content_element\" >\n\t\t<div class=\"wpb_wrapper\">\n\t\t\t<h3 class=\"event-title\">TATRA FEST BIEG 2025 Wolontariusze - Lista zg\u0142oszonych<\/h3>\n\n\t\t<\/div>\n\t<\/div>\n<\/div><\/div><\/div><div class=\"wpb_column vc_column_container vc_col-sm-6\"><div class=\"vc_column-inner\"><div class=\"wpb_wrapper\"><div class=\"vc_row wpb_row vc_inner vc_row-fluid\"><div class=\"wpb_column vc_column_container vc_col-sm-6\"><div class=\"vc_column-inner\"><div class=\"wpb_wrapper\"><\/div><\/div><\/div><div class=\"wpb_column vc_column_container vc_col-sm-6\"><div class=\"vc_column-inner\"><div class=\"wpb_wrapper\"><\/div><\/div><\/div><\/div><\/div><\/div><\/div><\/div><div class=\"vc_row wpb_row vc_row-fluid\"><div class=\"wpb_column vc_column_container vc_col-sm-12\"><div class=\"vc_column-inner\"><div class=\"wpb_wrapper\"><div class=\"vc_separator wpb_content_element vc_separator_align_center vc_sep_width_100 vc_sep_pos_align_center vc_separator_no_text vc_sep_color_mulled_wine vc_custom_1696425553874 wpb_content_element  vc_custom_1696425553874 wpb_content_element\" ><span class=\"vc_sep_holder vc_sep_holder_l\"><span class=\"vc_sep_line\"><\/span><\/span><span class=\"vc_sep_holder vc_sep_holder_r\"><span class=\"vc_sep_line\"><\/span><\/span>\n<\/div><\/div><\/div><\/div><\/div><div data-vc-full-width=\"true\" data-vc-full-width-init=\"false\" data-vc-stretch-content=\"true\" class=\"vc_row wpb_row vc_row-fluid\"><div class=\"wpb_column vc_column_container vc_col-sm-12\"><div class=\"vc_column-inner\"><div class=\"wpb_wrapper\">\n\t<div class=\"wpb_text_column wpb_content_element\" >\n\t\t<div class=\"wpb_wrapper\">\n\t\t\t<div id=\"gv-datatables-43747\" class=\"gv-datatables-container gv-container gv-container-43747 gv-container-no-results\">\n<table data-viewid=\"43747\" class=\"gv-datatables display dataTable\">\n\t<thead>\n\t\t\t\t<tr>\n\t\t\t<th id=\"gv-field-374-id\" class=\"gv-field-374-id \" scope=\"col\"><span class=\"gv-field-label\">ID<\/span><\/th><th id=\"gv-field-374-2\" class=\"gv-field-374-2 \" scope=\"col\"><span class=\"gv-field-label\">Nazwisko<\/span><\/th><th id=\"gv-field-374-1\" class=\"gv-field-374-1 \" scope=\"col\"><span class=\"gv-field-label\">Imi\u0119<\/span><\/th><th id=\"gv-field-374-7\" class=\"gv-field-374-7 \" scope=\"col\"><span class=\"gv-field-label\">Miasto<\/span><\/th>\t\t<\/tr>\n\t<\/thead>\n\t<tfoot>\n\t\t<tr>\n\t\t\t<th id=\"gv-field-374-id\" class=\"gv-field-374-id \" scope=\"col\"><span class=\"gv-field-label\">ID<\/span><\/th><th id=\"gv-field-374-2\" class=\"gv-field-374-2 \" scope=\"col\"><span class=\"gv-field-label\">Nazwisko<\/span><\/th><th id=\"gv-field-374-1\" class=\"gv-field-374-1 \" scope=\"col\"><span class=\"gv-field-label\">Imi\u0119<\/span><\/th><th id=\"gv-field-374-7\" class=\"gv-field-374-7 \" scope=\"col\"><span class=\"gv-field-label\">Miasto<\/span><\/th>\t\t<\/tr>\n\t\t\t<\/tfoot>\n<\/table>\n<\/div><!-- end .gv-datatables-container -->\n\t\t<style>\n\t\t\t.fancybox-container {\n\t\t\t\tz-index: 100000; \/** Divi is 99999 *\/\n\t\t\t}\n\n\t\t\t.admin-bar .fancybox-container {\n\t\t\t\tmargin-top: 32px;\n\t\t\t}\n\t\t<\/style>\n\t\t<script>\n\t\t\tif ( window.Fancybox ){\n\t\t\t\tFancybox.bind(\".gravityview-fancybox\", {\"animationEffect\":\"fade\",\"toolbar\":true,\"closeExisting\":true,\"arrows\":true,\"buttons\":[\"thumbs\",\"close\"],\"i18n\":{\"en\":{\"CLOSE\":\"Close\",\"NEXT\":\"Next\",\"PREV\":\"Previous\",\"ERROR\":\"The requested content cannot be loaded. Please try again later.\",\"PLAY_START\":\"Start slideshow\",\"PLAY_STOP\":\"Pause slideshow\",\"FULL_SCREEN\":\"Full screen\",\"THUMBS\":\"Thumbnails\",\"DOWNLOAD\":\"Download\",\"SHARE\":\"Share\",\"ZOOM\":\"Zoom\"}}});\n\t\t\t}\n\t\t<\/script>\n\t\t        <script type=\"text\/javascript\">\r\n\t\t\tif ( !window.gvDTglobals ) {\r\n\t\t\t\twindow.gvDTglobals = [];\r\n\t\t\t}\r\n\r\n\t\t\twindow.gvDTglobals.push({\"processing\":true,\"deferRender\":true,\"serverSide\":true,\"retrieve\":true,\"stateSave\":true,\"stateDuration\":-1,\"lengthMenu\":[[10,25,50,999,-1],[10,25,50,\"999\",\"Wszystkie\"]],\"language\":{\"sProcessing\":\"Przetwarzanie...\",\"sLengthMenu\":\"Poka\\u017c _MENU_ pozycji\",\"sZeroRecords\":\"Nie znaleziono pasuj\\u0105cych pozycji\",\"sInfoThousands\":\" \",\"sInfo\":\"Pozycje od _START_ do _END_ z _TOTAL_ \\u0142\\u0105cznie\",\"sInfoEmpty\":\"Pozycji 0 z 0 dost\\u0119pnych\",\"sInfoFiltered\":\"(filtrowanie spo\\u015br\\u00f3d _MAX_ dost\\u0119pnych pozycji)\",\"sInfoPostFix\":\"\",\"sSearch\":\"Szukaj:\",\"sUrl\":\"\",\"oPaginate\":{\"sFirst\":\"Pierwsza\",\"sPrevious\":\"Poprzednia\",\"sNext\":\"Nast\\u0119pna\",\"sLast\":\"Ostatnia\"},\"sEmptyTable\":\"Brak danych\",\"sLoadingRecords\":\"Wczytywanie...\",\"oAria\":{\"sSortAscending\":\": aktywuj, by posortowa\\u0107 kolumn\\u0119 rosn\\u0105co\",\"sSortDescending\":\": aktywuj, by posortowa\\u0107 kolumn\\u0119 malej\\u0105co\"}},\"ajax\":{\"url\":\"https:\\\/\\\/sport-timing.pl\\\/pomiar-czasu\\\/wp-admin\\\/admin-ajax.php\",\"type\":\"POST\",\"data\":{\"action\":\"gv_datatables_data\",\"view_id\":43747,\"post_id\":43749,\"nonce\":\"3bdfc5fc78\",\"getData\":\"[]\",\"hideUntilSearched\":\"0\",\"setUrlOnSearch\":true,\"shortcode_atts\":{\"id\":43747,\"class\":\"\",\"detail\":null}}},\"pageLength\":999,\"columns\":[{\"name\":\"gv_id\",\"width\":null},{\"name\":\"gv_2\",\"width\":null},{\"name\":\"gv_1\",\"width\":null},{\"name\":\"gv_7\",\"width\":null}],\"searching\":true,\"dom\":\"Blfrtip\",\"buttons\":[{\"extend\":\"excel\",\"text\":\"Excel\"},{\"extend\":\"print\",\"text\":\"Drukuj\"},{\"extend\":\"colvis\",\"text\":\"Kolumny\"}]});\r\n        <\/script>\r\n\t\t\t\t\t<script type=\"text\/javascript\">\n\t\t\t\tif (!window.gvDTFixedHeaderColumns) {\n\t\t\t\t\twindow.gvDTFixedHeaderColumns = [];\n\t\t\t\t}\n\n\t\t\t\twindow.gvDTFixedHeaderColumns.push({\"fixedheader\":0,\"fixedcolumns\":0});\n\t\t\t<\/script>\n\t\t\t\t\t<script type=\"text\/javascript\">\n\t\t\t\tif (!window.gvDTResponsive) {\n\t\t\t\t\twindow.gvDTResponsive = [];\n\t\t\t\t}\n\n\t\t\t\twindow.gvDTResponsive.push({\"responsive\":0});\n\t\t\t<\/script>\n\t\t<input type=\"hidden\" class=\"gravityview-view-id\" value=\"43747\">\n\n\t\t<\/div>\n\t<\/div>\n<\/div><\/div><\/div><\/div><div class=\"vc_row-full-width vc_clearfix\"><\/div><div class=\"vc_row wpb_row vc_row-fluid\"><div class=\"wpb_column vc_column_container vc_col-sm-12\"><div class=\"vc_column-inner\"><div class=\"wpb_wrapper\">\n\t<div class=\"wpb_raw_code wpb_raw_js\" >\n\t\t<div class=\"wpb_wrapper\">\n\t\t\t<style>\nbody{    overflow-x: auto !important;}\n<\/style>\n<script type=\"text\/javascript\"> \n\n   \n$('#gv-datatables-17702').on( 'draw.dt', function () {\n    \n$(\"td:contains('Approved')\").each(function() {\n    var replaced = $(this).html().replace(\"Approved\", \"<div class='payment-ok'><i class='fa fa-check-circle'><\/i> Tak<\/div>\");\n    $(this).html(replaced);\n  });\n\n $(\"td:contains('Pending')\").each(function() {\n    var replaced = $(this).html().replace(\"Pending\", \"<div class='payment-pending'><i class='fa fa-times'><\/i> Oczekuje<\/div>\");\n    $(this).html(replaced);\n  });\n$('body').css('overflow-x', 'auto');\n\n\n\n} );\n\n$(document).ready(function() {\njQuery('#input_259_40').hide();\npay_status = jQuery('#input_259_40').val();\n\n\njQuery('#field_259_40').append('<li id=\"pay_stat\" class=\"gfield gfield--type-radio gfield--type-choice field_sublabel_below gfield--no-description field_description_above gfield_visibility_visible stla-bootstrap\" data-field-class=\"stla-bootstrap\"><label class=\"gfield_label gform-field-label\">Status p\u0142atno\u015bci<\/label><div class=\"ginput_container ginput_container_radio\"> <ul class=\"gfield_radio\" id=\"pay_stat_1\"><li class=\"gchoice gchoice_259_87_0 custom-control custom-radio\">\t\t\t<input name=\"pay_stat\" type=\"radio\" value=\"Pending\" id=\"choice_259_87_0\" class=\" custom-control-input\"><label for=\"choice_259_87_0\" id=\"label_259_87_0\" class=\"gform-field-label gform-field-label--type-inline custom-control-label\">Brak<\/label>\t\t\t<\/li>\t\t\t<li class=\"gchoice gchoice_259_87_1 custom-control custom-radio\">\t\t\t\t<input name=\"pay_stat\" type=\"radio\" value=\"Approved\" id=\"choice_259_87_1\" class=\" custom-control-input\"><label for=\"choice_259_87_1\" id=\"label_259_87_1\" class=\"gform-field-label gform-field-label--type-inline custom-control-label\">P\u0142atno\u015b\u0107 potwierdzona<\/label>\t\t\t<\/li>\t\t\t\t\t\t<\/ul><\/div><\/li>');\n\n\n$('input[type=radio][name=pay_stat]').change(function() {\n        if (this.value === 'Pending') {\n            $('#input_259_40').val('Pending');\n        } else if (this.value === 'Approved') {\n            $('#input_259_40').val('Approved');\n        }\n    });\n\n$(\"input[name=pay_stat][value=\" + pay_status + \"]\").attr('checked', 'checked');\nif(pay_status == \"Approved\"){\n    $(\"input[name=pay_stat][value=\" + pay_status + \"]\").attr('checked', 'checked');\n}\n\n});\n<\/script>\n\t\t<\/div>\n\t<\/div>\n<\/div><\/div><\/div><\/div><\/p>\n<\/div>","protected":false},"excerpt":{"rendered":"TATRA FEST BIEG 2025 Wolontariusze - Lista zg\u0142oszonych IDNazwiskoImi\u0119Miasto IDNazwiskoImi\u0119Miasto","protected":false},"author":2112,"featured_media":0,"parent":37929,"menu_order":0,"comment_status":"closed","ping_status":"closed","template":"page-organizator.php","meta":{"_acf_changed":false,"_monsterinsights_skip_tracking":false,"_monsterinsights_sitenote_active":false,"_monsterinsights_sitenote_note":"","_monsterinsights_sitenote_category":0,"footnotes":""},"categories":[],"tags":[],"class_list":["post-43749","page","type-page","status-publish","hentry"],"acf":[],"aioseo_notices":[],"_links":{"self":[{"href":"https:\/\/sport-timing.pl\/pomiar-czasu\/wp-json\/wp\/v2\/pages\/43749","targetHints":{"allow":["GET"]}}],"collection":[{"href":"https:\/\/sport-timing.pl\/pomiar-czasu\/wp-json\/wp\/v2\/pages"}],"about":[{"href":"https:\/\/sport-timing.pl\/pomiar-czasu\/wp-json\/wp\/v2\/types\/page"}],"author":[{"embeddable":true,"href":"https:\/\/sport-timing.pl\/pomiar-czasu\/wp-json\/wp\/v2\/users\/2112"}],"replies":[{"embeddable":true,"href":"https:\/\/sport-timing.pl\/pomiar-czasu\/wp-json\/wp\/v2\/comments?post=43749"}],"version-history":[{"count":3,"href":"https:\/\/sport-timing.pl\/pomiar-czasu\/wp-json\/wp\/v2\/pages\/43749\/revisions"}],"predecessor-version":[{"id":43753,"href":"https:\/\/sport-timing.pl\/pomiar-czasu\/wp-json\/wp\/v2\/pages\/43749\/revisions\/43753"}],"up":[{"embeddable":true,"href":"https:\/\/sport-timing.pl\/pomiar-czasu\/wp-json\/wp\/v2\/pages\/37929"}],"wp:attachment":[{"href":"https:\/\/sport-timing.pl\/pomiar-czasu\/wp-json\/wp\/v2\/media?parent=43749"}],"wp:term":[{"taxonomy":"category","embeddable":true,"href":"https:\/\/sport-timing.pl\/pomiar-czasu\/wp-json\/wp\/v2\/categories?post=43749"},{"taxonomy":"post_tag","embeddable":true,"href":"https:\/\/sport-timing.pl\/pomiar-czasu\/wp-json\/wp\/v2\/tags?post=43749"}],"curies":[{"name":"wp","href":"https:\/\/api.w.org\/{rel}","templated":true}]}}