




{"id":43080,"date":"2025-02-10T16:56:01","date_gmt":"2025-02-10T15:56:01","guid":{"rendered":"https:\/\/sport-timing.pl\/pomiar-czasu\/?page_id=43080"},"modified":"2025-02-28T13:20:46","modified_gmt":"2025-02-28T12:20:46","slug":"lista-zgloszonych","status":"publish","type":"page","link":"https:\/\/sport-timing.pl\/pomiar-czasu\/zapisy-online\/viii-bieg-grania-tatr-2025\/lista-zgloszonych\/","title":{"rendered":"VIII Bieg Ultra Grani\u0105 Tatr 2025 &#8211; Lista wylosowanych"},"content":{"rendered":"\t\t<div data-elementor-type=\"wp-page\" data-elementor-id=\"43080\" class=\"elementor elementor-43080\" data-elementor-post-type=\"page\">\n\t\t\t\t<div class=\"elementor-element elementor-element-fe14773 e-flex e-con-boxed e-con e-parent\" data-id=\"fe14773\" data-element_type=\"container\">\n\t\t\t\t\t<div class=\"e-con-inner\">\n\t\t\t\t<div class=\"elementor-element elementor-element-4053910 elementor-widget elementor-widget-image\" data-id=\"4053910\" data-element_type=\"widget\" data-widget_type=\"image.default\">\n\t\t\t\t<div class=\"elementor-widget-container\">\n\t\t\t\t\t\t\t\t\t\t\t\t\t<img decoding=\"async\" width=\"131\" height=\"100\" src=\"https:\/\/sport-timing.pl\/pomiar-czasu\/content\/uploads\/2025\/02\/logo_10.png\" class=\"attachment-large size-large wp-image-43146\" alt=\"\" \/>\t\t\t\t\t\t\t\t\t\t\t\t\t<\/div>\n\t\t\t\t<\/div>\n\t\t\t\t<div class=\"elementor-element elementor-element-bafbf26 elementor-widget elementor-widget-heading\" data-id=\"bafbf26\" data-element_type=\"widget\" data-widget_type=\"heading.default\">\n\t\t\t\t<div class=\"elementor-widget-container\">\n\t\t\t<style>\/*! elementor - v3.23.0 - 05-08-2024 *\/\n.elementor-heading-title{padding:0;margin:0;line-height:1}.elementor-widget-heading .elementor-heading-title[class*=elementor-size-]>a{color:inherit;font-size:inherit;line-height:inherit}.elementor-widget-heading .elementor-heading-title.elementor-size-small{font-size:15px}.elementor-widget-heading .elementor-heading-title.elementor-size-medium{font-size:19px}.elementor-widget-heading .elementor-heading-title.elementor-size-large{font-size:29px}.elementor-widget-heading .elementor-heading-title.elementor-size-xl{font-size:39px}.elementor-widget-heading .elementor-heading-title.elementor-size-xxl{font-size:59px}<\/style><h2 class=\"elementor-heading-title elementor-size-default\">VIII Bieg Ultra Grani\u0105 Tatr 2025 &#8211; Lista wylosowanych<\/h2>\t\t<\/div>\n\t\t\t\t<\/div>\n\t\t\t\t\t<\/div>\n\t\t\t\t<\/div>\n\t\t<div class=\"elementor-element elementor-element-25ace9d e-flex e-con-boxed e-con e-parent\" data-id=\"25ace9d\" data-element_type=\"container\">\n\t\t\t\t\t<div class=\"e-con-inner\">\n\t\t\t\t<div class=\"elementor-element elementor-element-ade496b elementor-widget elementor-widget-button\" data-id=\"ade496b\" data-element_type=\"widget\" data-widget_type=\"button.default\">\n\t\t\t\t<div class=\"elementor-widget-container\">\n\t\t\t\t\t<div class=\"elementor-button-wrapper\">\n\t\t\t<a class=\"elementor-button elementor-button-link elementor-size-sm\" href=\"https:\/\/sport-timing.pl\/pomiar-czasu\/zapisy-online\/viii-bieg-grania-tatr-2025\/lista-zgloszonych-2\/\">\n\t\t\t\t\t\t<span class=\"elementor-button-content-wrapper\">\n\t\t\t\t\t\t\t\t\t<span class=\"elementor-button-text\">Lista rezerwowa<\/span>\n\t\t\t\t\t<\/span>\n\t\t\t\t\t<\/a>\n\t\t<\/div>\n\t\t\t\t<\/div>\n\t\t\t\t<\/div>\n\t\t\t\t<div class=\"elementor-element elementor-element-c2365fe elementor-widget elementor-widget-shortcode\" data-id=\"c2365fe\" data-element_type=\"widget\" data-widget_type=\"shortcode.default\">\n\t\t\t\t<div class=\"elementor-widget-container\">\n\t\t\t\t\t<div class=\"elementor-shortcode\">\t\t<div class=\"gv-grid gv-widgets-header gv-widgets-no-results\">\n\t\t\t\t\t\t\t\t<div class=\"gv-grid-col-1-1 gv-left\">\n\t\t\t\t\t\t\n<form class=\"gv-widget-search gv-search-horizontal\" method=\"get\" action=\"https:\/\/sport-timing.pl\/pomiar-czasu\/zapisy-online\/viii-bieg-grania-tatr-2025\/lista-zgloszonych\/#gv-view-43552-1\" data-viewid=\"43552\">\n\n\t\n<div class=\"gv-search-box gv-search-field-text gv-search-field-search_all\">\n\t<div class=\"gv-search\">\n\t\t\t<label for=\"gv_search_43552\">Search Entries:<\/label>\n\t\t\t<p><input type=\"search\" name=\"gv_search\" id=\"gv_search_43552\" value=\"\" \/><\/p>\n\t<\/div>\n<\/div><div class=\"gv-search-box gv-search-box-submit\">\n\t\t<input type=\"hidden\" name=\"mode\" value=\"any\" \/>\n\t<input type=\"submit\" class=\"button gv-search-button\" id=\"gv_search_button_43552\" value=\"Search\" \/>\n<\/div>\n<\/form>\n\t\t\t\t\t<\/div>\n\t\t\t\t\t\t\t\t\t\t\t\t<div class=\"gv-grid-col-1-2 gv-left\">\n\t\t\t\t\t\t\t\t\t\t\t<\/div>\n\t\t\t\t\t\t\t\t\t<div class=\"gv-grid-col-1-2 gv-right\">\n\t\t\t\t\t\t\t\t\t\t\t<\/div>\n\t\t\t\t\t\t\t\t\t<\/div>\n\n\t\t<div id=\"gv-datatables-43552\" class=\"gv-datatables-container gv-container gv-container-43552 gv-container-no-results\">\n<table data-viewid=\"43552\" class=\"gv-datatables display dataTable\">\n\t<thead>\n\t\t\t\t<tr>\n\t\t\t<th id=\"gv-field-370-id\" class=\"gv-field-370-id \" scope=\"col\"><span class=\"gv-field-label\">Entry ID<\/span><\/th><th id=\"gv-field-370-91\" class=\"gv-field-370-91 \" scope=\"col\"><span class=\"gv-field-label\">Kol<\/span><\/th><th id=\"gv-field-370-1\" class=\"gv-field-370-1 \" scope=\"col\"><span class=\"gv-field-label\">Imi\u0119<\/span><\/th><th id=\"gv-field-370-2\" class=\"gv-field-370-2 \" scope=\"col\"><span class=\"gv-field-label\">Nazwisko<\/span><\/th><th id=\"gv-field-370-90.3\" class=\"gv-field-370-90.3 \" scope=\"col\"><span class=\"gv-field-label\">Rok<\/span><\/th><th id=\"gv-field-370-6\" class=\"gv-field-370-6 \" scope=\"col\"><span class=\"gv-field-label\">P\u0142e\u0107<\/span><\/th><th id=\"gv-field-370-7\" class=\"gv-field-370-7 \" scope=\"col\"><span class=\"gv-field-label\">Miasto<\/span><\/th><th id=\"gv-field-370-9\" class=\"gv-field-370-9 \" scope=\"col\"><span class=\"gv-field-label\">Kraj<\/span><\/th><th id=\"gv-field-370-62\" class=\"gv-field-370-62 \" scope=\"col\"><span class=\"gv-field-label\">Tw\u00f3j Team \/ Klub<\/span><\/th><th id=\"gv-field-370-40\" class=\"gv-field-370-40 \" scope=\"col\"><span class=\"gv-field-label\">P\u0142atno\u015b\u0107<\/span><\/th>\t\t<\/tr>\n\t<\/thead>\n\t<tfoot>\n\t\t<tr>\n\t\t\t<th id=\"gv-field-370-id\" class=\"gv-field-370-id \" scope=\"col\"><span class=\"gv-field-label\">Entry ID<\/span><\/th><th id=\"gv-field-370-91\" class=\"gv-field-370-91 \" scope=\"col\"><span class=\"gv-field-label\">Kol<\/span><\/th><th id=\"gv-field-370-1\" class=\"gv-field-370-1 \" scope=\"col\"><span class=\"gv-field-label\">Imi\u0119<\/span><\/th><th id=\"gv-field-370-2\" class=\"gv-field-370-2 \" scope=\"col\"><span class=\"gv-field-label\">Nazwisko<\/span><\/th><th id=\"gv-field-370-90.3\" class=\"gv-field-370-90.3 \" scope=\"col\"><span class=\"gv-field-label\">Rok<\/span><\/th><th id=\"gv-field-370-6\" class=\"gv-field-370-6 \" scope=\"col\"><span class=\"gv-field-label\">P\u0142e\u0107<\/span><\/th><th id=\"gv-field-370-7\" class=\"gv-field-370-7 \" scope=\"col\"><span class=\"gv-field-label\">Miasto<\/span><\/th><th id=\"gv-field-370-9\" class=\"gv-field-370-9 \" scope=\"col\"><span class=\"gv-field-label\">Kraj<\/span><\/th><th id=\"gv-field-370-62\" class=\"gv-field-370-62 \" scope=\"col\"><span class=\"gv-field-label\">Tw\u00f3j Team \/ Klub<\/span><\/th><th id=\"gv-field-370-40\" class=\"gv-field-370-40 \" scope=\"col\"><span class=\"gv-field-label\">P\u0142atno\u015b\u0107<\/span><\/th>\t\t<\/tr>\n\t\t\t<\/tfoot>\n<\/table>\n<\/div><!-- end .gv-datatables-container -->\n\t\t<style>\n\t\t\t.fancybox-container {\n\t\t\t\tz-index: 100000; \/** Divi is 99999 *\/\n\t\t\t}\n\n\t\t\t.admin-bar .fancybox-container {\n\t\t\t\tmargin-top: 32px;\n\t\t\t}\n\t\t<\/style>\n\t\t<script>\n\t\t\tif ( window.Fancybox ){\n\t\t\t\tFancybox.bind(\".gravityview-fancybox\", {\"animationEffect\":\"fade\",\"toolbar\":true,\"closeExisting\":true,\"arrows\":true,\"buttons\":[\"thumbs\",\"close\"],\"i18n\":{\"en\":{\"CLOSE\":\"Close\",\"NEXT\":\"Next\",\"PREV\":\"Previous\",\"ERROR\":\"The requested content cannot be loaded. Please try again later.\",\"PLAY_START\":\"Start slideshow\",\"PLAY_STOP\":\"Pause slideshow\",\"FULL_SCREEN\":\"Full screen\",\"THUMBS\":\"Thumbnails\",\"DOWNLOAD\":\"Download\",\"SHARE\":\"Share\",\"ZOOM\":\"Zoom\"}}});\n\t\t\t}\n\t\t<\/script>\n\t\t        <script type=\"text\/javascript\">\r\n\t\t\tif ( !window.gvDTglobals ) {\r\n\t\t\t\twindow.gvDTglobals = [];\r\n\t\t\t}\r\n\r\n\t\t\twindow.gvDTglobals.push({\"processing\":true,\"deferRender\":true,\"serverSide\":true,\"retrieve\":true,\"stateSave\":true,\"stateDuration\":-1,\"lengthMenu\":[[10,25,50,-1],[10,25,50,\"Wszystkie\"]],\"language\":{\"sProcessing\":\"Przetwarzanie...\",\"sLengthMenu\":\"Poka\\u017c _MENU_ pozycji\",\"sZeroRecords\":\"Nie znaleziono pasuj\\u0105cych pozycji\",\"sInfoThousands\":\" \",\"sInfo\":\"Pozycje od _START_ do _END_ z _TOTAL_ \\u0142\\u0105cznie\",\"sInfoEmpty\":\"Pozycji 0 z 0 dost\\u0119pnych\",\"sInfoFiltered\":\"(filtrowanie spo\\u015br\\u00f3d _MAX_ dost\\u0119pnych pozycji)\",\"sInfoPostFix\":\"\",\"sSearch\":\"Szukaj:\",\"sUrl\":\"\",\"oPaginate\":{\"sFirst\":\"Pierwsza\",\"sPrevious\":\"Poprzednia\",\"sNext\":\"Nast\\u0119pna\",\"sLast\":\"Ostatnia\"},\"sEmptyTable\":\"Brak danych\",\"sLoadingRecords\":\"Wczytywanie...\",\"oAria\":{\"sSortAscending\":\": aktywuj, by posortowa\\u0107 kolumn\\u0119 rosn\\u0105co\",\"sSortDescending\":\": aktywuj, by posortowa\\u0107 kolumn\\u0119 malej\\u0105co\"}},\"ajax\":{\"url\":\"https:\\\/\\\/sport-timing.pl\\\/pomiar-czasu\\\/wp-admin\\\/admin-ajax.php\",\"type\":\"POST\",\"data\":{\"action\":\"gv_datatables_data\",\"view_id\":43552,\"post_id\":43080,\"nonce\":\"83cc1e1413\",\"getData\":\"[]\",\"hideUntilSearched\":\"0\",\"setUrlOnSearch\":true,\"shortcode_atts\":{\"id\":43552,\"class\":\"\",\"detail\":null}}},\"pageLength\":25,\"columns\":[{\"name\":\"gv_id\",\"width\":null},{\"name\":\"gv_91\",\"width\":null},{\"name\":\"gv_1\",\"width\":null},{\"name\":\"gv_2\",\"width\":null},{\"name\":\"gv_90.3\",\"width\":null},{\"name\":\"gv_6\",\"width\":null},{\"name\":\"gv_7\",\"width\":null},{\"name\":\"gv_9\",\"width\":null},{\"name\":\"gv_62\",\"width\":null},{\"name\":\"gv_40\",\"width\":null}],\"order\":[[1,\"asc\"]],\"searching\":false,\"dom\":\"Blfrtip\",\"buttons\":[{\"extend\":\"copy\",\"text\":\"Kopiuj\"},{\"extend\":\"csv\",\"text\":\"CSV\"},{\"extend\":\"excel\",\"text\":\"Excel\"},{\"extend\":\"print\",\"text\":\"Drukuj\"},{\"extend\":\"colvis\",\"text\":\"Kolumny\"}],\"scrollX\":true});\r\n        <\/script>\r\n\t\t\t\t\t<script type=\"text\/javascript\">\n\t\t\t\tif (!window.gvDTFixedHeaderColumns) {\n\t\t\t\t\twindow.gvDTFixedHeaderColumns = [];\n\t\t\t\t}\n\n\t\t\t\twindow.gvDTFixedHeaderColumns.push({\"fixedheader\":1,\"fixedcolumns\":0});\n\t\t\t<\/script>\n\t\t\t\t\t<script type=\"text\/javascript\">\n\t\t\t\tif (!window.gvDTResponsive) {\n\t\t\t\t\twindow.gvDTResponsive = [];\n\t\t\t\t}\n\n\t\t\t\twindow.gvDTResponsive.push({\"responsive\":0});\n\t\t\t<\/script>\n\t\t\t\t<div class=\"gv-grid gv-widgets-footer gv-widgets-no-results\">\n\t\t\t\t\t\t\t\t<div class=\"gv-grid-col-1-1 gv-left\">\n\t\t\t\t\t\t\t\t\t\t\t<\/div>\n\t\t\t\t\t\t\t\t\t\t\t\t<div class=\"gv-grid-col-1-2 gv-left\">\n\t\t\t\t\t\t\t\t\t\t\t<\/div>\n\t\t\t\t\t\t\t\t\t<div class=\"gv-grid-col-1-2 gv-right\">\n\t\t\t\t\t\t\t\t\t\t\t<\/div>\n\t\t\t\t\t\t\t\t\t<\/div>\n\n\t\t<input type=\"hidden\" class=\"gravityview-view-id\" value=\"43552\"><\/div>\n\t\t\t\t<\/div>\n\t\t\t\t<\/div>\n\t\t\t\t\t<\/div>\n\t\t\t\t<\/div>\n\t\t\t\t<\/div>\n\t\t","protected":false},"excerpt":{"rendered":"<p>Lista rezerwowa<\/p>\n","protected":false},"author":2112,"featured_media":0,"parent":43073,"menu_order":0,"comment_status":"closed","ping_status":"closed","template":"page-participants-list.php","meta":{"_acf_changed":false,"_monsterinsights_skip_tracking":false,"_monsterinsights_sitenote_active":false,"_monsterinsights_sitenote_note":"","_monsterinsights_sitenote_category":0,"footnotes":""},"categories":[],"tags":[],"class_list":["post-43080","page","type-page","status-publish","hentry"],"acf":[],"aioseo_notices":[],"_links":{"self":[{"href":"https:\/\/sport-timing.pl\/pomiar-czasu\/wp-json\/wp\/v2\/pages\/43080","targetHints":{"allow":["GET"]}}],"collection":[{"href":"https:\/\/sport-timing.pl\/pomiar-czasu\/wp-json\/wp\/v2\/pages"}],"about":[{"href":"https:\/\/sport-timing.pl\/pomiar-czasu\/wp-json\/wp\/v2\/types\/page"}],"author":[{"embeddable":true,"href":"https:\/\/sport-timing.pl\/pomiar-czasu\/wp-json\/wp\/v2\/users\/2112"}],"replies":[{"embeddable":true,"href":"https:\/\/sport-timing.pl\/pomiar-czasu\/wp-json\/wp\/v2\/comments?post=43080"}],"version-history":[{"count":111,"href":"https:\/\/sport-timing.pl\/pomiar-czasu\/wp-json\/wp\/v2\/pages\/43080\/revisions"}],"predecessor-version":[{"id":43598,"href":"https:\/\/sport-timing.pl\/pomiar-czasu\/wp-json\/wp\/v2\/pages\/43080\/revisions\/43598"}],"up":[{"embeddable":true,"href":"https:\/\/sport-timing.pl\/pomiar-czasu\/wp-json\/wp\/v2\/pages\/43073"}],"wp:attachment":[{"href":"https:\/\/sport-timing.pl\/pomiar-czasu\/wp-json\/wp\/v2\/media?parent=43080"}],"wp:term":[{"taxonomy":"category","embeddable":true,"href":"https:\/\/sport-timing.pl\/pomiar-czasu\/wp-json\/wp\/v2\/categories?post=43080"},{"taxonomy":"post_tag","embeddable":true,"href":"https:\/\/sport-timing.pl\/pomiar-czasu\/wp-json\/wp\/v2\/tags?post=43080"}],"curies":[{"name":"wp","href":"https:\/\/api.w.org\/{rel}","templated":true}]}}