




{"id":42261,"date":"2024-11-13T13:42:55","date_gmt":"2024-11-13T12:42:55","guid":{"rendered":"https:\/\/sport-timing.pl\/pomiar-czasu\/?page_id=42261"},"modified":"2024-11-13T13:42:55","modified_gmt":"2024-11-13T12:42:55","slug":"lista-zgloszonych","status":"publish","type":"page","link":"https:\/\/sport-timing.pl\/pomiar-czasu\/zapisy-online\/13-puchar-reksia-2025\/lista-zgloszonych\/","title":{"rendered":"13 Puchar Reksia 2025 &#8211; Lista zg\u0142oszonych"},"content":{"rendered":"<div class=\"wpb-content-wrapper\"><p><div class=\"vc_row wpb_row vc_row-fluid\"><div class=\"wpb_column vc_column_container vc_col-sm-4\"><div class=\"vc_column-inner\"><div class=\"wpb_wrapper\">\n\t<div class=\"wpb_text_column wpb_content_element\" >\n\t\t<div class=\"wpb_wrapper\">\n\t\t\t<h3 class=\"event-title\">13 Puchar Reksia 2025<\/h3>\n<h5>Lista zg\u0142oszonych uczestnik\u00f3w<\/h5>\n\n\t\t<\/div>\n\t<\/div>\n<\/div><\/div><\/div><div class=\"wpb_column vc_column_container vc_col-sm-8\"><div class=\"vc_column-inner\"><div class=\"wpb_wrapper\"><div class=\"vc_row wpb_row vc_inner vc_row-fluid\"><div class=\"wpb_column vc_column_container vc_col-sm-4\"><div class=\"vc_column-inner\"><div class=\"wpb_wrapper\"><\/div><\/div><\/div><div class=\"wpb_column vc_column_container vc_col-sm-4\"><div class=\"vc_column-inner\"><div class=\"wpb_wrapper\"><\/div><\/div><\/div><div class=\"wpb_column vc_column_container vc_col-sm-4\"><div class=\"vc_column-inner\"><div class=\"wpb_wrapper\"><\/div><\/div><\/div><\/div><\/div><\/div><\/div><\/div><div class=\"vc_row wpb_row vc_row-fluid\"><div class=\"wpb_column vc_column_container vc_col-sm-12\"><div class=\"vc_column-inner\"><div class=\"wpb_wrapper\">\n\t<div class=\"wpb_text_column wpb_content_element\" >\n\t\t<div class=\"wpb_wrapper\">\n\t\t\t<div id=\"gv-datatables-42259\" class=\"gv-datatables-container gv-container gv-container-42259 gv-container-no-results\">\n<table data-viewid=\"42259\" class=\"gv-datatables display dataTable\">\n\t<thead>\n\t\t\t\t<tr>\n\t\t\t<th id=\"gv-field-350-id\" class=\"gv-field-350-id \" scope=\"col\"><span class=\"gv-field-label\">ID<\/span><\/th><th id=\"gv-field-350-2\" class=\"gv-field-350-2 \" scope=\"col\"><span class=\"gv-field-label\">Nazwisko<\/span><\/th><th id=\"gv-field-350-1\" class=\"gv-field-350-1 \" scope=\"col\"><span class=\"gv-field-label\">Imi\u0119<\/span><\/th><th id=\"gv-field-350-6\" class=\"gv-field-350-6 \" scope=\"col\"><span class=\"gv-field-label\">P\u0142e\u0107<\/span><\/th><th id=\"gv-field-350-7\" class=\"gv-field-350-7 \" scope=\"col\"><span class=\"gv-field-label\">Miasto<\/span><\/th><th id=\"gv-field-350-65\" class=\"gv-field-350-65 \" scope=\"col\"><span class=\"gv-field-label\">Kategoria<\/span><\/th><th id=\"gv-field-350-40\" class=\"gv-field-350-40 \" scope=\"col\"><span class=\"gv-field-label\">P\u0142atno\u015b\u0107<\/span><\/th>\t\t<\/tr>\n\t<\/thead>\n\t<tfoot>\n\t\t<tr>\n\t\t\t<th id=\"gv-field-350-id\" class=\"gv-field-350-id \" scope=\"col\"><span class=\"gv-field-label\">ID<\/span><\/th><th id=\"gv-field-350-2\" class=\"gv-field-350-2 \" scope=\"col\"><span class=\"gv-field-label\">Nazwisko<\/span><\/th><th id=\"gv-field-350-1\" class=\"gv-field-350-1 \" scope=\"col\"><span class=\"gv-field-label\">Imi\u0119<\/span><\/th><th id=\"gv-field-350-6\" class=\"gv-field-350-6 \" scope=\"col\"><span class=\"gv-field-label\">P\u0142e\u0107<\/span><\/th><th id=\"gv-field-350-7\" class=\"gv-field-350-7 \" scope=\"col\"><span class=\"gv-field-label\">Miasto<\/span><\/th><th id=\"gv-field-350-65\" class=\"gv-field-350-65 \" scope=\"col\"><span class=\"gv-field-label\">Kategoria<\/span><\/th><th id=\"gv-field-350-40\" class=\"gv-field-350-40 \" scope=\"col\"><span class=\"gv-field-label\">P\u0142atno\u015b\u0107<\/span><\/th>\t\t<\/tr>\n\t\t\t<\/tfoot>\n<\/table>\n<\/div><!-- end .gv-datatables-container -->\n\t\t<style>\n\t\t\t.fancybox-container {\n\t\t\t\tz-index: 100000; \/** Divi is 99999 *\/\n\t\t\t}\n\n\t\t\t.admin-bar .fancybox-container {\n\t\t\t\tmargin-top: 32px;\n\t\t\t}\n\t\t<\/style>\n\t\t<script>\n\t\t\tif ( window.Fancybox ){\n\t\t\t\tFancybox.bind(\".gravityview-fancybox\", {\"animationEffect\":\"fade\",\"toolbar\":true,\"closeExisting\":true,\"arrows\":true,\"buttons\":[\"thumbs\",\"close\"],\"i18n\":{\"en\":{\"CLOSE\":\"Close\",\"NEXT\":\"Next\",\"PREV\":\"Previous\",\"ERROR\":\"The requested content cannot be loaded. Please try again later.\",\"PLAY_START\":\"Start slideshow\",\"PLAY_STOP\":\"Pause slideshow\",\"FULL_SCREEN\":\"Full screen\",\"THUMBS\":\"Thumbnails\",\"DOWNLOAD\":\"Download\",\"SHARE\":\"Share\",\"ZOOM\":\"Zoom\"}}});\n\t\t\t}\n\t\t<\/script>\n\t\t        <script type=\"text\/javascript\">\r\n\t\t\tif ( !window.gvDTglobals ) {\r\n\t\t\t\twindow.gvDTglobals = [];\r\n\t\t\t}\r\n\r\n\t\t\twindow.gvDTglobals.push({\"processing\":true,\"deferRender\":true,\"serverSide\":true,\"retrieve\":true,\"stateSave\":true,\"stateDuration\":-1,\"lengthMenu\":[[10,25,50,999,-1],[10,25,50,\"999\",\"Wszystkie\"]],\"language\":{\"sProcessing\":\"Przetwarzanie...\",\"sLengthMenu\":\"Poka\\u017c _MENU_ pozycji\",\"sZeroRecords\":\"Nie znaleziono pasuj\\u0105cych pozycji\",\"sInfoThousands\":\" \",\"sInfo\":\"Pozycje od _START_ do _END_ z _TOTAL_ \\u0142\\u0105cznie\",\"sInfoEmpty\":\"Pozycji 0 z 0 dost\\u0119pnych\",\"sInfoFiltered\":\"(filtrowanie spo\\u015br\\u00f3d _MAX_ dost\\u0119pnych pozycji)\",\"sInfoPostFix\":\"\",\"sSearch\":\"Szukaj:\",\"sUrl\":\"\",\"oPaginate\":{\"sFirst\":\"Pierwsza\",\"sPrevious\":\"Poprzednia\",\"sNext\":\"Nast\\u0119pna\",\"sLast\":\"Ostatnia\"},\"sEmptyTable\":\"Brak danych\",\"sLoadingRecords\":\"Wczytywanie...\",\"oAria\":{\"sSortAscending\":\": aktywuj, by posortowa\\u0107 kolumn\\u0119 rosn\\u0105co\",\"sSortDescending\":\": aktywuj, by posortowa\\u0107 kolumn\\u0119 malej\\u0105co\"}},\"ajax\":{\"url\":\"https:\\\/\\\/sport-timing.pl\\\/pomiar-czasu\\\/wp-admin\\\/admin-ajax.php\",\"type\":\"POST\",\"data\":{\"action\":\"gv_datatables_data\",\"view_id\":42259,\"post_id\":42261,\"nonce\":\"83cc1e1413\",\"getData\":\"[]\",\"hideUntilSearched\":\"0\",\"setUrlOnSearch\":true,\"shortcode_atts\":{\"id\":42259,\"class\":\"\",\"detail\":null}}},\"pageLength\":999,\"columns\":[{\"name\":\"gv_id\",\"width\":null},{\"name\":\"gv_2\",\"width\":null},{\"name\":\"gv_1\",\"width\":null},{\"name\":\"gv_6\",\"width\":null},{\"name\":\"gv_7\",\"width\":null},{\"name\":\"gv_65\",\"width\":null},{\"name\":\"gv_40\",\"width\":null}],\"searching\":true,\"scroller\":{\"displayBuffer\":20,\"boundaryScale\":0.3},\"scrollY\":\"500px\"});\r\n        <\/script>\r\n\t\t\t\t\t<script type=\"text\/javascript\">\n\t\t\t\tif (!window.gvDTFixedHeaderColumns) {\n\t\t\t\t\twindow.gvDTFixedHeaderColumns = [];\n\t\t\t\t}\n\n\t\t\t\twindow.gvDTFixedHeaderColumns.push({\"fixedheader\":0,\"fixedcolumns\":0});\n\t\t\t<\/script>\n\t\t\t\t\t<script type=\"text\/javascript\">\n\t\t\t\tif (!window.gvDTResponsive) {\n\t\t\t\t\twindow.gvDTResponsive = [];\n\t\t\t\t}\n\n\t\t\t\twindow.gvDTResponsive.push({\"responsive\":0});\n\t\t\t<\/script>\n\t\t<input type=\"hidden\" class=\"gravityview-view-id\" value=\"42259\">\n\n\t\t<\/div>\n\t<\/div>\n<\/div><\/div><\/div><\/div><div class=\"vc_row wpb_row vc_row-fluid\"><div class=\"wpb_column vc_column_container vc_col-sm-6\"><div class=\"vc_column-inner\"><div class=\"wpb_wrapper\">\n\t<div class=\"wpb_text_column wpb_content_element\" >\n\t\t<div class=\"wpb_wrapper\">\n\t\t\t<h2>Formularz zg\u0142oszenia zmian<\/h2>\n\n\t\t<\/div>\n\t<\/div>\n<p><h4>W celu zg\u0142oszenia zmian lub gdy chc\u0105 Pa\u0144stwo zrezygnowa\u0107 z uczestnictwa w wydarzeniu, prosimy przej\u015b\u0107 do naszego <a href=\"https:\/\/sport-timing.pl\/support\/\">Centrum Obs\u0142ugi Klienta.<\/a><\/h4>\r\n<br>\r\n<hr><\/p><\/div><\/div><\/div><div class=\"wpb_column vc_column_container vc_col-sm-6\"><div class=\"vc_column-inner\"><div class=\"wpb_wrapper\">\n\t<div class=\"wpb_text_column wpb_content_element\" >\n\t\t<div class=\"wpb_wrapper\">\n\t\t\t\n\t\t<\/div>\n\t<\/div>\n<\/div><\/div><\/div><\/div><div class=\"vc_row wpb_row vc_row-fluid\"><div class=\"wpb_column vc_column_container vc_col-sm-12\"><div class=\"vc_column-inner\"><div class=\"wpb_wrapper\">\n\t<div class=\"wpb_raw_code wpb_raw_js\" >\n\t\t<div class=\"wpb_wrapper\">\n\t\t\t<style>\nbody{    overflow-x: auto !important;}\n<\/style>\n<script type=\"text\/javascript\"> \n\n   \n$('#gv-datatables-17702').on( 'draw.dt', function () {\n    \n$(\"td:contains('Approved')\").each(function() {\n    var replaced = $(this).html().replace(\"Approved\", \"<div class='payment-ok'><i class='fa fa-check-circle'><\/i> Tak<\/div>\");\n    $(this).html(replaced);\n  });\n\n $(\"td:contains('Pending')\").each(function() {\n    var replaced = $(this).html().replace(\"Pending\", \"<div class='payment-pending'><i class='fa fa-times'><\/i> Oczekuje<\/div>\");\n    $(this).html(replaced);\n  });\n$('body').css('overflow-x', 'auto');\n\n\n\n} );\n\n\n<\/script>\n\t\t<\/div>\n\t<\/div>\n<\/div><\/div><\/div><\/div><\/p>\n<\/div>","protected":false},"excerpt":{"rendered":"13 Puchar Reksia 2025 Lista zg\u0142oszonych uczestnik\u00f3w IDNazwiskoImi\u0119P\u0142e\u0107MiastoKategoriaP\u0142atno\u015b\u0107 IDNazwiskoImi\u0119P\u0142e\u0107MiastoKategoriaP\u0142atno\u015b\u0107 Formularz zg\u0142oszenia zmian Informacje podane w formularzu s\u0105 niepoprawne. Prosimy o poprawienie pod\u015bwietlonych p\u00f3l. Zatwierd\u017a","protected":false},"author":2112,"featured_media":0,"parent":42238,"menu_order":0,"comment_status":"closed","ping_status":"closed","template":"page-participants-list.php","meta":{"_acf_changed":false,"_monsterinsights_skip_tracking":false,"_monsterinsights_sitenote_active":false,"_monsterinsights_sitenote_note":"","_monsterinsights_sitenote_category":0,"footnotes":""},"categories":[],"tags":[],"class_list":["post-42261","page","type-page","status-publish","hentry"],"acf":[],"aioseo_notices":[],"_links":{"self":[{"href":"https:\/\/sport-timing.pl\/pomiar-czasu\/wp-json\/wp\/v2\/pages\/42261","targetHints":{"allow":["GET"]}}],"collection":[{"href":"https:\/\/sport-timing.pl\/pomiar-czasu\/wp-json\/wp\/v2\/pages"}],"about":[{"href":"https:\/\/sport-timing.pl\/pomiar-czasu\/wp-json\/wp\/v2\/types\/page"}],"author":[{"embeddable":true,"href":"https:\/\/sport-timing.pl\/pomiar-czasu\/wp-json\/wp\/v2\/users\/2112"}],"replies":[{"embeddable":true,"href":"https:\/\/sport-timing.pl\/pomiar-czasu\/wp-json\/wp\/v2\/comments?post=42261"}],"version-history":[{"count":1,"href":"https:\/\/sport-timing.pl\/pomiar-czasu\/wp-json\/wp\/v2\/pages\/42261\/revisions"}],"predecessor-version":[{"id":42262,"href":"https:\/\/sport-timing.pl\/pomiar-czasu\/wp-json\/wp\/v2\/pages\/42261\/revisions\/42262"}],"up":[{"embeddable":true,"href":"https:\/\/sport-timing.pl\/pomiar-czasu\/wp-json\/wp\/v2\/pages\/42238"}],"wp:attachment":[{"href":"https:\/\/sport-timing.pl\/pomiar-czasu\/wp-json\/wp\/v2\/media?parent=42261"}],"wp:term":[{"taxonomy":"category","embeddable":true,"href":"https:\/\/sport-timing.pl\/pomiar-czasu\/wp-json\/wp\/v2\/categories?post=42261"},{"taxonomy":"post_tag","embeddable":true,"href":"https:\/\/sport-timing.pl\/pomiar-czasu\/wp-json\/wp\/v2\/tags?post=42261"}],"curies":[{"name":"wp","href":"https:\/\/api.w.org\/{rel}","templated":true}]}}