




{"id":41677,"date":"2024-08-30T22:39:50","date_gmt":"2024-08-30T20:39:50","guid":{"rendered":"https:\/\/sport-timing.pl\/pomiar-czasu\/?page_id=41677"},"modified":"2025-05-08T22:04:13","modified_gmt":"2025-05-08T20:04:13","slug":"lista-zgloszonych","status":"publish","type":"page","link":"https:\/\/sport-timing.pl\/pomiar-czasu\/zapisy-online\/miedzyszkolny-miting-lekkoatletyczny-skawinaskawiny\/lista-zgloszonych\/","title":{"rendered":"Lista zg\u0142oszonych"},"content":{"rendered":"<div class=\"wpb-content-wrapper\"><p><div class=\"vc_row wpb_row vc_row-fluid\"><div class=\"wpb_column vc_column_container vc_col-sm-12\"><div class=\"vc_column-inner\"><div class=\"wpb_wrapper\">\n\t<div class=\"wpb_text_column wpb_content_element\" >\n\t\t<div class=\"wpb_wrapper\">\n\t\t\t<h3>Szkolna Liga Lekkoatletyczna 2025 szk\u00f3\u0142 podstawowych &#8211; I rzut<\/h3>\n<h5>Lista zg\u0142oszonych uczestnik\u00f3w<\/h5>\n\n\t\t<\/div>\n\t<\/div>\n<\/div><\/div><\/div><\/div><div data-vc-full-width=\"true\" data-vc-full-width-init=\"false\" data-vc-stretch-content=\"true\" class=\"vc_row wpb_row vc_row-fluid vc_custom_1725212597089\"><div class=\"wpb_column vc_column_container vc_col-sm-12\"><div class=\"vc_column-inner\"><div class=\"wpb_wrapper\">\n\t<div class=\"wpb_text_column wpb_content_element\" >\n\t\t<div class=\"wpb_wrapper\">\n\t\t\t\t\t<div class=\"gv-grid gv-widgets-header gv-widgets-no-results\">\n\t\t\t\t\t\t\t\t<div class=\"gv-grid-col-1-1 gv-left\">\n\t\t\t\t\t\t\t\t\t\t\t<\/div>\n\t\t\t\t\t\t\t\t\t\t\t\t<div class=\"gv-grid-col-1-2 gv-left\">\n\t\t\t\t\t\t\t\t\t\t\t<\/div>\n\t\t\t\t\t\t\t\t\t<div class=\"gv-grid-col-1-2 gv-right\">\n\t\t\t\t\t\t\n<form class=\"gv-widget-search gv-search-horizontal\" method=\"get\" action=\"https:\/\/sport-timing.pl\/pomiar-czasu\/zapisy-online\/miedzyszkolny-miting-lekkoatletyczny-skawinaskawiny\/lista-zgloszonych\/#gv-view-41681-1\" data-viewid=\"41681\">\n\n\t\n<div class=\"gv-search-box gv-search-field-text gv-search-field-search_all\">\n\t<div class=\"gv-search\">\n\t\t\t<label for=\"gv_search_41681\">Search Entries:<\/label>\n\t\t\t<p><input type=\"search\" name=\"gv_search\" id=\"gv_search_41681\" value=\"\" \/><\/p>\n\t<\/div>\n<\/div><div class=\"gv-search-box gv-search-box-submit\">\n\t<a class=\"button gv-search-clear\" href=\"\/pomiar-czasu\/wp-json\/wp\/v2\/pages\/41677\">Clear<\/a>\t<input type=\"hidden\" name=\"mode\" value=\"any\" \/>\n\t<input type=\"submit\" class=\"button gv-search-button\" id=\"gv_search_button_41681\" value=\"Search\" \/>\n<\/div>\n<\/form>\n\t\t\t\t\t<\/div>\n\t\t\t\t\t\t\t\t\t<\/div>\n\n\t\t<div id=\"gv-datatables-41681\" class=\"gv-datatables-container gv-container gv-container-41681 gv-container-no-results\">\n<table data-viewid=\"41681\" class=\"gv-datatables display dataTable\">\n\t<thead>\n\t\t\t\t<tr>\n\t\t\t<th id=\"gv-field-339-custom\" class=\"gv-field-339-custom \" scope=\"col\"><span class=\"gv-field-label\">Id<\/span><\/th><th id=\"gv-field-339-1\" class=\"gv-field-339-1 \" scope=\"col\"><span class=\"gv-field-label\">Imi\u0119<\/span><\/th><th id=\"gv-field-339-2\" class=\"gv-field-339-2 \" scope=\"col\"><span class=\"gv-field-label\">Nazwisko<\/span><\/th><th id=\"gv-field-339-5\" class=\"gv-field-339-5 \" scope=\"col\"><span class=\"gv-field-label\">Rocznik<\/span><\/th><th id=\"gv-field-339-6\" class=\"gv-field-339-6 \" scope=\"col\"><span class=\"gv-field-label\">P\u0142e\u0107<\/span><\/th><th id=\"gv-field-339-62\" class=\"gv-field-339-62 \" scope=\"col\"><span class=\"gv-field-label\">Szko\u0142a, klub, team<\/span><\/th><th id=\"gv-field-339-7\" class=\"gv-field-339-7 \" scope=\"col\"><span class=\"gv-field-label\">Miasto<\/span><\/th><th id=\"gv-field-339-94\" class=\"gv-field-339-94 \" scope=\"col\"><span class=\"gv-field-label\">Bieg 60m<\/span><\/th><th id=\"gv-field-339-101\" class=\"gv-field-339-101 \" scope=\"col\"><span class=\"gv-field-label\">Bieg 100m<\/span><\/th><th id=\"gv-field-339-97\" class=\"gv-field-339-97 \" scope=\"col\"><span class=\"gv-field-label\">Bieg 600m<\/span><\/th><th id=\"gv-field-339-93\" class=\"gv-field-339-93 \" scope=\"col\"><span class=\"gv-field-label\">Bieg 300m<\/span><\/th><th id=\"gv-field-339-102\" class=\"gv-field-339-102 \" scope=\"col\"><span class=\"gv-field-label\">Bieg 1000m<\/span><\/th><th id=\"gv-field-339-108\" class=\"gv-field-339-108 \" scope=\"col\"><span class=\"gv-field-label\">Skok w dal<\/span><\/th><th id=\"gv-field-339-109\" class=\"gv-field-339-109 \" scope=\"col\"><span class=\"gv-field-label\">Rzut pi\u0142eczk\u0105<\/span><\/th><th id=\"gv-field-339-95\" class=\"gv-field-339-95 \" scope=\"col\"><span class=\"gv-field-label\">Pchni\u0119cie kul\u0105<\/span><\/th><th id=\"gv-field-339-96\" class=\"gv-field-339-96 \" scope=\"col\"><span class=\"gv-field-label\">Sztafeta 4x100m<\/span><\/th><th id=\"gv-field-339-edit_link\" class=\"gv-field-339-edit_link \" scope=\"col\"><span class=\"gv-field-label\"><\/span><\/th>\t\t<\/tr>\n\t<\/thead>\n\t<tfoot>\n\t\t<tr>\n\t\t\t<th id=\"gv-field-339-custom\" class=\"gv-field-339-custom \" scope=\"col\"><span class=\"gv-field-label\">Id<\/span><\/th><th id=\"gv-field-339-1\" class=\"gv-field-339-1 \" scope=\"col\"><span class=\"gv-field-label\">Imi\u0119<\/span><\/th><th id=\"gv-field-339-2\" class=\"gv-field-339-2 \" scope=\"col\"><span class=\"gv-field-label\">Nazwisko<\/span><\/th><th id=\"gv-field-339-5\" class=\"gv-field-339-5 \" scope=\"col\"><span class=\"gv-field-label\">Rocznik<\/span><\/th><th id=\"gv-field-339-6\" class=\"gv-field-339-6 \" scope=\"col\"><span class=\"gv-field-label\">P\u0142e\u0107<\/span><\/th><th id=\"gv-field-339-62\" class=\"gv-field-339-62 \" scope=\"col\"><span class=\"gv-field-label\">Szko\u0142a, klub, team<\/span><\/th><th id=\"gv-field-339-7\" class=\"gv-field-339-7 \" scope=\"col\"><span class=\"gv-field-label\">Miasto<\/span><\/th><th id=\"gv-field-339-94\" class=\"gv-field-339-94 \" scope=\"col\"><span class=\"gv-field-label\">Bieg 60m<\/span><\/th><th id=\"gv-field-339-101\" class=\"gv-field-339-101 \" scope=\"col\"><span class=\"gv-field-label\">Bieg 100m<\/span><\/th><th id=\"gv-field-339-97\" class=\"gv-field-339-97 \" scope=\"col\"><span class=\"gv-field-label\">Bieg 600m<\/span><\/th><th id=\"gv-field-339-93\" class=\"gv-field-339-93 \" scope=\"col\"><span class=\"gv-field-label\">Bieg 300m<\/span><\/th><th id=\"gv-field-339-102\" class=\"gv-field-339-102 \" scope=\"col\"><span class=\"gv-field-label\">Bieg 1000m<\/span><\/th><th id=\"gv-field-339-108\" class=\"gv-field-339-108 \" scope=\"col\"><span class=\"gv-field-label\">Skok w dal<\/span><\/th><th id=\"gv-field-339-109\" class=\"gv-field-339-109 \" scope=\"col\"><span class=\"gv-field-label\">Rzut pi\u0142eczk\u0105<\/span><\/th><th id=\"gv-field-339-95\" class=\"gv-field-339-95 \" scope=\"col\"><span class=\"gv-field-label\">Pchni\u0119cie kul\u0105<\/span><\/th><th id=\"gv-field-339-96\" class=\"gv-field-339-96 \" scope=\"col\"><span class=\"gv-field-label\">Sztafeta 4x100m<\/span><\/th><th id=\"gv-field-339-edit_link\" class=\"gv-field-339-edit_link \" scope=\"col\"><span class=\"gv-field-label\"><\/span><\/th>\t\t<\/tr>\n\t\t\t<\/tfoot>\n<\/table>\n<\/div><!-- end .gv-datatables-container -->\n\t\t<style>\n\t\t\t.fancybox-container {\n\t\t\t\tz-index: 100000; \/** Divi is 99999 *\/\n\t\t\t}\n\n\t\t\t.admin-bar .fancybox-container {\n\t\t\t\tmargin-top: 32px;\n\t\t\t}\n\t\t<\/style>\n\t\t<script>\n\t\t\tif ( window.Fancybox ){\n\t\t\t\tFancybox.bind(\".gravityview-fancybox\", {\"animationEffect\":\"fade\",\"toolbar\":true,\"closeExisting\":true,\"arrows\":true,\"buttons\":[\"thumbs\",\"close\"],\"i18n\":{\"en\":{\"CLOSE\":\"Close\",\"NEXT\":\"Next\",\"PREV\":\"Previous\",\"ERROR\":\"The requested content cannot be loaded. Please try again later.\",\"PLAY_START\":\"Start slideshow\",\"PLAY_STOP\":\"Pause slideshow\",\"FULL_SCREEN\":\"Full screen\",\"THUMBS\":\"Thumbnails\",\"DOWNLOAD\":\"Download\",\"SHARE\":\"Share\",\"ZOOM\":\"Zoom\"}}});\n\t\t\t}\n\t\t<\/script>\n\t\t        <script type=\"text\/javascript\">\r\n\t\t\tif ( !window.gvDTglobals ) {\r\n\t\t\t\twindow.gvDTglobals = [];\r\n\t\t\t}\r\n\r\n\t\t\twindow.gvDTglobals.push({\"processing\":true,\"deferRender\":true,\"serverSide\":true,\"retrieve\":true,\"stateSave\":true,\"stateDuration\":-1,\"lengthMenu\":[[10,25,50,999,-1],[10,25,50,\"999\",\"Wszystkie\"]],\"language\":{\"sProcessing\":\"Przetwarzanie...\",\"sLengthMenu\":\"Poka\\u017c _MENU_ pozycji\",\"sZeroRecords\":\"Nie znaleziono pasuj\\u0105cych pozycji\",\"sInfoThousands\":\" \",\"sInfo\":\"Pozycje od _START_ do _END_ z _TOTAL_ \\u0142\\u0105cznie\",\"sInfoEmpty\":\"Pozycji 0 z 0 dost\\u0119pnych\",\"sInfoFiltered\":\"(filtrowanie spo\\u015br\\u00f3d _MAX_ dost\\u0119pnych pozycji)\",\"sInfoPostFix\":\"\",\"sSearch\":\"Szukaj:\",\"sUrl\":\"\",\"oPaginate\":{\"sFirst\":\"Pierwsza\",\"sPrevious\":\"Poprzednia\",\"sNext\":\"Nast\\u0119pna\",\"sLast\":\"Ostatnia\"},\"sEmptyTable\":\"Brak danych\",\"sLoadingRecords\":\"Wczytywanie...\",\"oAria\":{\"sSortAscending\":\": aktywuj, by posortowa\\u0107 kolumn\\u0119 rosn\\u0105co\",\"sSortDescending\":\": aktywuj, by posortowa\\u0107 kolumn\\u0119 malej\\u0105co\"}},\"ajax\":{\"url\":\"https:\\\/\\\/sport-timing.pl\\\/pomiar-czasu\\\/wp-admin\\\/admin-ajax.php\",\"type\":\"POST\",\"data\":{\"action\":\"gv_datatables_data\",\"view_id\":41681,\"post_id\":41677,\"nonce\":\"b06746826b\",\"getData\":\"[]\",\"hideUntilSearched\":\"0\",\"setUrlOnSearch\":true,\"shortcode_atts\":{\"id\":41681,\"class\":\"\",\"detail\":null}}},\"pageLength\":999,\"columns\":[{\"name\":\"gv_custom\",\"width\":null,\"orderable\":false},{\"name\":\"gv_1\",\"width\":null},{\"name\":\"gv_2\",\"width\":null},{\"name\":\"gv_5\",\"width\":null},{\"name\":\"gv_6\",\"width\":null},{\"name\":\"gv_62\",\"width\":null},{\"name\":\"gv_7\",\"width\":null},{\"name\":\"gv_94\",\"width\":null},{\"name\":\"gv_101\",\"width\":null},{\"name\":\"gv_97\",\"width\":null},{\"name\":\"gv_93\",\"width\":null},{\"name\":\"gv_102\",\"width\":null},{\"name\":\"gv_108\",\"width\":null},{\"name\":\"gv_109\",\"width\":null},{\"name\":\"gv_95\",\"width\":null},{\"name\":\"gv_96\",\"width\":null},{\"name\":\"gv_edit_link\",\"width\":null,\"orderable\":false}],\"searching\":false,\"scrollX\":true});\r\n        <\/script>\r\n\t\t\t\t\t<script type=\"text\/javascript\">\n\t\t\t\tif (!window.gvDTFixedHeaderColumns) {\n\t\t\t\t\twindow.gvDTFixedHeaderColumns = [];\n\t\t\t\t}\n\n\t\t\t\twindow.gvDTFixedHeaderColumns.push({\"fixedheader\":1,\"fixedcolumns\":0});\n\t\t\t<\/script>\n\t\t\t\t\t<script type=\"text\/javascript\">\n\t\t\t\tif (!window.gvDTResponsive) {\n\t\t\t\t\twindow.gvDTResponsive = [];\n\t\t\t\t}\n\n\t\t\t\twindow.gvDTResponsive.push({\"responsive\":0});\n\t\t\t<\/script>\n\t\t<input type=\"hidden\" class=\"gravityview-view-id\" value=\"41681\">\n\n\t\t<\/div>\n\t<\/div>\n<\/div><\/div><\/div><\/div><div class=\"vc_row-full-width vc_clearfix\"><\/div><div class=\"vc_row wpb_row vc_row-fluid\"><div class=\"wpb_column vc_column_container vc_col-sm-6\"><div class=\"vc_column-inner\"><div class=\"wpb_wrapper\">\n\t<div class=\"wpb_text_column wpb_content_element\" >\n\t\t<div class=\"wpb_wrapper\">\n\t\t\t<h2>Formularz zg\u0142oszenia zmian<\/h2>\n\n\t\t<\/div>\n\t<\/div>\n<p><h4>W celu zg\u0142oszenia zmian lub gdy chc\u0105 Pa\u0144stwo zrezygnowa\u0107 z uczestnictwa w wydarzeniu, prosimy przej\u015b\u0107 do naszego <a href=\"https:\/\/sport-timing.pl\/support\/\">Centrum Obs\u0142ugi Klienta.<\/a><\/h4>\r\n<br>\r\n<hr><\/p><\/div><\/div><\/div><div class=\"wpb_column vc_column_container vc_col-sm-6\"><div class=\"vc_column-inner\"><div class=\"wpb_wrapper\">\n\t<div class=\"wpb_text_column wpb_content_element\" >\n\t\t<div class=\"wpb_wrapper\">\n\t\t\t\n\t\t<\/div>\n\t<\/div>\n<\/div><\/div><\/div><\/div><div class=\"vc_row wpb_row vc_row-fluid\"><div class=\"wpb_column vc_column_container vc_col-sm-12\"><div class=\"vc_column-inner\"><div class=\"wpb_wrapper\">\n\t<div class=\"wpb_raw_code wpb_raw_js\" >\n\t\t<div class=\"wpb_wrapper\">\n\t\t\t<style>\nbody{    overflow-x: auto !important;}\n<\/style>\n<script type=\"text\/javascript\"> \n\n   \n$('#gv-datatables-17702').on( 'draw.dt', function () {\n    \n$(\"td:contains('Approved')\").each(function() {\n    var replaced = $(this).html().replace(\"Approved\", \"<div class='payment-ok'><i class='fa fa-check-circle'><\/i> Tak<\/div>\");\n    $(this).html(replaced);\n  });\n\n $(\"td:contains('Pending')\").each(function() {\n    var replaced = $(this).html().replace(\"Pending\", \"<div class='payment-pending'><i class='fa fa-times'><\/i> Oczekuje<\/div>\");\n    $(this).html(replaced);\n  });\n$('body').css('overflow-x', 'auto');\n\n\n\n} );\n\n\n<\/script>\n\t\t<\/div>\n\t<\/div>\n<\/div><\/div><\/div><\/div><\/p>\n<\/div>","protected":false},"excerpt":{"rendered":"Szkolna Liga Lekkoatletyczna 2025 szk\u00f3\u0142 podstawowych - I rzut Lista zg\u0142oszonych uczestnik\u00f3w Search Entries: Clear IdImi\u0119NazwiskoRocznikP\u0142e\u0107Szko\u0142a, klub, teamMiastoBieg 60mBieg 100mBieg 600mBieg 300mBieg 1000mSkok w dalRzut pi\u0142eczk\u0105Pchni\u0119cie kul\u0105Sztafeta 4x100m IdImi\u0119NazwiskoRocznikP\u0142e\u0107Szko\u0142a, klub, teamMiastoBieg 60mBieg 100mBieg 600mBieg 300mBieg 1000mSkok w dalRzut pi\u0142eczk\u0105Pchni\u0119cie kul\u0105Sztafeta 4x100m Formularz zg\u0142oszenia zmian Informacje podane w formularzu s\u0105 niepoprawne. Prosimy o poprawienie pod\u015bwietlonych p\u00f3l. Zatwierd\u017a","protected":false},"author":2127,"featured_media":0,"parent":41500,"menu_order":0,"comment_status":"closed","ping_status":"closed","template":"page-participants-list.php","meta":{"_acf_changed":false,"_monsterinsights_skip_tracking":false,"_monsterinsights_sitenote_active":false,"_monsterinsights_sitenote_note":"","_monsterinsights_sitenote_category":0,"footnotes":""},"categories":[],"tags":[],"class_list":["post-41677","page","type-page","status-publish","hentry"],"acf":[],"aioseo_notices":[],"_links":{"self":[{"href":"https:\/\/sport-timing.pl\/pomiar-czasu\/wp-json\/wp\/v2\/pages\/41677","targetHints":{"allow":["GET"]}}],"collection":[{"href":"https:\/\/sport-timing.pl\/pomiar-czasu\/wp-json\/wp\/v2\/pages"}],"about":[{"href":"https:\/\/sport-timing.pl\/pomiar-czasu\/wp-json\/wp\/v2\/types\/page"}],"author":[{"embeddable":true,"href":"https:\/\/sport-timing.pl\/pomiar-czasu\/wp-json\/wp\/v2\/users\/2127"}],"replies":[{"embeddable":true,"href":"https:\/\/sport-timing.pl\/pomiar-czasu\/wp-json\/wp\/v2\/comments?post=41677"}],"version-history":[{"count":11,"href":"https:\/\/sport-timing.pl\/pomiar-czasu\/wp-json\/wp\/v2\/pages\/41677\/revisions"}],"predecessor-version":[{"id":44042,"href":"https:\/\/sport-timing.pl\/pomiar-czasu\/wp-json\/wp\/v2\/pages\/41677\/revisions\/44042"}],"up":[{"embeddable":true,"href":"https:\/\/sport-timing.pl\/pomiar-czasu\/wp-json\/wp\/v2\/pages\/41500"}],"wp:attachment":[{"href":"https:\/\/sport-timing.pl\/pomiar-czasu\/wp-json\/wp\/v2\/media?parent=41677"}],"wp:term":[{"taxonomy":"category","embeddable":true,"href":"https:\/\/sport-timing.pl\/pomiar-czasu\/wp-json\/wp\/v2\/categories?post=41677"},{"taxonomy":"post_tag","embeddable":true,"href":"https:\/\/sport-timing.pl\/pomiar-czasu\/wp-json\/wp\/v2\/tags?post=41677"}],"curies":[{"name":"wp","href":"https:\/\/api.w.org\/{rel}","templated":true}]}}