




{"id":41161,"date":"2024-08-25T15:47:07","date_gmt":"2024-08-25T13:47:07","guid":{"rendered":"https:\/\/sport-timing.pl\/pomiar-czasu\/?page_id=41161"},"modified":"2024-08-25T16:18:06","modified_gmt":"2024-08-25T14:18:06","slug":"pomiar-czasu","status":"publish","type":"page","link":"https:\/\/sport-timing.pl\/pomiar-czasu\/oferta\/pomiar-czasu\/","title":{"rendered":"Pomiar czasu"},"content":{"rendered":"\t\t<div data-elementor-type=\"wp-page\" data-elementor-id=\"41161\" class=\"elementor elementor-41161\" data-elementor-post-type=\"page\">\n\t\t\t\t<div class=\"elementor-element elementor-element-90bf76b e-flex e-con-boxed e-con e-parent\" data-id=\"90bf76b\" data-element_type=\"container\">\n\t\t\t\t\t<div class=\"e-con-inner\">\n\t\t<div class=\"elementor-element elementor-element-127d37a e-con-full e-flex e-con e-child\" data-id=\"127d37a\" data-element_type=\"container\">\n\t\t\t\t<div class=\"elementor-element elementor-element-2c958ed elementor-align-center elementor-widget elementor-widget-button\" data-id=\"2c958ed\" data-element_type=\"widget\" data-widget_type=\"button.default\">\n\t\t\t\t<div class=\"elementor-widget-container\">\n\t\t\t\t\t<div class=\"elementor-button-wrapper\">\n\t\t\t<a class=\"elementor-button elementor-button-link elementor-size-sm elementor-animation-grow\" href=\"https:\/\/sport-timing.pl\/pomiar-czasu\/oferta\/\">\n\t\t\t\t\t\t<span class=\"elementor-button-content-wrapper\">\n\t\t\t\t\t\t\t\t\t<span class=\"elementor-button-text\">< Powr\u00f3t do oferty<\/span>\n\t\t\t\t\t<\/span>\n\t\t\t\t\t<\/a>\n\t\t<\/div>\n\t\t\t\t<\/div>\n\t\t\t\t<\/div>\n\t\t\t\t<\/div>\n\t\t\t\t\t<\/div>\n\t\t\t\t<\/div>\n\t\t<div class=\"elementor-element elementor-element-d80f32a e-flex e-con-boxed e-con e-parent\" data-id=\"d80f32a\" data-element_type=\"container\" data-settings=\"{&quot;background_background&quot;:&quot;classic&quot;}\">\n\t\t\t\t\t<div class=\"e-con-inner\">\n\t\t<div class=\"elementor-element elementor-element-37c9f54 e-con-full e-flex e-con e-child\" data-id=\"37c9f54\" data-element_type=\"container\">\n\t\t<div class=\"elementor-element elementor-element-3dc905a e-con-full e-flex e-con e-child\" data-id=\"3dc905a\" data-element_type=\"container\">\n\t\t<div class=\"elementor-element elementor-element-9094438 e-con-full e-flex e-con e-child\" data-id=\"9094438\" data-element_type=\"container\" data-settings=\"{&quot;background_background&quot;:&quot;classic&quot;}\">\n\t\t\t\t<div class=\"elementor-element elementor-element-afbcf04 elementor-widget elementor-widget-heading\" data-id=\"afbcf04\" data-element_type=\"widget\" data-widget_type=\"heading.default\">\n\t\t\t\t<div class=\"elementor-widget-container\">\n\t\t\t<style>\/*! elementor - v3.23.0 - 05-08-2024 *\/\n.elementor-heading-title{padding:0;margin:0;line-height:1}.elementor-widget-heading .elementor-heading-title[class*=elementor-size-]>a{color:inherit;font-size:inherit;line-height:inherit}.elementor-widget-heading .elementor-heading-title.elementor-size-small{font-size:15px}.elementor-widget-heading .elementor-heading-title.elementor-size-medium{font-size:19px}.elementor-widget-heading .elementor-heading-title.elementor-size-large{font-size:29px}.elementor-widget-heading .elementor-heading-title.elementor-size-xl{font-size:39px}.elementor-widget-heading .elementor-heading-title.elementor-size-xxl{font-size:59px}<\/style><h2 class=\"elementor-heading-title elementor-size-default\">Pomiar czasu<\/h2>\t\t<\/div>\n\t\t\t\t<\/div>\n\t\t\t\t<div class=\"elementor-element elementor-element-aeb80f2 elementor-widget elementor-widget-text-editor\" data-id=\"aeb80f2\" data-element_type=\"widget\" data-widget_type=\"text-editor.default\">\n\t\t\t\t<div class=\"elementor-widget-container\">\n\t\t\t<style>\/*! elementor - v3.23.0 - 05-08-2024 *\/\n.elementor-widget-text-editor.elementor-drop-cap-view-stacked .elementor-drop-cap{background-color:#69727d;color:#fff}.elementor-widget-text-editor.elementor-drop-cap-view-framed .elementor-drop-cap{color:#69727d;border:3px solid;background-color:transparent}.elementor-widget-text-editor:not(.elementor-drop-cap-view-default) .elementor-drop-cap{margin-top:8px}.elementor-widget-text-editor:not(.elementor-drop-cap-view-default) .elementor-drop-cap-letter{width:1em;height:1em}.elementor-widget-text-editor .elementor-drop-cap{float:left;text-align:center;line-height:1;font-size:50px}.elementor-widget-text-editor .elementor-drop-cap-letter{display:inline-block}<\/style>\t\t\t\t<p>Posiadamy sprz\u0119t do wyposa\u017cenia biura zawod\u00f3w jak i r\u00f3wnie\u017c profesjonalny zesp\u00f3\u0142, kt\u00f3ry dzi\u0119ki swojemu do\u015bwiadczeniu przeprowadzi ka\u017cde zawody sportowe w mi\u0142ej i przyjaznej atmosferze.<\/p><p>Regularnie obs\u0142ugujemy zawody za granic\u0105 w Austrii, Szwajcarii, Gruzji, Francji i na S\u0142owacji.<\/p><p>W roku 2014 wprowadzili\u015bmy system pomiaru czasu Niemieckiej firmy <strong>RaceResult<\/strong>, jest to na dzie\u0144 dzisiejszy najbardziej zaawansowana technologicznie firma, kt\u00f3ra oferuje urz\u0105dzenia do pomiaru czasu na imprezach masowych.<\/p><p>Urz\u0105dzenia firmy <strong>RaceResult<\/strong> umo\u017cliwiaj\u0105 pomiar czasu z wykorzystaniem transponder\u00f3w (chip\u00f3w) zwrotnych i bezzwrotnych, przypinanych nad kostk\u0105 nogi zawodnika, kierownicy roweru lub wklejane do numeru startowego wykonanego np. z materia\u0142u Tyvek (materia\u0142 odporny na rozdarcia i warunki atmosferyczne).<\/p>\t\t\t\t\t\t<\/div>\n\t\t\t\t<\/div>\n\t\t\t\t<\/div>\n\t\t<div class=\"elementor-element elementor-element-fdb2c82 e-con-full e-flex e-con e-child\" data-id=\"fdb2c82\" data-element_type=\"container\" data-settings=\"{&quot;background_background&quot;:&quot;slideshow&quot;,&quot;background_slideshow_gallery&quot;:[{&quot;id&quot;:39570,&quot;url&quot;:&quot;https:\\\/\\\/sport-timing.pl\\\/pomiar-czasu\\\/content\\\/uploads\\\/2024\\\/08\\\/274339390_2406284649507320_6983328350139304570_n.jpg&quot;},{&quot;id&quot;:39567,&quot;url&quot;:&quot;https:\\\/\\\/sport-timing.pl\\\/pomiar-czasu\\\/content\\\/uploads\\\/2024\\\/08\\\/206702885_2216531568482630_7157164415488038983_n.jpg&quot;},{&quot;id&quot;:39568,&quot;url&quot;:&quot;https:\\\/\\\/sport-timing.pl\\\/pomiar-czasu\\\/content\\\/uploads\\\/2024\\\/08\\\/255876487_2327927424009710_8948166465430788574_n.jpg&quot;},{&quot;id&quot;:39564,&quot;url&quot;:&quot;https:\\\/\\\/sport-timing.pl\\\/pomiar-czasu\\\/content\\\/uploads\\\/2024\\\/08\\\/20900752_1067747040027761_6618001379144642554_o.jpg&quot;},{&quot;id&quot;:41070,&quot;url&quot;:&quot;https:\\\/\\\/sport-timing.pl\\\/pomiar-czasu\\\/content\\\/uploads\\\/2024\\\/08\\\/455041959_3118290148306763_1291274109844241778_n.jpg&quot;},{&quot;id&quot;:41071,&quot;url&quot;:&quot;https:\\\/\\\/sport-timing.pl\\\/pomiar-czasu\\\/content\\\/uploads\\\/2024\\\/08\\\/455017542_3118290011640110_9115901938821746841_n.jpg&quot;},{&quot;id&quot;:41073,&quot;url&quot;:&quot;https:\\\/\\\/sport-timing.pl\\\/pomiar-czasu\\\/content\\\/uploads\\\/2024\\\/08\\\/455363265_3118291594973285_2785523529424469415_n.jpg&quot;},{&quot;id&quot;:41074,&quot;url&quot;:&quot;https:\\\/\\\/sport-timing.pl\\\/pomiar-czasu\\\/content\\\/uploads\\\/2024\\\/08\\\/455026170_3118290018306776_2946878729133995782_n.jpg&quot;},{&quot;id&quot;:41075,&quot;url&quot;:&quot;https:\\\/\\\/sport-timing.pl\\\/pomiar-czasu\\\/content\\\/uploads\\\/2024\\\/08\\\/455081709_3118290158306762_1345923398008426928_n.jpg&quot;},{&quot;id&quot;:41072,&quot;url&quot;:&quot;https:\\\/\\\/sport-timing.pl\\\/pomiar-czasu\\\/content\\\/uploads\\\/2024\\\/08\\\/455056999_3118290154973429_2182641270410936076_n.jpg&quot;}],&quot;background_slideshow_slide_duration&quot;:1500,&quot;background_slideshow_lazyload&quot;:&quot;yes&quot;,&quot;background_slideshow_ken_burns&quot;:&quot;yes&quot;,&quot;background_slideshow_ken_burns_zoom_direction&quot;:&quot;out&quot;,&quot;background_slideshow_loop&quot;:&quot;yes&quot;,&quot;background_slideshow_slide_transition&quot;:&quot;fade&quot;,&quot;background_slideshow_transition_duration&quot;:500}\">\n\t\t\t\t<\/div>\n\t\t<div class=\"elementor-element elementor-element-cd6cca3 e-con-full e-flex e-con e-child\" data-id=\"cd6cca3\" data-element_type=\"container\">\n\t\t\t\t<div class=\"elementor-element elementor-element-695caa2 elementor-widget elementor-widget-image\" data-id=\"695caa2\" data-element_type=\"widget\" data-widget_type=\"image.default\">\n\t\t\t\t<div class=\"elementor-widget-container\">\n\t\t\t<style>\/*! elementor - v3.23.0 - 05-08-2024 *\/\n.elementor-widget-image{text-align:center}.elementor-widget-image a{display:inline-block}.elementor-widget-image a img[src$=\".svg\"]{width:48px}.elementor-widget-image img{vertical-align:middle;display:inline-block}<\/style>\t\t\t\t\t\t\t\t\t\t<img decoding=\"async\" width=\"89\" height=\"89\" src=\"https:\/\/sport-timing.pl\/pomiar-czasu\/content\/uploads\/2015\/07\/MTB.png\" class=\"attachment-large size-large wp-image-1507\" alt=\"\" srcset=\"https:\/\/sport-timing.pl\/pomiar-czasu\/content\/uploads\/2015\/07\/MTB.png 89w, https:\/\/sport-timing.pl\/pomiar-czasu\/content\/uploads\/2015\/07\/MTB-1536x1536.png 1536w, https:\/\/sport-timing.pl\/pomiar-czasu\/content\/uploads\/2015\/07\/MTB-2048x2048.png 2048w\" sizes=\"(max-width: 89px) 100vw, 89px\" \/>\t\t\t\t\t\t\t\t\t\t\t\t\t<\/div>\n\t\t\t\t<\/div>\n\t\t\t\t<div class=\"elementor-element elementor-element-5bdb87e elementor-widget elementor-widget-image\" data-id=\"5bdb87e\" data-element_type=\"widget\" data-widget_type=\"image.default\">\n\t\t\t\t<div class=\"elementor-widget-container\">\n\t\t\t\t\t\t\t\t\t\t\t\t\t<img decoding=\"async\" width=\"89\" height=\"89\" src=\"https:\/\/sport-timing.pl\/pomiar-czasu\/content\/uploads\/2015\/07\/running.png\" class=\"attachment-large size-large wp-image-1508\" alt=\"\" srcset=\"https:\/\/sport-timing.pl\/pomiar-czasu\/content\/uploads\/2015\/07\/running.png 89w, https:\/\/sport-timing.pl\/pomiar-czasu\/content\/uploads\/2015\/07\/running-1536x1536.png 1536w, https:\/\/sport-timing.pl\/pomiar-czasu\/content\/uploads\/2015\/07\/running-2048x2048.png 2048w\" sizes=\"(max-width: 89px) 100vw, 89px\" \/>\t\t\t\t\t\t\t\t\t\t\t\t\t<\/div>\n\t\t\t\t<\/div>\n\t\t\t\t<div class=\"elementor-element elementor-element-5064f16 elementor-widget elementor-widget-image\" data-id=\"5064f16\" data-element_type=\"widget\" data-widget_type=\"image.default\">\n\t\t\t\t<div class=\"elementor-widget-container\">\n\t\t\t\t\t\t\t\t\t\t\t\t\t<img decoding=\"async\" width=\"89\" height=\"89\" src=\"https:\/\/sport-timing.pl\/pomiar-czasu\/content\/uploads\/2015\/07\/triathlon.png\" class=\"attachment-large size-large wp-image-1509\" alt=\"\" srcset=\"https:\/\/sport-timing.pl\/pomiar-czasu\/content\/uploads\/2015\/07\/triathlon.png 89w, https:\/\/sport-timing.pl\/pomiar-czasu\/content\/uploads\/2015\/07\/triathlon-1536x1536.png 1536w, https:\/\/sport-timing.pl\/pomiar-czasu\/content\/uploads\/2015\/07\/triathlon-2048x2048.png 2048w\" sizes=\"(max-width: 89px) 100vw, 89px\" \/>\t\t\t\t\t\t\t\t\t\t\t\t\t<\/div>\n\t\t\t\t<\/div>\n\t\t\t\t<\/div>\n\t\t\t\t<\/div>\n\t\t\t\t<\/div>\n\t\t<div class=\"elementor-element elementor-element-fe0a5e8 e-con-full e-flex e-con e-child\" data-id=\"fe0a5e8\" data-element_type=\"container\">\n\t\t<div class=\"elementor-element elementor-element-a95b4ac e-con-full e-flex e-con e-child\" data-id=\"a95b4ac\" data-element_type=\"container\">\n\t\t<div class=\"elementor-element elementor-element-70cd6de e-con-full e-flex e-con e-child\" data-id=\"70cd6de\" data-element_type=\"container\">\n\t\t\t\t<div class=\"elementor-element elementor-element-aabf084 elementor-widget__width-initial elementor-widget-mobile__width-inherit elementor-widget elementor-widget-icon-box\" data-id=\"aabf084\" data-element_type=\"widget\" data-widget_type=\"icon-box.default\">\n\t\t\t\t<div class=\"elementor-widget-container\">\n\t\t\t<link rel=\"stylesheet\" href=\"https:\/\/sport-timing.pl\/pomiar-czasu\/content\/plugins\/elementor\/assets\/css\/widget-icon-box.min.css\">\t\t<div class=\"elementor-icon-box-wrapper\">\n\n\t\t\t\n\t\t\t\t\t\t<div class=\"elementor-icon-box-content\">\n\n\t\t\t\t\t\t\t\t\t<h2 class=\"elementor-icon-box-title\">\n\t\t\t\t\t\t<span  >\n\t\t\t\t\t\t\tOpary na jednym punkcie pomiarowym (start\/meta)\t\t\t\t\t\t<\/span>\n\t\t\t\t\t<\/h2>\n\t\t\t\t\n\t\t\t\t\t\t\t\t\t<p class=\"elementor-icon-box-description\">\n\t\t\t\t\t\tPrzejd\u017a do formularza i zg\u0142o\u015b swoj\u0105 imprez\u0119\t\t\t\t\t<\/p>\n\t\t\t\t\n\t\t\t<\/div>\n\t\t\t\n\t\t<\/div>\n\t\t\t\t<\/div>\n\t\t\t\t<\/div>\n\t\t\t\t<div class=\"elementor-element elementor-element-b61a8f6 elementor-widget elementor-widget-image\" data-id=\"b61a8f6\" data-element_type=\"widget\" data-widget_type=\"image.default\">\n\t\t\t\t<div class=\"elementor-widget-container\">\n\t\t\t\t\t\t\t\t\t\t\t\t\t<img loading=\"lazy\" decoding=\"async\" width=\"478\" height=\"288\" src=\"https:\/\/sport-timing.pl\/pomiar-czasu\/content\/uploads\/2015\/07\/race_solutions_ex11.png\" class=\"attachment-large size-large wp-image-1445\" alt=\"\" srcset=\"https:\/\/sport-timing.pl\/pomiar-czasu\/content\/uploads\/2015\/07\/race_solutions_ex11.png 478w, https:\/\/sport-timing.pl\/pomiar-czasu\/content\/uploads\/2015\/07\/race_solutions_ex11-300x181.png 300w\" sizes=\"(max-width: 478px) 100vw, 478px\" \/>\t\t\t\t\t\t\t\t\t\t\t\t\t<\/div>\n\t\t\t\t<\/div>\n\t\t\t\t<\/div>\n\t\t<div class=\"elementor-element elementor-element-ad86de7 e-con-full e-flex e-con e-child\" data-id=\"ad86de7\" data-element_type=\"container\">\n\t\t\t\t<div class=\"elementor-element elementor-element-da1b1f5 elementor-widget__width-initial elementor-widget-mobile__width-inherit elementor-widget elementor-widget-icon-box\" data-id=\"da1b1f5\" data-element_type=\"widget\" data-widget_type=\"icon-box.default\">\n\t\t\t\t<div class=\"elementor-widget-container\">\n\t\t\t\t\t<div class=\"elementor-icon-box-wrapper\">\n\n\t\t\t\n\t\t\t\t\t\t<div class=\"elementor-icon-box-content\">\n\n\t\t\t\t\t\t\t\t\t<h2 class=\"elementor-icon-box-title\">\n\t\t\t\t\t\t<span  >\n\t\t\t\t\t\t\tNa zawodach triatholonowych.\t\t\t\t\t\t<\/span>\n\t\t\t\t\t<\/h2>\n\t\t\t\t\n\t\t\t\t\t\t\t\t\t<p class=\"elementor-icon-box-description\">\n\t\t\t\t\t\tPrzejd\u017a do formularza i zg\u0142o\u015b swoj\u0105 imprez\u0119\t\t\t\t\t<\/p>\n\t\t\t\t\n\t\t\t<\/div>\n\t\t\t\n\t\t<\/div>\n\t\t\t\t<\/div>\n\t\t\t\t<\/div>\n\t\t\t\t<div class=\"elementor-element elementor-element-3429608 elementor-widget elementor-widget-image\" data-id=\"3429608\" data-element_type=\"widget\" data-widget_type=\"image.default\">\n\t\t\t\t<div class=\"elementor-widget-container\">\n\t\t\t\t\t\t\t\t\t\t\t\t\t<img loading=\"lazy\" decoding=\"async\" width=\"458\" height=\"271\" src=\"https:\/\/sport-timing.pl\/pomiar-czasu\/content\/uploads\/2015\/07\/race_solutions_ex21.png\" class=\"attachment-large size-large wp-image-1446\" alt=\"\" srcset=\"https:\/\/sport-timing.pl\/pomiar-czasu\/content\/uploads\/2015\/07\/race_solutions_ex21.png 458w, https:\/\/sport-timing.pl\/pomiar-czasu\/content\/uploads\/2015\/07\/race_solutions_ex21-300x178.png 300w\" sizes=\"(max-width: 458px) 100vw, 458px\" \/>\t\t\t\t\t\t\t\t\t\t\t\t\t<\/div>\n\t\t\t\t<\/div>\n\t\t\t\t<\/div>\n\t\t<div class=\"elementor-element elementor-element-72c8bf9 e-con-full e-flex e-con e-child\" data-id=\"72c8bf9\" data-element_type=\"container\">\n\t\t\t\t<div class=\"elementor-element elementor-element-17fd60b elementor-widget__width-initial elementor-widget-mobile__width-inherit elementor-widget elementor-widget-icon-box\" data-id=\"17fd60b\" data-element_type=\"widget\" data-widget_type=\"icon-box.default\">\n\t\t\t\t<div class=\"elementor-widget-container\">\n\t\t\t\t\t<div class=\"elementor-icon-box-wrapper\">\n\n\t\t\t\n\t\t\t\t\t\t<div class=\"elementor-icon-box-content\">\n\n\t\t\t\t\t\t\t\t\t<h2 class=\"elementor-icon-box-title\">\n\t\t\t\t\t\t<span  >\n\t\t\t\t\t\t\tNa kilku punktach kontrolnych oraz starcie i mecie umieszczonych w oddalonych od siebie punktach.\t\t\t\t\t\t<\/span>\n\t\t\t\t\t<\/h2>\n\t\t\t\t\n\t\t\t\t\t\t\t\t\t<p class=\"elementor-icon-box-description\">\n\t\t\t\t\t\tPrzejd\u017a do formularza i zg\u0142o\u015b swoj\u0105 imprez\u0119\t\t\t\t\t<\/p>\n\t\t\t\t\n\t\t\t<\/div>\n\t\t\t\n\t\t<\/div>\n\t\t\t\t<\/div>\n\t\t\t\t<\/div>\n\t\t\t\t<div class=\"elementor-element elementor-element-31225aa elementor-widget elementor-widget-image\" data-id=\"31225aa\" data-element_type=\"widget\" data-widget_type=\"image.default\">\n\t\t\t\t<div class=\"elementor-widget-container\">\n\t\t\t\t\t\t\t\t\t\t\t\t\t<img loading=\"lazy\" decoding=\"async\" width=\"543\" height=\"551\" src=\"https:\/\/sport-timing.pl\/pomiar-czasu\/content\/uploads\/2015\/07\/race_solutions_ex31.png\" class=\"attachment-large size-large wp-image-1447\" alt=\"\" srcset=\"https:\/\/sport-timing.pl\/pomiar-czasu\/content\/uploads\/2015\/07\/race_solutions_ex31.png 543w, https:\/\/sport-timing.pl\/pomiar-czasu\/content\/uploads\/2015\/07\/race_solutions_ex31-296x300.png 296w\" sizes=\"(max-width: 543px) 100vw, 543px\" \/>\t\t\t\t\t\t\t\t\t\t\t\t\t<\/div>\n\t\t\t\t<\/div>\n\t\t\t\t<\/div>\n\t\t\t\t<\/div>\n\t\t<div class=\"elementor-element elementor-element-e10971a e-con-full e-flex e-con e-child\" data-id=\"e10971a\" data-element_type=\"container\">\n\t\t\t\t<div class=\"elementor-element elementor-element-101dfab elementor-align-left elementor-widget elementor-widget-button\" data-id=\"101dfab\" data-element_type=\"widget\" data-widget_type=\"button.default\">\n\t\t\t\t<div class=\"elementor-widget-container\">\n\t\t\t\t\t<div class=\"elementor-button-wrapper\">\n\t\t\t<a class=\"elementor-button elementor-button-link elementor-size-lg elementor-animation-grow\" href=\"https:\/\/sport-timing.pl\/pomiar-czasu\/kreator-imprey-sportowej\/\">\n\t\t\t\t\t\t<span class=\"elementor-button-content-wrapper\">\n\t\t\t\t\t\t\t\t\t<span class=\"elementor-button-text\">Formularz klienta ><\/span>\n\t\t\t\t\t<\/span>\n\t\t\t\t\t<\/a>\n\t\t<\/div>\n\t\t\t\t<\/div>\n\t\t\t\t<\/div>\n\t\t\t\t<div class=\"elementor-element elementor-element-e7585ab elementor-widget__width-initial elementor-widget-mobile__width-inherit elementor-widget elementor-widget-icon-box\" data-id=\"e7585ab\" data-element_type=\"widget\" data-widget_type=\"icon-box.default\">\n\t\t\t\t<div class=\"elementor-widget-container\">\n\t\t\t\t\t<div class=\"elementor-icon-box-wrapper\">\n\n\t\t\t\n\t\t\t\t\t\t<div class=\"elementor-icon-box-content\">\n\n\t\t\t\t\t\t\t\t\t<h4 class=\"elementor-icon-box-title\">\n\t\t\t\t\t\t<span  >\n\t\t\t\t\t\t\tZawody sportowe to sprawdzony spos\u00f3b na promocj\u0119 Twojej marki, produktu, inicjatywy b\u0105d\u017a regionu.\t\t\t\t\t\t<\/span>\n\t\t\t\t\t<\/h4>\n\t\t\t\t\n\t\t\t\t\n\t\t\t<\/div>\n\t\t\t\n\t\t<\/div>\n\t\t\t\t<\/div>\n\t\t\t\t<\/div>\n\t\t\t\t<\/div>\n\t\t\t\t<\/div>\n\t\t\t\t\t<\/div>\n\t\t\t\t<\/div>\n\t\t\t\t<\/div>\n\t\t","protected":false},"excerpt":{"rendered":"<p>< Powr\u00f3t do oferty Pomiar czasu Posiadamy sprz\u0119t do wyposa\u017cenia biura zawod\u00f3w jak i r\u00f3wnie\u017c profesjonalny zesp\u00f3\u0142, kt\u00f3ry dzi\u0119ki swojemu do\u015bwiadczeniu przeprowadzi ka\u017cde zawody sportowe w mi\u0142ej i przyjaznej atmosferze. Regularnie obs\u0142ugujemy zawody za granic\u0105 w Austrii, Szwajcarii, Gruzji, Francji i na S\u0142owacji. W roku 2014 wprowadzili\u015bmy system pomiaru czasu Niemieckiej firmy RaceResult, jest to na dzie\u0144 dzisiejszy najbardziej zaawansowana technologicznie firma, kt\u00f3ra oferuje urz\u0105dzenia do pomiaru czasu na imprezach masowych. Urz\u0105dzenia firmy RaceResult umo\u017cliwiaj\u0105 pomiar czasu z wykorzystaniem transponder\u00f3w (chip\u00f3w) zwrotnych i bezzwrotnych, przypinanych nad kostk\u0105 nogi zawodnika, kierownicy roweru lub wklejane do numeru startowego wykonanego np. z materia\u0142u Tyvek (materia\u0142 odporny na rozdarcia i warunki atmosferyczne). Opary na jednym punkcie pomiarowym (start\/meta) Przejd\u017a do formularza i zg\u0142o\u015b swoj\u0105 imprez\u0119 Na zawodach triatholonowych. Przejd\u017a do formularza i zg\u0142o\u015b swoj\u0105 imprez\u0119 Na kilku punktach kontrolnych oraz starcie i mecie umieszczonych w oddalonych od siebie punktach. Przejd\u017a do formularza i zg\u0142o\u015b swoj\u0105 imprez\u0119 Formularz klienta > Zawody sportowe to sprawdzony spos\u00f3b na promocj\u0119 Twojej marki, produktu, inicjatywy b\u0105d\u017a regionu.<\/p>\n","protected":false},"author":2112,"featured_media":0,"parent":355,"menu_order":0,"comment_status":"closed","ping_status":"closed","template":"","meta":{"_acf_changed":false,"_monsterinsights_skip_tracking":false,"_monsterinsights_sitenote_active":false,"_monsterinsights_sitenote_note":"","_monsterinsights_sitenote_category":0,"footnotes":""},"categories":[],"tags":[],"class_list":["post-41161","page","type-page","status-publish","hentry"],"acf":[],"aioseo_notices":[],"_links":{"self":[{"href":"https:\/\/sport-timing.pl\/pomiar-czasu\/wp-json\/wp\/v2\/pages\/41161","targetHints":{"allow":["GET"]}}],"collection":[{"href":"https:\/\/sport-timing.pl\/pomiar-czasu\/wp-json\/wp\/v2\/pages"}],"about":[{"href":"https:\/\/sport-timing.pl\/pomiar-czasu\/wp-json\/wp\/v2\/types\/page"}],"author":[{"embeddable":true,"href":"https:\/\/sport-timing.pl\/pomiar-czasu\/wp-json\/wp\/v2\/users\/2112"}],"replies":[{"embeddable":true,"href":"https:\/\/sport-timing.pl\/pomiar-czasu\/wp-json\/wp\/v2\/comments?post=41161"}],"version-history":[{"count":7,"href":"https:\/\/sport-timing.pl\/pomiar-czasu\/wp-json\/wp\/v2\/pages\/41161\/revisions"}],"predecessor-version":[{"id":41195,"href":"https:\/\/sport-timing.pl\/pomiar-czasu\/wp-json\/wp\/v2\/pages\/41161\/revisions\/41195"}],"up":[{"embeddable":true,"href":"https:\/\/sport-timing.pl\/pomiar-czasu\/wp-json\/wp\/v2\/pages\/355"}],"wp:attachment":[{"href":"https:\/\/sport-timing.pl\/pomiar-czasu\/wp-json\/wp\/v2\/media?parent=41161"}],"wp:term":[{"taxonomy":"category","embeddable":true,"href":"https:\/\/sport-timing.pl\/pomiar-czasu\/wp-json\/wp\/v2\/categories?post=41161"},{"taxonomy":"post_tag","embeddable":true,"href":"https:\/\/sport-timing.pl\/pomiar-czasu\/wp-json\/wp\/v2\/tags?post=41161"}],"curies":[{"name":"wp","href":"https:\/\/api.w.org\/{rel}","templated":true}]}}