




{"id":41116,"date":"2024-08-25T00:11:06","date_gmt":"2024-08-24T22:11:06","guid":{"rendered":"https:\/\/sport-timing.pl\/pomiar-czasu\/?page_id=41116"},"modified":"2024-08-25T00:26:45","modified_gmt":"2024-08-24T22:26:45","slug":"transmisje-video","status":"publish","type":"page","link":"https:\/\/sport-timing.pl\/pomiar-czasu\/oferta\/transmisje-video\/","title":{"rendered":"Transmisje video"},"content":{"rendered":"\t\t<div data-elementor-type=\"wp-page\" data-elementor-id=\"41116\" class=\"elementor elementor-41116\" data-elementor-post-type=\"page\">\n\t\t\t\t<div class=\"elementor-element elementor-element-90bf76b e-flex e-con-boxed e-con e-parent\" data-id=\"90bf76b\" data-element_type=\"container\">\n\t\t\t\t\t<div class=\"e-con-inner\">\n\t\t<div class=\"elementor-element elementor-element-127d37a e-con-full e-flex e-con e-child\" data-id=\"127d37a\" data-element_type=\"container\">\n\t\t\t\t<div class=\"elementor-element elementor-element-2c958ed elementor-align-center elementor-widget elementor-widget-button\" data-id=\"2c958ed\" data-element_type=\"widget\" data-widget_type=\"button.default\">\n\t\t\t\t<div class=\"elementor-widget-container\">\n\t\t\t\t\t<div class=\"elementor-button-wrapper\">\n\t\t\t<a class=\"elementor-button elementor-button-link elementor-size-sm elementor-animation-grow\" href=\"https:\/\/sport-timing.pl\/pomiar-czasu\/oferta\/\">\n\t\t\t\t\t\t<span class=\"elementor-button-content-wrapper\">\n\t\t\t\t\t\t\t\t\t<span class=\"elementor-button-text\">< Powr\u00f3t do oferty<\/span>\n\t\t\t\t\t<\/span>\n\t\t\t\t\t<\/a>\n\t\t<\/div>\n\t\t\t\t<\/div>\n\t\t\t\t<\/div>\n\t\t\t\t<\/div>\n\t\t\t\t\t<\/div>\n\t\t\t\t<\/div>\n\t\t<div class=\"elementor-element elementor-element-d80f32a e-flex e-con-boxed e-con e-parent\" data-id=\"d80f32a\" data-element_type=\"container\" data-settings=\"{&quot;background_background&quot;:&quot;classic&quot;}\">\n\t\t\t\t\t<div class=\"e-con-inner\">\n\t\t<div class=\"elementor-element elementor-element-37c9f54 e-con-full e-flex e-con e-child\" data-id=\"37c9f54\" data-element_type=\"container\">\n\t\t<div class=\"elementor-element elementor-element-3dc905a e-con-full e-flex e-con e-child\" data-id=\"3dc905a\" data-element_type=\"container\">\n\t\t<div class=\"elementor-element elementor-element-9094438 e-con-full e-flex e-con e-child\" data-id=\"9094438\" data-element_type=\"container\" data-settings=\"{&quot;background_background&quot;:&quot;classic&quot;}\">\n\t\t\t\t<div class=\"elementor-element elementor-element-afbcf04 elementor-widget elementor-widget-heading\" data-id=\"afbcf04\" data-element_type=\"widget\" data-widget_type=\"heading.default\">\n\t\t\t\t<div class=\"elementor-widget-container\">\n\t\t\t<style>\/*! elementor - v3.23.0 - 05-08-2024 *\/\n.elementor-heading-title{padding:0;margin:0;line-height:1}.elementor-widget-heading .elementor-heading-title[class*=elementor-size-]>a{color:inherit;font-size:inherit;line-height:inherit}.elementor-widget-heading .elementor-heading-title.elementor-size-small{font-size:15px}.elementor-widget-heading .elementor-heading-title.elementor-size-medium{font-size:19px}.elementor-widget-heading .elementor-heading-title.elementor-size-large{font-size:29px}.elementor-widget-heading .elementor-heading-title.elementor-size-xl{font-size:39px}.elementor-widget-heading .elementor-heading-title.elementor-size-xxl{font-size:59px}<\/style><h2 class=\"elementor-heading-title elementor-size-default\">Transmisje video Live<\/h2>\t\t<\/div>\n\t\t\t\t<\/div>\n\t\t\t\t<div class=\"elementor-element elementor-element-aeb80f2 elementor-widget elementor-widget-text-editor\" data-id=\"aeb80f2\" data-element_type=\"widget\" data-widget_type=\"text-editor.default\">\n\t\t\t\t<div class=\"elementor-widget-container\">\n\t\t\t<style>\/*! elementor - v3.23.0 - 05-08-2024 *\/\n.elementor-widget-text-editor.elementor-drop-cap-view-stacked .elementor-drop-cap{background-color:#69727d;color:#fff}.elementor-widget-text-editor.elementor-drop-cap-view-framed .elementor-drop-cap{color:#69727d;border:3px solid;background-color:transparent}.elementor-widget-text-editor:not(.elementor-drop-cap-view-default) .elementor-drop-cap{margin-top:8px}.elementor-widget-text-editor:not(.elementor-drop-cap-view-default) .elementor-drop-cap-letter{width:1em;height:1em}.elementor-widget-text-editor .elementor-drop-cap{float:left;text-align:center;line-height:1;font-size:50px}.elementor-widget-text-editor .elementor-drop-cap-letter{display:inline-block}<\/style>\t\t\t\t<p>Zapewniamy relacje <strong>VIDEO<\/strong> <strong>LIVE<\/strong> z zawod\u00f3w sportowych w najwy\u017cszej jako\u015bci.<\/p><p>Dzi\u0119ki naszym transmisjom fani mog\u0105 \u015bledzi\u0107 na bie\u017c\u0105co przebieg zawod\u00f3w, niezale\u017cnie od miejsca, w kt\u00f3rym si\u0119 znajduj\u0105.<\/p>\t\t\t\t\t\t<\/div>\n\t\t\t\t<\/div>\n\t\t\t\t<\/div>\n\t\t<div class=\"elementor-element elementor-element-fdb2c82 e-con-full e-flex e-con e-child\" data-id=\"fdb2c82\" data-element_type=\"container\" data-settings=\"{&quot;background_background&quot;:&quot;slideshow&quot;,&quot;background_slideshow_gallery&quot;:[{&quot;id&quot;:39570,&quot;url&quot;:&quot;https:\\\/\\\/sport-timing.pl\\\/pomiar-czasu\\\/content\\\/uploads\\\/2024\\\/08\\\/274339390_2406284649507320_6983328350139304570_n.jpg&quot;},{&quot;id&quot;:39567,&quot;url&quot;:&quot;https:\\\/\\\/sport-timing.pl\\\/pomiar-czasu\\\/content\\\/uploads\\\/2024\\\/08\\\/206702885_2216531568482630_7157164415488038983_n.jpg&quot;},{&quot;id&quot;:39568,&quot;url&quot;:&quot;https:\\\/\\\/sport-timing.pl\\\/pomiar-czasu\\\/content\\\/uploads\\\/2024\\\/08\\\/255876487_2327927424009710_8948166465430788574_n.jpg&quot;},{&quot;id&quot;:39564,&quot;url&quot;:&quot;https:\\\/\\\/sport-timing.pl\\\/pomiar-czasu\\\/content\\\/uploads\\\/2024\\\/08\\\/20900752_1067747040027761_6618001379144642554_o.jpg&quot;},{&quot;id&quot;:41070,&quot;url&quot;:&quot;https:\\\/\\\/sport-timing.pl\\\/pomiar-czasu\\\/content\\\/uploads\\\/2024\\\/08\\\/455041959_3118290148306763_1291274109844241778_n.jpg&quot;},{&quot;id&quot;:41071,&quot;url&quot;:&quot;https:\\\/\\\/sport-timing.pl\\\/pomiar-czasu\\\/content\\\/uploads\\\/2024\\\/08\\\/455017542_3118290011640110_9115901938821746841_n.jpg&quot;},{&quot;id&quot;:41073,&quot;url&quot;:&quot;https:\\\/\\\/sport-timing.pl\\\/pomiar-czasu\\\/content\\\/uploads\\\/2024\\\/08\\\/455363265_3118291594973285_2785523529424469415_n.jpg&quot;},{&quot;id&quot;:41074,&quot;url&quot;:&quot;https:\\\/\\\/sport-timing.pl\\\/pomiar-czasu\\\/content\\\/uploads\\\/2024\\\/08\\\/455026170_3118290018306776_2946878729133995782_n.jpg&quot;},{&quot;id&quot;:41075,&quot;url&quot;:&quot;https:\\\/\\\/sport-timing.pl\\\/pomiar-czasu\\\/content\\\/uploads\\\/2024\\\/08\\\/455081709_3118290158306762_1345923398008426928_n.jpg&quot;},{&quot;id&quot;:41072,&quot;url&quot;:&quot;https:\\\/\\\/sport-timing.pl\\\/pomiar-czasu\\\/content\\\/uploads\\\/2024\\\/08\\\/455056999_3118290154973429_2182641270410936076_n.jpg&quot;}],&quot;background_slideshow_slide_duration&quot;:1500,&quot;background_slideshow_lazyload&quot;:&quot;yes&quot;,&quot;background_slideshow_ken_burns&quot;:&quot;yes&quot;,&quot;background_slideshow_ken_burns_zoom_direction&quot;:&quot;out&quot;,&quot;background_slideshow_loop&quot;:&quot;yes&quot;,&quot;background_slideshow_slide_transition&quot;:&quot;fade&quot;,&quot;background_slideshow_transition_duration&quot;:500}\">\n\t\t\t\t<\/div>\n\t\t\t\t<\/div>\n\t\t\t\t<\/div>\n\t\t<div class=\"elementor-element elementor-element-fe0a5e8 e-con-full e-flex e-con e-child\" data-id=\"fe0a5e8\" data-element_type=\"container\">\n\t\t\t\t<div class=\"elementor-element elementor-element-719a2d2 elementor-widget elementor-widget-video\" data-id=\"719a2d2\" data-element_type=\"widget\" data-settings=\"{&quot;youtube_url&quot;:&quot;https:\\\/\\\/www.youtube.com\\\/watch?v=35hi61yypQE&quot;,&quot;video_type&quot;:&quot;youtube&quot;,&quot;controls&quot;:&quot;yes&quot;}\" data-widget_type=\"video.default\">\n\t\t\t\t<div class=\"elementor-widget-container\">\n\t\t\t<style>\/*! elementor - v3.23.0 - 05-08-2024 *\/\n.elementor-widget-video .elementor-widget-container{overflow:hidden;transform:translateZ(0)}.elementor-widget-video .elementor-wrapper{aspect-ratio:var(--video-aspect-ratio)}.elementor-widget-video .elementor-wrapper iframe,.elementor-widget-video .elementor-wrapper video{height:100%;width:100%;display:flex;border:none;background-color:#000}@supports not (aspect-ratio:1\/1){.elementor-widget-video .elementor-wrapper{position:relative;overflow:hidden;height:0;padding-bottom:calc(100% \/ var(--video-aspect-ratio))}.elementor-widget-video .elementor-wrapper iframe,.elementor-widget-video .elementor-wrapper video{position:absolute;top:0;right:0;bottom:0;left:0}}.elementor-widget-video .elementor-open-inline .elementor-custom-embed-image-overlay{position:absolute;top:0;right:0;bottom:0;left:0;background-size:cover;background-position:50%}.elementor-widget-video .elementor-custom-embed-image-overlay{cursor:pointer;text-align:center}.elementor-widget-video .elementor-custom-embed-image-overlay:hover .elementor-custom-embed-play i{opacity:1}.elementor-widget-video .elementor-custom-embed-image-overlay img{display:block;width:100%;aspect-ratio:var(--video-aspect-ratio);-o-object-fit:cover;object-fit:cover;-o-object-position:center center;object-position:center center}@supports not (aspect-ratio:1\/1){.elementor-widget-video .elementor-custom-embed-image-overlay{position:relative;overflow:hidden;height:0;padding-bottom:calc(100% \/ var(--video-aspect-ratio))}.elementor-widget-video .elementor-custom-embed-image-overlay img{position:absolute;top:0;right:0;bottom:0;left:0}}.elementor-widget-video .e-hosted-video .elementor-video{-o-object-fit:cover;object-fit:cover}.e-con-inner>.elementor-widget-video,.e-con>.elementor-widget-video{width:var(--container-widget-width);--flex-grow:var(--container-widget-flex-grow)}<\/style>\t\t<div class=\"elementor-wrapper elementor-open-inline\">\n\t\t\t<div class=\"elementor-video\"><\/div>\t\t<\/div>\n\t\t\t\t<\/div>\n\t\t\t\t<\/div>\n\t\t\t\t<div class=\"elementor-element elementor-element-c1ce622 elementor-align-left elementor-widget elementor-widget-button\" data-id=\"c1ce622\" data-element_type=\"widget\" data-widget_type=\"button.default\">\n\t\t\t\t<div class=\"elementor-widget-container\">\n\t\t\t\t\t<div class=\"elementor-button-wrapper\">\n\t\t\t<a class=\"elementor-button elementor-button-link elementor-size-md elementor-animation-grow\" href=\"https:\/\/www.youtube.com\/@sport-timingpoland\">\n\t\t\t\t\t\t<span class=\"elementor-button-content-wrapper\">\n\t\t\t\t\t\t<span class=\"elementor-button-icon\">\n\t\t\t\t<i aria-hidden=\"true\" class=\"fab fa-youtube\"><\/i>\t\t\t<\/span>\n\t\t\t\t\t\t\t\t\t<span class=\"elementor-button-text\">Wi\u0119cej na naszym kanale youtube ><\/span>\n\t\t\t\t\t<\/span>\n\t\t\t\t\t<\/a>\n\t\t<\/div>\n\t\t\t\t<\/div>\n\t\t\t\t<\/div>\n\t\t<div class=\"elementor-element elementor-element-e10971a e-con-full e-flex e-con e-child\" data-id=\"e10971a\" data-element_type=\"container\">\n\t\t\t\t<div class=\"elementor-element elementor-element-aabf084 elementor-widget__width-initial elementor-widget-mobile__width-inherit elementor-widget elementor-widget-icon-box\" data-id=\"aabf084\" data-element_type=\"widget\" data-widget_type=\"icon-box.default\">\n\t\t\t\t<div class=\"elementor-widget-container\">\n\t\t\t<link rel=\"stylesheet\" href=\"https:\/\/sport-timing.pl\/pomiar-czasu\/content\/plugins\/elementor\/assets\/css\/widget-icon-box.min.css\">\t\t<div class=\"elementor-icon-box-wrapper\">\n\n\t\t\t\n\t\t\t\t\t\t<div class=\"elementor-icon-box-content\">\n\n\t\t\t\t\t\t\t\t\t<h2 class=\"elementor-icon-box-title\">\n\t\t\t\t\t\t<span  >\n\t\t\t\t\t\t\tZam\u00f3w pomiar czasu oraz us\u0142ugi dodatkowe.\t\t\t\t\t\t<\/span>\n\t\t\t\t\t<\/h2>\n\t\t\t\t\n\t\t\t\t\t\t\t\t\t<p class=\"elementor-icon-box-description\">\n\t\t\t\t\t\tPrzejd\u017a do formularza i zg\u0142o\u015b swoj\u0105 imprez\u0119\t\t\t\t\t<\/p>\n\t\t\t\t\n\t\t\t<\/div>\n\t\t\t\n\t\t<\/div>\n\t\t\t\t<\/div>\n\t\t\t\t<\/div>\n\t\t\t\t<div class=\"elementor-element elementor-element-101dfab elementor-align-left elementor-widget elementor-widget-button\" data-id=\"101dfab\" data-element_type=\"widget\" data-widget_type=\"button.default\">\n\t\t\t\t<div class=\"elementor-widget-container\">\n\t\t\t\t\t<div class=\"elementor-button-wrapper\">\n\t\t\t<a class=\"elementor-button elementor-button-link elementor-size-lg elementor-animation-grow\" href=\"https:\/\/sport-timing.pl\/pomiar-czasu\/kreator-imprey-sportowej\/\">\n\t\t\t\t\t\t<span class=\"elementor-button-content-wrapper\">\n\t\t\t\t\t\t\t\t\t<span class=\"elementor-button-text\">Formularz klienta ><\/span>\n\t\t\t\t\t<\/span>\n\t\t\t\t\t<\/a>\n\t\t<\/div>\n\t\t\t\t<\/div>\n\t\t\t\t<\/div>\n\t\t\t\t<div class=\"elementor-element elementor-element-e7585ab elementor-widget__width-initial elementor-widget-mobile__width-inherit elementor-widget elementor-widget-icon-box\" data-id=\"e7585ab\" data-element_type=\"widget\" data-widget_type=\"icon-box.default\">\n\t\t\t\t<div class=\"elementor-widget-container\">\n\t\t\t\t\t<div class=\"elementor-icon-box-wrapper\">\n\n\t\t\t\n\t\t\t\t\t\t<div class=\"elementor-icon-box-content\">\n\n\t\t\t\t\t\t\t\t\t<h4 class=\"elementor-icon-box-title\">\n\t\t\t\t\t\t<span  >\n\t\t\t\t\t\t\tZawody sportowe to sprawdzony spos\u00f3b na promocj\u0119 Twojej marki, produktu, inicjatywy b\u0105d\u017a regionu.\t\t\t\t\t\t<\/span>\n\t\t\t\t\t<\/h4>\n\t\t\t\t\n\t\t\t\t\n\t\t\t<\/div>\n\t\t\t\n\t\t<\/div>\n\t\t\t\t<\/div>\n\t\t\t\t<\/div>\n\t\t\t\t<\/div>\n\t\t\t\t<\/div>\n\t\t\t\t\t<\/div>\n\t\t\t\t<\/div>\n\t\t\t\t<\/div>\n\t\t","protected":false},"excerpt":{"rendered":"<p>< Powr\u00f3t do oferty Transmisje video Live Zapewniamy relacje VIDEO LIVE z zawod\u00f3w sportowych w najwy\u017cszej jako\u015bci. Dzi\u0119ki naszym transmisjom fani mog\u0105 \u015bledzi\u0107 na bie\u017c\u0105co przebieg zawod\u00f3w, niezale\u017cnie od miejsca, w kt\u00f3rym si\u0119 znajduj\u0105. https:\/\/www.youtube.com\/watch?v=35hi61yypQE Wi\u0119cej na naszym kanale youtube > Zam\u00f3w pomiar czasu oraz us\u0142ugi dodatkowe. Przejd\u017a do formularza i zg\u0142o\u015b swoj\u0105 imprez\u0119 Formularz klienta > Zawody sportowe to sprawdzony spos\u00f3b na promocj\u0119 Twojej marki, produktu, inicjatywy b\u0105d\u017a regionu.<\/p>\n","protected":false},"author":2112,"featured_media":0,"parent":355,"menu_order":0,"comment_status":"closed","ping_status":"closed","template":"","meta":{"_acf_changed":false,"_monsterinsights_skip_tracking":false,"_monsterinsights_sitenote_active":false,"_monsterinsights_sitenote_note":"","_monsterinsights_sitenote_category":0,"footnotes":""},"categories":[],"tags":[],"class_list":["post-41116","page","type-page","status-publish","hentry"],"acf":[],"aioseo_notices":[],"_links":{"self":[{"href":"https:\/\/sport-timing.pl\/pomiar-czasu\/wp-json\/wp\/v2\/pages\/41116","targetHints":{"allow":["GET"]}}],"collection":[{"href":"https:\/\/sport-timing.pl\/pomiar-czasu\/wp-json\/wp\/v2\/pages"}],"about":[{"href":"https:\/\/sport-timing.pl\/pomiar-czasu\/wp-json\/wp\/v2\/types\/page"}],"author":[{"embeddable":true,"href":"https:\/\/sport-timing.pl\/pomiar-czasu\/wp-json\/wp\/v2\/users\/2112"}],"replies":[{"embeddable":true,"href":"https:\/\/sport-timing.pl\/pomiar-czasu\/wp-json\/wp\/v2\/comments?post=41116"}],"version-history":[{"count":10,"href":"https:\/\/sport-timing.pl\/pomiar-czasu\/wp-json\/wp\/v2\/pages\/41116\/revisions"}],"predecessor-version":[{"id":41133,"href":"https:\/\/sport-timing.pl\/pomiar-czasu\/wp-json\/wp\/v2\/pages\/41116\/revisions\/41133"}],"up":[{"embeddable":true,"href":"https:\/\/sport-timing.pl\/pomiar-czasu\/wp-json\/wp\/v2\/pages\/355"}],"wp:attachment":[{"href":"https:\/\/sport-timing.pl\/pomiar-czasu\/wp-json\/wp\/v2\/media?parent=41116"}],"wp:term":[{"taxonomy":"category","embeddable":true,"href":"https:\/\/sport-timing.pl\/pomiar-czasu\/wp-json\/wp\/v2\/categories?post=41116"},{"taxonomy":"post_tag","embeddable":true,"href":"https:\/\/sport-timing.pl\/pomiar-czasu\/wp-json\/wp\/v2\/tags?post=41116"}],"curies":[{"name":"wp","href":"https:\/\/api.w.org\/{rel}","templated":true}]}}