




{"id":38141,"date":"2024-02-14T12:54:29","date_gmt":"2024-02-14T11:54:29","guid":{"rendered":"https:\/\/sport-timing.pl\/pomiar-czasu\/?page_id=38141"},"modified":"2024-02-26T18:20:37","modified_gmt":"2024-02-26T17:20:37","slug":"lista-zgloszonych","status":"publish","type":"page","link":"https:\/\/sport-timing.pl\/pomiar-czasu\/zapisy-online\/vii-bieg-grania-tatr-2024\/lista-zgloszonych\/","title":{"rendered":"VII Bieg Grani\u0105 Tatr 2024 &#8211; Lista zg\u0142oszonych"},"content":{"rendered":"<div class=\"wpb-content-wrapper\"><p><div class=\"vc_row wpb_row vc_row-fluid vc_custom_1613320834199 vc_row-has-fill\"><div class=\"wpb_column vc_column_container vc_col-sm-4\"><div class=\"vc_column-inner\"><div class=\"wpb_wrapper\">\n\t<div class=\"wpb_text_column wpb_content_element\" >\n\t\t<div class=\"wpb_wrapper\">\n\t\t\t<h3 class=\"event-title\">VII Bieg Grani\u0105 Tatr 2024<\/h3>\n<h5>Lista zg\u0142oszonych<\/h5>\n\n\t\t<\/div>\n\t<\/div>\n<\/div><\/div><\/div><div class=\"wpb_column vc_column_container vc_col-sm-8\"><div class=\"vc_column-inner\"><div class=\"wpb_wrapper\"><div class=\"vc_row wpb_row vc_inner vc_row-fluid\"><div class=\"wpb_column vc_column_container vc_col-sm-4\"><div class=\"vc_column-inner\"><div class=\"wpb_wrapper\"><\/div><\/div><\/div><div class=\"wpb_column vc_column_container vc_col-sm-8\"><div class=\"vc_column-inner\"><div class=\"wpb_wrapper\"><\/div><\/div><\/div><\/div><\/div><\/div><\/div><\/div><div class=\"vc_row wpb_row vc_row-fluid\"><div class=\"wpb_column vc_column_container vc_col-sm-12\"><div class=\"vc_column-inner\"><div class=\"wpb_wrapper\"><div class=\"vc_row wpb_row vc_inner vc_row-fluid\"><div class=\"wpb_column vc_column_container vc_col-sm-4\"><div class=\"vc_column-inner\"><div class=\"wpb_wrapper\"><div class=\"vc_btn3-container vc_btn3-center vc_do_btn\" ><a class=\"vc_general vc_btn3 vc_btn3-size-md vc_btn3-shape-rounded vc_btn3-style-outline vc_btn3-block vc_btn3-color-success\" href=\"https:\/\/sport-timing.pl\/pomiar-czasu\/zapisy-online\/vii-bieg-grania-tatr-2024\/lista-glowna\/\" title=\"\">Lista wylosowanych<\/a><\/div><\/div><\/div><\/div><div class=\"wpb_column vc_column_container vc_col-sm-4\"><div class=\"vc_column-inner\"><div class=\"wpb_wrapper\"><div class=\"vc_btn3-container vc_btn3-center vc_do_btn\" ><a class=\"vc_general vc_btn3 vc_btn3-size-md vc_btn3-shape-rounded vc_btn3-style-outline vc_btn3-block vc_btn3-color-primary\" href=\"https:\/\/sport-timing.pl\/pomiar-czasu\/zapisy-online\/vii-bieg-grania-tatr-2024\/lista-rezerwowa\/\" title=\"\">Lista rezerwowa<\/a><\/div><\/div><\/div><\/div><div class=\"wpb_column vc_column_container vc_col-sm-4\"><div class=\"vc_column-inner\"><div class=\"wpb_wrapper\"><div class=\"vc_btn3-container vc_btn3-center vc_do_btn\" ><a class=\"vc_general vc_btn3 vc_btn3-size-md vc_btn3-shape-rounded vc_btn3-style-flat vc_btn3-block vc_btn3-color-info\" href=\"https:\/\/sport-timing.pl\/pomiar-czasu\/zapisy-online\/vii-bieg-grania-tatr-2024\/lista-zgloszonych\/\" title=\"\">Lista zg\u0142oszonych<\/a><\/div><\/div><\/div><\/div><\/div><\/div><\/div><\/div><\/div><div class=\"vc_row wpb_row vc_row-fluid\"><div class=\"wpb_column vc_column_container vc_col-sm-12\"><div class=\"vc_column-inner\"><div class=\"wpb_wrapper\">\n\t<div class=\"wpb_text_column wpb_content_element\" >\n\t\t<div class=\"wpb_wrapper\">\n\t\t\t\t\t<div class=\"gv-grid gv-widgets-header gv-widgets-no-results\">\n\t\t\t\t\t\t\t\t<div class=\"gv-grid-col-1-1 gv-left\">\n\t\t\t\t\t\t\n<form class=\"gv-widget-search gv-search-horizontal\" method=\"get\" action=\"https:\/\/sport-timing.pl\/pomiar-czasu\/zapisy-online\/vii-bieg-grania-tatr-2024\/lista-zgloszonych\/#gv-view-38144-1\" data-viewid=\"38144\">\n\n\t\n<div class=\"gv-search-box gv-search-field-text gv-search-field-search_all\">\n\t<div class=\"gv-search\">\n\t\t\t<label for=\"gv_search_38144\">Search Entries:<\/label>\n\t\t\t<p><input type=\"search\" name=\"gv_search\" id=\"gv_search_38144\" value=\"\" \/><\/p>\n\t<\/div>\n<\/div><div class=\"gv-search-box gv-search-box-submit\">\n\t\t<input type=\"hidden\" name=\"mode\" value=\"any\" \/>\n\t<input type=\"submit\" class=\"button gv-search-button\" id=\"gv_search_button_38144\" value=\"Search\" \/>\n<\/div>\n<\/form>\n\t\t\t\t\t<\/div>\n\t\t\t\t\t\t\t\t\t\t\t\t<div class=\"gv-grid-col-1-2 gv-left\">\n\t\t\t\t\t\t\t\t\t\t\t<\/div>\n\t\t\t\t\t\t\t\t\t<div class=\"gv-grid-col-1-2 gv-right\">\n\t\t\t\t\t\t\t\t\t\t\t<\/div>\n\t\t\t\t\t\t\t\t\t<\/div>\n\n\t\t<div id=\"gv-datatables-38144\" class=\"gv-datatables-container gv-container gv-container-38144 gv-container-no-results\">\n<table data-viewid=\"38144\" class=\"gv-datatables display dataTable\">\n\t<thead>\n\t\t\t\t<tr>\n\t\t\t<th id=\"gv-field-311-id\" class=\"gv-field-311-id \" scope=\"col\"><span class=\"gv-field-label\">ID<\/span><\/th><th id=\"gv-field-311-1\" class=\"gv-field-311-1 \" scope=\"col\"><span class=\"gv-field-label\">Imi\u0119<\/span><\/th><th id=\"gv-field-311-2\" class=\"gv-field-311-2 \" scope=\"col\"><span class=\"gv-field-label\">Nazwisko<\/span><\/th><th id=\"gv-field-311-6\" class=\"gv-field-311-6 \" scope=\"col\"><span class=\"gv-field-label\">P\u0142e\u0107<\/span><\/th><th id=\"gv-field-311-7\" class=\"gv-field-311-7 \" scope=\"col\"><span class=\"gv-field-label\">Miasto<\/span><\/th><th id=\"gv-field-311-50\" class=\"gv-field-311-50 \" scope=\"col\"><span class=\"gv-field-label\">Kategoria<\/span><\/th>\t\t<\/tr>\n\t<\/thead>\n\t<tfoot>\n\t\t<tr>\n\t\t\t<th id=\"gv-field-311-id\" class=\"gv-field-311-id \" scope=\"col\"><span class=\"gv-field-label\">ID<\/span><\/th><th id=\"gv-field-311-1\" class=\"gv-field-311-1 \" scope=\"col\"><span class=\"gv-field-label\">Imi\u0119<\/span><\/th><th id=\"gv-field-311-2\" class=\"gv-field-311-2 \" scope=\"col\"><span class=\"gv-field-label\">Nazwisko<\/span><\/th><th id=\"gv-field-311-6\" class=\"gv-field-311-6 \" scope=\"col\"><span class=\"gv-field-label\">P\u0142e\u0107<\/span><\/th><th id=\"gv-field-311-7\" class=\"gv-field-311-7 \" scope=\"col\"><span class=\"gv-field-label\">Miasto<\/span><\/th><th id=\"gv-field-311-50\" class=\"gv-field-311-50 \" scope=\"col\"><span class=\"gv-field-label\">Kategoria<\/span><\/th>\t\t<\/tr>\n\t\t\t<\/tfoot>\n<\/table>\n<\/div><!-- end .gv-datatables-container -->\n\t\t<style>\n\t\t\t.fancybox-container {\n\t\t\t\tz-index: 100000; \/** Divi is 99999 *\/\n\t\t\t}\n\n\t\t\t.admin-bar .fancybox-container {\n\t\t\t\tmargin-top: 32px;\n\t\t\t}\n\t\t<\/style>\n\t\t<script>\n\t\t\tif ( window.Fancybox ){\n\t\t\t\tFancybox.bind(\".gravityview-fancybox\", {\"animationEffect\":\"fade\",\"toolbar\":true,\"closeExisting\":true,\"arrows\":true,\"buttons\":[\"thumbs\",\"close\"],\"i18n\":{\"en\":{\"CLOSE\":\"Close\",\"NEXT\":\"Next\",\"PREV\":\"Previous\",\"ERROR\":\"The requested content cannot be loaded. Please try again later.\",\"PLAY_START\":\"Start slideshow\",\"PLAY_STOP\":\"Pause slideshow\",\"FULL_SCREEN\":\"Full screen\",\"THUMBS\":\"Thumbnails\",\"DOWNLOAD\":\"Download\",\"SHARE\":\"Share\",\"ZOOM\":\"Zoom\"}}});\n\t\t\t}\n\t\t<\/script>\n\t\t        <script type=\"text\/javascript\">\r\n\t\t\tif ( !window.gvDTglobals ) {\r\n\t\t\t\twindow.gvDTglobals = [];\r\n\t\t\t}\r\n\r\n\t\t\twindow.gvDTglobals.push({\"processing\":true,\"deferRender\":true,\"serverSide\":true,\"retrieve\":true,\"stateSave\":true,\"stateDuration\":-1,\"lengthMenu\":[[10,25,50,-1],[10,25,50,\"Wszystkie\"]],\"language\":{\"sProcessing\":\"Przetwarzanie...\",\"sLengthMenu\":\"Poka\\u017c _MENU_ pozycji\",\"sZeroRecords\":\"Nie znaleziono pasuj\\u0105cych pozycji\",\"sInfoThousands\":\" \",\"sInfo\":\"Pozycje od _START_ do _END_ z _TOTAL_ \\u0142\\u0105cznie\",\"sInfoEmpty\":\"Pozycji 0 z 0 dost\\u0119pnych\",\"sInfoFiltered\":\"(filtrowanie spo\\u015br\\u00f3d _MAX_ dost\\u0119pnych pozycji)\",\"sInfoPostFix\":\"\",\"sSearch\":\"Szukaj:\",\"sUrl\":\"\",\"oPaginate\":{\"sFirst\":\"Pierwsza\",\"sPrevious\":\"Poprzednia\",\"sNext\":\"Nast\\u0119pna\",\"sLast\":\"Ostatnia\"},\"sEmptyTable\":\"Brak danych\",\"sLoadingRecords\":\"Wczytywanie...\",\"oAria\":{\"sSortAscending\":\": aktywuj, by posortowa\\u0107 kolumn\\u0119 rosn\\u0105co\",\"sSortDescending\":\": aktywuj, by posortowa\\u0107 kolumn\\u0119 malej\\u0105co\"}},\"ajax\":{\"url\":\"https:\\\/\\\/sport-timing.pl\\\/pomiar-czasu\\\/wp-admin\\\/admin-ajax.php\",\"type\":\"POST\",\"data\":{\"action\":\"gv_datatables_data\",\"view_id\":38144,\"post_id\":38141,\"nonce\":\"895d0098b9\",\"getData\":\"[]\",\"hideUntilSearched\":\"0\",\"setUrlOnSearch\":true,\"shortcode_atts\":{\"id\":38144,\"class\":\"\",\"detail\":null}}},\"pageLength\":25,\"columns\":[{\"name\":\"gv_id\",\"width\":null},{\"name\":\"gv_1\",\"width\":null},{\"name\":\"gv_2\",\"width\":null},{\"name\":\"gv_6\",\"width\":null},{\"name\":\"gv_7\",\"width\":null},{\"name\":\"gv_50\",\"width\":null}],\"searching\":false,\"scroller\":{\"displayBuffer\":20,\"boundaryScale\":0.3},\"scrollY\":\"500px\"});\r\n        <\/script>\r\n\t\t\t\t\t<script type=\"text\/javascript\">\n\t\t\t\tif (!window.gvDTFixedHeaderColumns) {\n\t\t\t\t\twindow.gvDTFixedHeaderColumns = [];\n\t\t\t\t}\n\n\t\t\t\twindow.gvDTFixedHeaderColumns.push({\"fixedheader\":0,\"fixedcolumns\":0});\n\t\t\t<\/script>\n\t\t\t\t\t<script type=\"text\/javascript\">\n\t\t\t\tif (!window.gvDTResponsive) {\n\t\t\t\t\twindow.gvDTResponsive = [];\n\t\t\t\t}\n\n\t\t\t\twindow.gvDTResponsive.push({\"responsive\":0});\n\t\t\t<\/script>\n\t\t\t\t<div class=\"gv-grid gv-widgets-footer gv-widgets-no-results\">\n\t\t\t\t\t\t\t\t<div class=\"gv-grid-col-1-1 gv-left\">\n\t\t\t\t\t\t\t\t\t\t\t<\/div>\n\t\t\t\t\t\t\t\t\t\t\t\t<div class=\"gv-grid-col-1-2 gv-left\">\n\t\t\t\t\t\t\t\t\t\t\t<\/div>\n\t\t\t\t\t\t\t\t\t<div class=\"gv-grid-col-1-2 gv-right\">\n\t\t\t\t\t\t\t\t\t\t\t<\/div>\n\t\t\t\t\t\t\t\t\t<\/div>\n\n\t\t<input type=\"hidden\" class=\"gravityview-view-id\" value=\"38144\">\n\n\t\t<\/div>\n\t<\/div>\n<\/div><\/div><\/div><\/div><div class=\"vc_row wpb_row vc_row-fluid\"><div class=\"wpb_column vc_column_container vc_col-sm-8 vc_hidden-lg vc_hidden-md vc_hidden-sm vc_hidden-xs\"><div class=\"vc_column-inner\"><div class=\"wpb_wrapper\"><div class=\"vc_tta-container\" data-vc-action=\"collapse\"><div class=\"vc_general vc_tta vc_tta-accordion vc_tta-color-grey vc_tta-style-classic vc_tta-shape-rounded vc_tta-o-shape-group vc_tta-controls-align-default\"><div class=\"vc_tta-panels-container\"><div class=\"vc_tta-panels\"><div class=\"vc_tta-panel\" id=\"1677791481756-7d91d6a6-eff9\" data-vc-content=\".vc_tta-panel-body\"><div class=\"vc_tta-panel-heading\"><h4 class=\"vc_tta-panel-title vc_tta-controls-icon-position-left\"><a href=\"#1677791481756-7d91d6a6-eff9\" data-vc-accordion data-vc-container=\".vc_tta-container\"><span class=\"vc_tta-title-text\">Jak dokona\u0107 op\u0142aty startowej?<\/span><i class=\"vc_tta-controls-icon vc_tta-controls-icon-plus\"><\/i><\/a><\/h4><\/div><div class=\"vc_tta-panel-body\">\n\t<div class=\"wpb_text_column wpb_content_element\" >\n\t\t<div class=\"wpb_wrapper\">\n\t\t\t<p>Dane do przelewu:<\/p>\n<p>Tatrza\u0144ski Klub Narciarski<br \/>\nTATRA TEAM<br \/>\nul. Pi\u0142sudskiego 63 A<br \/>\n34-500 Zakopane<\/p>\n<p>PBS w Zakopanem<br \/>\n43 8821 0009 0000 0003 6650 0001<\/p>\n<p><strong>W tytule przelewu prosimy o podanie <u>NUMERU ID<\/u> oraz imienia i nazwiska<\/strong><\/p>\n<p>Przyk\u0142adowy tytu\u0142 przelewu: <strong>123456 Danuta Nowak<\/strong><\/p>\n\n\t\t<\/div>\n\t<\/div>\n<\/div><\/div><div class=\"vc_tta-panel\" id=\"1677791663388-ed7e55a7-c66f\" data-vc-content=\".vc_tta-panel-body\"><div class=\"vc_tta-panel-heading\"><h4 class=\"vc_tta-panel-title vc_tta-controls-icon-position-left\"><a href=\"#1677791663388-ed7e55a7-c66f\" data-vc-accordion data-vc-container=\".vc_tta-container\"><span class=\"vc_tta-title-text\">Bank transfer details?<\/span><i class=\"vc_tta-controls-icon vc_tta-controls-icon-plus\"><\/i><\/a><\/h4><\/div><div class=\"vc_tta-panel-body\">\n\t<div class=\"wpb_text_column wpb_content_element\" >\n\t\t<div class=\"wpb_wrapper\">\n\t\t\t<p>Bank transfer details:<\/p>\n<p>Tatrza\u0144ski Klub Narciarski<br \/>\nTATRA TEAM<br \/>\nul. Pi\u0142sudskiego 63 A<br \/>\n34-500 Zakopane<br \/>\nPoland<\/p>\n<p>Bank: PBS Zakopane<br \/>\nS.W.I.F.T. CODE: POLUPLPR<br \/>\nPL 43 8821 0009 0000 0003 6650 0001<\/p>\n<p><strong>In the transfer title, please provide your <u>ID NUMBER<\/u> and your first and last name<\/strong><\/p>\n<p>Example: <strong>123456 Danuta Nowak<\/strong><\/p>\n\n\t\t<\/div>\n\t<\/div>\n<\/div><\/div><\/div><\/div><\/div><\/div><\/div><\/div><\/div><div class=\"wpb_column vc_column_container vc_col-sm-4\"><div class=\"vc_column-inner\"><div class=\"wpb_wrapper\">\n\t<div class=\"wpb_text_column wpb_content_element\" >\n\t\t<div class=\"wpb_wrapper\">\n\t\t\t<h2>Formularz zg\u0142oszenia zmian<\/h2>\n\n\t\t<\/div>\n\t<\/div>\n<p><h4>W celu zg\u0142oszenia zmian lub gdy chc\u0105 Pa\u0144stwo zrezygnowa\u0107 z uczestnictwa w wydarzeniu, prosimy przej\u015b\u0107 do naszego <a href=\"https:\/\/sport-timing.pl\/support\/\">Centrum Obs\u0142ugi Klienta.<\/a><\/h4>\r\n<br>\r\n<hr><\/p><\/div><\/div><\/div><\/div><div class=\"vc_row wpb_row vc_row-fluid\"><div class=\"wpb_column vc_column_container vc_col-sm-12\"><div class=\"vc_column-inner\"><div class=\"wpb_wrapper\">\n\t<div class=\"wpb_raw_code wpb_raw_js\" >\n\t\t<div class=\"wpb_wrapper\">\n\t\t\t<style>\nbody{    overflow-x: auto !important;}\n<\/style>\n<script type=\"text\/javascript\"> \n\n$( document ).ready(function() {\n   \n $(\".platnosc:contains('Approved')\").each(function() {\n    var replaced = $(this).html().replace(\"Approved\", \"<div class='payment-ok'><i class='fa fa-check-circle'><\/i> Tak<\/div>\");\n    $(this).html(replaced);\n  });\n\n $(\".platnosc:contains('Pending')\").each(function() {\n    var replaced = $(this).html().replace(\"Pending\", \"<div class='payment-pending'><i class='fa fa-times'><\/i> Oczekuje<\/div>\");\n    $(this).html(replaced);\n  });\n$('body').css('overflow-x', 'auto');\n\n});\n<\/script>\n\t\t<\/div>\n\t<\/div>\n<\/div><\/div><\/div><\/div><\/p>\n<\/div>","protected":false},"excerpt":{"rendered":"VII Bieg Grani\u0105 Tatr 2024 Lista zg\u0142oszonych Lista wylosowanychLista rezerwowaLista zg\u0142oszonych Search Entries: IDImi\u0119NazwiskoP\u0142e\u0107MiastoKategoria IDImi\u0119NazwiskoP\u0142e\u0107MiastoKategoria Jak dokona\u0107 op\u0142aty startowej? Dane do przelewu: Tatrza\u0144ski Klub Narciarski TATRA TEAM ul. Pi\u0142sudskiego 63 A 34-500 Zakopane PBS w Zakopanem 43 8821 0009 0000 0003 6650 0001 W tytule przelewu prosimy o podanie NUMERU ID oraz imienia i nazwiska Przyk\u0142adowy tytu\u0142 przelewu: 123456 Danuta Nowak Bank transfer details? Bank transfer details: Tatrza\u0144ski Klub Narciarski TATRA TEAM ul. Pi\u0142sudskiego 63 A 34-500 Zakopane Poland Bank: PBS Zakopane S.W.I.F.T. CODE: POLUPLPR PL 43 8821 0009 0000 0003 6650 0001 In the transfer title, please provide your ID NUMBER and your first and last name Example: 123456 Danuta Nowak Formularz zg\u0142oszenia zmian Informacje podane w formularzu s\u0105 niepoprawne. Prosimy o poprawienie pod\u015bwietlonych p\u00f3l. Zatwierd\u017a","protected":false},"author":2112,"featured_media":0,"parent":38129,"menu_order":0,"comment_status":"closed","ping_status":"closed","template":"page-participants-list.php","meta":{"_acf_changed":false,"_monsterinsights_skip_tracking":false,"_monsterinsights_sitenote_active":false,"_monsterinsights_sitenote_note":"","_monsterinsights_sitenote_category":0,"footnotes":""},"categories":[],"tags":[],"class_list":["post-38141","page","type-page","status-publish","hentry"],"acf":[],"aioseo_notices":[],"_links":{"self":[{"href":"https:\/\/sport-timing.pl\/pomiar-czasu\/wp-json\/wp\/v2\/pages\/38141","targetHints":{"allow":["GET"]}}],"collection":[{"href":"https:\/\/sport-timing.pl\/pomiar-czasu\/wp-json\/wp\/v2\/pages"}],"about":[{"href":"https:\/\/sport-timing.pl\/pomiar-czasu\/wp-json\/wp\/v2\/types\/page"}],"author":[{"embeddable":true,"href":"https:\/\/sport-timing.pl\/pomiar-czasu\/wp-json\/wp\/v2\/users\/2112"}],"replies":[{"embeddable":true,"href":"https:\/\/sport-timing.pl\/pomiar-czasu\/wp-json\/wp\/v2\/comments?post=38141"}],"version-history":[{"count":7,"href":"https:\/\/sport-timing.pl\/pomiar-czasu\/wp-json\/wp\/v2\/pages\/38141\/revisions"}],"predecessor-version":[{"id":38211,"href":"https:\/\/sport-timing.pl\/pomiar-czasu\/wp-json\/wp\/v2\/pages\/38141\/revisions\/38211"}],"up":[{"embeddable":true,"href":"https:\/\/sport-timing.pl\/pomiar-czasu\/wp-json\/wp\/v2\/pages\/38129"}],"wp:attachment":[{"href":"https:\/\/sport-timing.pl\/pomiar-czasu\/wp-json\/wp\/v2\/media?parent=38141"}],"wp:term":[{"taxonomy":"category","embeddable":true,"href":"https:\/\/sport-timing.pl\/pomiar-czasu\/wp-json\/wp\/v2\/categories?post=38141"},{"taxonomy":"post_tag","embeddable":true,"href":"https:\/\/sport-timing.pl\/pomiar-czasu\/wp-json\/wp\/v2\/tags?post=38141"}],"curies":[{"name":"wp","href":"https:\/\/api.w.org\/{rel}","templated":true}]}}