




{"id":35280,"date":"2022-04-30T01:59:28","date_gmt":"2022-04-29T23:59:28","guid":{"rendered":"https:\/\/sport-timing.pl\/pomiar-czasu\/?page_id=35280"},"modified":"2022-04-30T02:07:33","modified_gmt":"2022-04-30T00:07:33","slug":"lista-zgloszonych","status":"publish","type":"page","link":"https:\/\/sport-timing.pl\/pomiar-czasu\/zapisy-online\/w-krainie-dobrej-energii\/lista-zgloszonych\/","title":{"rendered":"W Krainie Dobrej Energii &#8211; Lista zg\u0142oszonych"},"content":{"rendered":"<div class=\"wpb-content-wrapper\"><p><div class=\"vc_row wpb_row vc_row-fluid\"><div class=\"wpb_column vc_column_container vc_col-sm-4\"><div class=\"vc_column-inner\"><div class=\"wpb_wrapper\">\n\t<div class=\"wpb_text_column wpb_content_element\" >\n\t\t<div class=\"wpb_wrapper\">\n\t\t\t<h3 class=\"event-title\">W Krainie Dobrej Energii<\/h3>\n<h5>Lista zg\u0142oszonych uczestnik\u00f3w<\/h5>\n\n\t\t<\/div>\n\t<\/div>\n<\/div><\/div><\/div><div class=\"wpb_column vc_column_container vc_col-sm-8\"><div class=\"vc_column-inner\"><div class=\"wpb_wrapper\"><div class=\"vc_row wpb_row vc_inner vc_row-fluid\"><div class=\"wpb_column vc_column_container vc_col-sm-4\"><div class=\"vc_column-inner\"><div class=\"wpb_wrapper\"><\/div><\/div><\/div><div class=\"wpb_column vc_column_container vc_col-sm-4\"><div class=\"vc_column-inner\"><div class=\"wpb_wrapper\"><\/div><\/div><\/div><div class=\"wpb_column vc_column_container vc_col-sm-4\"><div class=\"vc_column-inner\"><div class=\"wpb_wrapper\"><\/div><\/div><\/div><\/div><\/div><\/div><\/div><\/div><div class=\"vc_row wpb_row vc_row-fluid\"><div class=\"wpb_column vc_column_container vc_col-sm-12\"><div class=\"vc_column-inner\"><div class=\"wpb_wrapper\">\n\t<div class=\"wpb_text_column wpb_content_element\" >\n\t\t<div class=\"wpb_wrapper\">\n\t\t\t\t\t<div class=\"gv-grid gv-widgets-header gv-widgets-no-results\">\n\t\t\t\t\t\t\t\t<div class=\"gv-grid-col-1-1 gv-left\">\n\t\t\t\t\t\t\n<form class=\"gv-widget-search gv-search-horizontal\" method=\"get\" action=\"https:\/\/sport-timing.pl\/pomiar-czasu\/zapisy-online\/w-krainie-dobrej-energii\/lista-zgloszonych\/#gv-view-35277-1\" data-viewid=\"35277\">\n\n\t<div class=\"gv-search-box gv-search-field-select\">\n\t\t\t<label for=\"search-box-filter_50\">Wybierz dystans<\/label>\n\t\t<p>\n\t\t<select name=\"filter_50\" id=\"search-box-filter_50\">\n\t\t\t<option value=\"\"  selected='selected'>&mdash;<\/option>\n\t\t\t\t\t\t\t\t\t\t\t\t<option value=\"1\/4 IRONMAN\" >1\/4 IRONMAN<\/option>\n\t\t\t\t\t\t\t\t\t\t\t\t\t\t\t\t<option value=\"1\/8 IRONMAN\" >1\/8 IRONMAN<\/option>\n\t\t\t\t\t\t\t\t\t\t\t\t\t\t\t\t<option value=\"Sztafeta\" >Sztafet na dystansie 1\/8 IM<\/option>\n\t\t\t\t\t\t\t\t\t\t\t\t\t\t\t\t<option value=\"Aquathlon\" >Aquathlon<\/option>\n\t\t\t\t\t\t\t\t\t<\/select>\n\t<\/p>\n<\/div>\n<div class=\"gv-search-box gv-search-box-submit\">\n\t\t<input type=\"hidden\" name=\"mode\" value=\"any\" \/>\n\t<input type=\"submit\" class=\"button gv-search-button\" id=\"gv_search_button_35277\" value=\"Search\" \/>\n<\/div>\n<\/form>\n\t\t\t\t\t<\/div>\n\t\t\t\t\t\t\t\t\t\t\t\t<div class=\"gv-grid-col-1-2 gv-left\">\n\t\t\t\t\t\t\t\t\t\t\t<\/div>\n\t\t\t\t\t\t\t\t\t<div class=\"gv-grid-col-1-2 gv-right\">\n\t\t\t\t\t\t\t\t\t\t\t<\/div>\n\t\t\t\t\t\t\t\t\t<\/div>\n\n\t\t<div id=\"gv-datatables-35277\" class=\"gv-datatables-container gv-container gv-container-35277 gv-container-no-results\">\n<table data-viewid=\"35277\" class=\"gv-datatables display dataTable\">\n\t<thead>\n\t\t\t\t<tr>\n\t\t\t<th id=\"gv-field-232-id\" class=\"gv-field-232-id \" scope=\"col\"><span class=\"gv-field-label\">ID pozycji<\/span><\/th><th id=\"gv-field-232-1\" class=\"gv-field-232-1 \" scope=\"col\"><span class=\"gv-field-label\">Imi\u0119<\/span><\/th><th id=\"gv-field-232-2\" class=\"gv-field-232-2 \" scope=\"col\"><span class=\"gv-field-label\">Nazwisko<\/span><\/th><th id=\"gv-field-232-5\" class=\"gv-field-232-5 \" scope=\"col\"><span class=\"gv-field-label\">Rok urodzenia<\/span><\/th><th id=\"gv-field-232-6\" class=\"gv-field-232-6 \" scope=\"col\"><span class=\"gv-field-label\">P\u0142e\u0107<\/span><\/th><th id=\"gv-field-232-7\" class=\"gv-field-232-7 \" scope=\"col\"><span class=\"gv-field-label\">Miasto<\/span><\/th><th id=\"gv-field-232-62\" class=\"gv-field-232-62 \" scope=\"col\"><span class=\"gv-field-label\">Team \/ Klub<\/span><\/th><th id=\"gv-field-232-50\" class=\"gv-field-232-50 \" scope=\"col\"><span class=\"gv-field-label\">Wybierz dystans<\/span><\/th><th id=\"gv-field-232-66\" class=\"gv-field-232-66 \" scope=\"col\"><span class=\"gv-field-label\">Szczeg\u00f3\u0142y sztafety<\/span><\/th><th id=\"gv-field-232-40\" class=\"gv-field-232-40 \" scope=\"col\"><span class=\"gv-field-label\">Status<\/span><\/th>\t\t<\/tr>\n\t<\/thead>\n\t<tfoot>\n\t\t<tr>\n\t\t\t<th id=\"gv-field-232-id\" class=\"gv-field-232-id \" scope=\"col\"><span class=\"gv-field-label\">ID pozycji<\/span><\/th><th id=\"gv-field-232-1\" class=\"gv-field-232-1 \" scope=\"col\"><span class=\"gv-field-label\">Imi\u0119<\/span><\/th><th id=\"gv-field-232-2\" class=\"gv-field-232-2 \" scope=\"col\"><span class=\"gv-field-label\">Nazwisko<\/span><\/th><th id=\"gv-field-232-5\" class=\"gv-field-232-5 \" scope=\"col\"><span class=\"gv-field-label\">Rok urodzenia<\/span><\/th><th id=\"gv-field-232-6\" class=\"gv-field-232-6 \" scope=\"col\"><span class=\"gv-field-label\">P\u0142e\u0107<\/span><\/th><th id=\"gv-field-232-7\" class=\"gv-field-232-7 \" scope=\"col\"><span class=\"gv-field-label\">Miasto<\/span><\/th><th id=\"gv-field-232-62\" class=\"gv-field-232-62 \" scope=\"col\"><span class=\"gv-field-label\">Team \/ Klub<\/span><\/th><th id=\"gv-field-232-50\" class=\"gv-field-232-50 \" scope=\"col\"><span class=\"gv-field-label\">Wybierz dystans<\/span><\/th><th id=\"gv-field-232-66\" class=\"gv-field-232-66 \" scope=\"col\"><span class=\"gv-field-label\">Szczeg\u00f3\u0142y sztafety<\/span><\/th><th id=\"gv-field-232-40\" class=\"gv-field-232-40 \" scope=\"col\"><span class=\"gv-field-label\">Status<\/span><\/th>\t\t<\/tr>\n\t\t\t<\/tfoot>\n<\/table>\n<\/div><!-- end .gv-datatables-container -->\n        <script type=\"text\/javascript\">\r\n\t\t\tif ( !window.gvDTglobals ) {\r\n\t\t\t\twindow.gvDTglobals = [];\r\n\t\t\t}\r\n\r\n\t\t\twindow.gvDTglobals.push({\"processing\":true,\"deferRender\":true,\"serverSide\":true,\"retrieve\":true,\"stateSave\":true,\"stateDuration\":-1,\"lengthMenu\":[[10,25,50,-1],[10,25,50,\"Wszystkie\"]],\"language\":{\"sProcessing\":\"Przetwarzanie...\",\"sLengthMenu\":\"Poka\\u017c _MENU_ pozycji\",\"sZeroRecords\":\"Nie znaleziono pasuj\\u0105cych pozycji\",\"sInfoThousands\":\" \",\"sInfo\":\"Pozycje od _START_ do _END_ z _TOTAL_ \\u0142\\u0105cznie\",\"sInfoEmpty\":\"Pozycji 0 z 0 dost\\u0119pnych\",\"sInfoFiltered\":\"(filtrowanie spo\\u015br\\u00f3d _MAX_ dost\\u0119pnych pozycji)\",\"sInfoPostFix\":\"\",\"sSearch\":\"Szukaj:\",\"sUrl\":\"\",\"oPaginate\":{\"sFirst\":\"Pierwsza\",\"sPrevious\":\"Poprzednia\",\"sNext\":\"Nast\\u0119pna\",\"sLast\":\"Ostatnia\"},\"sEmptyTable\":\"Brak danych\",\"sLoadingRecords\":\"Wczytywanie...\",\"oAria\":{\"sSortAscending\":\": aktywuj, by posortowa\\u0107 kolumn\\u0119 rosn\\u0105co\",\"sSortDescending\":\": aktywuj, by posortowa\\u0107 kolumn\\u0119 malej\\u0105co\"}},\"ajax\":{\"url\":\"https:\\\/\\\/sport-timing.pl\\\/pomiar-czasu\\\/wp-admin\\\/admin-ajax.php\",\"type\":\"POST\",\"data\":{\"action\":\"gv_datatables_data\",\"view_id\":35277,\"post_id\":35280,\"nonce\":\"eed2d1088f\",\"getData\":\"[]\",\"hideUntilSearched\":\"0\",\"setUrlOnSearch\":true,\"shortcode_atts\":{\"id\":35277,\"class\":\"\",\"detail\":null}}},\"pageLength\":25,\"columns\":[{\"name\":\"gv_id\",\"width\":null},{\"name\":\"gv_1\",\"width\":null},{\"name\":\"gv_2\",\"width\":null},{\"name\":\"gv_5\",\"width\":null},{\"name\":\"gv_6\",\"width\":null},{\"name\":\"gv_7\",\"width\":null},{\"name\":\"gv_62\",\"width\":null},{\"name\":\"gv_50\",\"width\":null},{\"name\":\"gv_66\",\"width\":null},{\"name\":\"gv_40\",\"width\":null}],\"searching\":false,\"scroller\":{\"displayBuffer\":20,\"boundaryScale\":0.3},\"scrollY\":\"500px\"});\r\n        <\/script>\r\n\t\t\t\t\t<script type=\"text\/javascript\">\n\t\t\t\tif (!window.gvDTFixedHeaderColumns) {\n\t\t\t\t\twindow.gvDTFixedHeaderColumns = [];\n\t\t\t\t}\n\n\t\t\t\twindow.gvDTFixedHeaderColumns.push({\"fixedheader\":0,\"fixedcolumns\":0});\n\t\t\t<\/script>\n\t\t\t\t\t<script type=\"text\/javascript\">\n\t\t\t\tif (!window.gvDTResponsive) {\n\t\t\t\t\twindow.gvDTResponsive = [];\n\t\t\t\t}\n\n\t\t\t\twindow.gvDTResponsive.push({\"responsive\":0});\n\t\t\t<\/script>\n\t\t\t\t<div class=\"gv-grid gv-widgets-footer gv-widgets-no-results\">\n\t\t\t\t\t\t\t\t<div class=\"gv-grid-col-1-1 gv-left\">\n\t\t\t\t\t\t\t\t\t\t\t<\/div>\n\t\t\t\t\t\t\t\t\t\t\t\t<div class=\"gv-grid-col-1-2 gv-left\">\n\t\t\t\t\t\t\t\t\t\t\t<\/div>\n\t\t\t\t\t\t\t\t\t<div class=\"gv-grid-col-1-2 gv-right\">\n\t\t\t\t\t\t\t\t\t\t\t<\/div>\n\t\t\t\t\t\t\t\t\t<\/div>\n\n\t\t<input type=\"hidden\" class=\"gravityview-view-id\" value=\"35277\">\n\n\t\t<\/div>\n\t<\/div>\n<\/div><\/div><\/div><\/div><div class=\"vc_row wpb_row vc_row-fluid\"><div class=\"wpb_column vc_column_container vc_col-sm-6\"><div class=\"vc_column-inner\"><div class=\"wpb_wrapper\">\n\t<div class=\"wpb_text_column wpb_content_element\" >\n\t\t<div class=\"wpb_wrapper\">\n\t\t\t<h2>Formularz zg\u0142oszenia zmian<\/h2>\n\n\t\t<\/div>\n\t<\/div>\n<p><h4>W celu zg\u0142oszenia zmian lub gdy chc\u0105 Pa\u0144stwo zrezygnowa\u0107 z uczestnictwa w wydarzeniu, prosimy przej\u015b\u0107 do naszego <a href=\"https:\/\/sport-timing.pl\/support\/\">Centrum Obs\u0142ugi Klienta.<\/a><\/h4>\r\n<br>\r\n<hr><\/p><\/div><\/div><\/div><div class=\"wpb_column vc_column_container vc_col-sm-6\"><div class=\"vc_column-inner\"><div class=\"wpb_wrapper\">\n\t<div class=\"wpb_text_column wpb_content_element\" >\n\t\t<div class=\"wpb_wrapper\">\n\t\t\t\n\t\t<\/div>\n\t<\/div>\n<\/div><\/div><\/div><\/div><div class=\"vc_row wpb_row vc_row-fluid\"><div class=\"wpb_column vc_column_container vc_col-sm-12\"><div class=\"vc_column-inner\"><div class=\"wpb_wrapper\">\n\t<div class=\"wpb_raw_code wpb_raw_js\" >\n\t\t<div class=\"wpb_wrapper\">\n\t\t\t<style>\nbody{    overflow-x: auto !important;}\n<\/style>\n<script type=\"text\/javascript\"> \n\n   \n$('#gv-datatables-17702').on( 'draw.dt', function () {\n    \n$(\"td:contains('Approved')\").each(function() {\n    var replaced = $(this).html().replace(\"Approved\", \"<div class='payment-ok'><i class='fa fa-check-circle'><\/i> Tak<\/div>\");\n    $(this).html(replaced);\n  });\n\n $(\"td:contains('Pending')\").each(function() {\n    var replaced = $(this).html().replace(\"Pending\", \"<div class='payment-pending'><i class='fa fa-times'><\/i> Oczekuje<\/div>\");\n    $(this).html(replaced);\n  });\n$('body').css('overflow-x', 'auto');\n\n\n\n} );\n\n\n<\/script>\n\t\t<\/div>\n\t<\/div>\n<\/div><\/div><\/div><\/div><\/p>\n<\/div>","protected":false},"excerpt":{"rendered":"W Krainie Dobrej Energii Lista zg\u0142oszonych uczestnik\u00f3w Wybierz dystans &mdash; 1\/4 IRONMAN 1\/8 IRONMAN Sztafet na dystansie 1\/8 IM Aquathlon ID pozycjiImi\u0119NazwiskoRok urodzeniaP\u0142e\u0107MiastoTeam \/ KlubWybierz dystansSzczeg\u00f3\u0142y sztafetyStatus ID pozycjiImi\u0119NazwiskoRok urodzeniaP\u0142e\u0107MiastoTeam \/ KlubWybierz dystansSzczeg\u00f3\u0142y sztafetyStatus Formularz zg\u0142oszenia zmian Informacje podane w formularzu s\u0105 niepoprawne. Prosimy o poprawienie pod\u015bwietlonych p\u00f3l. Zatwierd\u017a","protected":false},"author":2112,"featured_media":0,"parent":35269,"menu_order":0,"comment_status":"closed","ping_status":"closed","template":"page-participants-list.php","meta":{"_acf_changed":false,"_monsterinsights_skip_tracking":false,"_monsterinsights_sitenote_active":false,"_monsterinsights_sitenote_note":"","_monsterinsights_sitenote_category":0,"footnotes":""},"categories":[],"tags":[],"class_list":["post-35280","page","type-page","status-publish","hentry"],"acf":[],"aioseo_notices":[],"_links":{"self":[{"href":"https:\/\/sport-timing.pl\/pomiar-czasu\/wp-json\/wp\/v2\/pages\/35280","targetHints":{"allow":["GET"]}}],"collection":[{"href":"https:\/\/sport-timing.pl\/pomiar-czasu\/wp-json\/wp\/v2\/pages"}],"about":[{"href":"https:\/\/sport-timing.pl\/pomiar-czasu\/wp-json\/wp\/v2\/types\/page"}],"author":[{"embeddable":true,"href":"https:\/\/sport-timing.pl\/pomiar-czasu\/wp-json\/wp\/v2\/users\/2112"}],"replies":[{"embeddable":true,"href":"https:\/\/sport-timing.pl\/pomiar-czasu\/wp-json\/wp\/v2\/comments?post=35280"}],"version-history":[{"count":2,"href":"https:\/\/sport-timing.pl\/pomiar-czasu\/wp-json\/wp\/v2\/pages\/35280\/revisions"}],"predecessor-version":[{"id":35282,"href":"https:\/\/sport-timing.pl\/pomiar-czasu\/wp-json\/wp\/v2\/pages\/35280\/revisions\/35282"}],"up":[{"embeddable":true,"href":"https:\/\/sport-timing.pl\/pomiar-czasu\/wp-json\/wp\/v2\/pages\/35269"}],"wp:attachment":[{"href":"https:\/\/sport-timing.pl\/pomiar-czasu\/wp-json\/wp\/v2\/media?parent=35280"}],"wp:term":[{"taxonomy":"category","embeddable":true,"href":"https:\/\/sport-timing.pl\/pomiar-czasu\/wp-json\/wp\/v2\/categories?post=35280"},{"taxonomy":"post_tag","embeddable":true,"href":"https:\/\/sport-timing.pl\/pomiar-czasu\/wp-json\/wp\/v2\/tags?post=35280"}],"curies":[{"name":"wp","href":"https:\/\/api.w.org\/{rel}","templated":true}]}}