




{"id":34006,"date":"2021-12-28T22:14:09","date_gmt":"2021-12-28T20:14:09","guid":{"rendered":"https:\/\/sport-timing.pl\/pomiar-czasu\/?page_id=34006"},"modified":"2023-12-27T16:58:37","modified_gmt":"2023-12-27T15:58:37","slug":"punkty-rankingowe-2020-2021","status":"publish","type":"page","link":"https:\/\/sport-timing.pl\/pomiar-czasu\/wyniki-zawodow\/punkty-rankingowe-2020-2021\/","title":{"rendered":"Punkty Rankingowe 2020 &#8211; 2021"},"content":{"rendered":"<div class=\"wpb-content-wrapper\"><p><div class=\"vc_row wpb_row vc_row-fluid\"><div class=\"wpb_column vc_column_container vc_col-sm-5\"><div class=\"vc_column-inner\"><div class=\"wpb_wrapper\">\n\t<div class=\"wpb_text_column wpb_content_element\" >\n\t\t<div class=\"wpb_wrapper\">\n\t\t\t<h3>M\u0142odzie\u017cowy Puchar Polski PZN<\/h3>\n<h4><a href=\"https:\/\/sport-timing.pl\/pomiar-czasu\/wyniki-zawodow\/punkty-rankingowe\">2023-2024<\/a> | <a href=\"https:\/\/sport-timing.pl\/pomiar-czasu\/wyniki-zawodow\/punkty-rankingowe-2022-2023\">2022-2023<\/a> | <a href=\"https:\/\/sport-timing.pl\/pomiar-czasu\/wyniki-zawodow\/punkty-rankingowe-2021-2022\/\">2021-2022<\/a> | <strong><a href=\"https:\/\/sport-timing.pl\/pomiar-czasu\/wyniki-zawodow\/punkty-rankingowe-2020-2021\/\">2020-2021 <\/a><\/strong><br \/>\n<a href=\"https:\/\/sport-timing.pl\/pomiar-czasu\/wyniki-zawodow\/punkty-rankingowe-2019-2020\/\">2019-2020<\/a><\/h4>\n<h4>Punktacja i Polpunkty.<\/h4>\n\n\t\t<\/div>\n\t<\/div>\n<\/div><\/div><\/div><div class=\"wpb_column vc_column_container vc_col-sm-3\"><div class=\"vc_column-inner\"><div class=\"wpb_wrapper\">\n\t<div  class=\"wpb_single_image wpb_content_element vc_align_center wpb_content_element\">\n\t\t\n\t\t<figure class=\"wpb_wrapper vc_figure\">\n\t\t\t<a href=\"https:\/\/polskimistrz.pl\/\" target=\"_blank\" class=\"vc_single_image-wrapper   vc_box_border_grey\"><img class=\"vc_single_image-img \" src=\"https:\/\/sport-timing.pl\/pomiar-czasu\/content\/uploads\/2020\/01\/polski-mistrz-solo-red-173x99.jpg\" width=\"173\" height=\"99\" alt=\"polski-mistrz-solo-red\" title=\"polski-mistrz-solo-red\" loading=\"lazy\" \/><\/a>\n\t\t<\/figure>\n\t<\/div>\n<\/div><\/div><\/div><div class=\"wpb_column vc_column_container vc_col-sm-4\"><div class=\"vc_column-inner\"><div class=\"wpb_wrapper\">\n\t<div  class=\"wpb_single_image wpb_content_element vc_align_center wpb_content_element\">\n\t\t\n\t\t<figure class=\"wpb_wrapper vc_figure\">\n\t\t\t<a href=\"http:\/\/pzn.pl\" target=\"_blank\" class=\"vc_single_image-wrapper   vc_box_border_grey\"><img width=\"579\" height=\"85\" src=\"https:\/\/sport-timing.pl\/pomiar-czasu\/content\/uploads\/2019\/01\/logo.png\" class=\"vc_single_image-img attachment-full\" alt=\"\" title=\"logo\" \/><\/a>\n\t\t<\/figure>\n\t<\/div>\n<\/div><\/div><\/div><\/div><div class=\"vc_row wpb_row vc_row-fluid\"><div class=\"wpb_column vc_column_container vc_col-sm-12\"><div class=\"vc_column-inner\"><div class=\"wpb_wrapper\"><div class=\"vc_row wpb_row vc_inner vc_row-fluid\"><div class=\"pzn-buttons wpb_column vc_column_container vc_col-sm-12\"><div class=\"vc_column-inner\"><div class=\"wpb_wrapper\"><div class=\"vc_btn3-container vc_btn3-inline vc_do_btn\" ><a class=\"vc_general vc_btn3 vc_btn3-size-md vc_btn3-shape-rounded vc_btn3-style-classic vc_btn3-color-default\" href=\"https:\/\/sport-timing.pl\/pomiar-czasu\/content\/uploads\/2021\/03\/Klasyfikacja-indywidualna-MPP-2021-21_03_2021-1.pdf\" title=\"\" target=\"_blank\">Klasyfikacja Indywidualna<\/a><\/div><div class=\"vc_btn3-container vc_btn3-inline vc_do_btn\" ><a class=\"vc_general vc_btn3 vc_btn3-size-md vc_btn3-shape-rounded vc_btn3-style-classic vc_btn3-color-grey\" href=\"https:\/\/sport-timing.pl\/pomiar-czasu\/content\/uploads\/2021\/03\/Klasyfikacja-klubowa-MPP-2021-21_03_2021-1.pdf\" title=\"\" target=\"_blank\">Klasyfikacja Klubowa<\/a><\/div><div class=\"vc_btn3-container vc_btn3-inline vc_do_btn\" ><a class=\"vc_general vc_btn3 vc_btn3-size-md vc_btn3-shape-rounded vc_btn3-style-classic vc_btn3-color-default\" href=\"https:\/\/sport-timing.pl\/pomiar-czasu\/content\/uploads\/2021\/03\/Klas.-Klubowa-w-kategoriach.pdf\" title=\"\" target=\"_blank\">Klasyfikacja Klubowa w Kategoriach<\/a><\/div><div class=\"vc_btn3-container vc_btn3-inline vc_do_btn\" ><a class=\"vc_general vc_btn3 vc_btn3-size-md vc_btn3-shape-rounded vc_btn3-style-classic vc_btn3-color-grey\" href=\"https:\/\/sport-timing.pl\/pomiar-czasu\/content\/uploads\/2021\/03\/Ranking-FIS-22-03-21.pdf\" title=\"\" target=\"_blank\">Ranking FIS<\/a><\/div><div class=\"vc_empty_space\"   style=\"height: 5px\"><span class=\"vc_empty_space_inner\"><\/span><\/div>\n\t<div class=\"wpb_text_column wpb_content_element polpunkty-h4\" id=\"polpunkty-h4\">\n\t\t<div class=\"wpb_wrapper\">\n\t\t\t<h4>Pol-Punkty i ranking<\/h4>\n\n\t\t<\/div>\n\t<\/div>\n<div class=\"vc_btn3-container vc_btn3-inline vc_do_btn\" ><a class=\"vc_general vc_btn3 vc_btn3-size-md vc_btn3-shape-rounded vc_btn3-style-classic vc_btn3-color-green\" href=\"https:\/\/sport-timing.pl\/pomiar-czasu\/punkty-rankingowe\/juniorka-b\/\" title=\"\">Juniorka M\u0142.<\/a><\/div><div class=\"vc_btn3-container vc_btn3-inline vc_do_btn\" ><a class=\"vc_general vc_btn3 vc_btn3-size-md vc_btn3-shape-rounded vc_btn3-style-classic vc_btn3-color-success\" href=\"https:\/\/sport-timing.pl\/pomiar-czasu\/punkty-rankingowe\/junior-b\/\" title=\"\">Junior M\u0142.<\/a><\/div><div class=\"vc_btn3-container vc_btn3-inline vc_do_btn\" ><a class=\"vc_general vc_btn3 vc_btn3-size-md vc_btn3-shape-rounded vc_btn3-style-classic vc_btn3-color-vista-blue\" href=\"https:\/\/sport-timing.pl\/pomiar-czasu\/punkty-rankingowe\/juniorka-c\/\" title=\"\">M\u0142odziczka<\/a><\/div><div class=\"vc_btn3-container vc_btn3-inline vc_do_btn\" ><a class=\"vc_general vc_btn3 vc_btn3-size-md vc_btn3-shape-rounded vc_btn3-style-classic vc_btn3-color-info\" href=\"https:\/\/sport-timing.pl\/pomiar-czasu\/punkty-rankingowe\/junior-c\/\" title=\"\">M\u0142odzik<\/a><\/div><\/div><\/div><\/div><\/div><div class=\"vc_separator wpb_content_element vc_separator_align_center vc_sep_width_100 vc_sep_border_width_2 vc_sep_pos_align_center vc_separator_no_text vc_sep_color_grey vc_custom_1550575522286 wpb_content_element  vc_custom_1550575522286 wpb_content_element\" ><span class=\"vc_sep_holder vc_sep_holder_l\"><span class=\"vc_sep_line\"><\/span><\/span><span class=\"vc_sep_holder vc_sep_holder_r\"><span class=\"vc_sep_line\"><\/span><\/span>\n<\/div><div class=\"vc_row wpb_row vc_inner vc_row-fluid\"><div class=\"wpb_column vc_column_container vc_col-sm-12\"><div class=\"vc_column-inner\"><div class=\"wpb_wrapper\">\n\t<div class=\"wpb_text_column wpb_content_element\" >\n\t\t<div class=\"wpb_wrapper\">\n\t\t\t<p style=\"text-align: right;\"><i class=\"fa fa-info-circle\" aria-hidden=\"true\"><\/i> <a href=\"http:\/\/sport-timing.pl\/pomiar-czasu\/content\/uploads\/2020\/12\/wytyczne-obliczania-pol-punktow-w-sezonie-2020-2021.pdf\" target=\"_blank\" rel=\"noopener noreferrer\">Wytyczne obliczania POL-punkt\u00f3w<\/a><\/p>\n\n\t\t<\/div>\n\t<\/div>\n<\/div><\/div><\/div><\/div><\/div><\/div><\/div><\/div><\/p>\n<\/div>","protected":false},"excerpt":{"rendered":"M\u0142odzie\u017cowy Puchar Polski PZN 2023-2024 | 2022-2023 | 2021-2022 | 2020-2021 2019-2020 Punktacja i Polpunkty. Klasyfikacja IndywidualnaKlasyfikacja KlubowaKlasyfikacja Klubowa w KategoriachRanking FIS Pol-Punkty i ranking Juniorka M\u0142.Junior M\u0142.M\u0142odziczkaM\u0142odzik Wytyczne obliczania POL-punkt\u00f3w","protected":false},"author":2112,"featured_media":0,"parent":53,"menu_order":0,"comment_status":"closed","ping_status":"closed","template":"page-punktyrankingowe.php","meta":{"_acf_changed":false,"_monsterinsights_skip_tracking":false,"_monsterinsights_sitenote_active":false,"_monsterinsights_sitenote_note":"","_monsterinsights_sitenote_category":0,"footnotes":""},"categories":[],"tags":[],"class_list":["post-34006","page","type-page","status-publish","hentry"],"acf":[],"aioseo_notices":[],"_links":{"self":[{"href":"https:\/\/sport-timing.pl\/pomiar-czasu\/wp-json\/wp\/v2\/pages\/34006","targetHints":{"allow":["GET"]}}],"collection":[{"href":"https:\/\/sport-timing.pl\/pomiar-czasu\/wp-json\/wp\/v2\/pages"}],"about":[{"href":"https:\/\/sport-timing.pl\/pomiar-czasu\/wp-json\/wp\/v2\/types\/page"}],"author":[{"embeddable":true,"href":"https:\/\/sport-timing.pl\/pomiar-czasu\/wp-json\/wp\/v2\/users\/2112"}],"replies":[{"embeddable":true,"href":"https:\/\/sport-timing.pl\/pomiar-czasu\/wp-json\/wp\/v2\/comments?post=34006"}],"version-history":[{"count":3,"href":"https:\/\/sport-timing.pl\/pomiar-czasu\/wp-json\/wp\/v2\/pages\/34006\/revisions"}],"predecessor-version":[{"id":37911,"href":"https:\/\/sport-timing.pl\/pomiar-czasu\/wp-json\/wp\/v2\/pages\/34006\/revisions\/37911"}],"up":[{"embeddable":true,"href":"https:\/\/sport-timing.pl\/pomiar-czasu\/wp-json\/wp\/v2\/pages\/53"}],"wp:attachment":[{"href":"https:\/\/sport-timing.pl\/pomiar-czasu\/wp-json\/wp\/v2\/media?parent=34006"}],"wp:term":[{"taxonomy":"category","embeddable":true,"href":"https:\/\/sport-timing.pl\/pomiar-czasu\/wp-json\/wp\/v2\/categories?post=34006"},{"taxonomy":"post_tag","embeddable":true,"href":"https:\/\/sport-timing.pl\/pomiar-czasu\/wp-json\/wp\/v2\/tags?post=34006"}],"curies":[{"name":"wp","href":"https:\/\/api.w.org\/{rel}","templated":true}]}}