




{"id":33626,"date":"2021-09-21T13:35:29","date_gmt":"2021-09-21T11:35:29","guid":{"rendered":"https:\/\/sport-timing.pl\/pomiar-czasu\/?page_id=33626"},"modified":"2024-08-24T17:04:18","modified_gmt":"2024-08-24T15:04:18","slug":"xxv-jazz-camping-kalatowki","status":"publish","type":"page","link":"https:\/\/sport-timing.pl\/pomiar-czasu\/zapisy-online\/xxv-jazz-camping-kalatowki\/","title":{"rendered":"XXV Jazz Camping Kalat\u00f3wki"},"content":{"rendered":"<div class=\"wpb-content-wrapper\"><p><div class=\"vc_row wpb_row vc_row-fluid\"><div class=\"wpb_column vc_column_container vc_col-sm-12\"><div class=\"vc_column-inner\"><div class=\"wpb_wrapper\">\n\t<div  class=\"wpb_single_image wpb_content_element vc_align_center wpb_content_element\">\n\t\t\n\t\t<figure class=\"wpb_wrapper vc_figure\">\n\t\t\t<div class=\"vc_single_image-wrapper   vc_box_border_grey\"><img width=\"3741\" height=\"992\" src=\"https:\/\/sport-timing.pl\/pomiar-czasu\/content\/uploads\/2021\/09\/Artboard-2@2x-8.png\" class=\"vc_single_image-img attachment-full\" alt=\"\" title=\"Artboard 2@2x-8\" srcset=\"https:\/\/sport-timing.pl\/pomiar-czasu\/content\/uploads\/2021\/09\/Artboard-2@2x-8.png 3741w, https:\/\/sport-timing.pl\/pomiar-czasu\/content\/uploads\/2021\/09\/Artboard-2@2x-8-300x80.png 300w, https:\/\/sport-timing.pl\/pomiar-czasu\/content\/uploads\/2021\/09\/Artboard-2@2x-8-1024x272.png 1024w, https:\/\/sport-timing.pl\/pomiar-czasu\/content\/uploads\/2021\/09\/Artboard-2@2x-8-768x204.png 768w, https:\/\/sport-timing.pl\/pomiar-czasu\/content\/uploads\/2021\/09\/Artboard-2@2x-8-1536x407.png 1536w, https:\/\/sport-timing.pl\/pomiar-czasu\/content\/uploads\/2021\/09\/Artboard-2@2x-8-2048x543.png 2048w\" sizes=\"(max-width: 3741px) 100vw, 3741px\" \/><\/div>\n\t\t<\/figure>\n\t<\/div>\n<\/div><\/div><\/div><\/div><div class=\"vc_row wpb_row vc_row-fluid event_espresso_form_wrapper event-data-display\"><div class=\"wpb_column vc_column_container vc_col-sm-12\"><div class=\"vc_column-inner\"><div class=\"wpb_wrapper\"><div class=\"vc_row wpb_row vc_inner vc_row-fluid\"><div class=\"wpb_column vc_column_container vc_col-sm-4\"><div class=\"vc_column-inner\"><div class=\"wpb_wrapper\"><\/div><\/div><\/div><div class=\"wpb_column vc_column_container vc_col-sm-4\"><div class=\"vc_column-inner\"><div class=\"wpb_wrapper\"><\/div><\/div><\/div><div class=\"wpb_column vc_column_container vc_col-sm-4\"><div class=\"vc_column-inner\"><div class=\"wpb_wrapper\">\n\t<div class=\"wpb_raw_code wpb_raw_html wpb_content_element\" >\n\t\t<div class=\"wpb_wrapper\">\n\t\t\t<div id=\"countdown\"><\/div>\n\t\t<\/div>\n\t<\/div>\n<\/div><\/div><\/div><\/div><\/div><\/div><\/div><\/div><div class=\"vc_row wpb_row vc_row-fluid\"><div class=\"wpb_column vc_column_container vc_col-sm-12\"><div class=\"vc_column-inner\"><div class=\"wpb_wrapper\"><div class=\"vc_empty_space\"   style=\"height: 32px\"><span class=\"vc_empty_space_inner\"><\/span><\/div><div class=\"vc_row wpb_row vc_inner vc_row-fluid\"><div class=\"wpb_column vc_column_container vc_col-sm-2\"><div class=\"vc_column-inner\"><div class=\"wpb_wrapper\"><\/div><\/div><\/div><div class=\"wpb_column vc_column_container vc_col-sm-8\"><div class=\"vc_column-inner\"><div class=\"wpb_wrapper\">\n\t<div class=\"wpb_text_column wpb_content_element\" >\n\t\t<div class=\"wpb_wrapper\">\n\t\t\t<h3>XXV Jazz Camping Kalat\u00f3wki<\/h3>\n<p>Tw\u00f3rcze\u00a0 Spotkania Muzyk\u00f3w Jazzowych- Jazz Camping Kalat\u00f3wki to sta\u0142y punkt w kalendarzu kulturalnym Zakopanego.<\/p>\n<p>Organizatorzy zapraszaj\u0105 codziennie na wieczorne jam- sessions z udzia\u0142em muzyk\u00f3w jazzowych w Hotelu Kalat\u00f3wki,\u00a0 integracje muzyczne<br \/>\nz folklorem regionalnym ,wiecz\u00f3r po\u015bwi\u0119cony \u00a0muzyce Mieczys\u0142awa Kar\u0142owicza w jazzowych aran\u017cacjach i poezji Jana Kasprowicza \u00a0oraz fina\u0142owy koncert w Hotelu Kalat\u00f3wki<\/p>\n<p>w tym roku po\u015bwi\u0119cony zmar\u0142emu niedawno Jerzemu \u201eDudusiowi\u201d Matuszkiewiczowi, wieloletniemu Uczestnikowi i Mecenasowi imprezy.<\/p>\n<p><strong>Program<\/strong><\/p>\n<p>27.09 Poniedzia\u0142ek- inauguracyjna jam session<\/p>\n<p>28.09 Wtorek- Jam session \u2013 Jazz i G\u00f3rale<\/p>\n<p>29.09 \u015aroda- Jam session<\/p>\n<p>30.09 Czwartek- Jam session- muzyka Mieczys\u0142awa Kar\u0142owicza i poezja Jana Kasprowicza<\/p>\n<p>1.10 Pi\u0105tek- Jam session<\/p>\n<p>2.10 Sobota- Koncert Fina\u0142owy- \u00a0wiecz\u00f3r po\u015bwi\u0119cony Jerzemu \u201eDudusiowi\u201d Matuszkiewiczowi<\/p>\n<p><strong>CENA\/INFORMACJE<\/strong><\/p>\n<p><strong>Wej\u015bci\u00f3wka poniedzia\u0142ek\/wtorek\/\u015broda\/czwartek\/pi\u0105tek \u2013 25 z\u0142\/os<\/strong><\/p>\n<p><strong>W ramach wej\u015bci\u00f3wki Organizator zaprasza na drobny pocz\u0119stunek.<\/strong><\/p>\n<p><strong>Bilet wst\u0119pu na koncert fina\u0142owy &#8211; sobota, 2.10 godz.20:00 &#8211; 100 z\u0142\/os (bez pocz\u0119stunku)<\/strong><\/p>\n<p>&nbsp;<\/p>\n<p><strong>Link do strony wydarzenia <\/strong><strong><a href=\"https:\/\/kalatowki.pl\/imprezy.html\">https:\/\/kalatowki.pl\/imprezy.html<\/a><\/strong><\/p>\n<p><strong>Link FB <\/strong><strong><a href=\"https:\/\/www.facebook.com\/kalatowki\">https:\/\/www.facebook.com\/kalatowki<\/a><\/strong><\/p>\n<p><strong>Link Instragram <\/strong><strong><a href=\"https:\/\/www.instagram.com\/kalatowki\/\">@kalatowki<\/a><\/strong><\/p>\n\n\t\t<\/div>\n\t<\/div>\n<\/div><\/div><\/div><div class=\"wpb_column vc_column_container vc_col-sm-2\"><div class=\"vc_column-inner\"><div class=\"wpb_wrapper\"><\/div><\/div><\/div><\/div>\n\t<div class=\"wpb_raw_code wpb_raw_js\" >\n\t\t<div class=\"wpb_wrapper\">\n\t\t\t<script>\nvar timeleft = 120;\nvar downloadTimer = setInterval(function(){\n  if(timeleft <= 0){\n    clearInterval(downloadTimer);\n    document.getElementById(\"countdown\").innerHTML = \"Twoja sesja wygas\u0142a. Zacznij od nowa.\";\nalert(\"Twoja sesja wygas\u0142a. Zacznij od nowa.\");\nwindow.location.reload();\n  } else {\n    document.getElementById(\"countdown\").innerHTML = \"Twoja sesja wyga\u015bnie za \" + timeleft + \" sekund\";\n  }\n  timeleft -= 1;\n}, 1000);\n<\/script>\n\t\t<\/div>\n\t<\/div>\n<\/div><\/div><\/div><\/div><\/p>\n<\/div>","protected":false},"excerpt":{"rendered":"XXV Jazz Camping Kalat\u00f3wki Tw\u00f3rcze\u00a0 Spotkania Muzyk\u00f3w Jazzowych- Jazz Camping Kalat\u00f3wki to sta\u0142y punkt w kalendarzu kulturalnym Zakopanego. Organizatorzy zapraszaj\u0105 codziennie na wieczorne jam- sessions z udzia\u0142em muzyk\u00f3w jazzowych w Hotelu Kalat\u00f3wki,\u00a0 integracje muzyczne z folklorem regionalnym ,wiecz\u00f3r po\u015bwi\u0119cony \u00a0muzyce Mieczys\u0142awa Kar\u0142owicza w jazzowych aran\u017cacjach i poezji Jana Kasprowicza \u00a0oraz fina\u0142owy koncert w Hotelu Kalat\u00f3wki w tym roku po\u015bwi\u0119cony zmar\u0142emu niedawno Jerzemu \u201eDudusiowi\u201d Matuszkiewiczowi, wieloletniemu Uczestnikowi i Mecenasowi imprezy. Program 27.09 Poniedzia\u0142ek- inauguracyjna jam session 28.09 Wtorek- Jam session \u2013 Jazz i G\u00f3rale 29.09 \u015aroda- Jam session 30.09 Czwartek- Jam session- muzyka Mieczys\u0142awa Kar\u0142owicza i poezja Jana Kasprowicza 1.10 Pi\u0105tek- Jam session 2.10 Sobota- Koncert Fina\u0142owy- \u00a0wiecz\u00f3r po\u015bwi\u0119cony Jerzemu \u201eDudusiowi\u201d Matuszkiewiczowi CENA\/INFORMACJE Wej\u015bci\u00f3wka poniedzia\u0142ek\/wtorek\/\u015broda\/czwartek\/pi\u0105tek \u2013 25 z\u0142\/os W ramach wej\u015bci\u00f3wki Organizator zaprasza na drobny pocz\u0119stunek. Bilet wst\u0119pu na koncert fina\u0142owy - sobota, 2.10 godz.20:00 - 100 z\u0142\/os (bez pocz\u0119stunku) &nbsp; Link do strony wydarzenia https:\/\/kalatowki.pl\/imprezy.html Link FB https:\/\/www.facebook.com\/kalatowki Link Instragram @kalatowki","protected":false},"author":2112,"featured_media":0,"parent":39880,"menu_order":0,"comment_status":"closed","ping_status":"closed","template":"page-zapisy.php","meta":{"_acf_changed":false,"_monsterinsights_skip_tracking":false,"_monsterinsights_sitenote_active":false,"_monsterinsights_sitenote_note":"","_monsterinsights_sitenote_category":0,"footnotes":""},"categories":[],"tags":[],"class_list":["post-33626","page","type-page","status-publish","hentry"],"acf":[],"aioseo_notices":[],"_links":{"self":[{"href":"https:\/\/sport-timing.pl\/pomiar-czasu\/wp-json\/wp\/v2\/pages\/33626","targetHints":{"allow":["GET"]}}],"collection":[{"href":"https:\/\/sport-timing.pl\/pomiar-czasu\/wp-json\/wp\/v2\/pages"}],"about":[{"href":"https:\/\/sport-timing.pl\/pomiar-czasu\/wp-json\/wp\/v2\/types\/page"}],"author":[{"embeddable":true,"href":"https:\/\/sport-timing.pl\/pomiar-czasu\/wp-json\/wp\/v2\/users\/2112"}],"replies":[{"embeddable":true,"href":"https:\/\/sport-timing.pl\/pomiar-czasu\/wp-json\/wp\/v2\/comments?post=33626"}],"version-history":[{"count":20,"href":"https:\/\/sport-timing.pl\/pomiar-czasu\/wp-json\/wp\/v2\/pages\/33626\/revisions"}],"predecessor-version":[{"id":33708,"href":"https:\/\/sport-timing.pl\/pomiar-czasu\/wp-json\/wp\/v2\/pages\/33626\/revisions\/33708"}],"up":[{"embeddable":true,"href":"https:\/\/sport-timing.pl\/pomiar-czasu\/wp-json\/wp\/v2\/pages\/39880"}],"wp:attachment":[{"href":"https:\/\/sport-timing.pl\/pomiar-czasu\/wp-json\/wp\/v2\/media?parent=33626"}],"wp:term":[{"taxonomy":"category","embeddable":true,"href":"https:\/\/sport-timing.pl\/pomiar-czasu\/wp-json\/wp\/v2\/categories?post=33626"},{"taxonomy":"post_tag","embeddable":true,"href":"https:\/\/sport-timing.pl\/pomiar-czasu\/wp-json\/wp\/v2\/tags?post=33626"}],"curies":[{"name":"wp","href":"https:\/\/api.w.org\/{rel}","templated":true}]}}