




{"id":28100,"date":"2019-01-14T12:03:00","date_gmt":"2019-01-14T11:03:00","guid":{"rendered":"https:\/\/sport-timing.pl\/pomiar-czasu\/?page_id=28100"},"modified":"2021-03-16T14:49:14","modified_gmt":"2021-03-16T13:49:14","slug":"junior-c","status":"publish","type":"page","link":"https:\/\/sport-timing.pl\/pomiar-czasu\/wyniki-zawodow\/punkty-rankingowe-2022-2023\/junior-c\/","title":{"rendered":"M\u0142odzik"},"content":{"rendered":"<div class=\"wpb-content-wrapper\"><p><div class=\"vc_row wpb_row vc_row-fluid\"><div class=\"wpb_column vc_column_container vc_col-sm-12\"><div class=\"vc_column-inner\"><div class=\"wpb_wrapper\">\n\t<div class=\"wpb_raw_code wpb_raw_html wpb_content_element\" >\n\t\t<div class=\"wpb_wrapper\">\n\t\t\t<style>\/*! elementor - v3.23.0 - 05-08-2024 *\/\n.elementor-widget-image{text-align:center}.elementor-widget-image a{display:inline-block}.elementor-widget-image a img[src$=\".svg\"]{width:48px}.elementor-widget-image img{vertical-align:middle;display:inline-block}<\/style>\n<p>\t\t\t\t\t\t\t\t\t\t<img width=\"784\" height=\"452\" src=\"https:\/\/sport-timing.pl\/pomiar-czasu\/content\/uploads\/2020\/01\/polski-mistrz-solo-red.jpg\" alt=\"\" srcset=\"https:\/\/sport-timing.pl\/pomiar-czasu\/content\/uploads\/2020\/01\/polski-mistrz-solo-red.jpg 784w, https:\/\/sport-timing.pl\/pomiar-czasu\/content\/uploads\/2020\/01\/polski-mistrz-solo-red-300x173.jpg 300w, https:\/\/sport-timing.pl\/pomiar-czasu\/content\/uploads\/2020\/01\/polski-mistrz-solo-red-768x443.jpg 768w\" sizes=\"(max-width: 784px) 100vw, 784px\" \/><br \/>\n\t\t\t\t\t\t\t\t\t\t\t\t\t<img width=\"400\" height=\"250\" src=\"https:\/\/sport-timing.pl\/pomiar-czasu\/content\/uploads\/2019\/01\/pzn-logo.png\" alt=\"\" \/>\t\t\t\t\t\t\t\t\t\t\t\t\t<\/p>\n<style>\/*! elementor - v3.23.0 - 05-08-2024 *\/\n.elementor-widget-divider{--divider-border-style:none;--divider-border-width:1px;--divider-color:#0c0d0e;--divider-icon-size:20px;--divider-element-spacing:10px;--divider-pattern-height:24px;--divider-pattern-size:20px;--divider-pattern-url:none;--divider-pattern-repeat:repeat-x}.elementor-widget-divider .elementor-divider{display:flex}.elementor-widget-divider .elementor-divider__text{font-size:15px;line-height:1;max-width:95%}.elementor-widget-divider .elementor-divider__element{margin:0 var(--divider-element-spacing);flex-shrink:0}.elementor-widget-divider .elementor-icon{font-size:var(--divider-icon-size)}.elementor-widget-divider .elementor-divider-separator{display:flex;margin:0;direction:ltr}.elementor-widget-divider--view-line_icon .elementor-divider-separator,.elementor-widget-divider--view-line_text .elementor-divider-separator{align-items:center}.elementor-widget-divider--view-line_icon .elementor-divider-separator:after,.elementor-widget-divider--view-line_icon .elementor-divider-separator:before,.elementor-widget-divider--view-line_text .elementor-divider-separator:after,.elementor-widget-divider--view-line_text .elementor-divider-separator:before{display:block;content:\"\";border-block-end:0;flex-grow:1;border-block-start:var(--divider-border-width) var(--divider-border-style) var(--divider-color)}.elementor-widget-divider--element-align-left .elementor-divider .elementor-divider-separator>.elementor-divider__svg:first-of-type{flex-grow:0;flex-shrink:100}.elementor-widget-divider--element-align-left .elementor-divider-separator:before{content:none}.elementor-widget-divider--element-align-left .elementor-divider__element{margin-left:0}.elementor-widget-divider--element-align-right .elementor-divider .elementor-divider-separator>.elementor-divider__svg:last-of-type{flex-grow:0;flex-shrink:100}.elementor-widget-divider--element-align-right .elementor-divider-separator:after{content:none}.elementor-widget-divider--element-align-right .elementor-divider__element{margin-right:0}.elementor-widget-divider--element-align-start .elementor-divider .elementor-divider-separator>.elementor-divider__svg:first-of-type{flex-grow:0;flex-shrink:100}.elementor-widget-divider--element-align-start .elementor-divider-separator:before{content:none}.elementor-widget-divider--element-align-start .elementor-divider__element{margin-inline-start:0}.elementor-widget-divider--element-align-end .elementor-divider .elementor-divider-separator>.elementor-divider__svg:last-of-type{flex-grow:0;flex-shrink:100}.elementor-widget-divider--element-align-end .elementor-divider-separator:after{content:none}.elementor-widget-divider--element-align-end .elementor-divider__element{margin-inline-end:0}.elementor-widget-divider:not(.elementor-widget-divider--view-line_text):not(.elementor-widget-divider--view-line_icon) .elementor-divider-separator{border-block-start:var(--divider-border-width) var(--divider-border-style) var(--divider-color)}.elementor-widget-divider--separator-type-pattern{--divider-border-style:none}.elementor-widget-divider--separator-type-pattern.elementor-widget-divider--view-line .elementor-divider-separator,.elementor-widget-divider--separator-type-pattern:not(.elementor-widget-divider--view-line) .elementor-divider-separator:after,.elementor-widget-divider--separator-type-pattern:not(.elementor-widget-divider--view-line) .elementor-divider-separator:before,.elementor-widget-divider--separator-type-pattern:not([class*=elementor-widget-divider--view]) .elementor-divider-separator{width:100%;min-height:var(--divider-pattern-height);-webkit-mask-size:var(--divider-pattern-size) 100%;mask-size:var(--divider-pattern-size) 100%;-webkit-mask-repeat:var(--divider-pattern-repeat);mask-repeat:var(--divider-pattern-repeat);background-color:var(--divider-color);-webkit-mask-image:var(--divider-pattern-url);mask-image:var(--divider-pattern-url)}.elementor-widget-divider--no-spacing{--divider-pattern-size:auto}.elementor-widget-divider--bg-round{--divider-pattern-repeat:round}.rtl .elementor-widget-divider .elementor-divider__text{direction:rtl}.e-con-inner>.elementor-widget-divider,.e-con>.elementor-widget-divider{width:var(--container-widget-width,100%);--flex-grow:var(--container-widget-flex-grow)}<\/style>\n<style>\/*! elementor - v3.23.0 - 05-08-2024 *\/\n.elementor-heading-title{padding:0;margin:0;line-height:1}.elementor-widget-heading .elementor-heading-title[class*=elementor-size-]>a{color:inherit;font-size:inherit;line-height:inherit}.elementor-widget-heading .elementor-heading-title.elementor-size-small{font-size:15px}.elementor-widget-heading .elementor-heading-title.elementor-size-medium{font-size:19px}.elementor-widget-heading .elementor-heading-title.elementor-size-large{font-size:29px}.elementor-widget-heading .elementor-heading-title.elementor-size-xl{font-size:39px}.elementor-widget-heading .elementor-heading-title.elementor-size-xxl{font-size:59px}<\/style>\n<h2>M\u0142odzie\u017cowy Puchar Polski PZN<\/h2>\n<h3>2024\/2025<\/h3>\n<h2>Nowy system rankingowy<\/h2>\n<p>\t\t\t\t\t\t\t\t\t\t\t\t\t\t<a href=\"https:\/\/plrank.sport-timing.pl\/\"><br \/>\n\t\t\t\t\t\t\t<img width=\"960\" height=\"362\" src=\"https:\/\/sport-timing.pl\/pomiar-czasu\/content\/uploads\/2025\/10\/logo-1024x386.png\" alt=\"\" srcset=\"https:\/\/sport-timing.pl\/pomiar-czasu\/content\/uploads\/2025\/10\/logo-1024x386.png 1024w, https:\/\/sport-timing.pl\/pomiar-czasu\/content\/uploads\/2025\/10\/logo-300x113.png 300w, https:\/\/sport-timing.pl\/pomiar-czasu\/content\/uploads\/2025\/10\/logo-768x289.png 768w, https:\/\/sport-timing.pl\/pomiar-czasu\/content\/uploads\/2025\/10\/logo.png 1689w\" sizes=\"(max-width: 960px) 100vw, 960px\" \/>\t\t\t\t\t\t\t\t<\/a><br \/>\n\t\t\t\t\t\t\t\t\t\t\t\t\t\t<a href=\"https:\/\/plrank.sport-timing.pl\/\"><br \/>\n\t\t\t\t\t\t\t<img width=\"960\" height=\"665\" src=\"https:\/\/sport-timing.pl\/pomiar-czasu\/content\/uploads\/2025\/10\/pl_rank_1-1024x709.png\" alt=\"\" srcset=\"https:\/\/sport-timing.pl\/pomiar-czasu\/content\/uploads\/2025\/10\/pl_rank_1-1024x709.png 1024w, https:\/\/sport-timing.pl\/pomiar-czasu\/content\/uploads\/2025\/10\/pl_rank_1-300x208.png 300w, https:\/\/sport-timing.pl\/pomiar-czasu\/content\/uploads\/2025\/10\/pl_rank_1-768x532.png 768w, https:\/\/sport-timing.pl\/pomiar-czasu\/content\/uploads\/2025\/10\/pl_rank_1.png 1200w\" sizes=\"(max-width: 960px) 100vw, 960px\" \/>\t\t\t\t\t\t\t\t<\/a><br \/>\n\t\t\t\t\t\t\t\t\t\t\t\t\t\t<a href=\"https:\/\/plrank.sport-timing.pl\/\"><br \/>\n\t\t\t\t\t\t\t<img width=\"960\" height=\"637\" src=\"https:\/\/sport-timing.pl\/pomiar-czasu\/content\/uploads\/2025\/10\/pl_rank-1024x679.png\" alt=\"\" srcset=\"https:\/\/sport-timing.pl\/pomiar-czasu\/content\/uploads\/2025\/10\/pl_rank-1024x679.png 1024w, https:\/\/sport-timing.pl\/pomiar-czasu\/content\/uploads\/2025\/10\/pl_rank-300x199.png 300w, https:\/\/sport-timing.pl\/pomiar-czasu\/content\/uploads\/2025\/10\/pl_rank-768x509.png 768w, https:\/\/sport-timing.pl\/pomiar-czasu\/content\/uploads\/2025\/10\/pl_rank.png 1200w\" sizes=\"(max-width: 960px) 100vw, 960px\" \/>\t\t\t\t\t\t\t\t<\/a><br \/>\n\t\t\t<a href=\"https:\/\/plrank.sport-timing.pl\/\" target=\"_blank\"><br \/>\n\t\t\t\t\t\t\t\t\tPrzejdz do pl_Rank<br \/>\n\t\t\t\t\t<\/a><\/p>\n<h4>Sezony: <a href=\"https:\/\/sport-timing.pl\/pomiar-czasu\/wyniki-zawodow\/punkty-rankingowe-2023-2024\">2023-2024<\/a> | <a href=\"https:\/\/sport-timing.pl\/pomiar-czasu\/wyniki-zawodow\/punkty-rankingowe-2022-2023\">2022-2023<\/a> | <a href=\"https:\/\/sport-timing.pl\/pomiar-czasu\/wyniki-zawodow\/punkty-rankingowe-2021-2022\/\">2021-2022<\/a> | <a href=\"https:\/\/sport-timing.pl\/pomiar-czasu\/wyniki-zawodow\/punkty-rankingowe-2020-2021\/\">2020-2021 <\/a> | <a href=\"https:\/\/sport-timing.pl\/pomiar-czasu\/wyniki-zawodow\/punkty-rankingowe-2019-2020\/\">2019-2020<\/a><\/h4>\n<p>\t\t\t<a href=\"https:\/\/sport-timing.pl\/pomiar-czasu\/wyniki-zawodow\/punkty-rankingowe\/\"><br \/>\n\t\t\t\t\t\t\t\t\tPowr\u00f3t<br \/>\n\t\t\t\t\t<\/a><\/p>\n<h2>Op\u0142a\u0107 PolPunkty<\/h2>\n<h5>Szybka p\u0142atno\u015bc On-Line<\/h5>\n<p>\t\t\t<a href=\"https:\/\/sport-timing.pl\/pomiar-czasu\/zapisy-online\/polpunkty-platnosc\/\"><br \/>\n\t\t\t\t\t\t\t\t\tPrzejdz do zam\u00f3wienia<br \/>\n\t\t\t\t\t<\/a><br \/>\n\t\t\t<a href=\"https:\/\/sport-timing.pl\/pomiar-czasu\/wyniki-zawodow\/poppunkty-status-zawodnikow\/\"><br \/>\n\t\t\t\t\t\t\t\t\tSprawdz status p\u0142atno\u015bci<br \/>\n\t\t\t\t\t<\/a><br \/>\n\t\t\t<a href=\"https:\/\/sport-timing.pl\/pomiar-czasu\/content\/uploads\/2025\/01\/WYTYCZNE-OBLICZANIA-POL-2024-2025.pdf\" target=\"_blank\"><br \/>\n\t\t\t\t\t\t\t\t\tWytyczne obliczania<br \/>POL-punkt\u00f3w<br \/>\n\t\t\t\t\t<\/a><\/p>\n\n\t\t<\/div>\n\t<\/div>\n<\/div><\/div><\/div><\/div><div class=\"vc_row wpb_row vc_row-fluid\"><div class=\"wpb_column vc_column_container vc_col-sm-6\"><div class=\"vc_column-inner\"><div class=\"wpb_wrapper\">\n\t<div class=\"wpb_text_column wpb_content_element\" >\n\t\t<div class=\"wpb_wrapper\">\n\t\t\t<h3>M\u0142odzik<\/h3>\n\n\t\t<\/div>\n\t<\/div>\n<\/div><\/div><\/div><div class=\"wpb_column vc_column_container vc_col-sm-6\"><div class=\"vc_column-inner\"><div class=\"wpb_wrapper\">\n\t<div class=\"wpb_text_column wpb_content_element mod-date\" >\n\t\t<div class=\"wpb_wrapper\">\n\t\t\t<p style=\"text-align: right;\">Zakualizowano: <strong>2021\/03\/16 14:49 <\/strong><\/p>\n\n\t\t<\/div>\n\t<\/div>\n<\/div><\/div><\/div><\/div><div class=\"vc_row wpb_row vc_row-fluid\"><div class=\"wpb_column vc_column_container vc_col-sm-12\"><div class=\"vc_column-inner\"><div class=\"wpb_wrapper\">\n\t<div class=\"wpb_raw_code wpb_raw_html wpb_content_element\" >\n\t\t<div class=\"wpb_wrapper\">\n\t\t\t\n<div class=\"container2\">\n<div class=\"table-responsive\">\n<table class=\"table table-striped table-bordered\" id=\"data-table\">\n<thead>\n<tr>\n<th>Lp.<\/th>\n<th>Nr Lic.<\/th>\n<th>Nazwisko i Imi\u0119<\/th>\n<th>Rok<\/th>\n<th>Klub<\/th>\n<th>Rank PZN SL<\/th>\n<th>Pol SL<\/th>\n<th>Rank PZN GS<\/th>\n<th>Pol GS<\/th>\n<th>Rank PZN SG<\/th>\n<th>Pol SG<\/th>\n<th>Rank PZN SC<\/th>\n<th>Pol SC<\/th>\n<\/tr>\n<\/thead>\n<\/table><\/div>\n<\/p><\/div>\n\n\t\t<\/div>\n\t<\/div>\n<\/div><\/div><\/div><\/div><\/p>\n<\/div>","protected":false},"excerpt":{"rendered":"M\u0142odzie\u017cowy Puchar Polski PZN 2024\/2025 Nowy system rankingowy Przejdz do pl_Rank Sezony: 2023-2024 | 2022-2023 | 2021-2022 | 2020-2021 | 2019-2020 Powr\u00f3t Op\u0142a\u0107 PolPunkty Szybka p\u0142atno\u015bc On-Line Przejdz do zam\u00f3wienia Sprawdz status p\u0142atno\u015bci Wytyczne obliczaniaPOL-punkt\u00f3w M\u0142odzik Zakualizowano: 2021\/03\/16 14:49 Lp. Nr Lic. Nazwisko i Imi\u0119 Rok Klub Rank PZN SL Pol SL Rank PZN GS Pol GS Rank PZN SG Pol SG Rank PZN SC Pol SC","protected":false},"author":2112,"featured_media":0,"parent":28041,"menu_order":0,"comment_status":"closed","ping_status":"closed","template":"page-punktyrankingowe.php","meta":{"_acf_changed":false,"_monsterinsights_skip_tracking":false,"_monsterinsights_sitenote_active":false,"_monsterinsights_sitenote_note":"","_monsterinsights_sitenote_category":0,"footnotes":""},"categories":[],"tags":[],"class_list":["post-28100","page","type-page","status-publish","hentry"],"acf":[],"aioseo_notices":[],"_links":{"self":[{"href":"https:\/\/sport-timing.pl\/pomiar-czasu\/wp-json\/wp\/v2\/pages\/28100","targetHints":{"allow":["GET"]}}],"collection":[{"href":"https:\/\/sport-timing.pl\/pomiar-czasu\/wp-json\/wp\/v2\/pages"}],"about":[{"href":"https:\/\/sport-timing.pl\/pomiar-czasu\/wp-json\/wp\/v2\/types\/page"}],"author":[{"embeddable":true,"href":"https:\/\/sport-timing.pl\/pomiar-czasu\/wp-json\/wp\/v2\/users\/2112"}],"replies":[{"embeddable":true,"href":"https:\/\/sport-timing.pl\/pomiar-czasu\/wp-json\/wp\/v2\/comments?post=28100"}],"version-history":[{"count":31,"href":"https:\/\/sport-timing.pl\/pomiar-czasu\/wp-json\/wp\/v2\/pages\/28100\/revisions"}],"predecessor-version":[{"id":32938,"href":"https:\/\/sport-timing.pl\/pomiar-czasu\/wp-json\/wp\/v2\/pages\/28100\/revisions\/32938"}],"up":[{"embeddable":true,"href":"https:\/\/sport-timing.pl\/pomiar-czasu\/wp-json\/wp\/v2\/pages\/28041"}],"wp:attachment":[{"href":"https:\/\/sport-timing.pl\/pomiar-czasu\/wp-json\/wp\/v2\/media?parent=28100"}],"wp:term":[{"taxonomy":"category","embeddable":true,"href":"https:\/\/sport-timing.pl\/pomiar-czasu\/wp-json\/wp\/v2\/categories?post=28100"},{"taxonomy":"post_tag","embeddable":true,"href":"https:\/\/sport-timing.pl\/pomiar-czasu\/wp-json\/wp\/v2\/tags?post=28100"}],"curies":[{"name":"wp","href":"https:\/\/api.w.org\/{rel}","templated":true}]}}