




{"id":27542,"date":"2018-09-11T11:18:22","date_gmt":"2018-09-11T10:18:22","guid":{"rendered":"https:\/\/sport-timing.pl\/pomiar-czasu\/?page_id=27542"},"modified":"2024-08-24T17:04:20","modified_gmt":"2024-08-24T15:04:20","slug":"run-and-roll-jaslo-2018-biegi-uliczne-i-jazda-szybka-na-rolkach-i-nartorolkach","status":"publish","type":"page","link":"https:\/\/sport-timing.pl\/pomiar-czasu\/zapisy-online\/run-and-roll-jaslo-2018-biegi-uliczne-i-jazda-szybka-na-rolkach-i-nartorolkach\/","title":{"rendered":"Run and Roll Jas\u0142o 2018 &#8211; Biegi Uliczne i Jazda Szybka na Rolkach i Nartorolkach"},"content":{"rendered":"<div class=\"wpb-content-wrapper\"><p><div class=\"vc_row wpb_row vc_row-fluid event_espresso_form_wrapper event-data-display\"><div class=\"wpb_column vc_column_container vc_col-sm-12\"><div class=\"vc_column-inner\"><div class=\"wpb_wrapper\"><div class=\"vc_message_box vc_message_box-outline vc_message_box-square vc_color-info vc_do_message\" ><div class=\"vc_message_box-icon\"><i class=\"fas fa-info-circle\"><\/i><\/div><p>Informujemy, i\u017c firma Sport-Timing.pl nie zabezpiecza\u0142a techniczne oraz nie przeprowadza\u0142a pomiaru czasu na imprezie sportowej \u201eRun and Rollspeed Jas\u0142o 2018\u201d organizowanej przez Klub SPEED Jas\u0142o. Nasza firma udost\u0119pnia\u0142a jedynie system zapis\u00f3w On-Line. Wyniki z tego wydarzenia s\u0105 dost\u0119pne na stronach organizatora, natomiast nie zosta\u0142y zebrane oraz opracowane przez firm\u0119 Sport-Timing.pl<\/p>\n<\/div><\/div><\/div><\/div><\/div><div class=\"vc_row wpb_row vc_row-fluid\"><div class=\"wpb_column vc_column_container vc_col-sm-12\"><div class=\"vc_column-inner\"><div class=\"wpb_wrapper\">\n\t<div class=\"wpb_raw_code wpb_raw_js\" >\n\t\t<div class=\"wpb_wrapper\">\n\t\t\t\n\t\t<\/div>\n\t<\/div>\n<\/div><\/div><\/div><\/div><\/p>\n<\/div>","protected":false},"excerpt":{"rendered":"Informujemy, i\u017c firma Sport-Timing.pl nie zabezpiecza\u0142a techniczne oraz nie przeprowadza\u0142a pomiaru czasu na imprezie sportowej \u201eRun and Rollspeed Jas\u0142o 2018\u201d organizowanej przez Klub SPEED Jas\u0142o. Nasza firma udost\u0119pnia\u0142a jedynie system zapis\u00f3w On-Line. Wyniki z tego wydarzenia s\u0105 dost\u0119pne na stronach organizatora, natomiast nie zosta\u0142y zebrane oraz opracowane przez firm\u0119 Sport-Timing.pl","protected":false},"author":2112,"featured_media":0,"parent":39880,"menu_order":0,"comment_status":"closed","ping_status":"closed","template":"page-zapisy.php","meta":{"_acf_changed":false,"_monsterinsights_skip_tracking":false,"_monsterinsights_sitenote_active":false,"_monsterinsights_sitenote_note":"","_monsterinsights_sitenote_category":0,"footnotes":""},"categories":[],"tags":[],"class_list":["post-27542","page","type-page","status-publish","hentry"],"acf":[],"aioseo_notices":[],"_links":{"self":[{"href":"https:\/\/sport-timing.pl\/pomiar-czasu\/wp-json\/wp\/v2\/pages\/27542","targetHints":{"allow":["GET"]}}],"collection":[{"href":"https:\/\/sport-timing.pl\/pomiar-czasu\/wp-json\/wp\/v2\/pages"}],"about":[{"href":"https:\/\/sport-timing.pl\/pomiar-czasu\/wp-json\/wp\/v2\/types\/page"}],"author":[{"embeddable":true,"href":"https:\/\/sport-timing.pl\/pomiar-czasu\/wp-json\/wp\/v2\/users\/2112"}],"replies":[{"embeddable":true,"href":"https:\/\/sport-timing.pl\/pomiar-czasu\/wp-json\/wp\/v2\/comments?post=27542"}],"version-history":[{"count":3,"href":"https:\/\/sport-timing.pl\/pomiar-czasu\/wp-json\/wp\/v2\/pages\/27542\/revisions"}],"predecessor-version":[{"id":27742,"href":"https:\/\/sport-timing.pl\/pomiar-czasu\/wp-json\/wp\/v2\/pages\/27542\/revisions\/27742"}],"up":[{"embeddable":true,"href":"https:\/\/sport-timing.pl\/pomiar-czasu\/wp-json\/wp\/v2\/pages\/39880"}],"wp:attachment":[{"href":"https:\/\/sport-timing.pl\/pomiar-czasu\/wp-json\/wp\/v2\/media?parent=27542"}],"wp:term":[{"taxonomy":"category","embeddable":true,"href":"https:\/\/sport-timing.pl\/pomiar-czasu\/wp-json\/wp\/v2\/categories?post=27542"},{"taxonomy":"post_tag","embeddable":true,"href":"https:\/\/sport-timing.pl\/pomiar-czasu\/wp-json\/wp\/v2\/tags?post=27542"}],"curies":[{"name":"wp","href":"https:\/\/api.w.org\/{rel}","templated":true}]}}