




{"id":27311,"date":"2018-06-21T11:23:05","date_gmt":"2018-06-21T10:23:05","guid":{"rendered":"https:\/\/sport-timing.pl\/pomiar-czasu\/?page_id=27311"},"modified":"2024-08-24T17:04:21","modified_gmt":"2024-08-24T15:04:21","slug":"xv-ogolnopolskie-mistrzostwa-mazur-w-plywaniu-dlugodystansowym-wilkasy-2018","status":"publish","type":"page","link":"https:\/\/sport-timing.pl\/pomiar-czasu\/zapisy-online\/xv-ogolnopolskie-mistrzostwa-mazur-w-plywaniu-dlugodystansowym-wilkasy-2018\/","title":{"rendered":"XV Og\u00f3lnopolskie Mistrzostwa Mazur w P\u0142ywaniu D\u0142ugodystansowym WILKASY 2018"},"content":{"rendered":"<div class=\"wpb-content-wrapper\"><p><div class=\"vc_row wpb_row vc_row-fluid event_espresso_form_wrapper event-data-display\"><div class=\"wpb_column vc_column_container vc_col-sm-12\"><div class=\"vc_column-inner\"><div class=\"wpb_wrapper\"><\/div><\/div><\/div><\/div><div class=\"vc_row wpb_row vc_row-fluid\"><div class=\"wpb_column vc_column_container vc_col-sm-12\"><div class=\"vc_column-inner\"><div class=\"wpb_wrapper\">\n\t<div class=\"wpb_raw_code wpb_raw_js\" >\n\t\t<div class=\"wpb_wrapper\">\n\t\t\t\n\t\t<\/div>\n\t<\/div>\n<\/div><\/div><\/div><\/div><\/p>\n<\/div>","protected":false},"excerpt":{"rendered":"","protected":false},"author":2112,"featured_media":0,"parent":39880,"menu_order":0,"comment_status":"closed","ping_status":"closed","template":"page-zapisy.php","meta":{"_acf_changed":false,"_monsterinsights_skip_tracking":false,"_monsterinsights_sitenote_active":false,"_monsterinsights_sitenote_note":"","_monsterinsights_sitenote_category":0,"footnotes":""},"categories":[],"tags":[],"class_list":["post-27311","page","type-page","status-publish","hentry"],"acf":[],"aioseo_notices":[],"_links":{"self":[{"href":"https:\/\/sport-timing.pl\/pomiar-czasu\/wp-json\/wp\/v2\/pages\/27311","targetHints":{"allow":["GET"]}}],"collection":[{"href":"https:\/\/sport-timing.pl\/pomiar-czasu\/wp-json\/wp\/v2\/pages"}],"about":[{"href":"https:\/\/sport-timing.pl\/pomiar-czasu\/wp-json\/wp\/v2\/types\/page"}],"author":[{"embeddable":true,"href":"https:\/\/sport-timing.pl\/pomiar-czasu\/wp-json\/wp\/v2\/users\/2112"}],"replies":[{"embeddable":true,"href":"https:\/\/sport-timing.pl\/pomiar-czasu\/wp-json\/wp\/v2\/comments?post=27311"}],"version-history":[{"count":1,"href":"https:\/\/sport-timing.pl\/pomiar-czasu\/wp-json\/wp\/v2\/pages\/27311\/revisions"}],"predecessor-version":[{"id":27312,"href":"https:\/\/sport-timing.pl\/pomiar-czasu\/wp-json\/wp\/v2\/pages\/27311\/revisions\/27312"}],"up":[{"embeddable":true,"href":"https:\/\/sport-timing.pl\/pomiar-czasu\/wp-json\/wp\/v2\/pages\/39880"}],"wp:attachment":[{"href":"https:\/\/sport-timing.pl\/pomiar-czasu\/wp-json\/wp\/v2\/media?parent=27311"}],"wp:term":[{"taxonomy":"category","embeddable":true,"href":"https:\/\/sport-timing.pl\/pomiar-czasu\/wp-json\/wp\/v2\/categories?post=27311"},{"taxonomy":"post_tag","embeddable":true,"href":"https:\/\/sport-timing.pl\/pomiar-czasu\/wp-json\/wp\/v2\/tags?post=27311"}],"curies":[{"name":"wp","href":"https:\/\/api.w.org\/{rel}","templated":true}]}}