




{"id":27141,"date":"2018-05-24T21:06:19","date_gmt":"2018-05-24T20:06:19","guid":{"rendered":"https:\/\/sport-timing.pl\/pomiar-czasu\/?page_id=27141"},"modified":"2019-08-06T11:44:54","modified_gmt":"2019-08-06T10:44:54","slug":"polityka-prywatnosci-3","status":"publish","type":"page","link":"https:\/\/sport-timing.pl\/pomiar-czasu\/polityka-prywatnosci-3\/","title":{"rendered":"Polityka Prywatno\u015bci"},"content":{"rendered":"<div class=\"wpb-content-wrapper\"><div class=\"vc_row wpb_row vc_row-fluid\"><div class=\"wpb_column vc_column_container vc_col-sm-12\"><div class=\"vc_column-inner\"><div class=\"wpb_wrapper\">\n\t<div class=\"wpb_text_column wpb_content_element\" >\n\t\t<div class=\"wpb_wrapper\">\n\t\t\t<h1>Polityka Prywatno\u015bci<\/h1>\n<p>Sport-Timing Poland zajmuje si\u0119 profesjonaln\u0105 obs\u0142ug\u0105 zawod\u00f3w sportowych w zakresie zbierania zapis\u00f3w, pomiaru czasu, publikowania wynik\u00f3w w Internecie na \u017cywo, oraz po zawodach. W zwi\u0105zku z tym prowadzimy serwis na kt\u00f3rym przetwarzamy dane os\u00f3b kt\u00f3re startuj\u0105 w zawodach sportowych.<\/p>\n<h2>Portal Zapis\u00f3w<\/h2>\n<p>Miejsce gdzie u\u017cytkownicy mog\u0105 zg\u0142osi\u0107 si\u0119 do zawod\u00f3w i gdzie przechowywane s\u0105 ich wyniki. Na potrzeby portalu zapis\u00f3w zawodnik podczas rejestracji musi poda\u0107 nast\u0119puj\u0105ce dane osobowe:<\/p>\n<ul>\n<li>Imi\u0119 i nazwisko<\/li>\n<li>P\u0142e\u0107<\/li>\n<li>Rok urodzenia<\/li>\n<li>Miasto<\/li>\n<li>Klub<\/li>\n<li>Adres E-mail<\/li>\n<li>Kraj w jakim mieszka<\/li>\n<li>Narodowo\u015b\u0107<\/li>\n<li>Numer telefonu kom\u00f3rkowego<\/li>\n<\/ul>\n<p>Poza tymi danymi w portalu przechowujemy histori\u0119 start\u00f3w i zg\u0142osze\u0144 u\u017cytkownika, dzi\u0119ki czemu mo\u017ce on analizowa\u0107 swoje post\u0119py i pilnowa\u0107 czy dokona\u0142 ju\u017c wszelkich formalno\u015bci zwi\u0105zanych ze startami w wielu imprezach. Dane te s\u0105 publicznie dost\u0119pne, je\u015bli nie chcesz ich pokazywa\u0107 innym osobom mo\u017cesz to zastrzec.<\/p>\n<p>W ka\u017cdej chwili u\u017cytkownik mo\u017ce edytowa\u0107 swoje dane, kt\u00f3rych edycja jest mo\u017cliwa tylko i wy\u0142\u0105cznie przez uprawnionego pracownika firmy Sport-Timing Poland. Mo\u017cna jej dokona\u0107 pisz\u0105c pro\u015bb\u0119 na adres e-mail:\u00a0biuro@sport-timing.pl.\u00a0<strong>Pami\u0119taj, \u017ce konta nie mo\u017cna udost\u0119pnia\u0107, odsprzedawa\u0107 czy wykorzystywa\u0107 do zapisu za jego pomoc\u0105 os\u00f3b trzecich.<\/strong><\/p>\n<p>Rejestruj\u0105c si\u0119 do portalu u\u017cytkownik akceptuje regulamin i wyra\u017ca, b\u0105d\u017a nie, zgod\u0119 na otrzymywanie sporadycznych informacji marketingowych o przysz\u0142ych imprezach sportowych.<\/p>\n<p>Zawodnik podczas zg\u0142aszania si\u0119 do zawod\u00f3w w serwisie Sport-Timing Poland, dobrowolnie udost\u0119pnia swoje dane organizatorowi akceptuj\u0105c jego odr\u0119bny regulamin i polityk\u0119 prywatno\u015bci. Regulamin Sport-Timing Poland i ta Polityka prywatno\u015bci nie mo\u017ce by\u0107 podstaw\u0105 roszcze\u0144 uczestnika wydarzenia w stosunku do organizatora<\/p>\n<p>Pliki cookies s\u0105 w portalu wykorzystywane do utrzymywania sesji u\u017cytkownika.\u00a0<strong>Nie profilujemy i nie udost\u0119pniamy informacji mog\u0105cych s\u0142u\u017cy\u0107 profilowaniu naszych u\u017cytkownik\u00f3w podmiotom trzecim.<\/strong><\/p>\n<h2>Portal Organizatora<\/h2>\n<p>Jest to system do zarz\u0105dzania zg\u0142oszeniami w ramach portalu zapis\u00f3w. Ka\u017cdy organizator imprezy mo\u017ce bez op\u0142at za\u0142o\u017cy\u0107 sobie zapisy w naszym systemie i zbiera\u0107 za jego pomog\u0105 zg\u0142oszenia os\u00f3b kt\u00f3re wyra\u017c\u0105 ch\u0119\u0107 udzia\u0142u w jego imprezie. Aby spe\u0142ni\u0107 wszystkie formalno\u015bci podczas rejestracji organizatora zbieramy nast\u0119puj\u0105ce dane:<\/p>\n<ul>\n<li>Nazw\u0119 podmiotu organizatora<\/li>\n<li>Nazwisko i imi\u0119 przedstawiciela organizatora<\/li>\n<li>Adres siedziby organizatora<\/li>\n<li>Dane kontaktowe inspektora danych osobowych organizatora je\u015bli taki jest wyznaczony<\/li>\n<li>E-mail kontaktowy administratora<\/li>\n<li>Telefon kontaktowy administratora<\/li>\n<\/ul>\n<p>Organizator w ramach swojego konta mo\u017ce prowadzi\u0107 zapisy na wiele imprez. Uczestnik imprezy, dokonuj\u0105c rejestracji na wydarzenie organizatora zobowi\u0105zuje Sport-Timing Poland do przekazania danych osobowych organizatorowi.<\/p>\n<h2>Oprogramowanie Scoreingowe<\/h2>\n<p>Jest to system, kt\u00f3ry rejestruje sygna\u0142y z transponder\u00f3w RFID, \u0142\u0105czy je z danymi zawodnika i oblicza wyniki zawod\u00f3w. Organizator zawod\u00f3w przekazuje dane osobowe zawodnik\u00f3w, na podstawie umowy powierzenia, potrzebne do poprawnego wygenerowania wynik\u00f3w w szczeg\u00f3lno\u015bci:<\/p>\n<ul>\n<li>Imi\u0119<\/li>\n<li>Nazwisko<\/li>\n<li>Rok urodzenia<\/li>\n<li>Miejscowo\u015b\u0107<\/li>\n<li>Klub<\/li>\n<li>Numer telefonu kom\u00f3rkowego<\/li>\n<\/ul>\n<p>Po zawodach dane te (pr\u00f3cz numeru telefonu) s\u0105 publikowane w serwisach Sport-Timing Poland i usuwane z oprogramowania scoeringowego, po uprzedniej archiwizacji danych na bezpiecznym no\u015bniku.<\/p>\n<h2>Wyniki Sport-Timing Poland<\/h2>\n<p>Po zawodach wyniki s\u0105 publikowane na stronie sport-timing.pl a przede wszystkim w serwisie Wynik Sport-Timing Poland. W wynikach znajduj\u0105 si\u0119 nast\u0119puj\u0105ce dane osobowe:<\/p>\n<ul>\n<li>Imi\u0119<\/li>\n<li>Nazwisko<\/li>\n<li>Kategoria wiekowa<\/li>\n<li>Miejscowo\u015b\u0107<\/li>\n<li>Klub<\/li>\n<li>Kraj<\/li>\n<\/ul>\n<p>Dane te s\u0105\u00a0<strong>dost\u0119pne publicznie<\/strong>\u00a0i dost\u0119p do nich nie jest w \u017caden spos\u00f3b ograniczony. Jednak\u017ce zawodnik mo\u017cna je zastrzec.<\/p>\n<h2>Bezpiecze\u0144stwo<\/h2>\n<p>Sport-Timing Poland dok\u0142ada wszelkich stara\u0144 aby Pa\u0144stwa dane by\u0142y bezpieczne. Nasz serwisy jest ponadto zabezpieczony za pomoc\u0105 bezpiecznych kana\u0142\u00f3w wymiany informacji przy zastosowaniu technologii SSL. Dost\u0119p do danych osobowych zawodnik\u00f3w ograniczony jest tylko do pracownik\u00f3w kt\u00f3rzy taki dost\u0119p musz\u0105 posiada\u0107. Dane z serwis\u00f3w s\u0105 regularnie archiwizowane, sprawdzane i konserwowane. Posiadamy te\u017c nowoczesne rozwi\u0105zania zabezpieczaj\u0105ce przed atakami z zewn\u0105trz i ograniczaj\u0105ce do minimum ryzyko penetracji systemu przez osoby nieupowa\u017cnione a tak\u017ce ochron\u0119 przed atakami DoS kt\u00f3re mog\u0142yby doprowadzi\u0107 do ca\u0142kowitego sparali\u017cowania naszych serwis\u00f3w.<\/p>\n<p>Prywatno\u015b\u0107 naszych u\u017cytkownik\u00f3w jest dla nas niezwykle wa\u017cna, od zawsze dok\u0142adamy wszelkich stara\u0144 aby korzystanie z naszych us\u0142ug by\u0142o \u0142atwe a zarazem bezpieczne. Pomimo to, w razie jakichkolwiek uwag prosimy o kontakt z naszym biurem pod adresem:\u00a0biuro@sport-timing.pl\u00a0lub pod numerem telefonu: +48 607 844 393<\/p>\n\n\t\t<\/div>\n\t<\/div>\n<\/div><\/div><\/div><\/div>\n<\/div>","protected":false},"excerpt":{"rendered":"Polityka Prywatno\u015bci Sport-Timing Poland zajmuje si\u0119 profesjonaln\u0105 obs\u0142ug\u0105 zawod\u00f3w sportowych w zakresie zbierania zapis\u00f3w, pomiaru czasu, publikowania wynik\u00f3w w Internecie na \u017cywo, oraz po zawodach. W zwi\u0105zku z tym prowadzimy serwis na kt\u00f3rym przetwarzamy dane os\u00f3b kt\u00f3re startuj\u0105 w zawodach sportowych. Portal Zapis\u00f3w Miejsce gdzie u\u017cytkownicy mog\u0105 zg\u0142osi\u0107 si\u0119 do zawod\u00f3w i gdzie przechowywane s\u0105 ich wyniki. Na potrzeby portalu zapis\u00f3w zawodnik podczas rejestracji musi poda\u0107 nast\u0119puj\u0105ce dane osobowe: Imi\u0119 i nazwisko P\u0142e\u0107 Rok urodzenia Miasto Klub Adres E-mail Kraj w jakim mieszka Narodowo\u015b\u0107 Numer telefonu kom\u00f3rkowego Poza tymi danymi w portalu przechowujemy histori\u0119 start\u00f3w i zg\u0142osze\u0144 u\u017cytkownika, dzi\u0119ki czemu mo\u017ce on analizowa\u0107 swoje post\u0119py i pilnowa\u0107 czy dokona\u0142 ju\u017c wszelkich formalno\u015bci zwi\u0105zanych ze startami w wielu imprezach. Dane te s\u0105 publicznie dost\u0119pne, je\u015bli nie chcesz ich pokazywa\u0107 innym osobom mo\u017cesz to zastrzec. W ka\u017cdej chwili u\u017cytkownik mo\u017ce edytowa\u0107 swoje dane, kt\u00f3rych edycja jest mo\u017cliwa tylko i wy\u0142\u0105cznie przez uprawnionego pracownika firmy Sport-Timing Poland. Mo\u017cna jej dokona\u0107 pisz\u0105c pro\u015bb\u0119 na adres e-mail:\u00a0biuro@sport-timing.pl.\u00a0Pami\u0119taj, \u017ce konta nie mo\u017cna udost\u0119pnia\u0107, odsprzedawa\u0107 czy wykorzystywa\u0107 do zapisu za jego pomoc\u0105 os\u00f3b trzecich. Rejestruj\u0105c si\u0119 do portalu u\u017cytkownik akceptuje regulamin i wyra\u017ca, b\u0105d\u017a nie, zgod\u0119 na otrzymywanie sporadycznych informacji marketingowych o przysz\u0142ych imprezach sportowych. Zawodnik podczas zg\u0142aszania si\u0119 do zawod\u00f3w w serwisie Sport-Timing Poland, dobrowolnie udost\u0119pnia swoje dane organizatorowi akceptuj\u0105c jego odr\u0119bny regulamin i polityk\u0119 prywatno\u015bci. Regulamin Sport-Timing Poland i ta Polityka prywatno\u015bci nie mo\u017ce by\u0107 podstaw\u0105 roszcze\u0144 uczestnika wydarzenia w stosunku do organizatora Pliki cookies s\u0105 w portalu wykorzystywane do utrzymywania sesji u\u017cytkownika.\u00a0Nie profilujemy i nie udost\u0119pniamy informacji mog\u0105cych s\u0142u\u017cy\u0107 profilowaniu naszych u\u017cytkownik\u00f3w podmiotom trzecim. Portal Organizatora Jest to system do zarz\u0105dzania zg\u0142oszeniami w ramach portalu zapis\u00f3w. Ka\u017cdy organizator imprezy mo\u017ce bez op\u0142at za\u0142o\u017cy\u0107 sobie zapisy w naszym systemie i zbiera\u0107 za jego pomog\u0105 zg\u0142oszenia os\u00f3b kt\u00f3re wyra\u017c\u0105 ch\u0119\u0107 udzia\u0142u w jego imprezie. Aby spe\u0142ni\u0107 wszystkie formalno\u015bci podczas rejestracji organizatora zbieramy nast\u0119puj\u0105ce dane: Nazw\u0119 podmiotu organizatora Nazwisko i imi\u0119 przedstawiciela organizatora Adres siedziby organizatora Dane kontaktowe inspektora danych osobowych organizatora je\u015bli taki jest wyznaczony E-mail kontaktowy administratora Telefon kontaktowy administratora Organizator w ramach swojego konta mo\u017ce prowadzi\u0107 zapisy na wiele imprez. Uczestnik imprezy, dokonuj\u0105c rejestracji na wydarzenie organizatora zobowi\u0105zuje Sport-Timing Poland do przekazania danych osobowych organizatorowi. Oprogramowanie Scoreingowe Jest to system, kt\u00f3ry rejestruje sygna\u0142y z transponder\u00f3w RFID, \u0142\u0105czy je z danymi zawodnika i oblicza wyniki zawod\u00f3w. Organizator zawod\u00f3w przekazuje dane osobowe zawodnik\u00f3w, na podstawie umowy powierzenia, potrzebne do poprawnego wygenerowania wynik\u00f3w w szczeg\u00f3lno\u015bci: Imi\u0119 Nazwisko Rok urodzenia Miejscowo\u015b\u0107 Klub Numer telefonu kom\u00f3rkowego Po zawodach dane te (pr\u00f3cz numeru telefonu) s\u0105 publikowane w serwisach Sport-Timing Poland i usuwane z oprogramowania scoeringowego, po uprzedniej archiwizacji danych na bezpiecznym no\u015bniku. Wyniki Sport-Timing Poland Po zawodach wyniki s\u0105 publikowane na stronie sport-timing.pl a przede wszystkim w serwisie Wynik Sport-Timing Poland. W wynikach znajduj\u0105 si\u0119 nast\u0119puj\u0105ce dane osobowe: Imi\u0119 Nazwisko Kategoria wiekowa Miejscowo\u015b\u0107 Klub Kraj Dane te s\u0105\u00a0dost\u0119pne publicznie\u00a0i dost\u0119p do nich nie jest w \u017caden spos\u00f3b ograniczony. Jednak\u017ce zawodnik mo\u017cna je zastrzec. Bezpiecze\u0144stwo Sport-Timing Poland dok\u0142ada wszelkich stara\u0144 aby Pa\u0144stwa dane by\u0142y bezpieczne. Nasz serwisy jest ponadto zabezpieczony za pomoc\u0105 bezpiecznych kana\u0142\u00f3w wymiany informacji przy zastosowaniu technologii SSL. Dost\u0119p do danych osobowych zawodnik\u00f3w ograniczony jest tylko do pracownik\u00f3w kt\u00f3rzy taki dost\u0119p musz\u0105 posiada\u0107. Dane z serwis\u00f3w s\u0105 regularnie archiwizowane, sprawdzane i konserwowane. Posiadamy te\u017c nowoczesne rozwi\u0105zania zabezpieczaj\u0105ce przed atakami z zewn\u0105trz i ograniczaj\u0105ce do minimum ryzyko penetracji systemu przez osoby nieupowa\u017cnione a tak\u017ce ochron\u0119 przed atakami DoS kt\u00f3re mog\u0142yby doprowadzi\u0107 do ca\u0142kowitego sparali\u017cowania naszych serwis\u00f3w. Prywatno\u015b\u0107 naszych u\u017cytkownik\u00f3w jest dla nas niezwykle wa\u017cna, od zawsze dok\u0142adamy wszelkich stara\u0144 aby korzystanie z naszych us\u0142ug by\u0142o \u0142atwe a zarazem bezpieczne. Pomimo to, w razie jakichkolwiek uwag prosimy o kontakt z naszym biurem pod adresem:\u00a0biuro@sport-timing.pl\u00a0lub pod numerem telefonu: +48 607 844 393","protected":false},"author":2112,"featured_media":0,"parent":0,"menu_order":0,"comment_status":"open","ping_status":"open","template":"","meta":{"_acf_changed":false,"_monsterinsights_skip_tracking":false,"_monsterinsights_sitenote_active":false,"_monsterinsights_sitenote_note":"","_monsterinsights_sitenote_category":0,"footnotes":""},"categories":[],"tags":[],"class_list":["post-27141","page","type-page","status-publish","hentry"],"acf":[],"aioseo_notices":[],"_links":{"self":[{"href":"https:\/\/sport-timing.pl\/pomiar-czasu\/wp-json\/wp\/v2\/pages\/27141","targetHints":{"allow":["GET"]}}],"collection":[{"href":"https:\/\/sport-timing.pl\/pomiar-czasu\/wp-json\/wp\/v2\/pages"}],"about":[{"href":"https:\/\/sport-timing.pl\/pomiar-czasu\/wp-json\/wp\/v2\/types\/page"}],"author":[{"embeddable":true,"href":"https:\/\/sport-timing.pl\/pomiar-czasu\/wp-json\/wp\/v2\/users\/2112"}],"replies":[{"embeddable":true,"href":"https:\/\/sport-timing.pl\/pomiar-czasu\/wp-json\/wp\/v2\/comments?post=27141"}],"version-history":[{"count":3,"href":"https:\/\/sport-timing.pl\/pomiar-czasu\/wp-json\/wp\/v2\/pages\/27141\/revisions"}],"predecessor-version":[{"id":29120,"href":"https:\/\/sport-timing.pl\/pomiar-czasu\/wp-json\/wp\/v2\/pages\/27141\/revisions\/29120"}],"wp:attachment":[{"href":"https:\/\/sport-timing.pl\/pomiar-czasu\/wp-json\/wp\/v2\/media?parent=27141"}],"wp:term":[{"taxonomy":"category","embeddable":true,"href":"https:\/\/sport-timing.pl\/pomiar-czasu\/wp-json\/wp\/v2\/categories?post=27141"},{"taxonomy":"post_tag","embeddable":true,"href":"https:\/\/sport-timing.pl\/pomiar-czasu\/wp-json\/wp\/v2\/tags?post=27141"}],"curies":[{"name":"wp","href":"https:\/\/api.w.org\/{rel}","templated":true}]}}