




{"id":25972,"date":"2017-09-08T11:53:34","date_gmt":"2017-09-08T10:53:34","guid":{"rendered":"https:\/\/sport-timing.pl\/pomiar-czasu\/?page_id=25972"},"modified":"2017-09-08T11:56:17","modified_gmt":"2017-09-08T10:56:17","slug":"lista-uczestnikow","status":"publish","type":"page","link":"https:\/\/sport-timing.pl\/pomiar-czasu\/zapisy-online\/run-and-roll-jaslo-2017-biegi-uliczne-i-jazda-szybka-na-rolkach-i-nartorolkach\/lista-uczestnikow\/","title":{"rendered":"Run and Roll Jas\u0142o 2017 &#8211; Lista uczestnikow"},"content":{"rendered":"<div class=\"wpb-content-wrapper\"><p><div class=\"vc_row wpb_row vc_row-fluid\"><div class=\"wpb_column vc_column_container vc_col-sm-4\"><div class=\"vc_column-inner\"><div class=\"wpb_wrapper\">\n\t<div class=\"wpb_text_column wpb_content_element\" >\n\t\t<div class=\"wpb_wrapper\">\n\t\t\t<h3 class=\"event-title\">Run and Roll Jas\u0142o 2017<\/h3>\n<h5>Lista uczestnik\u00f3w<\/h5>\n\n\t\t<\/div>\n\t<\/div>\n<\/div><\/div><\/div><div class=\"wpb_column vc_column_container vc_col-sm-8\"><div class=\"vc_column-inner\"><div class=\"wpb_wrapper\"><div class=\"vc_row wpb_row vc_inner vc_row-fluid\"><div class=\"wpb_column vc_column_container vc_col-sm-8\"><div class=\"vc_column-inner\"><div class=\"wpb_wrapper\"><div class=\"vc_message_box vc_message_box-solid-icon vc_message_box-rounded vc_color-info vc_custom_1484142518743 vc_do_message\" ><div class=\"vc_message_box-icon\"><i class=\"fas fa-info-circle\"><\/i><\/div><p style=\"text-align: center; font-size: 12px;\">W celu dokonania p\u0142atno\u015bci prosz\u0119 sprawdzi\u0107\u00a0numer zg\u0142oszenia<strong> &#8216;Id.&#8217;<\/strong> a nast\u0119pnia przej\u015b\u0107 na stron\u0119 p\u0142atno\u015bci.<\/p>\n<\/div><\/div><\/div><\/div><div class=\"wpb_column vc_column_container vc_col-sm-4\"><div class=\"vc_column-inner\"><div class=\"wpb_wrapper\"><div class=\"vc_btn3-container vc_btn3-center vc_do_btn\" ><a class=\"vc_general vc_btn3 vc_btn3-size-lg vc_btn3-shape-rounded vc_btn3-style-3d vc_btn3-block vc_btn3-icon-left vc_btn3-color-green\" href=\"https:\/\/sport-timing.pl\/pomiar-czasu\/zapisy-online\/potwierdzenie-platnosci\/\" title=\"\" target=\"_top\"><i class=\"vc_btn3-icon fa fa-credit-card\"><\/i> Strona p\u0142atno\u015bci<\/a><\/div><\/div><\/div><\/div><\/div><\/div><\/div><\/div><\/div><div class=\"vc_row wpb_row vc_row-fluid\"><div class=\"wpb_column vc_column_container vc_col-sm-12\"><div class=\"vc_column-inner\"><div class=\"wpb_wrapper\">\n\t<div class=\"wpb_text_column wpb_content_element\" >\n\t\t<div class=\"wpb_wrapper\">\n\t\t\t<div id=\"gv-datatables-25974\" class=\"gv-datatables-container gv-container gv-container-25974 gv-container-no-results\">\n<table data-viewid=\"25974\" class=\"gv-datatables display dataTable\">\n\t<thead>\n\t\t\t\t<tr>\n\t\t\t<th id=\"gv-field-49-id\" class=\"gv-field-49-id \" scope=\"col\"><span class=\"gv-field-label\">ID<\/span><\/th><th id=\"gv-field-49-1\" class=\"gv-field-49-1 \" scope=\"col\"><span class=\"gv-field-label\">Imi\u0119<\/span><\/th><th id=\"gv-field-49-2\" class=\"gv-field-49-2 \" scope=\"col\"><span class=\"gv-field-label\">Nazwisko<\/span><\/th><th id=\"gv-field-49-5\" class=\"gv-field-49-5 \" scope=\"col\"><span class=\"gv-field-label\">Data urodzenia (rok)<\/span><\/th><th id=\"gv-field-49-6\" class=\"gv-field-49-6 \" scope=\"col\"><span class=\"gv-field-label\">P\u0142e\u0107<\/span><\/th><th id=\"gv-field-49-7\" class=\"gv-field-49-7 \" scope=\"col\"><span class=\"gv-field-label\">Miasto<\/span><\/th><th id=\"gv-field-49-15\" class=\"gv-field-49-15 \" scope=\"col\"><span class=\"gv-field-label\">\u0141y\u017cworolki \u2013 konkurencje dzieci\u0119ce<\/span><\/th><th id=\"gv-field-49-19\" class=\"gv-field-49-19 \" scope=\"col\"><span class=\"gv-field-label\">\u0141y\u017cworolki 10 km - Bieg g\u0142\u00f3wny<\/span><\/th><th id=\"gv-field-49-30\" class=\"gv-field-49-30 \" scope=\"col\"><span class=\"gv-field-label\">Nartorolki - konkurencja dzieci\u0119ca<\/span><\/th><th id=\"gv-field-49-31\" class=\"gv-field-49-31 \" scope=\"col\"><span class=\"gv-field-label\">Nartorolki 10 km - Bieg G\u0142\u00f3wny<\/span><\/th><th id=\"gv-field-49-24\" class=\"gv-field-49-24 \" scope=\"col\"><span class=\"gv-field-label\">Biegi \u2013 konkurencje dzieci\u0119ce<\/span><\/th><th id=\"gv-field-49-25\" class=\"gv-field-49-25 \" scope=\"col\"><span class=\"gv-field-label\">Biegi 5km - Bieg g\u0142\u00f3wny<\/span><\/th><th id=\"gv-field-49-40\" class=\"gv-field-49-40 \" scope=\"col\"><span class=\"gv-field-label\">P\u0142atno\u015b\u0107<\/span><\/th>\t\t<\/tr>\n\t<\/thead>\n\t<tfoot>\n\t\t<tr>\n\t\t\t<th id=\"gv-field-49-id\" class=\"gv-field-49-id \" scope=\"col\"><span class=\"gv-field-label\">ID<\/span><\/th><th id=\"gv-field-49-1\" class=\"gv-field-49-1 \" scope=\"col\"><span class=\"gv-field-label\">Imi\u0119<\/span><\/th><th id=\"gv-field-49-2\" class=\"gv-field-49-2 \" scope=\"col\"><span class=\"gv-field-label\">Nazwisko<\/span><\/th><th id=\"gv-field-49-5\" class=\"gv-field-49-5 \" scope=\"col\"><span class=\"gv-field-label\">Data urodzenia (rok)<\/span><\/th><th id=\"gv-field-49-6\" class=\"gv-field-49-6 \" scope=\"col\"><span class=\"gv-field-label\">P\u0142e\u0107<\/span><\/th><th id=\"gv-field-49-7\" class=\"gv-field-49-7 \" scope=\"col\"><span class=\"gv-field-label\">Miasto<\/span><\/th><th id=\"gv-field-49-15\" class=\"gv-field-49-15 \" scope=\"col\"><span class=\"gv-field-label\">\u0141y\u017cworolki \u2013 konkurencje dzieci\u0119ce<\/span><\/th><th id=\"gv-field-49-19\" class=\"gv-field-49-19 \" scope=\"col\"><span class=\"gv-field-label\">\u0141y\u017cworolki 10 km - Bieg g\u0142\u00f3wny<\/span><\/th><th id=\"gv-field-49-30\" class=\"gv-field-49-30 \" scope=\"col\"><span class=\"gv-field-label\">Nartorolki - konkurencja dzieci\u0119ca<\/span><\/th><th id=\"gv-field-49-31\" class=\"gv-field-49-31 \" scope=\"col\"><span class=\"gv-field-label\">Nartorolki 10 km - Bieg G\u0142\u00f3wny<\/span><\/th><th id=\"gv-field-49-24\" class=\"gv-field-49-24 \" scope=\"col\"><span class=\"gv-field-label\">Biegi \u2013 konkurencje dzieci\u0119ce<\/span><\/th><th id=\"gv-field-49-25\" class=\"gv-field-49-25 \" scope=\"col\"><span class=\"gv-field-label\">Biegi 5km - Bieg g\u0142\u00f3wny<\/span><\/th><th id=\"gv-field-49-40\" class=\"gv-field-49-40 \" scope=\"col\"><span class=\"gv-field-label\">P\u0142atno\u015b\u0107<\/span><\/th>\t\t<\/tr>\n\t\t\t<\/tfoot>\n<\/table>\n<\/div><!-- end .gv-datatables-container -->\n\t\t<style>\n\t\t\t.fancybox-container {\n\t\t\t\tz-index: 100000; \/** Divi is 99999 *\/\n\t\t\t}\n\n\t\t\t.admin-bar .fancybox-container {\n\t\t\t\tmargin-top: 32px;\n\t\t\t}\n\t\t<\/style>\n\t\t<script>\n\t\t\tif ( window.Fancybox ){\n\t\t\t\tFancybox.bind(\".gravityview-fancybox\", {\"animationEffect\":\"fade\",\"toolbar\":true,\"closeExisting\":true,\"arrows\":true,\"buttons\":[\"thumbs\",\"close\"],\"i18n\":{\"en\":{\"CLOSE\":\"Close\",\"NEXT\":\"Next\",\"PREV\":\"Previous\",\"ERROR\":\"The requested content cannot be loaded. Please try again later.\",\"PLAY_START\":\"Start slideshow\",\"PLAY_STOP\":\"Pause slideshow\",\"FULL_SCREEN\":\"Full screen\",\"THUMBS\":\"Thumbnails\",\"DOWNLOAD\":\"Download\",\"SHARE\":\"Share\",\"ZOOM\":\"Zoom\"}}});\n\t\t\t}\n\t\t<\/script>\n\t\t        <script type=\"text\/javascript\">\r\n\t\t\tif ( !window.gvDTglobals ) {\r\n\t\t\t\twindow.gvDTglobals = [];\r\n\t\t\t}\r\n\r\n\t\t\twindow.gvDTglobals.push({\"processing\":true,\"deferRender\":true,\"serverSide\":true,\"retrieve\":true,\"stateSave\":true,\"stateDuration\":-1,\"lengthMenu\":[[10,25,50,999,-1],[10,25,50,\"999\",\"Wszystkie\"]],\"language\":{\"sProcessing\":\"Przetwarzanie...\",\"sLengthMenu\":\"Poka\\u017c _MENU_ pozycji\",\"sZeroRecords\":\"Nie znaleziono pasuj\\u0105cych pozycji\",\"sInfoThousands\":\" \",\"sInfo\":\"Pozycje od _START_ do _END_ z _TOTAL_ \\u0142\\u0105cznie\",\"sInfoEmpty\":\"Pozycji 0 z 0 dost\\u0119pnych\",\"sInfoFiltered\":\"(filtrowanie spo\\u015br\\u00f3d _MAX_ dost\\u0119pnych pozycji)\",\"sInfoPostFix\":\"\",\"sSearch\":\"Szukaj:\",\"sUrl\":\"\",\"oPaginate\":{\"sFirst\":\"Pierwsza\",\"sPrevious\":\"Poprzednia\",\"sNext\":\"Nast\\u0119pna\",\"sLast\":\"Ostatnia\"},\"sEmptyTable\":\"Brak danych\",\"sLoadingRecords\":\"Wczytywanie...\",\"oAria\":{\"sSortAscending\":\": aktywuj, by posortowa\\u0107 kolumn\\u0119 rosn\\u0105co\",\"sSortDescending\":\": aktywuj, by posortowa\\u0107 kolumn\\u0119 malej\\u0105co\"}},\"ajax\":{\"url\":\"https:\\\/\\\/sport-timing.pl\\\/pomiar-czasu\\\/wp-admin\\\/admin-ajax.php\",\"type\":\"POST\",\"data\":{\"action\":\"gv_datatables_data\",\"view_id\":25974,\"post_id\":25972,\"nonce\":\"41604be6bf\",\"getData\":\"[]\",\"hideUntilSearched\":\"0\",\"setUrlOnSearch\":true,\"shortcode_atts\":{\"id\":25974,\"class\":\"\",\"detail\":null}}},\"pageLength\":999,\"columns\":[{\"name\":\"gv_id\",\"width\":null},{\"name\":\"gv_1\",\"width\":null},{\"name\":\"gv_2\",\"width\":null},{\"name\":\"gv_5\",\"width\":null},{\"name\":\"gv_6\",\"width\":null},{\"name\":\"gv_7\",\"width\":null},{\"name\":\"gv_15\",\"width\":null},{\"name\":\"gv_19\",\"width\":null},{\"name\":\"gv_30\",\"width\":null},{\"name\":\"gv_31\",\"width\":null},{\"name\":\"gv_24\",\"width\":null},{\"name\":\"gv_25\",\"width\":null},{\"name\":\"gv_40\",\"width\":null}],\"searching\":true,\"scroller\":{\"displayBuffer\":20,\"boundaryScale\":0.3},\"scrollY\":\"500px\"});\r\n        <\/script>\r\n\t\t\t\t\t<script type=\"text\/javascript\">\n\t\t\t\tif (!window.gvDTFixedHeaderColumns) {\n\t\t\t\t\twindow.gvDTFixedHeaderColumns = [];\n\t\t\t\t}\n\n\t\t\t\twindow.gvDTFixedHeaderColumns.push({\"fixedheader\":0,\"fixedcolumns\":0});\n\t\t\t<\/script>\n\t\t\t\t\t<script type=\"text\/javascript\">\n\t\t\t\tif (!window.gvDTResponsive) {\n\t\t\t\t\twindow.gvDTResponsive = [];\n\t\t\t\t}\n\n\t\t\t\twindow.gvDTResponsive.push({\"responsive\":0});\n\t\t\t<\/script>\n\t\t<input type=\"hidden\" class=\"gravityview-view-id\" value=\"25974\">\n\n\t\t<\/div>\n\t<\/div>\n<\/div><\/div><\/div><\/div><div class=\"vc_row wpb_row vc_row-fluid\"><div class=\"wpb_column vc_column_container vc_col-sm-6\"><div class=\"vc_column-inner\"><div class=\"wpb_wrapper\">\n\t<div class=\"wpb_text_column wpb_content_element\" >\n\t\t<div class=\"wpb_wrapper\">\n\t\t\t<h2>Formularz zg\u0142oszenia zmian<\/h2>\n\n\t\t<\/div>\n\t<\/div>\n<p><h4>W celu zg\u0142oszenia zmian lub gdy chc\u0105 Pa\u0144stwo zrezygnowa\u0107 z uczestnictwa w wydarzeniu, prosimy przej\u015b\u0107 do naszego <a href=\"https:\/\/sport-timing.pl\/support\/\">Centrum Obs\u0142ugi Klienta.<\/a><\/h4>\r\n<br>\r\n<hr><\/p><\/div><\/div><\/div><div class=\"wpb_column vc_column_container vc_col-sm-6\"><div class=\"vc_column-inner\"><div class=\"wpb_wrapper\"><\/div><\/div><\/div><\/div><div class=\"vc_row wpb_row vc_row-fluid\"><div class=\"wpb_column vc_column_container vc_col-sm-12\"><div class=\"vc_column-inner\"><div class=\"wpb_wrapper\">\n\t<div class=\"wpb_raw_code wpb_raw_js\" >\n\t\t<div class=\"wpb_wrapper\">\n\t\t\t<style>\nbody{    overflow-x: auto !important;}\n<\/style>\n<script type=\"text\/javascript\"> \n\n$( document ).load(function() {\n   \n $(\".platnosc:contains('Approved')\").each(function() {\n    var replaced = $(this).html().replace(\"Approved\", \"<div class='payment-ok'><i class='fa fa-check-circle'><\/i> Tak<\/div>\");\n    $(this).html(replaced);\n  });\n\n $(\".platnosc:contains('Pending')\").each(function() {\n    var replaced = $(this).html().replace(\"Pending\", \"<div class='payment-pending'><i class='fa fa-times'><\/i> Oczekuje<\/div>\");\n    $(this).html(replaced);\n  });\n$('body').css('overflow-x', 'auto');\n\n});\n<\/script>\n\t\t<\/div>\n\t<\/div>\n<\/div><\/div><\/div><\/div><\/p>\n<\/div>","protected":false},"excerpt":{"rendered":"Run and Roll Jas\u0142o 2017 Lista uczestnik\u00f3w W celu dokonania p\u0142atno\u015bci prosz\u0119 sprawdzi\u0107\u00a0numer zg\u0142oszenia 'Id.' a nast\u0119pnia przej\u015b\u0107 na stron\u0119 p\u0142atno\u015bci. Strona p\u0142atno\u015bci IDImi\u0119NazwiskoData urodzenia (rok)P\u0142e\u0107Miasto\u0141y\u017cworolki \u2013 konkurencje dzieci\u0119ce\u0141y\u017cworolki 10 km - Bieg g\u0142\u00f3wnyNartorolki - konkurencja dzieci\u0119caNartorolki 10 km - Bieg G\u0142\u00f3wnyBiegi \u2013 konkurencje dzieci\u0119ceBiegi 5km - Bieg g\u0142\u00f3wnyP\u0142atno\u015b\u0107 IDImi\u0119NazwiskoData urodzenia (rok)P\u0142e\u0107Miasto\u0141y\u017cworolki \u2013 konkurencje dzieci\u0119ce\u0141y\u017cworolki 10 km - Bieg g\u0142\u00f3wnyNartorolki - konkurencja dzieci\u0119caNartorolki 10 km - Bieg G\u0142\u00f3wnyBiegi \u2013 konkurencje dzieci\u0119ceBiegi 5km - Bieg g\u0142\u00f3wnyP\u0142atno\u015b\u0107 Formularz zg\u0142oszenia zmian Informacje podane w formularzu s\u0105 niepoprawne. Prosimy o poprawienie pod\u015bwietlonych p\u00f3l. Zatwierd\u017a","protected":false},"author":2112,"featured_media":0,"parent":25966,"menu_order":0,"comment_status":"closed","ping_status":"closed","template":"page-participants-list.php","meta":{"_acf_changed":false,"_monsterinsights_skip_tracking":false,"_monsterinsights_sitenote_active":false,"_monsterinsights_sitenote_note":"","_monsterinsights_sitenote_category":0,"footnotes":""},"categories":[],"tags":[],"class_list":["post-25972","page","type-page","status-publish","hentry"],"acf":[],"aioseo_notices":[],"_links":{"self":[{"href":"https:\/\/sport-timing.pl\/pomiar-czasu\/wp-json\/wp\/v2\/pages\/25972","targetHints":{"allow":["GET"]}}],"collection":[{"href":"https:\/\/sport-timing.pl\/pomiar-czasu\/wp-json\/wp\/v2\/pages"}],"about":[{"href":"https:\/\/sport-timing.pl\/pomiar-czasu\/wp-json\/wp\/v2\/types\/page"}],"author":[{"embeddable":true,"href":"https:\/\/sport-timing.pl\/pomiar-czasu\/wp-json\/wp\/v2\/users\/2112"}],"replies":[{"embeddable":true,"href":"https:\/\/sport-timing.pl\/pomiar-czasu\/wp-json\/wp\/v2\/comments?post=25972"}],"version-history":[{"count":3,"href":"https:\/\/sport-timing.pl\/pomiar-czasu\/wp-json\/wp\/v2\/pages\/25972\/revisions"}],"predecessor-version":[{"id":25978,"href":"https:\/\/sport-timing.pl\/pomiar-czasu\/wp-json\/wp\/v2\/pages\/25972\/revisions\/25978"}],"up":[{"embeddable":true,"href":"https:\/\/sport-timing.pl\/pomiar-czasu\/wp-json\/wp\/v2\/pages\/25966"}],"wp:attachment":[{"href":"https:\/\/sport-timing.pl\/pomiar-czasu\/wp-json\/wp\/v2\/media?parent=25972"}],"wp:term":[{"taxonomy":"category","embeddable":true,"href":"https:\/\/sport-timing.pl\/pomiar-czasu\/wp-json\/wp\/v2\/categories?post=25972"},{"taxonomy":"post_tag","embeddable":true,"href":"https:\/\/sport-timing.pl\/pomiar-czasu\/wp-json\/wp\/v2\/tags?post=25972"}],"curies":[{"name":"wp","href":"https:\/\/api.w.org\/{rel}","templated":true}]}}