




{"id":2491,"date":"2015-11-21T18:05:08","date_gmt":"2015-11-21T16:05:08","guid":{"rendered":"https:\/\/sport-timing.pl\/pomiar-czasu\/?page_id=2491"},"modified":"2015-11-21T18:10:45","modified_gmt":"2015-11-21T16:10:45","slug":"lista-uczestnikow","status":"publish","type":"page","link":"https:\/\/sport-timing.pl\/pomiar-czasu\/zapisy-online\/12h-slalom-maraton-zakopane-2016-formula-open\/lista-uczestnikow\/","title":{"rendered":"12H Slalom Maraton Zakopane 2016 &#8211; Lista uczestnik\u00f3w"},"content":{"rendered":"<div class=\"wpb-content-wrapper\"><p><div class=\"vc_row wpb_row vc_row-fluid\"><div class=\"wpb_column vc_column_container vc_col-sm-4\"><div class=\"vc_column-inner\"><div class=\"wpb_wrapper\">\n\t<div class=\"wpb_text_column wpb_content_element\" >\n\t\t<div class=\"wpb_wrapper\">\n\t\t\t<h3>12H Slalom Maraton Zakopane 2016<\/h3>\n<h5>Lista uczestnik\u00f3w<\/h5>\n\n\t\t<\/div>\n\t<\/div>\n<\/div><\/div><\/div><div class=\"wpb_column vc_column_container vc_col-sm-8\"><div class=\"vc_column-inner\"><div class=\"wpb_wrapper\"><div class=\"vc_row wpb_row vc_inner vc_row-fluid\"><div class=\"wpb_column vc_column_container vc_col-sm-8\"><div class=\"vc_column-inner\"><div class=\"wpb_wrapper\"><div class=\"vc_message_box vc_message_box-solid-icon vc_message_box-rounded vc_color-info vc_custom_1443543522288 vc_do_message\" ><div class=\"vc_message_box-icon\"><i class=\"fas fa-info-circle\"><\/i><\/div><p style=\"text-align: center; font-size: 12px;\">W celu dokonania p\u0142atno\u015bci prosz\u0119 sprawdzi\u0107\u00a0numer zg\u0142oszenia<strong> &#8216;No.&#8217;<\/strong> a nast\u0119pnia przej\u015b\u0107 na stron\u0119 p\u0142atno\u015bci.<\/p>\n<\/div><\/div><\/div><\/div><div class=\"wpb_column vc_column_container vc_col-sm-4\"><div class=\"vc_column-inner\"><div class=\"wpb_wrapper\"><div class=\"vc_btn3-container vc_btn3-center vc_do_btn\" ><a class=\"vc_general vc_btn3 vc_btn3-size-lg vc_btn3-shape-rounded vc_btn3-style-3d vc_btn3-block vc_btn3-icon-left vc_btn3-color-green\" href=\"https:\/\/sport-timing.pl\/pomiar-czasu\/zapisy-online\/potwierdzenie-platnosci\/\" title=\"\" target=\"_top\"><i class=\"vc_btn3-icon fa fa-credit-card\"><\/i> Strona p\u0142atno\u015bci<\/a><\/div><\/div><\/div><\/div><\/div><\/div><\/div><\/div><\/div><div class=\"vc_row wpb_row vc_row-fluid\"><div class=\"wpb_column vc_column_container vc_col-sm-12\"><div class=\"vc_column-inner\"><div class=\"wpb_wrapper\">\n\t<div class=\"wpb_text_column wpb_content_element\" >\n\t\t<div class=\"wpb_wrapper\">\n\t\t\t<div id=\"gv-view-2489-1\"><div class=\"gv-table-view gv-table-container gv-table-multiple-container gv-container gv-container-2489\">\n<table class=\"gv-table-view\">\n\t<thead>\n\t\t\t\t<tr>\n\t\t\t<th id=\"gv-field-15-47\" class=\"gv-field-15-47\" data-label=\"No.\"><span class=\"gv-field-label\"><a href=\"\/pomiar-czasu\/wp-json\/wp\/v2\/pages\/2491?sort%5B47%5D=asc\" data-multisort-href=\"\/pomiar-czasu\/wp-json\/wp\/v2\/pages\/2491\" class=\"gv-sort gv-icon-caret-up-down\" ><\/a>&nbsp;No.<\/span><\/th><th id=\"gv-field-15-44\" class=\"gv-field-15-44\" data-label=\"Nr. Startowy\"><span class=\"gv-field-label\"><a href=\"\/pomiar-czasu\/wp-json\/wp\/v2\/pages\/2491?sort%5B44%5D=asc\" data-multisort-href=\"\/pomiar-czasu\/wp-json\/wp\/v2\/pages\/2491\" class=\"gv-sort gv-icon-caret-up-down\" ><\/a>&nbsp;Nr. Startowy<\/span><\/th><th id=\"gv-field-15-1\" class=\"gv-field-15-1\" data-label=\"Imi\u0119\"><span class=\"gv-field-label\"><a href=\"\/pomiar-czasu\/wp-json\/wp\/v2\/pages\/2491?sort%5B1%5D=asc\" data-multisort-href=\"\/pomiar-czasu\/wp-json\/wp\/v2\/pages\/2491\" class=\"gv-sort gv-icon-caret-up-down\" ><\/a>&nbsp;Imi\u0119<\/span><\/th><th id=\"gv-field-15-2\" class=\"gv-field-15-2\" data-label=\"Nazwisko\"><span class=\"gv-field-label\"><a href=\"\/pomiar-czasu\/wp-json\/wp\/v2\/pages\/2491?sort%5B2%5D=asc\" data-multisort-href=\"\/pomiar-czasu\/wp-json\/wp\/v2\/pages\/2491\" class=\"gv-sort gv-icon-caret-up-down\" ><\/a>&nbsp;Nazwisko<\/span><\/th><th id=\"gv-field-15-6\" class=\"gv-field-15-6\" data-label=\"P\u0142e\u0107\"><span class=\"gv-field-label\"><a href=\"\/pomiar-czasu\/wp-json\/wp\/v2\/pages\/2491?sort%5B6%5D=asc\" data-multisort-href=\"\/pomiar-czasu\/wp-json\/wp\/v2\/pages\/2491\" class=\"gv-sort gv-icon-caret-up-down\" ><\/a>&nbsp;P\u0142e\u0107<\/span><\/th><th id=\"gv-field-15-5\" class=\"gv-field-15-5\" data-label=\"Data urodzenia (rok)\"><span class=\"gv-field-label\"><a href=\"\/pomiar-czasu\/wp-json\/wp\/v2\/pages\/2491?sort%5B5%5D=asc\" data-multisort-href=\"\/pomiar-czasu\/wp-json\/wp\/v2\/pages\/2491\" class=\"gv-sort gv-icon-caret-up-down\" ><\/a>&nbsp;Data urodzenia (rok)<\/span><\/th><th id=\"gv-field-15-7\" class=\"gv-field-15-7\" data-label=\"Miasto\"><span class=\"gv-field-label\"><a href=\"\/pomiar-czasu\/wp-json\/wp\/v2\/pages\/2491?sort%5B7%5D=asc\" data-multisort-href=\"\/pomiar-czasu\/wp-json\/wp\/v2\/pages\/2491\" class=\"gv-sort gv-icon-caret-up-down\" ><\/a>&nbsp;Miasto<\/span><\/th>\t\t<\/tr>\n\t<\/thead>\n\t<tbody>\n\t\t\t\t\t<tr class=\"alt\">\n                <td id=\"gv-field-15-47\" class=\"gv-field-15-47\" data-label=\"No.\">1202<\/td><td id=\"gv-field-15-44\" class=\"gv-field-15-44\" data-label=\"Nr. Startowy\">121<\/td><td id=\"gv-field-15-1\" class=\"gv-field-15-1\" data-label=\"Imi\u0119\">Przemys\u0142aw<\/td><td id=\"gv-field-15-2\" class=\"gv-field-15-2\" data-label=\"Nazwisko\">Stefanik<\/td><td id=\"gv-field-15-6\" class=\"gv-field-15-6\" data-label=\"P\u0142e\u0107\">M\u0119\u017cczyzna<\/td><td id=\"gv-field-15-5\" class=\"gv-field-15-5\" data-label=\"Data urodzenia (rok)\">1970<\/td><td id=\"gv-field-15-7\" class=\"gv-field-15-7\" data-label=\"Miasto\">Jasienica<\/td>\t\t\t<\/tr>\n\t\t\t\t\t<tr class=\"\">\n                <td id=\"gv-field-15-47\" class=\"gv-field-15-47\" data-label=\"No.\">1202<\/td><td id=\"gv-field-15-44\" class=\"gv-field-15-44\" data-label=\"Nr. Startowy\">91<\/td><td id=\"gv-field-15-1\" class=\"gv-field-15-1\" data-label=\"Imi\u0119\">Przemys\u0142aw<\/td><td id=\"gv-field-15-2\" class=\"gv-field-15-2\" data-label=\"Nazwisko\">Stefanik<\/td><td id=\"gv-field-15-6\" class=\"gv-field-15-6\" data-label=\"P\u0142e\u0107\">M\u0119\u017cczyzna<\/td><td id=\"gv-field-15-5\" class=\"gv-field-15-5\" data-label=\"Data urodzenia (rok)\">1970<\/td><td id=\"gv-field-15-7\" class=\"gv-field-15-7\" data-label=\"Miasto\">Jasienica<\/td>\t\t\t<\/tr>\n\t\t\t\t\t<tr class=\"alt\">\n                <td id=\"gv-field-15-47\" class=\"gv-field-15-47\" data-label=\"No.\">1202<\/td><td id=\"gv-field-15-44\" class=\"gv-field-15-44\" data-label=\"Nr. Startowy\">61<\/td><td id=\"gv-field-15-1\" class=\"gv-field-15-1\" data-label=\"Imi\u0119\">Przemys\u0142aw<\/td><td id=\"gv-field-15-2\" class=\"gv-field-15-2\" data-label=\"Nazwisko\">Stefanik<\/td><td id=\"gv-field-15-6\" class=\"gv-field-15-6\" data-label=\"P\u0142e\u0107\">M\u0119\u017cczyzna<\/td><td id=\"gv-field-15-5\" class=\"gv-field-15-5\" data-label=\"Data urodzenia (rok)\">1970<\/td><td id=\"gv-field-15-7\" class=\"gv-field-15-7\" data-label=\"Miasto\">Jasienica<\/td>\t\t\t<\/tr>\n\t\t\t\t\t<tr class=\"\">\n                <td id=\"gv-field-15-47\" class=\"gv-field-15-47\" data-label=\"No.\">1202<\/td><td id=\"gv-field-15-44\" class=\"gv-field-15-44\" data-label=\"Nr. Startowy\">31<\/td><td id=\"gv-field-15-1\" class=\"gv-field-15-1\" data-label=\"Imi\u0119\">Przemys\u0142aw<\/td><td id=\"gv-field-15-2\" class=\"gv-field-15-2\" data-label=\"Nazwisko\">Stefanik<\/td><td id=\"gv-field-15-6\" class=\"gv-field-15-6\" data-label=\"P\u0142e\u0107\">M\u0119\u017cczyzna<\/td><td id=\"gv-field-15-5\" class=\"gv-field-15-5\" data-label=\"Data urodzenia (rok)\">1970<\/td><td id=\"gv-field-15-7\" class=\"gv-field-15-7\" data-label=\"Miasto\">Jasienica<\/td>\t\t\t<\/tr>\n\t\t\t\t\t<tr class=\"alt\">\n                <td id=\"gv-field-15-47\" class=\"gv-field-15-47\" data-label=\"No.\">1202<\/td><td id=\"gv-field-15-44\" class=\"gv-field-15-44\" data-label=\"Nr. Startowy\">1<\/td><td id=\"gv-field-15-1\" class=\"gv-field-15-1\" data-label=\"Imi\u0119\">Przemys\u0142aw<\/td><td id=\"gv-field-15-2\" class=\"gv-field-15-2\" data-label=\"Nazwisko\">Stefanik<\/td><td id=\"gv-field-15-6\" class=\"gv-field-15-6\" data-label=\"P\u0142e\u0107\">M\u0119\u017cczyzna<\/td><td id=\"gv-field-15-5\" class=\"gv-field-15-5\" data-label=\"Data urodzenia (rok)\">1970<\/td><td id=\"gv-field-15-7\" class=\"gv-field-15-7\" data-label=\"Miasto\">Jasienica<\/td>\t\t\t<\/tr>\n\t\t\t<\/tbody>\n\t<tfoot>\n\t\t<tr>\n\t\t\t<th id=\"gv-field-15-47\" class=\"gv-field-15-47\" data-label=\"No.\"><span class=\"gv-field-label\"><a href=\"\/pomiar-czasu\/wp-json\/wp\/v2\/pages\/2491?sort%5B47%5D=asc\" data-multisort-href=\"\/pomiar-czasu\/wp-json\/wp\/v2\/pages\/2491\" class=\"gv-sort gv-icon-caret-up-down\" ><\/a>&nbsp;No.<\/span><\/th><th id=\"gv-field-15-44\" class=\"gv-field-15-44\" data-label=\"Nr. Startowy\"><span class=\"gv-field-label\"><a href=\"\/pomiar-czasu\/wp-json\/wp\/v2\/pages\/2491?sort%5B44%5D=asc\" data-multisort-href=\"\/pomiar-czasu\/wp-json\/wp\/v2\/pages\/2491\" class=\"gv-sort gv-icon-caret-up-down\" ><\/a>&nbsp;Nr. Startowy<\/span><\/th><th id=\"gv-field-15-1\" class=\"gv-field-15-1\" data-label=\"Imi\u0119\"><span class=\"gv-field-label\"><a href=\"\/pomiar-czasu\/wp-json\/wp\/v2\/pages\/2491?sort%5B1%5D=asc\" data-multisort-href=\"\/pomiar-czasu\/wp-json\/wp\/v2\/pages\/2491\" class=\"gv-sort gv-icon-caret-up-down\" ><\/a>&nbsp;Imi\u0119<\/span><\/th><th id=\"gv-field-15-2\" class=\"gv-field-15-2\" data-label=\"Nazwisko\"><span class=\"gv-field-label\"><a href=\"\/pomiar-czasu\/wp-json\/wp\/v2\/pages\/2491?sort%5B2%5D=asc\" data-multisort-href=\"\/pomiar-czasu\/wp-json\/wp\/v2\/pages\/2491\" class=\"gv-sort gv-icon-caret-up-down\" ><\/a>&nbsp;Nazwisko<\/span><\/th><th id=\"gv-field-15-6\" class=\"gv-field-15-6\" data-label=\"P\u0142e\u0107\"><span class=\"gv-field-label\"><a href=\"\/pomiar-czasu\/wp-json\/wp\/v2\/pages\/2491?sort%5B6%5D=asc\" data-multisort-href=\"\/pomiar-czasu\/wp-json\/wp\/v2\/pages\/2491\" class=\"gv-sort gv-icon-caret-up-down\" ><\/a>&nbsp;P\u0142e\u0107<\/span><\/th><th id=\"gv-field-15-5\" class=\"gv-field-15-5\" data-label=\"Data urodzenia (rok)\"><span class=\"gv-field-label\"><a href=\"\/pomiar-czasu\/wp-json\/wp\/v2\/pages\/2491?sort%5B5%5D=asc\" data-multisort-href=\"\/pomiar-czasu\/wp-json\/wp\/v2\/pages\/2491\" class=\"gv-sort gv-icon-caret-up-down\" ><\/a>&nbsp;Data urodzenia (rok)<\/span><\/th><th id=\"gv-field-15-7\" class=\"gv-field-15-7\" data-label=\"Miasto\"><span class=\"gv-field-label\"><a href=\"\/pomiar-czasu\/wp-json\/wp\/v2\/pages\/2491?sort%5B7%5D=asc\" data-multisort-href=\"\/pomiar-czasu\/wp-json\/wp\/v2\/pages\/2491\" class=\"gv-sort gv-icon-caret-up-down\" ><\/a>&nbsp;Miasto<\/span><\/th>\t\t<\/tr>\n\t\t\t<\/tfoot>\n<\/table>\n<\/div><!-- end .gv-table-container -->\n\t\t<style>\n\t\t\t.fancybox-container {\n\t\t\t\tz-index: 100000; \/** Divi is 99999 *\/\n\t\t\t}\n\n\t\t\t.admin-bar .fancybox-container {\n\t\t\t\tmargin-top: 32px;\n\t\t\t}\n\t\t<\/style>\n\t\t<script>\n\t\t\tif ( window.Fancybox ){\n\t\t\t\tFancybox.bind(\".gravityview-fancybox\", {\"animationEffect\":\"fade\",\"toolbar\":true,\"closeExisting\":true,\"arrows\":true,\"buttons\":[\"thumbs\",\"close\"],\"i18n\":{\"en\":{\"CLOSE\":\"Close\",\"NEXT\":\"Next\",\"PREV\":\"Previous\",\"ERROR\":\"The requested content cannot be loaded. Please try again later.\",\"PLAY_START\":\"Start slideshow\",\"PLAY_STOP\":\"Pause slideshow\",\"FULL_SCREEN\":\"Full screen\",\"THUMBS\":\"Thumbnails\",\"DOWNLOAD\":\"Download\",\"SHARE\":\"Share\",\"ZOOM\":\"Zoom\"}}});\n\t\t\t}\n\t\t<\/script>\n\t\t<input type=\"hidden\" class=\"gravityview-view-id\" value=\"2489\"><\/div>\n\n\t\t<\/div>\n\t<\/div>\n<\/div><\/div><\/div><\/div><div class=\"vc_row wpb_row vc_row-fluid\"><div class=\"wpb_column vc_column_container vc_col-sm-6\"><div class=\"vc_column-inner\"><div class=\"wpb_wrapper\">\n\t<div class=\"wpb_text_column wpb_content_element\" >\n\t\t<div class=\"wpb_wrapper\">\n\t\t\t<h2>Formularz zg\u0142oszenia zmian<\/h2>\n\n\t\t<\/div>\n\t<\/div>\n<p><h4>W celu zg\u0142oszenia zmian lub gdy chc\u0105 Pa\u0144stwo zrezygnowa\u0107 z uczestnictwa w wydarzeniu, prosimy przej\u015b\u0107 do naszego <a href=\"https:\/\/sport-timing.pl\/support\/\">Centrum Obs\u0142ugi Klienta.<\/a><\/h4>\r\n<br>\r\n<hr><\/p><\/div><\/div><\/div><div class=\"wpb_column vc_column_container vc_col-sm-6\"><div class=\"vc_column-inner\"><div class=\"wpb_wrapper\"><\/div><\/div><\/div><\/div><div class=\"vc_row wpb_row vc_row-fluid\"><div class=\"wpb_column vc_column_container vc_col-sm-12\"><div class=\"vc_column-inner\"><div class=\"wpb_wrapper\">\n\t<div class=\"wpb_raw_code wpb_raw_js\" >\n\t\t<div class=\"wpb_wrapper\">\n\t\t\t<style>\nbody{    overflow-x: auto !important;}\n<\/style>\n<script type=\"text\/javascript\"> \n\n$( document ).ready(function() {\n   \n $(\".platnosc:contains('Approved')\").each(function() {\n    var replaced = $(this).html().replace(\"Approved\", \"<div class='payment-ok'><i class='fa fa-check-circle'><\/i> Tak<\/div>\");\n    $(this).html(replaced);\n  });\n\n $(\".platnosc:contains('Pending')\").each(function() {\n    var replaced = $(this).html().replace(\"Pending\", \"<div class='payment-pending'><i class='fa fa-times'><\/i> Oczekuje<\/div>\");\n    $(this).html(replaced);\n  });\n$('body').css('overflow-x', 'auto');\n\n});\n<\/script>\n\t\t<\/div>\n\t<\/div>\n<\/div><\/div><\/div><\/div><\/p>\n<\/div>","protected":false},"excerpt":{"rendered":"12H Slalom Maraton Zakopane 2016 Lista uczestnik\u00f3w W celu dokonania p\u0142atno\u015bci prosz\u0119 sprawdzi\u0107\u00a0numer zg\u0142oszenia 'No.' a nast\u0119pnia przej\u015b\u0107 na stron\u0119 p\u0142atno\u015bci. Strona p\u0142atno\u015bci &nbsp;No.&nbsp;Nr. Startowy&nbsp;Imi\u0119&nbsp;Nazwisko&nbsp;P\u0142e\u0107&nbsp;Data urodzenia (rok)&nbsp;Miasto 1202121Przemys\u0142awStefanikM\u0119\u017cczyzna1970Jasienica 120291Przemys\u0142awStefanikM\u0119\u017cczyzna1970Jasienica 120261Przemys\u0142awStefanikM\u0119\u017cczyzna1970Jasienica 120231Przemys\u0142awStefanikM\u0119\u017cczyzna1970Jasienica 12021Przemys\u0142awStefanikM\u0119\u017cczyzna1970Jasienica &nbsp;No.&nbsp;Nr. Startowy&nbsp;Imi\u0119&nbsp;Nazwisko&nbsp;P\u0142e\u0107&nbsp;Data urodzenia (rok)&nbsp;Miasto Formularz zg\u0142oszenia zmian Informacje podane w formularzu s\u0105 niepoprawne. Prosimy o poprawienie pod\u015bwietlonych p\u00f3l. Zatwierd\u017a","protected":false},"author":2112,"featured_media":0,"parent":2470,"menu_order":0,"comment_status":"closed","ping_status":"closed","template":"","meta":{"_acf_changed":false,"_monsterinsights_skip_tracking":false,"_monsterinsights_sitenote_active":false,"_monsterinsights_sitenote_note":"","_monsterinsights_sitenote_category":0,"footnotes":""},"categories":[],"tags":[],"class_list":["post-2491","page","type-page","status-publish","hentry"],"acf":[],"aioseo_notices":[],"_links":{"self":[{"href":"https:\/\/sport-timing.pl\/pomiar-czasu\/wp-json\/wp\/v2\/pages\/2491","targetHints":{"allow":["GET"]}}],"collection":[{"href":"https:\/\/sport-timing.pl\/pomiar-czasu\/wp-json\/wp\/v2\/pages"}],"about":[{"href":"https:\/\/sport-timing.pl\/pomiar-czasu\/wp-json\/wp\/v2\/types\/page"}],"author":[{"embeddable":true,"href":"https:\/\/sport-timing.pl\/pomiar-czasu\/wp-json\/wp\/v2\/users\/2112"}],"replies":[{"embeddable":true,"href":"https:\/\/sport-timing.pl\/pomiar-czasu\/wp-json\/wp\/v2\/comments?post=2491"}],"version-history":[{"count":3,"href":"https:\/\/sport-timing.pl\/pomiar-czasu\/wp-json\/wp\/v2\/pages\/2491\/revisions"}],"predecessor-version":[{"id":2494,"href":"https:\/\/sport-timing.pl\/pomiar-czasu\/wp-json\/wp\/v2\/pages\/2491\/revisions\/2494"}],"up":[{"embeddable":true,"href":"https:\/\/sport-timing.pl\/pomiar-czasu\/wp-json\/wp\/v2\/pages\/2470"}],"wp:attachment":[{"href":"https:\/\/sport-timing.pl\/pomiar-czasu\/wp-json\/wp\/v2\/media?parent=2491"}],"wp:term":[{"taxonomy":"category","embeddable":true,"href":"https:\/\/sport-timing.pl\/pomiar-czasu\/wp-json\/wp\/v2\/categories?post=2491"},{"taxonomy":"post_tag","embeddable":true,"href":"https:\/\/sport-timing.pl\/pomiar-czasu\/wp-json\/wp\/v2\/tags?post=2491"}],"curies":[{"name":"wp","href":"https:\/\/api.w.org\/{rel}","templated":true}]}}