




{"id":1972,"date":"2015-10-05T19:14:07","date_gmt":"2015-10-05T17:14:07","guid":{"rendered":"https:\/\/sport-timing.pl\/pomiar-czasu\/?page_id=1972"},"modified":"2020-03-28T20:06:29","modified_gmt":"2020-03-28T19:06:29","slug":"regulamin-korzystania-z-serwisu-sport-timing","status":"publish","type":"page","link":"https:\/\/sport-timing.pl\/pomiar-czasu\/regulamin-korzystania-z-serwisu-sport-timing\/","title":{"rendered":"Regulamin korzystania z serwisu Sport-Timing"},"content":{"rendered":"<div class=\"wpb-content-wrapper\"><div class=\"vc_row wpb_row vc_row-fluid\"><div class=\"wpb_column vc_column_container vc_col-sm-12\"><div class=\"vc_column-inner\"><div class=\"wpb_wrapper\">\n\t<div class=\"wpb_text_column wpb_content_element\" >\n\t\t<div class=\"wpb_wrapper\">\n\t\t\t<h1>Regulamin korzystania z serwisu Sport-Timing<\/h1>\n<h2>I. POSTANOWIENIA OG\u00d3LNE<\/h2>\n<p>Portal internetowy SPORT-TIMING jest prowadzony i zarz\u0105dzany przez firm\u0119 Sport Timing Krzysztof G\u0105sienica ul. Kasprowicza 47b, 34-500 Zakopane w ca\u0142o\u015bci, posiadaj\u0105cy numer NIP: 7361214482. REGON: 490740987<\/p>\n<p>Niniejszy regulamin okre\u015bla zasady korzystania i funkcjonowania Portalu. Postanowienia Regulaminu oraz wszelkich za\u0142\u0105cznik\u00f3w i dodatk\u00f3w (w tym regulamin w\u0142asny serwisu z pkt.1.1.), b\u0119d\u0105cych jego integralnymi cz\u0119\u015bciami wraz z przepisami prawa obowi\u0105zuj\u0105cego na terytorium Rzeczypospolitej Polskiej, w spos\u00f3b wy\u0142\u0105czny okre\u015blaj\u0105 prawa i obowi\u0105zki U\u017cytkownik\u00f3w Portalu, a tak\u017ce prawa, obowi\u0105zki oraz zakres odpowiedzialno\u015bci Administratora. Ka\u017cdy U\u017cytkownik zobowi\u0105zany jest, z momentem podj\u0119cia czynno\u015bci zmierzaj\u0105cych do korzystania z Portalu, do przestrzegania postanowie\u0144 niniejszego Regulaminu. Przed za\u0142o\u017ceniem Konta nale\u017cy uwa\u017cnie przeczyta\u0107 poni\u017cszy Regulamin.<\/p>\n<h2>II. DEFINICJE<\/h2>\n<p><strong>Regulamin<\/strong> \u2013 oznacza niniejszy Regulamin \u015bwiadczenia us\u0142ug w Portalu.<\/p>\n<p><strong>Portal<\/strong> \u2013 oznacza serwis internetowy: sport-timing.pl<\/p>\n<p><strong>Administrator<\/strong> \u2013 oznacza firm\u0119 Sport Timing Krzysztof G\u0105sienica.<\/p>\n<p><strong>U\u017cytkownik<\/strong> \u2013 oznacza osob\u0119 fizyczn\u0105 lub podmiot korzystaj\u0105cy z og\u00f3lnie dost\u0119pnych us\u0142ug oferowanych przez Portal.<\/p>\n<p><strong>Zarejestrowany U\u017cytkownik<\/strong> \u2013 oznacza osob\u0119 fizyczn\u0105 lub podmiot, kt\u00f3ry skutecznie za\u0142o\u017cy Profil w Portalu poprzez uzyskanie w procesie rejestracji indywidualnego numeru karty klienta oraz wybranego przez siebie has\u0142a pozwalaj\u0105cego zalogowa\u0107 si\u0119 do Profilu.<\/p>\n<p><strong>Profil<\/strong> \u2013 zbi\u00f3r informacji opisuj\u0105cych i identyfikuj\u0105cych danego Zarejestrowanego U\u017cytkownika Portalu, przekazywanych samodzielnie i dobrowolnie przez Zarejestrowanego U\u017cytkownika do Portalu, kt\u00f3re przetwarzane s\u0105 i publikowane na stronach Portalu zgodnie z Ustaw\u0105 o Ochronie Danych Osobowych z dnia 29 sierpnia 1997r. z p\u00f3\u017aniejszymi zmianami.<\/p>\n<p><strong>Baza Profili<\/strong> \u2013 zbi\u00f3r informacji opisuj\u0105cych i identyfikuj\u0105cych wszystkich U\u017cytkownik\u00f3w Portalu, przekazywanych samodzielnie i dobrowolnie przez wszystkich U\u017cytkownik\u00f3w do Portalu, kt\u00f3re gromadzone s\u0105 i przetwarzane przez Portal na potrzeby \u015bwiadczenia us\u0142ug Portalu.<\/p>\n<p><strong>Si\u0142a wy\u017csza<\/strong> \u2013 wszelkie nag\u0142e zdarzenia o charakterze zewn\u0119trznym, powoduj\u0105ce obiektywn\u0105 niemo\u017cno\u015b\u0107 wykonania \u015bwiadcze\u0144 obj\u0119tych Regulaminem, kt\u00f3rych Administrator nie by\u0142 w stanie przewidzie\u0107.<\/p>\n<h2>III. OG\u00d3LNE WARUNKI KORZYSTANIA Z PORTALU<\/h2>\n<p>Do korzystania z us\u0142ug Portalu niezb\u0119dne jest posiadanie urz\u0105dzenia pozwalaj\u0105cego na korzystanie z sieci internetowej, przegl\u0105darki internetowej z w\u0142\u0105czon\u0105 obs\u0142ug\u0105 plik\u00f3w \u201ecookies\u201d, skrzynki poczty elektronicznej e-mail.<\/p>\n<p>Podstawow\u0105 dzia\u0142alno\u015bci\u0105 Portalu w sieci internetowej jest:<\/p>\n<ul>\n<li>umo\u017cliwienie Zarejestrowanym U\u017cytkownikom zapisywania si\u0119 w spos\u00f3b elektroniczny na zawody sportowe organizowane przez osoby i\/lub podmioty trzecie na podstawie w\u0142asnych regulamin\u00f3w zawod\u00f3w oraz warunk\u00f3w uczestnictwa w takich zawodach,<\/li>\n<li>publikacja wynik\u00f3w z zawod\u00f3w sportowych, kt\u00f3re przygotowane zosta\u0142y przez\u00a0 Sport Timing Krzysztof G\u0105sienica lub podmioty trzecie,<\/li>\n<li>publikacja zdj\u0119\u0107 i materia\u0142\u00f3w audiowizualnych z zawod\u00f3w sportowych w celach umo\u017cliwienia ich zakupu przez Zarejestrowanych U\u017cytkownik\u00f3w,<\/li>\n<li>na podstawie oddzielnych um\u00f3w umo\u017cliwienie organizatorom zawod\u00f3w sportowych przeprowadzenia zapis\u00f3w elektronicznych na te zawody dla Zarejestrowanych U\u017cytkownik\u00f3w,<\/li>\n<li>na podstawie oddzielnych um\u00f3w publikacja wynik\u00f3w z zawod\u00f3w sportowych, kt\u00f3re przygotowane zosta\u0142y przez Sport Timing Krzysztof G\u0105sienica lub podmioty trzecie.<\/li>\n<\/ul>\n<p>Rejestracja Profilu w Portalu jest dobrowolna i bezp\u0142atna. Ka\u017cdy z Zarejestrowanych U\u017cytkownik\u00f3w ma prawo do wgl\u0105du do swoich danych przetwarzanych przez Portal, prawo do poprawiania tych danych oraz do \u017c\u0105dania zaprzestania ich przetwarzania poprzez usuni\u0119cie z Bazy Profili.<\/p>\n<p>Zarejestrowani U\u017cytkownicy s\u0105 zobowi\u0105zani do niezw\u0142ocznego aktualizowania zapisanych w Profilu danych w przypadku ka\u017cdej ich zmiany, w szczeg\u00f3lno\u015bci je\u015bli zmiany te maj\u0105 istotny wp\u0142yw na uczestnictwo w zawodach sportowych. Wszelkie konsekwencje podania nieprawdziwych danych ponosi U\u017cytkownik.<\/p>\n<p>Konta powi\u0105zane, to profile innych Zarejestrowanych U\u017cytkownik\u00f3w Portalu przypisane do danego Zarejestrowanego U\u017cytkownika. Dzi\u0119ki tym powi\u0105zaniom mo\u017cna zg\u0142asza\u0107 na zawody sportowe swoich znajomych i\/lub odwrotnie. W ramach kont powi\u0105zanych widoczne s\u0105 tylko wybrane dane Profilu: imi\u0119, nazwisko, miejscowo\u015b\u0107, klub sportowy. Dane konta powi\u0105zanego mog\u0105 by\u0107 aktualizowane tylko przez osob\u0119, kt\u00f3rej one dotycz\u0105. Powi\u0105zanie kont nast\u0119puje w wyniku dobrowolnego przekazania innemu Zarejestrowanemu U\u017cytkownikowi swojego numeru karty U\u017cytkownika oraz indywidualnego kodu udost\u0119pniania wygenerowanego przez Portal.<\/p>\n<p>Zapisy elektroniczne na zawody, to formularze dost\u0119pne przez przegl\u0105dark\u0119 internetow\u0105, spersonalizowane wed\u0142ug danych Profilu oraz wymaga\u0144 organizatora zawod\u00f3w. Ka\u017cdy z U\u017cytkownik\u00f3w mo\u017ce skorzysta\u0107 z udost\u0119pnionych formularzy w celu zapisania si\u0119 na zawody sportowe.<\/p>\n<p>Wype\u0142niaj\u0105c formularz zapis\u00f3w elektronicznych, U\u017cytkownik wyra\u017ca zgod\u0119 na przetwarzanie danych podanych w tym formularzu przez Administratora oraz organizatora zawod\u00f3w sportowych, kt\u00f3rych ten formularz dotyczy zgodnie z Ustaw\u0105 o Ochronie Danych Osobowych z dnia 29 sierpnia 1997r. z p\u00f3\u017aniejszymi zmianami. Wype\u0142niaj\u0105c formularz zapis\u00f3w elektronicznych, U\u017cytkownik wyra\u017ca zgod\u0119 na otrzymywanie na wskazany adres e-mail powiadomie\u0144 generowanych przez Portal oraz na otrzymywanie na ten adres e-mail wiadomo\u015bci od Administratora i\/lub organizatora dotycz\u0105cych zawod\u00f3w, na kt\u00f3re zosta\u0142 wype\u0142niony formularz zapis\u00f3w.<\/p>\n<p>Wyniki online, to listy wynik\u00f3w z zawod\u00f3w sportowych prezentowane przez Administratora na zlecenie organizator\u00f3w zawod\u00f3w sportowych. Wyniki online zawieraj\u0105 informacje o zawodnikach oraz ich rezultaty na zawodach sportowych.<\/p>\n<h2>IV. OCHRONA DANYCH OSOBOWYCH<\/h2>\n<p>Gromadzimy i wykorzystujemy dane osobowe u\u017cytkownik\u00f3w w celu \u015bwiadczenia im us\u0142ug opisanych powy\u017cej.<\/p>\n<p>Prawa osoby, kt\u00f3rej dotycz\u0105 dane osobowe:<\/p>\n<ul>\n<li>prawo dost\u0119pu do tre\u015bci swoich danych osobowych, czyli prawo do uzyskania potwierdzenia czy Administrator przetwarza dane oraz informacji dotycz\u0105cych takiego przetwarzania<\/li>\n<li>prawo do sprostowania danych, je\u017celi dane przetwarzane przez Administratora s\u0105 nieprawid\u0142owe lub niekompletne<\/li>\n<li>prawo \u017c\u0105dania od Administratora usuni\u0119cia danych<\/li>\n<li>prawo \u017c\u0105dania od Administratora ograniczenia przetwarzania danych<\/li>\n<li>prawo do przenoszenia danych, czyli prawo do otrzymania dostarczonych Administratorowi danych osobowych oraz przes\u0142ania ich innemu administratorowi;<\/li>\n<li>prawo wniesienia sprzeciwu wobec przetwarzania danych na podstawie uzasadnionego interesu Administratora lub wobec przetwarzania w celu marketingu bezpo\u015bredniego<\/li>\n<li>prawo wniesienia skargi do polskiego organu nadzorczego lub organu nadzorczego innego pa\u0144stwa cz\u0142onkowskiego Unii Europejskiej, w\u0142a\u015bciwego ze wzgl\u0119du na miejsce zwyk\u0142ego pobytu lub pracy osoby, kt\u00f3rej dane dotycz\u0105 lub ze wzgl\u0119du na miejsce domniemanego naruszenia RODO<\/li>\n<li>prawo do cofni\u0119cia zgody w dowolnym momencie (bez wp\u0142ywu na zgodno\u015b\u0107 z prawem przetwarzania, kt\u00f3rego dokonano na podstawie zgody przed jej cofni\u0119ciem)<\/li>\n<li>prawo do uzyskania interwencji ludzkiej ze strony Administratora, wyra\u017cenia w\u0142asnego stanowiska i do zakwestionowania decyzji opartej na zautomatyzowanym przetwarzaniu danych.<\/li>\n<li>podane dane b\u0119d\u0105 przetwarzane zgodnie z tre\u015bci\u0105 og\u00f3lnego rozporz\u0105dzenia o ochronie danych z 27 kwietnia 2016 r.<\/li>\n<li>Inspektorem Ochrony Danych w Sport-Timing jest Krzysztof G\u0105sienica email: biuro@sport-timing.pl<\/li>\n<li>dane osobowe b\u0119d\u0105 przechowywane przez okres trwania umowy<\/li>\n<li>prawo wniesienia skargi, gdy uzna, i\u017c przetwarzanie danych osobowych dotycz\u0105cych narusza przepisy og\u00f3lnego rozporz\u0105dzenia o ochronie danych osobowych z dnia 27 kwietnia 2016 r.<\/li>\n<\/ul>\n<p>W przypadku stwierdzenia przez Administratora, \u017ce U\u017cytkownik narusza postanowienia Regulaminu, Administrator mo\u017ce zablokowa\u0107 konto. Konto mo\u017ce by\u0107 r\u00f3wnie\u017c usuni\u0119te przez Administratora bez jakichkolwiek uprzedze\u0144, co spowoduje ca\u0142kowite i bezpowrotne usuni\u0119cie wszystkich zwi\u0105zanych z nim danych Profilu. Usuni\u0119cie konta przez Administratora lub na wniosek Zarejestrowanego U\u017cytkownika nie skutkuje usuni\u0119ciem danych U\u017cytkownika z list Wynik\u00f3w online.<\/p>\n<h2>V. P\u0141ATNO\u015aCI<\/h2>\n<p>Za realizacj\u0119 Us\u0142ug dost\u0119pnych w Portalu i\/lub przez\u00a0 Sport Timing Krzysztof G\u0105sienica, Administrator mo\u017ce pobiera\u0107 na rzecz organizatora zawod\u00f3w sportowych op\u0142aty zgodnie z regulaminem poszczeg\u00f3lnych zawod\u00f3w. Podane ceny s\u0105 cenami brutto, zawieraj\u0105cymi podatek VAT wed\u0142ug stawki obowi\u0105zuj\u0105cej danego organizatora zawod\u00f3w.<\/p>\n<p>P\u0142atno\u015bci mo\u017cna dokona\u0107 za po\u015brednictwem automatycznego systemu p\u0142atno\u015bci internetowych obs\u0142ugiwanego przez przelewy24.pl, jak r\u00f3wnie\u017c: przy odbiorze (za pobraniem), w miejscu wskazanym przez organizatora zawod\u00f3w.<\/p>\n<p>Do ka\u017cdej wp\u0142aty poprzez Portal i przelewy24.pl do\u0142\u0105czany jest paragon, a na \u017cyczenie faktura VAT do tego paragonu.<\/p>\n<h2>VI. REKLAMACJE<\/h2>\n<p>Reklamacje mo\u017cna sk\u0142ada\u0107 pisemnie lub poczt\u0105 elektroniczn\u0105 w terminie 14 dni od dnia wykonania w Portalu czynno\u015bci przez U\u017cytkownika.<\/p>\n<p>Procedura reklamacyjna wszczynana jest po jej dostarczeniu do\u00a0 Sport Timing Krzysztof G\u0105sienica wraz ze szczeg\u00f3\u0142owym opisem zastrze\u017ce\u0144.<\/p>\n<p>Odpowiedzialno\u015b\u0107 z tytu\u0142u gwarancji obejmuje wy\u0142\u0105cznie wady lub niezgodno\u015bci wynik\u0142e z funkcjonowania Portalu w spos\u00f3b inny od zamierzonego.<\/p>\n<p>Wszystkie produkty elektroniczne w tym pliki i materia\u0142y audiowizualne dost\u0119pne poprzez Portal nie podlegaj\u0105 zwrotowi ani wymianie.<\/p>\n<h2>VII. PRAWA AUTORSKIE<\/h2>\n<p>Prawa autorskie do zamieszczonych w serwisie tre\u015bci, plik\u00f3w oraz materia\u0142\u00f3w audiowizualnych przys\u0142uguj\u0105 \u00a0Sport Timing Krzysztof G\u0105sienica.<\/p>\n<p>U\u017cytkownik nabywa prawo niewy\u0142\u0105cznej licencji prywatnej do zakupionych w Portalu plik\u00f3w oraz materia\u0142\u00f3w audiowizualnych.<\/p>\n<p>Osoby lub Firmy zainteresowane innym ni\u017c prywatne wykorzystaniem tre\u015bci dost\u0119pnych w Portalu proszone s\u0105 o kontakt z Portalem.<\/p>\n<h2>VIII. POSTANOWIENIA KO\u0143COWE<\/h2>\n<p>Administrator nie odpowiada w \u017caden spos\u00f3b za prawdziwo\u015b\u0107 informacji wprowadzanych przez U\u017cytkownik\u00f3w do Portalu poprzez dost\u0119pne dla nich formularze.<\/p>\n<p>Administrator nie ponosi odpowiedzialno\u015bci za \u201ekradzie\u017ce kont Profili\u201d dokonywane przez osoby trzecie, w szczeg\u00f3lno\u015bci na skutek niew\u0142a\u015bciwej ochrony w\u0142asnego has\u0142a do konta przez Zarejestrowanego U\u017cytkownika.<\/p>\n<p>Administrator zastrzega sobie prawo do wprowadzania nowych funkcjonalno\u015bci i us\u0142ug dost\u0119pnych w Portalu, przeprowadzania i odwo\u0142ywania wszelkiego rodzaju akcji promocyjnych, prac konserwacyjnych Portalu, w tym do czasowego wy\u0142\u0105czania cz\u0119\u015bci lub wszystkich stron Portalu.<\/p>\n<p>Administrator zastrzega sobie prawo do wprowadzenia zmian w regulaminie. W przypadku wprowadzenia zmian w Regulaminie, Administrator poinformuje o tym fakcie na stronach g\u0142\u00f3wnych serwis\u00f3w wchodz\u0105cych w sk\u0142ad Portalu. Po ukazaniu si\u0119 informacji o zmianach w Regulaminie U\u017cytkownik powinien niezw\u0142ocznie zapozna\u0107 si\u0119 ze zmianami. Rejestracja nowego konta lub zalogowanie si\u0119 na istniej\u0105ce konto przez U\u017cytkownika oznacza bezwarunkow\u0105 akceptacj\u0119 nowej tre\u015bci Regulaminu przez U\u017cytkownika. U\u017cytkownik w przypadku nie zaakceptowania nowej tre\u015bci regulaminu powinien niezw\u0142ocznie poinformowa\u0107 o tym fakcie Administratora. O\u015bwiadczenie o nie zaakceptowaniu nowej tre\u015bci Regulaminu skutkuje usuni\u0119ciem konta Zarejestrowanego U\u017cytkownika.<\/p>\n<p>W sprawach nie uregulowanych niniejszym regulaminem stosuje si\u0119 przepisy Kodeksu Cywilnego.<\/p>\n<p>S\u0105dem w\u0142a\u015bciwym dla rozpatrywania spor\u00f3w wynikaj\u0105cych z funkcjonowania Portalu jest s\u0105d w\u0142a\u015bciwy dla siedziby pozwanego.<\/p>\n<p>Zakopane 24.05.2018<\/p>\n\n\t\t<\/div>\n\t<\/div>\n<\/div><\/div><\/div><\/div>\n<\/div>","protected":false},"excerpt":{"rendered":"Regulamin korzystania z serwisu Sport-Timing I. POSTANOWIENIA OG\u00d3LNE Portal internetowy SPORT-TIMING jest prowadzony i zarz\u0105dzany przez firm\u0119 Sport Timing Krzysztof G\u0105sienica ul. Kasprowicza 47b, 34-500 Zakopane w ca\u0142o\u015bci, posiadaj\u0105cy numer NIP: 7361214482. REGON: 490740987 Niniejszy regulamin okre\u015bla zasady korzystania i funkcjonowania Portalu. Postanowienia Regulaminu oraz wszelkich za\u0142\u0105cznik\u00f3w i dodatk\u00f3w (w tym regulamin w\u0142asny serwisu z pkt.1.1.), b\u0119d\u0105cych jego integralnymi cz\u0119\u015bciami wraz z przepisami prawa obowi\u0105zuj\u0105cego na terytorium Rzeczypospolitej Polskiej, w spos\u00f3b wy\u0142\u0105czny okre\u015blaj\u0105 prawa i obowi\u0105zki U\u017cytkownik\u00f3w Portalu, a tak\u017ce prawa, obowi\u0105zki oraz zakres odpowiedzialno\u015bci Administratora. Ka\u017cdy U\u017cytkownik zobowi\u0105zany jest, z momentem podj\u0119cia czynno\u015bci zmierzaj\u0105cych do korzystania z Portalu, do przestrzegania postanowie\u0144 niniejszego Regulaminu. Przed za\u0142o\u017ceniem Konta nale\u017cy uwa\u017cnie przeczyta\u0107 poni\u017cszy Regulamin. II. DEFINICJE Regulamin \u2013 oznacza niniejszy Regulamin \u015bwiadczenia us\u0142ug w Portalu. Portal \u2013 oznacza serwis internetowy: sport-timing.pl Administrator \u2013 oznacza firm\u0119 Sport Timing Krzysztof G\u0105sienica. U\u017cytkownik \u2013 oznacza osob\u0119 fizyczn\u0105 lub podmiot korzystaj\u0105cy z og\u00f3lnie dost\u0119pnych us\u0142ug oferowanych przez Portal. Zarejestrowany U\u017cytkownik \u2013 oznacza osob\u0119 fizyczn\u0105 lub podmiot, kt\u00f3ry skutecznie za\u0142o\u017cy Profil w Portalu poprzez uzyskanie w procesie rejestracji indywidualnego numeru karty klienta oraz wybranego przez siebie has\u0142a pozwalaj\u0105cego zalogowa\u0107 si\u0119 do Profilu. Profil \u2013 zbi\u00f3r informacji opisuj\u0105cych i identyfikuj\u0105cych danego Zarejestrowanego U\u017cytkownika Portalu, przekazywanych samodzielnie i dobrowolnie przez Zarejestrowanego U\u017cytkownika do Portalu, kt\u00f3re przetwarzane s\u0105 i publikowane na stronach Portalu zgodnie z Ustaw\u0105 o Ochronie Danych Osobowych z dnia 29 sierpnia 1997r. z p\u00f3\u017aniejszymi zmianami. Baza Profili \u2013 zbi\u00f3r informacji opisuj\u0105cych i identyfikuj\u0105cych wszystkich U\u017cytkownik\u00f3w Portalu, przekazywanych samodzielnie i dobrowolnie przez wszystkich U\u017cytkownik\u00f3w do Portalu, kt\u00f3re gromadzone s\u0105 i przetwarzane przez Portal na potrzeby \u015bwiadczenia us\u0142ug Portalu. Si\u0142a wy\u017csza \u2013 wszelkie nag\u0142e zdarzenia o charakterze zewn\u0119trznym, powoduj\u0105ce obiektywn\u0105 niemo\u017cno\u015b\u0107 wykonania \u015bwiadcze\u0144 obj\u0119tych Regulaminem, kt\u00f3rych Administrator nie by\u0142 w stanie przewidzie\u0107. III. OG\u00d3LNE WARUNKI KORZYSTANIA Z PORTALU Do korzystania z us\u0142ug Portalu niezb\u0119dne jest posiadanie urz\u0105dzenia pozwalaj\u0105cego na korzystanie z sieci internetowej, przegl\u0105darki internetowej z w\u0142\u0105czon\u0105 obs\u0142ug\u0105 plik\u00f3w \u201ecookies\u201d, skrzynki poczty elektronicznej e-mail. Podstawow\u0105 dzia\u0142alno\u015bci\u0105 Portalu w sieci internetowej jest: umo\u017cliwienie Zarejestrowanym U\u017cytkownikom zapisywania si\u0119 w spos\u00f3b elektroniczny na zawody sportowe organizowane przez osoby i\/lub podmioty trzecie na podstawie w\u0142asnych regulamin\u00f3w zawod\u00f3w oraz warunk\u00f3w uczestnictwa w takich zawodach, publikacja wynik\u00f3w z zawod\u00f3w sportowych, kt\u00f3re przygotowane zosta\u0142y przez\u00a0 Sport Timing Krzysztof G\u0105sienica lub podmioty trzecie, publikacja zdj\u0119\u0107 i materia\u0142\u00f3w audiowizualnych z zawod\u00f3w sportowych w celach umo\u017cliwienia ich zakupu przez Zarejestrowanych U\u017cytkownik\u00f3w, na podstawie oddzielnych um\u00f3w umo\u017cliwienie organizatorom zawod\u00f3w sportowych przeprowadzenia zapis\u00f3w elektronicznych na te zawody dla Zarejestrowanych U\u017cytkownik\u00f3w, na podstawie oddzielnych um\u00f3w publikacja wynik\u00f3w z zawod\u00f3w sportowych, kt\u00f3re przygotowane zosta\u0142y przez Sport Timing Krzysztof G\u0105sienica lub podmioty trzecie. Rejestracja Profilu w Portalu jest dobrowolna i bezp\u0142atna. Ka\u017cdy z Zarejestrowanych U\u017cytkownik\u00f3w ma prawo do wgl\u0105du do swoich danych przetwarzanych przez Portal, prawo do poprawiania tych danych oraz do \u017c\u0105dania zaprzestania ich przetwarzania poprzez usuni\u0119cie z Bazy Profili. Zarejestrowani U\u017cytkownicy s\u0105 zobowi\u0105zani do niezw\u0142ocznego aktualizowania zapisanych w Profilu danych w przypadku ka\u017cdej ich zmiany, w szczeg\u00f3lno\u015bci je\u015bli zmiany te maj\u0105 istotny wp\u0142yw na uczestnictwo w zawodach sportowych. Wszelkie konsekwencje podania nieprawdziwych danych ponosi U\u017cytkownik. Konta powi\u0105zane, to profile innych Zarejestrowanych U\u017cytkownik\u00f3w Portalu przypisane do danego Zarejestrowanego U\u017cytkownika. Dzi\u0119ki tym powi\u0105zaniom mo\u017cna zg\u0142asza\u0107 na zawody sportowe swoich znajomych i\/lub odwrotnie. W ramach kont powi\u0105zanych widoczne s\u0105 tylko wybrane dane Profilu: imi\u0119, nazwisko, miejscowo\u015b\u0107, klub sportowy. Dane konta powi\u0105zanego mog\u0105 by\u0107 aktualizowane tylko przez osob\u0119, kt\u00f3rej one dotycz\u0105. Powi\u0105zanie kont nast\u0119puje w wyniku dobrowolnego przekazania innemu Zarejestrowanemu U\u017cytkownikowi swojego numeru karty U\u017cytkownika oraz indywidualnego kodu udost\u0119pniania wygenerowanego przez Portal. Zapisy elektroniczne na zawody, to formularze dost\u0119pne przez przegl\u0105dark\u0119 internetow\u0105, spersonalizowane wed\u0142ug danych Profilu oraz wymaga\u0144 organizatora zawod\u00f3w. Ka\u017cdy z U\u017cytkownik\u00f3w mo\u017ce skorzysta\u0107 z udost\u0119pnionych formularzy w celu zapisania si\u0119 na zawody sportowe. Wype\u0142niaj\u0105c formularz zapis\u00f3w elektronicznych, U\u017cytkownik wyra\u017ca zgod\u0119 na przetwarzanie danych podanych w tym formularzu przez Administratora oraz organizatora zawod\u00f3w sportowych, kt\u00f3rych ten formularz dotyczy zgodnie z Ustaw\u0105 o Ochronie Danych Osobowych z dnia 29 sierpnia 1997r. z p\u00f3\u017aniejszymi zmianami. Wype\u0142niaj\u0105c formularz zapis\u00f3w elektronicznych, U\u017cytkownik wyra\u017ca zgod\u0119 na otrzymywanie na wskazany adres e-mail powiadomie\u0144 generowanych przez Portal oraz na otrzymywanie na ten adres e-mail wiadomo\u015bci od Administratora i\/lub organizatora dotycz\u0105cych zawod\u00f3w, na kt\u00f3re zosta\u0142 wype\u0142niony formularz zapis\u00f3w. Wyniki online, to listy wynik\u00f3w z zawod\u00f3w sportowych prezentowane przez Administratora na zlecenie organizator\u00f3w zawod\u00f3w sportowych. Wyniki online zawieraj\u0105 informacje o zawodnikach oraz ich rezultaty na zawodach sportowych. IV. OCHRONA DANYCH OSOBOWYCH Gromadzimy i wykorzystujemy dane osobowe u\u017cytkownik\u00f3w w celu \u015bwiadczenia im us\u0142ug opisanych powy\u017cej. Prawa osoby, kt\u00f3rej dotycz\u0105 dane osobowe: prawo dost\u0119pu do tre\u015bci swoich danych osobowych, czyli prawo do uzyskania potwierdzenia czy Administrator przetwarza dane oraz informacji dotycz\u0105cych takiego przetwarzania prawo do sprostowania danych, je\u017celi dane przetwarzane przez Administratora s\u0105 nieprawid\u0142owe lub niekompletne prawo \u017c\u0105dania od Administratora usuni\u0119cia danych prawo \u017c\u0105dania od Administratora ograniczenia przetwarzania danych prawo do przenoszenia danych, czyli prawo do otrzymania dostarczonych Administratorowi danych osobowych oraz przes\u0142ania ich innemu administratorowi; prawo wniesienia sprzeciwu wobec przetwarzania danych na podstawie uzasadnionego interesu Administratora lub wobec przetwarzania w celu marketingu bezpo\u015bredniego prawo wniesienia skargi do polskiego organu nadzorczego lub organu nadzorczego innego pa\u0144stwa cz\u0142onkowskiego Unii Europejskiej, w\u0142a\u015bciwego ze wzgl\u0119du na miejsce zwyk\u0142ego pobytu lub pracy osoby, kt\u00f3rej dane dotycz\u0105 lub ze wzgl\u0119du na miejsce domniemanego naruszenia RODO prawo do cofni\u0119cia zgody w dowolnym momencie (bez wp\u0142ywu na zgodno\u015b\u0107 z prawem przetwarzania, kt\u00f3rego dokonano na podstawie zgody przed jej cofni\u0119ciem) prawo do uzyskania interwencji ludzkiej ze strony Administratora, wyra\u017cenia w\u0142asnego stanowiska i do zakwestionowania decyzji opartej na zautomatyzowanym przetwarzaniu danych. podane dane b\u0119d\u0105 przetwarzane zgodnie z tre\u015bci\u0105 og\u00f3lnego rozporz\u0105dzenia o ochronie danych z 27 kwietnia 2016 r. Inspektorem Ochrony Danych w Sport-Timing jest Krzysztof G\u0105sienica email: biuro@sport-timing.pl dane osobowe b\u0119d\u0105 przechowywane przez okres trwania umowy prawo wniesienia skargi, gdy uzna, i\u017c przetwarzanie danych osobowych dotycz\u0105cych narusza przepisy og\u00f3lnego rozporz\u0105dzenia o ochronie danych osobowych z dnia 27 kwietnia 2016 r. W przypadku stwierdzenia przez Administratora, \u017ce U\u017cytkownik narusza postanowienia Regulaminu, Administrator mo\u017ce zablokowa\u0107 konto. Konto mo\u017ce by\u0107 r\u00f3wnie\u017c usuni\u0119te przez Administratora bez jakichkolwiek uprzedze\u0144, co spowoduje ca\u0142kowite i bezpowrotne usuni\u0119cie wszystkich zwi\u0105zanych z nim danych Profilu. Usuni\u0119cie konta przez Administratora lub na wniosek Zarejestrowanego U\u017cytkownika nie skutkuje usuni\u0119ciem danych U\u017cytkownika z list Wynik\u00f3w online. V. [...]","protected":false},"author":2112,"featured_media":0,"parent":0,"menu_order":0,"comment_status":"open","ping_status":"open","template":"","meta":{"_acf_changed":false,"_monsterinsights_skip_tracking":false,"_monsterinsights_sitenote_active":false,"_monsterinsights_sitenote_note":"","_monsterinsights_sitenote_category":0,"footnotes":""},"categories":[],"tags":[],"class_list":["post-1972","page","type-page","status-publish","hentry"],"acf":[],"aioseo_notices":[],"_links":{"self":[{"href":"https:\/\/sport-timing.pl\/pomiar-czasu\/wp-json\/wp\/v2\/pages\/1972","targetHints":{"allow":["GET"]}}],"collection":[{"href":"https:\/\/sport-timing.pl\/pomiar-czasu\/wp-json\/wp\/v2\/pages"}],"about":[{"href":"https:\/\/sport-timing.pl\/pomiar-czasu\/wp-json\/wp\/v2\/types\/page"}],"author":[{"embeddable":true,"href":"https:\/\/sport-timing.pl\/pomiar-czasu\/wp-json\/wp\/v2\/users\/2112"}],"replies":[{"embeddable":true,"href":"https:\/\/sport-timing.pl\/pomiar-czasu\/wp-json\/wp\/v2\/comments?post=1972"}],"version-history":[{"count":12,"href":"https:\/\/sport-timing.pl\/pomiar-czasu\/wp-json\/wp\/v2\/pages\/1972\/revisions"}],"predecessor-version":[{"id":30790,"href":"https:\/\/sport-timing.pl\/pomiar-czasu\/wp-json\/wp\/v2\/pages\/1972\/revisions\/30790"}],"wp:attachment":[{"href":"https:\/\/sport-timing.pl\/pomiar-czasu\/wp-json\/wp\/v2\/media?parent=1972"}],"wp:term":[{"taxonomy":"category","embeddable":true,"href":"https:\/\/sport-timing.pl\/pomiar-czasu\/wp-json\/wp\/v2\/categories?post=1972"},{"taxonomy":"post_tag","embeddable":true,"href":"https:\/\/sport-timing.pl\/pomiar-czasu\/wp-json\/wp\/v2\/tags?post=1972"}],"curies":[{"name":"wp","href":"https:\/\/api.w.org\/{rel}","templated":true}]}}