




{"id":173,"date":"2014-01-29T21:17:49","date_gmt":"2014-01-29T20:17:49","guid":{"rendered":"https:\/\/sport-timing.pl\/pomiar-czasu\/register\/"},"modified":"2014-01-29T21:17:49","modified_gmt":"2014-01-29T20:17:49","slug":"register","status":"publish","type":"page","link":"https:\/\/sport-timing.pl\/pomiar-czasu\/register\/","title":{"rendered":"Zarejestruj si\u0119"},"content":{"rendered":"<div class=\"tml tml-login\">\n<div class=\"tml-alerts\"><\/div><form name=\"login\" action=\"https:\/\/sport-timing.pl\/pomiar-czasu\/login\/\" method=\"post\">\n<div class=\"tml-field-wrap tml-log-wrap\">\n<label class=\"tml-label\" for=\"user_login\">Nazwa u\u017cytkownika lub adres e-mail<\/label>\n<input name=\"log\" type=\"text\" value=\"\" id=\"user_login\" autocapitalize=\"off\" class=\"tml-field\">\n<\/div>\n\n<div class=\"tml-field-wrap tml-pwd-wrap\">\n<label class=\"tml-label\" for=\"user_pass\">Has\u0142o<\/label>\n<input name=\"pwd\" type=\"password\" value=\"\" id=\"user_pass\" class=\"tml-field\">\n<\/div>\n\n\n<div class=\"tml-field-wrap tml-rememberme-wrap\">\n<input name=\"rememberme\" type=\"checkbox\" value=\"forever\" id=\"rememberme\" class=\"tml-checkbox\">\n<label class=\"tml-label\" for=\"rememberme\">Zapami\u0119taj mnie<\/label>\n<\/div>\n\n<div class=\"tml-field-wrap tml-submit-wrap\">\n<button name=\"submit\" type=\"submit\" class=\"tml-button\">Zaloguj si\u0119<\/button>\n<\/div>\n\n<input name=\"redirect_to\" type=\"hidden\" value=\"https:\/\/sport-timing.pl\/pomiar-czasu\/wp-admin\/\">\n\n<\/form>\n<ul class=\"tml-links\"><li class=\"tml-register-link\"><a href=\"https:\/\/sport-timing.pl\/pomiar-czasu\/register\/\">Zarejestruj si\u0119<\/a><\/li><li class=\"tml-lostpassword-link\"><a href=\"https:\/\/sport-timing.pl\/pomiar-czasu\/lostpassword\/\">Nie pami\u0119tasz has\u0142a?<\/a><\/li><\/ul><\/div>\n\n","protected":false},"excerpt":{"rendered":"Nazwa u\u017cytkownika lub adres e-mail Has\u0142o Zapami\u0119taj mnie Zaloguj si\u0119 Zarejestruj si\u0119Nie pami\u0119tasz has\u0142a?","protected":false},"author":2112,"featured_media":0,"parent":0,"menu_order":0,"comment_status":"closed","ping_status":"closed","template":"","meta":{"_acf_changed":false,"_monsterinsights_skip_tracking":false,"_monsterinsights_sitenote_active":false,"_monsterinsights_sitenote_note":"","_monsterinsights_sitenote_category":0,"footnotes":""},"categories":[],"tags":[],"class_list":["post-173","page","type-page","status-publish","hentry"],"acf":[],"aioseo_notices":[],"_links":{"self":[{"href":"https:\/\/sport-timing.pl\/pomiar-czasu\/wp-json\/wp\/v2\/pages\/173","targetHints":{"allow":["GET"]}}],"collection":[{"href":"https:\/\/sport-timing.pl\/pomiar-czasu\/wp-json\/wp\/v2\/pages"}],"about":[{"href":"https:\/\/sport-timing.pl\/pomiar-czasu\/wp-json\/wp\/v2\/types\/page"}],"author":[{"embeddable":true,"href":"https:\/\/sport-timing.pl\/pomiar-czasu\/wp-json\/wp\/v2\/users\/2112"}],"replies":[{"embeddable":true,"href":"https:\/\/sport-timing.pl\/pomiar-czasu\/wp-json\/wp\/v2\/comments?post=173"}],"version-history":[{"count":0,"href":"https:\/\/sport-timing.pl\/pomiar-czasu\/wp-json\/wp\/v2\/pages\/173\/revisions"}],"wp:attachment":[{"href":"https:\/\/sport-timing.pl\/pomiar-czasu\/wp-json\/wp\/v2\/media?parent=173"}],"wp:term":[{"taxonomy":"category","embeddable":true,"href":"https:\/\/sport-timing.pl\/pomiar-czasu\/wp-json\/wp\/v2\/categories?post=173"},{"taxonomy":"post_tag","embeddable":true,"href":"https:\/\/sport-timing.pl\/pomiar-czasu\/wp-json\/wp\/v2\/tags?post=173"}],"curies":[{"name":"wp","href":"https:\/\/api.w.org\/{rel}","templated":true}]}}