




{"id":1682,"date":"2015-09-28T12:50:20","date_gmt":"2015-09-28T10:50:20","guid":{"rendered":"https:\/\/sport-timing.pl\/pomiar-czasu\/?page_id=1682"},"modified":"2024-12-20T13:21:02","modified_gmt":"2024-12-20T12:21:02","slug":"potwierdzenie-platnosci","status":"publish","type":"page","link":"https:\/\/sport-timing.pl\/pomiar-czasu\/potwierdzenie-platnosci\/","title":{"rendered":"P\u0142atno\u015bci"},"content":{"rendered":"<div class=\"wpb-content-wrapper\"><p><div id=\"order-number-form\" class=\"vc_row wpb_row vc_row-fluid\"><div class=\"wpb_column vc_column_container vc_col-sm-6\"><div class=\"vc_column-inner\"><div class=\"wpb_wrapper\"><div class=\"vc_empty_space\"   style=\"height: 32px\"><span class=\"vc_empty_space_inner\"><\/span><\/div><div class=\"vc_message_box vc_message_box-solid vc_message_box-square vc_color-info vc_do_message\" ><div class=\"vc_message_box-icon\"><i class=\"typcn typcn-sort-numerically-outline\"><\/i><\/div><h4 style=\"text-align: center;\"><span style=\"color: #ffffff;\">Wprowad\u017a numer zg\u0142oszenia oraz adres email podany podaczas rejestracji.<\/span><\/h4>\n<\/div>\n\t<div class=\"wpb_raw_code wpb_raw_html wpb_content_element enter-order-number\" >\n\t\t<div class=\"wpb_wrapper\">\n\t\t\t<center><form>\nID \/ Numer zg\u0142oszenia:<br>\n<input type=\"text\" id=\"order-no\" name=\"OrderId\" value=\"\" required>\n<br><br>\n\nE-mail:<br>\n<input type=\"text\" id=\"payment_mail\" name=\"payment_mail\" value=\"\">\n<br><br>\n<button class=\"vc_general vc_btn3 vc_btn3-size-md vc_btn3-shape-rounded vc_btn3-style-3d vc_btn3-icon-right vc_btn3-color-green\">Sprawd\u017a status p\u0142atno\u015bci <i class=\"vc_btn3-icon fa fa-arrow-circle-right\"><\/i><\/button>\n<\/form><\/center>\n\t\t<\/div>\n\t<\/div>\n<\/div><\/div><\/div><div class=\"wpb_column vc_column_container vc_col-sm-6\"><div class=\"vc_column-inner\"><div class=\"wpb_wrapper\"><div class=\"vc_message_box vc_message_box-3d vc_message_box-square vc_color-blue vc_custom_1724312929673 vc_do_message\" ><div class=\"vc_message_box-icon\"><i class=\"fas fa-info-circle\"><\/i><\/div><p style=\"font-size: 1em; text-align: left;\">Numer\u00a0zg\u0142oszenie zosta\u0142 wys\u0142any wraz z wiadomo\u015bci\u0105 potwierdzaj\u0105c\u0105 zg\u0142oszenie do imprezy.<br \/>\nJe\u015bli nie otrzyma\u0142e\u015b takiej wiadomo\u015bci sprawd\u017a folder spam w swojej skrzynce odbiorczej.<\/p>\n<p style=\"font-size: 1em; text-align: left;\">Numer zg\u0142oszenie jest dodatkowo dost\u0119pny na li\u015bcie zg\u0142oszonych\u00a0zawodnik\u00f3w na stronie wydarzenia.<\/p>\n<p>Aby wykona\u0107 przelew tradycyjny &#8211; numer konta b\u0119dzie dost\u0119pny po przej\u015bciu procesu weryfikacji zg\u0142oszenia.<\/p>\n<p style=\"font-size: 1em; text-align: left;\">W razie problem\u00f3w prosimy prosimy skorzysta\u0107 z centrum obs\u0142ugi klienta:<br \/>\n<a href=\"https:\/\/sport-timing.pl\/support\/\" rel=\"noopener\">Przejd\u017a do centrum obs\u0142ugi zg\u0142osze\u0144<\/a><\/p>\n<\/div><\/div><\/div><\/div><\/div><div class=\"vc_row wpb_row vc_row-fluid\"><div class=\"wpb_column vc_column_container vc_col-sm-3\"><div class=\"vc_column-inner\"><div class=\"wpb_wrapper\"><\/div><\/div><\/div><div class=\"wpb_column vc_column_container vc_col-sm-6\"><div class=\"vc_column-inner\"><div class=\"wpb_wrapper\"><div class=\"vc_message_box vc_message_box-solid vc_message_box-rounded vc_color-blue wpb_animate_when_almost_visible wpb_appear appear vc_do_message status_check\" ><div class=\"vc_message_box-icon\"><i class=\"fas fa-sync\"><\/i><\/div><h3 style=\"text-align: center;\"><span style=\"color: #ffffff;\">Sprawdzanie statusu p\u0142atno\u015bci<\/span><\/h3>\n<\/div><\/div><\/div><\/div><div class=\"wpb_column vc_column_container vc_col-sm-3\"><div class=\"vc_column-inner\"><div class=\"wpb_wrapper\"><\/div><\/div><\/div><\/div><div class=\"vc_row wpb_row vc_row-fluid vc_custom_1604055368591\"><div class=\"wpb_column vc_column_container vc_col-sm-6\"><div class=\"vc_column-inner\"><div class=\"wpb_wrapper\"><div class=\"vc_message_box vc_message_box-outline vc_message_box-rounded vc_color-info wpb_animate_when_almost_visible wpb_appear appear vc_custom_1724313288162 vc_do_message payment_info payment_desc\" ><div class=\"vc_message_box-icon\"><i class=\"fas fa-info-circle\"><\/i><\/div><h4><span style=\"color: #56b0ee;\">Szczeg\u00f3\u0142y zg\u0142oszenia:<\/span><\/h4>\n<p>Nazwa wydarzenia: <span id=\"from_title\" class=\"payment_info_text\"><\/span><\/p>\n<p>Numer zg\u0142oszenia: <span id=\"OrderId\" class=\"payment_info_text\"><\/span><br \/>\n<span id=\"first_name\" class=\"payment_info_text\"><\/span> <span id=\"last_name\" class=\"payment_info_text\"><\/span><\/p>\n<p>Status: <span id=\"payment_status\" class=\"payment_info_text\"><\/span><\/p>\n<\/div><div class=\"vc_btn3-container  event-home-page  wpb_animate_when_almost_visible wpb_top-to-bottom top-to-bottom vc_btn3-right vc_do_btn\" ><a class=\"vc_general vc_btn3 vc_btn3-size-md vc_btn3-shape-rounded vc_btn3-style-3d vc_btn3-icon-left vc_btn3-color-warning\" href=\"#\" title=\"\"><i class=\"vc_btn3-icon fas fa-arrow-circle-left\"><\/i> Strona wydarzenia<\/a><\/div><\/div><\/div><\/div><div class=\"wpb_column vc_column_container vc_col-sm-6\"><div class=\"vc_column-inner\"><div class=\"wpb_wrapper\"><div class=\"vc_message_box vc_message_box-solid vc_message_box-rounded vc_color-green wpb_animate_when_almost_visible wpb_appear appear vc_do_message payment_info payment_status_approved\" ><div class=\"vc_message_box-icon\"><i class=\"\"><\/i><\/div><h3 style=\"text-align: center;\"><span style=\"color: #ffffff;\">Zg\u0142oszenie jest kompletne.<\/span><\/h3>\n<p style=\"text-align: center;\"><span style=\"color: #ffffff;\">Potwierdzenie zosta\u0142o wys\u0142ane na adres <span id=\"email_address\" class=\"payment_info_text\"><\/span>.<\/span><\/p>\n<\/div><div class=\"vc_message_box vc_message_box-solid vc_message_box-rounded vc_color-orange wpb_animate_when_almost_visible wpb_appear appear vc_do_message payment_info payment_status_pending\" ><div class=\"vc_message_box-icon\"><i class=\"fas fa-info-circle\"><\/i><\/div><h3 style=\"text-align: center;\">Zg\u0142oszenie niekompletne<\/h3>\n<p style=\"text-align: center;\">Pow\u00f3d: <strong id=\"reason\">Brak op\u0142aty<\/strong><\/p>\n<p style=\"text-align: center;\">Do zap\u0142aty: <strong id=\"OrderTotal\" class=\"payment_info_text\">_<\/strong><\/p>\n<\/div><div class=\"vc_message_box vc_message_box-outline vc_message_box-rounded vc_color-orange wpb_animate_when_almost_visible wpb_appear appear vc_custom_1614278116394 vc_do_message payment_info payment_status_off\" ><div class=\"vc_message_box-icon\"><i class=\"\"><\/i><\/div><h3 style=\"text-align: center;\"><span style=\"color: #ff6600;\">Mo\u017cliwo\u015b\u0107\u00a0p\u0142atno\u015bci On-Line jest nieaktywna dla tego wydarzenia.<\/span><\/h3>\n<p style=\"text-align: center;\"><strong id=\"reason\">Prosimy o zapoznanie si\u0119 z regulaminem imprezy.<\/strong><\/p>\n<\/div><div class=\"vc_btn3-container  paynow-button  wpb_animate_when_almost_visible wpb_top-to-bottom top-to-bottom vc_btn3-center vc_do_btn\" ><a class=\"vc_general vc_btn3 vc_btn3-size-lg vc_btn3-shape-rounded vc_btn3-style-3d vc_btn3-block vc_btn3-icon-right vc_btn3-color-green\" href=\"#\" title=\"\" target=\"_blank\">Zap\u0142a\u0107 teraz <i class=\"vc_btn3-icon fas fa-arrow-circle-right\"><\/i><\/a><\/div>\n\t<div  class=\"wpb_single_image wpb_content_element vc_align_center wpb_content_element wpb_animate_when_almost_visible wpb_right-to-left right-to-left vc_custom_1696499729545  p24-icons\">\n\t\t\n\t\t<figure class=\"wpb_wrapper vc_figure\">\n\t\t\t<div class=\"vc_single_image-wrapper   vc_box_border_grey\"><img width=\"300\" height=\"115\" src=\"https:\/\/sport-timing.pl\/pomiar-czasu\/content\/uploads\/2017\/02\/przelewy-300x115.png\" class=\"vc_single_image-img attachment-medium\" alt=\"\" title=\"przelewy\" srcset=\"https:\/\/sport-timing.pl\/pomiar-czasu\/content\/uploads\/2017\/02\/przelewy-300x115.png 300w, https:\/\/sport-timing.pl\/pomiar-czasu\/content\/uploads\/2017\/02\/przelewy.png 650w\" sizes=\"(max-width: 300px) 100vw, 300px\" \/><\/div>\n\t\t<\/figure>\n\t<\/div>\n\n\t<div class=\"wpb_text_column wpb_content_element p24-icons\" >\n\t\t<div class=\"wpb_wrapper\">\n\t\t\t<p style=\"text-align: center;\">Bezpieczne p\u0142atno\u015bci On-Line<\/p>\n\n\t\t<\/div>\n\t<\/div>\n<\/div><\/div><\/div><\/div><div class=\"vc_row wpb_row vc_row-fluid\"><div class=\"wpb_column vc_column_container vc_col-sm-6\"><div class=\"vc_column-inner\"><div class=\"wpb_wrapper\"><\/div><\/div><\/div><div class=\"wpb_column vc_column_container vc_col-sm-6\"><div class=\"vc_column-inner\"><div class=\"wpb_wrapper\"><\/div><\/div><\/div><\/div><div class=\"vc_row wpb_row vc_row-fluid\"><div class=\"wpb_column vc_column_container vc_col-sm-12\"><div class=\"vc_column-inner\"><div class=\"wpb_wrapper\"><div class=\"vc_message_box vc_message_box-outline vc_message_box-square vc_color-warning wpb_animate_when_almost_visible wpb_top-to-bottom top-to-bottom vc_custom_1724310479855 vc_do_message payment_info payment_status_pending_info\" ><div class=\"vc_message_box-icon\"><i class=\"fas fa-info-circle\"><\/i><\/div><p style=\"font-size: 1em; text-align: left;\">Je\u015bli\u00a0op\u0142ata startowa zosta\u0142a wp\u0142acona przez system p\u0142atno\u015bci On-line na naszej stronie, poczekaj a\u017c bank przy\u015ble nam potwierdzenie transakcji (do 24 godzin), w przypadku gdy status op\u0142aty startowej\u00a0nadal widnienie jako &#8220;<strong>Pending<\/strong>&#8221; skontaktuj si\u0119 z naszym biurem obs\u0142ugi: <a href=\"https:\/\/sport-timing.pl\/support\/\" rel=\"noopener\">Przejd\u017a do centrum obs\u0142ugi zg\u0142osze\u0144<\/a>.<\/p>\n<\/div><div class=\"vc_message_box vc_message_box-outline vc_message_box-square vc_color-blue wpb_animate_when_almost_visible wpb_top-to-bottom top-to-bottom vc_custom_1724310499720 vc_do_message payment_info payment_status_pending_info\" ><div class=\"vc_message_box-icon\"><i class=\"fas fa-info-circle\"><\/i><\/div><h3><strong>Przelew tradycyjny \/ Numer konta*<\/strong><\/h3>\n<p>Aby wykona\u0107 przelew tradycyjny lub uzyska\u0107 numer konta i tytu\u0142 przelewu, prosz\u0119 klikn\u0105\u0107 w guzik &#8220;Zap\u0142a\u0107 teraz&#8221; lub &#8220;Wy\u015blij link do p\u0142atno\u015bci&#8221; (w zale\u017cno\u015bci od wydarzenia).<br \/>\nFormularz przelewu wraz z numerem konta dost\u0119pny jest na dole tabeli z sposobami p\u0142atno\u015bci.<br \/>\nProsz\u0119 post\u0119powa\u0107 zgodnie z instrukcjami podanymi na stronie p\u0142atno\u015bci.<\/p>\n<p><small>*Dotyczy wydarze\u0144 z aktywnymi p\u0142atno\u015bciami On-Line<\/small><\/p>\n<\/div><\/div><\/div><\/div><\/div><div class=\"vc_row wpb_row vc_row-fluid\"><div class=\"wpb_column vc_column_container vc_col-sm-6\"><div class=\"vc_column-inner\"><div class=\"wpb_wrapper\"><div class=\"vc_btn3-container  change-order-button  wpb_animate_when_almost_visible wpb_top-to-bottom top-to-bottom vc_btn3-left vc_do_btn\" ><a class=\"vc_general vc_btn3 vc_btn3-size-md vc_btn3-shape-rounded vc_btn3-style-3d vc_btn3-icon-left vc_btn3-color-orange\" href=\"https:\/\/sport-timing.pl\/pomiar-czasu\/zapisy-online\/potwierdzenie-platnosci\/\" title=\"\"><i class=\"vc_btn3-icon fas fa-arrow-circle-left\"><\/i> Sprawd\u017a inne zg\u0142oszenie<\/a><\/div><\/div><\/div><\/div><div class=\"wpb_column vc_column_container vc_col-sm-6\"><div class=\"vc_column-inner\"><div class=\"wpb_wrapper\"><\/div><\/div><\/div><\/div><div class=\"vc_row wpb_row vc_row-fluid\"><div class=\"wpb_column vc_column_container vc_col-sm-12\"><div class=\"vc_column-inner\"><div class=\"wpb_wrapper\"><div class=\"vc_empty_space\"   style=\"height: 32px\"><span class=\"vc_empty_space_inner\"><\/span><\/div><\/div><\/div><\/div><\/div><\/p>\n<\/div>","protected":false},"excerpt":{"rendered":"Wprowad\u017a numer zg\u0142oszenia oraz adres email podany podaczas rejestracji. ID \/ Numer zg\u0142oszenia: E-mail: Sprawd\u017a status p\u0142atno\u015bci Numer\u00a0zg\u0142oszenie zosta\u0142 wys\u0142any wraz z wiadomo\u015bci\u0105 potwierdzaj\u0105c\u0105 zg\u0142oszenie do imprezy. Je\u015bli nie otrzyma\u0142e\u015b takiej wiadomo\u015bci sprawd\u017a folder spam w swojej skrzynce odbiorczej. Numer zg\u0142oszenie jest dodatkowo dost\u0119pny na li\u015bcie zg\u0142oszonych\u00a0zawodnik\u00f3w na stronie wydarzenia. Aby wykona\u0107 przelew tradycyjny - numer konta b\u0119dzie dost\u0119pny po przej\u015bciu procesu weryfikacji zg\u0142oszenia. W razie problem\u00f3w prosimy prosimy skorzysta\u0107 z centrum obs\u0142ugi klienta: Przejd\u017a do centrum obs\u0142ugi zg\u0142osze\u0144 Sprawdzanie statusu p\u0142atno\u015bci Szczeg\u00f3\u0142y zg\u0142oszenia: Nazwa wydarzenia: Numer zg\u0142oszenia: Status: Strona wydarzeniaZg\u0142oszenie jest kompletne. Potwierdzenie zosta\u0142o wys\u0142ane na adres . Zg\u0142oszenie niekompletne Pow\u00f3d: Brak op\u0142aty Do zap\u0142aty: _ Mo\u017cliwo\u015b\u0107\u00a0p\u0142atno\u015bci On-Line jest nieaktywna dla tego wydarzenia. Prosimy o zapoznanie si\u0119 z regulaminem imprezy. Zap\u0142a\u0107 teraz Bezpieczne p\u0142atno\u015bci On-Line Je\u015bli\u00a0op\u0142ata startowa zosta\u0142a wp\u0142acona przez system p\u0142atno\u015bci On-line na naszej stronie, poczekaj a\u017c bank przy\u015ble nam potwierdzenie transakcji (do 24 godzin), w przypadku gdy status op\u0142aty startowej\u00a0nadal widnienie jako \"Pending\" skontaktuj si\u0119 z naszym biurem obs\u0142ugi: Przejd\u017a do centrum obs\u0142ugi zg\u0142osze\u0144. Przelew tradycyjny \/ Numer konta* Aby wykona\u0107 przelew tradycyjny lub uzyska\u0107 numer konta i tytu\u0142 przelewu, prosz\u0119 klikn\u0105\u0107 w guzik \"Zap\u0142a\u0107 teraz\" lub \"Wy\u015blij link do p\u0142atno\u015bci\" (w zale\u017cno\u015bci od wydarzenia). Formularz przelewu wraz z numerem konta dost\u0119pny jest na dole tabeli z sposobami p\u0142atno\u015bci. Prosz\u0119 post\u0119powa\u0107 zgodnie z instrukcjami podanymi na stronie p\u0142atno\u015bci. *Dotyczy wydarze\u0144 z aktywnymi p\u0142atno\u015bciami On-Line Sprawd\u017a inne zg\u0142oszenie","protected":false},"author":2112,"featured_media":0,"parent":0,"menu_order":0,"comment_status":"closed","ping_status":"closed","template":"register_make_payment.php","meta":{"_acf_changed":false,"_monsterinsights_skip_tracking":false,"_monsterinsights_sitenote_active":false,"_monsterinsights_sitenote_note":"","_monsterinsights_sitenote_category":0,"footnotes":""},"categories":[],"tags":[],"class_list":["post-1682","page","type-page","status-publish","hentry"],"acf":[],"aioseo_notices":[],"_links":{"self":[{"href":"https:\/\/sport-timing.pl\/pomiar-czasu\/wp-json\/wp\/v2\/pages\/1682","targetHints":{"allow":["GET"]}}],"collection":[{"href":"https:\/\/sport-timing.pl\/pomiar-czasu\/wp-json\/wp\/v2\/pages"}],"about":[{"href":"https:\/\/sport-timing.pl\/pomiar-czasu\/wp-json\/wp\/v2\/types\/page"}],"author":[{"embeddable":true,"href":"https:\/\/sport-timing.pl\/pomiar-czasu\/wp-json\/wp\/v2\/users\/2112"}],"replies":[{"embeddable":true,"href":"https:\/\/sport-timing.pl\/pomiar-czasu\/wp-json\/wp\/v2\/comments?post=1682"}],"version-history":[{"count":181,"href":"https:\/\/sport-timing.pl\/pomiar-czasu\/wp-json\/wp\/v2\/pages\/1682\/revisions"}],"predecessor-version":[{"id":42584,"href":"https:\/\/sport-timing.pl\/pomiar-czasu\/wp-json\/wp\/v2\/pages\/1682\/revisions\/42584"}],"wp:attachment":[{"href":"https:\/\/sport-timing.pl\/pomiar-czasu\/wp-json\/wp\/v2\/media?parent=1682"}],"wp:term":[{"taxonomy":"category","embeddable":true,"href":"https:\/\/sport-timing.pl\/pomiar-czasu\/wp-json\/wp\/v2\/categories?post=1682"},{"taxonomy":"post_tag","embeddable":true,"href":"https:\/\/sport-timing.pl\/pomiar-czasu\/wp-json\/wp\/v2\/tags?post=1682"}],"curies":[{"name":"wp","href":"https:\/\/api.w.org\/{rel}","templated":true}]}}