




{"id":1571,"date":"2015-09-15T01:59:17","date_gmt":"2015-09-14T23:59:17","guid":{"rendered":"https:\/\/sport-timing.pl\/pomiar-czasu\/?page_id=1571"},"modified":"2024-08-24T17:04:22","modified_gmt":"2024-08-24T15:04:22","slug":"run-and-roll-jaslo-2015-biegi-uliczne-jazda-szybka-rolkach-nartorolkach","status":"publish","type":"page","link":"https:\/\/sport-timing.pl\/pomiar-czasu\/zapisy-online\/run-and-roll-jaslo-2015-biegi-uliczne-jazda-szybka-rolkach-nartorolkach\/","title":{"rendered":"Run and Roll Jas\u0142o 2015 &#8211; Biegi Uliczne i Jazda Szybka na Rolkach i Nartorolkach"},"content":{"rendered":"<div class=\"wpb-content-wrapper\"><p><div class=\"vc_row wpb_row vc_row-fluid event_espresso_form_wrapper event-data-display\"><div class=\"wpb_column vc_column_container vc_col-sm-12\"><div class=\"vc_column-inner\"><div class=\"wpb_wrapper\"><div class=\"vc_message_box vc_message_box-standard vc_message_box-round vc_color-alert-info wpb_animate_when_almost_visible wpb_appear appear vc_do_message import-done\" ><div class=\"vc_message_box-icon\"><i class=\"vc_pixel_icon vc_pixel_icon-info\"><\/i><\/div><p>Dane zosta\u0142y zaimportowane z\u00a0Twojego profilu.<\/p>\n<\/div><div class=\"vc_separator wpb_content_element vc_separator_align_center vc_sep_width_100 vc_sep_pos_align_center vc_sep_color_grey wpb_content_element vc_separator-has-text\" ><span class=\"vc_sep_holder vc_sep_holder_l\"><span class=\"vc_sep_line\"><\/span><\/span><h4>Formularz zg\u0142oszeniowy<\/h4><span class=\"vc_sep_holder vc_sep_holder_r\"><span class=\"vc_sep_line\"><\/span><\/span>\n<\/div><div class=\"vc_message_box vc_message_box-standard vc_message_box-rounded vc_color-info vc_do_message\" ><div class=\"vc_message_box-icon\"><i class=\"fas fa-info-circle\"><\/i><\/div><h2 style=\"text-align: center;\">Zapisy On-Line s\u0105 ju\u017c nieaktywne.<\/h2>\n<p style=\"text-align: center;\"><strong>Zg\u0142oszenia na stronie www.sport-timing.pl do <span style=\"text-decoration: underline;\">23.10.2015r<\/span>. po tym terminie zg\u0142oszenia s\u0105 przyjmowanie w biurze zawod\u00f3w.<\/strong><\/p>\n<p style=\"text-align: center;\"><strong>Dodatkowe informacje:<br \/>\norganizator tel. 606\u00a0267\u00a0207<br \/>\nrejestracja tel. 607\u00a0844\u00a0393.<\/strong><\/p>\n<\/div><\/div><\/div><\/div><\/div><div class=\"vc_row wpb_row vc_row-fluid\"><div class=\"wpb_column vc_column_container vc_col-sm-12\"><div class=\"vc_column-inner\"><div class=\"wpb_wrapper\">\n\t<div class=\"wpb_raw_code wpb_raw_js\" >\n\t\t<div class=\"wpb_wrapper\">\n\t\t\t\n\t\t<\/div>\n\t<\/div>\n<\/div><\/div><\/div><\/div><\/p>\n<\/div>","protected":false},"excerpt":{"rendered":"Dane zosta\u0142y zaimportowane z\u00a0Twojego profilu. Formularz zg\u0142oszeniowy Zapisy On-Line s\u0105 ju\u017c nieaktywne. Zg\u0142oszenia na stronie www.sport-timing.pl do 23.10.2015r. po tym terminie zg\u0142oszenia s\u0105 przyjmowanie w biurze zawod\u00f3w. Dodatkowe informacje: organizator tel. 606\u00a0267\u00a0207 rejestracja tel. 607\u00a0844\u00a0393.","protected":false},"author":2112,"featured_media":0,"parent":39880,"menu_order":0,"comment_status":"closed","ping_status":"closed","template":"page-zapisy.php","meta":{"_acf_changed":false,"_monsterinsights_skip_tracking":false,"_monsterinsights_sitenote_active":false,"_monsterinsights_sitenote_note":"","_monsterinsights_sitenote_category":0,"footnotes":""},"categories":[],"tags":[],"class_list":["post-1571","page","type-page","status-publish","hentry"],"acf":[],"aioseo_notices":[],"_links":{"self":[{"href":"https:\/\/sport-timing.pl\/pomiar-czasu\/wp-json\/wp\/v2\/pages\/1571","targetHints":{"allow":["GET"]}}],"collection":[{"href":"https:\/\/sport-timing.pl\/pomiar-czasu\/wp-json\/wp\/v2\/pages"}],"about":[{"href":"https:\/\/sport-timing.pl\/pomiar-czasu\/wp-json\/wp\/v2\/types\/page"}],"author":[{"embeddable":true,"href":"https:\/\/sport-timing.pl\/pomiar-czasu\/wp-json\/wp\/v2\/users\/2112"}],"replies":[{"embeddable":true,"href":"https:\/\/sport-timing.pl\/pomiar-czasu\/wp-json\/wp\/v2\/comments?post=1571"}],"version-history":[{"count":31,"href":"https:\/\/sport-timing.pl\/pomiar-czasu\/wp-json\/wp\/v2\/pages\/1571\/revisions"}],"predecessor-version":[{"id":2118,"href":"https:\/\/sport-timing.pl\/pomiar-czasu\/wp-json\/wp\/v2\/pages\/1571\/revisions\/2118"}],"up":[{"embeddable":true,"href":"https:\/\/sport-timing.pl\/pomiar-czasu\/wp-json\/wp\/v2\/pages\/39880"}],"wp:attachment":[{"href":"https:\/\/sport-timing.pl\/pomiar-czasu\/wp-json\/wp\/v2\/media?parent=1571"}],"wp:term":[{"taxonomy":"category","embeddable":true,"href":"https:\/\/sport-timing.pl\/pomiar-czasu\/wp-json\/wp\/v2\/categories?post=1571"},{"taxonomy":"post_tag","embeddable":true,"href":"https:\/\/sport-timing.pl\/pomiar-czasu\/wp-json\/wp\/v2\/tags?post=1571"}],"curies":[{"name":"wp","href":"https:\/\/api.w.org\/{rel}","templated":true}]}}