




{"id":1489,"date":"2015-08-12T18:57:45","date_gmt":"2015-08-12T16:57:45","guid":{"rendered":"https:\/\/sport-timing.pl\/pomiar-czasu\/?page_id=1489"},"modified":"2024-08-24T17:04:22","modified_gmt":"2024-08-24T15:04:22","slug":"3-bieg-sosnowiecki","status":"publish","type":"page","link":"https:\/\/sport-timing.pl\/pomiar-czasu\/zapisy-online\/3-bieg-sosnowiecki\/","title":{"rendered":"3. Bieg Sosnowiecki"},"content":{"rendered":"<div class=\"wpb-content-wrapper\"><div class=\"vc_row wpb_row vc_row-fluid event_espresso_form_wrapper event-data-display ui-widget-content ui-corner-bottom\"><div class=\"wpb_column vc_column_container vc_col-sm-12\"><div class=\"vc_column-inner\"><div class=\"wpb_wrapper\"><div class=\"vc_message_box vc_message_box-standard vc_message_box-round vc_color-alert-info wpb_animate_when_almost_visible wpb_appear appear vc_do_message import-done\" ><div class=\"vc_message_box-icon\"><i class=\"vc_pixel_icon vc_pixel_icon-info\"><\/i><\/div><p>Dane zosta\u0142y zaimportowane z\u00a0Twojego profilu.<\/p>\n<\/div>\n\t<div class=\"wpb_raw_code wpb_raw_html wpb_content_element\" >\n\t\t<div class=\"wpb_wrapper\">\n\t\t\t<div class=\"message-box-wrapper green date-pace\">\n<h5>3. Bieg Sosnowiecki<\/h5>\n<span class=\"event-card\">\n<span class=\"section-title\">\n<i class=\"icon-calendar\"><\/i> <\/span>30 sierpnia 2015 r. (niedziela).            \n<span class=\"span_event_time_label\"><i class=\"icon-time\"><\/i> <\/span>\n<span class=\"span_event_time_value\">10:00<\/span>\n<span class=\"span_event_time_label\"><i class=\"fa fa-long-arrow-right\"><\/i> <i class=\"icon-time\"><\/i> <\/span>\n<span class=\"span_event_time_value\">17:00<\/span><br>\n<span class=\"span_event_time_label\"><i class=\"fa fa-map-marker\"><\/i><\/span> <span class=\"span_event_time_value\"><a href=\"https:\/\/www.google.ae\/maps\/place\/Trawa+Cytrynowa\/@49.9184004,19.8849454,13z\/data=!4m2!3m1!1s0x4716662b07cb0931:0xaaf1c4edc3f0ce4e\" target=_blank>Sosnowiec, ul. Kresowa.<\/a><\/span>\n<br><br>\n\n<\/span>\n<\/div>\t\n<div class=\"message-box-wrapper green zloszeni2\">\n<p class=\"zgloszeni\">\n<i class=\"fa fa-users\"><\/i>\n<a data-fancybox-type=\"iframe\" class=\"various\" href=\"http:\/\/sport-timing.pl\/pomiar-czasu\/zapisy-online\/mistrzostwa-polski-rowerowym-enduro\/3-bieg-sosnowiecki-lista-uczestnikow\/\" title=\"3-bieg-sosnowiecki - Lista uczestnik\u00f3w\t\n\">Lista zg\u0142oszonych zawodnik\u00f3w<\/a><\/p><\/div>\n         \t\t\t\t\t\t\t\t\t\t\t\t\t\t\t\t\t\t\t\t\t\t\n\t\t\t\t\t\n\n\t\t<\/div>\n\t<\/div>\n<div class=\"vc_separator wpb_content_element vc_separator_align_center vc_sep_width_100 vc_sep_pos_align_center vc_sep_color_grey wpb_content_element vc_separator-has-text\" ><span class=\"vc_sep_holder vc_sep_holder_l\"><span class=\"vc_sep_line\"><\/span><\/span><h4>Formularz zg\u0142oszeniowy<\/h4><span class=\"vc_sep_holder vc_sep_holder_r\"><span class=\"vc_sep_line\"><\/span><\/span>\n<\/div><div class=\"vc_row wpb_row vc_inner vc_row-fluid vc_custom_1433519631194\"><div class=\"wpb_column vc_column_container vc_col-sm-12\"><div class=\"vc_column-inner vc_custom_1433056466041\"><div class=\"wpb_wrapper\">\n\t<div class=\"wpb_text_column wpb_content_element\" >\n\t\t<div class=\"wpb_wrapper\">\n\t\t\t<div class=\"message-box-wrapper blue\">\n<div class=\"message-box-title\"><\/div>\n<div class=\"message-box-content\">\n\n<\/div>\n<\/div>\n\n\t\t<\/div>\n\t<\/div>\n<\/div><\/div><\/div><\/div><\/div><\/div><\/div><\/div>\n<\/div>","protected":false},"excerpt":{"rendered":"Dane zosta\u0142y zaimportowane z\u00a0Twojego profilu. 3. Bieg Sosnowiecki 30 sierpnia 2015 r. (niedziela). 10:00 17:00 Sosnowiec, ul. Kresowa. Lista zg\u0142oszonych zawodnik\u00f3w Formularz zg\u0142oszeniowy","protected":false},"author":2112,"featured_media":0,"parent":39880,"menu_order":0,"comment_status":"closed","ping_status":"closed","template":"page-zapisy.php","meta":{"_acf_changed":false,"_monsterinsights_skip_tracking":false,"_monsterinsights_sitenote_active":false,"_monsterinsights_sitenote_note":"","_monsterinsights_sitenote_category":0,"footnotes":""},"categories":[],"tags":[],"class_list":["post-1489","page","type-page","status-publish","hentry"],"acf":[],"aioseo_notices":[],"_links":{"self":[{"href":"https:\/\/sport-timing.pl\/pomiar-czasu\/wp-json\/wp\/v2\/pages\/1489","targetHints":{"allow":["GET"]}}],"collection":[{"href":"https:\/\/sport-timing.pl\/pomiar-czasu\/wp-json\/wp\/v2\/pages"}],"about":[{"href":"https:\/\/sport-timing.pl\/pomiar-czasu\/wp-json\/wp\/v2\/types\/page"}],"author":[{"embeddable":true,"href":"https:\/\/sport-timing.pl\/pomiar-czasu\/wp-json\/wp\/v2\/users\/2112"}],"replies":[{"embeddable":true,"href":"https:\/\/sport-timing.pl\/pomiar-czasu\/wp-json\/wp\/v2\/comments?post=1489"}],"version-history":[{"count":3,"href":"https:\/\/sport-timing.pl\/pomiar-czasu\/wp-json\/wp\/v2\/pages\/1489\/revisions"}],"predecessor-version":[{"id":1495,"href":"https:\/\/sport-timing.pl\/pomiar-czasu\/wp-json\/wp\/v2\/pages\/1489\/revisions\/1495"}],"up":[{"embeddable":true,"href":"https:\/\/sport-timing.pl\/pomiar-czasu\/wp-json\/wp\/v2\/pages\/39880"}],"wp:attachment":[{"href":"https:\/\/sport-timing.pl\/pomiar-czasu\/wp-json\/wp\/v2\/media?parent=1489"}],"wp:term":[{"taxonomy":"category","embeddable":true,"href":"https:\/\/sport-timing.pl\/pomiar-czasu\/wp-json\/wp\/v2\/categories?post=1489"},{"taxonomy":"post_tag","embeddable":true,"href":"https:\/\/sport-timing.pl\/pomiar-czasu\/wp-json\/wp\/v2\/tags?post=1489"}],"curies":[{"name":"wp","href":"https:\/\/api.w.org\/{rel}","templated":true}]}}