




{"id":1240,"date":"2015-06-02T21:29:59","date_gmt":"2015-06-02T19:29:59","guid":{"rendered":"https:\/\/sport-timing.pl\/pomiar-czasu\/?page_id=1240"},"modified":"2024-08-24T17:04:22","modified_gmt":"2024-08-24T15:04:22","slug":"vi-mazurski-amatorski-polmaraton-rolkarski-puchar-wojta-gminy-gizycko","status":"publish","type":"page","link":"https:\/\/sport-timing.pl\/pomiar-czasu\/zapisy-online\/vi-mazurski-amatorski-polmaraton-rolkarski-puchar-wojta-gminy-gizycko\/","title":{"rendered":"VI \u2013 Mazurski, Amatorski P\u00f3\u0142maraton Rolkarski o Puchar W\u00f3jta Gminy Gi\u017cycko"},"content":{"rendered":"<div class=\"wpb-content-wrapper\"><div class=\"vc_row wpb_row vc_row-fluid event_espresso_form_wrapper event-data-display ui-widget-content ui-corner-bottom\"><div class=\"wpb_column vc_column_container vc_col-sm-12\"><div class=\"vc_column-inner\"><div class=\"wpb_wrapper\">\n\t<div class=\"wpb_raw_code wpb_raw_js\" >\n\t\t<div class=\"wpb_wrapper\">\n\t\t\t<script type=\"text\/javascript\"> \n\njQuery( document ).ready(function ($) {\n\/\/disable all radio options\n$(\"input:radio\").attr('disabled',true);\n$(\"#input_8_6 input:radio\").attr('disabled',false);\n\n$(\"input, select\").change(function(){\n$(\"input:radio\").attr('disabled',true);\n$(\"#input_8_6 input:radio\").attr('disabled',false);   \nyr_ob = $( \"#input_8_5\" ).val();\nage = year_now - yr_ob;\n\n\n\/\/kobiety\nif($('#choice_6_0').is(':checked')) {  \nswitch (true) {\ncase (age <= 14):\n$(\".gchoice_22_0 input:radio\").attr('disabled',false);\n$(\".gchoice_22_1 input:radio\").attr('disabled',false);\n\/\/$('.gchoice_22_0 input:radio').click();  \n\t\nbreak;\ncase (age >= 15 && age <= 17):\n$(\".gchoice_22_2 input:radio\").attr('disabled',false);\n$('.gchoice_22_2 input:radio').click();  \n     \nbreak;\ncase (age >= 18 && age <= 39):\n$(\".gchoice_22_3 input:radio\").attr('disabled',false);\n$('.gchoice_22_3 input:radio').click();  \n     \nbreak;\ncase (age >= 40):\n$(\".gchoice_22_4 input:radio\").attr('disabled',false);\n$('.gchoice_22_4 input:radio').click();  \n     \nbreak;\n}\n}\nif($('#choice_6_1').is(':checked')) { \nswitch (true) {\ncase (age <= 14):\n$(\".gchoice_23_0 input:radio\").attr('disabled',false);\n$(\".gchoice_23_1 input:radio\").attr('disabled',false);\n\/\/$('.gchoice_23_0 input:radio').click();  \n\t\nbreak;\ncase (age >= 15 && age <= 17):\n$(\".gchoice_23_2 input:radio\").attr('disabled',false);\n$('.gchoice_23_2 input:radio').click();  \n     \nbreak;\ncase (age >= 18 && age <= 39):\n$(\".gchoice_23_3 input:radio\").attr('disabled',false);\n$('.gchoice_23_3 input:radio').click();  \n     \nbreak;\ncase (age >= 40 && age <= 50):\n$(\".gchoice_23_4 input:radio\").attr('disabled',false);\n$('.gchoice_23_4 input:radio').click();  \n\nbreak;\ncase (age >= 51 && age <= 59):\n$(\".gchoice_23_5 input:radio\").attr('disabled',false);\n$('.gchoice_23_5 input:radio').click();       \nbreak;\ncase (age >= 60):\n$(\".gchoice_23_6 input:radio\").attr('disabled',false);\n$('.gchoice_23_6 input:radio').click();  \n     \nbreak;\n\n}\n}\n\n\n\n\n});\n\n});\n\n<\/script>\n\t\t<\/div>\n\t<\/div>\n<div class=\"vc_message_box vc_message_box-standard vc_message_box-round vc_color-alert-info wpb_animate_when_almost_visible wpb_appear appear vc_do_message import-done\" ><div class=\"vc_message_box-icon\"><i class=\"vc_pixel_icon vc_pixel_icon-info\"><\/i><\/div><p>Dane zosta\u0142y zaimportowane z\u00a0Twojego profilu.<\/p>\n<\/div>\n\t<div class=\"wpb_raw_code wpb_raw_html wpb_content_element\" >\n\t\t<div class=\"wpb_wrapper\">\n\t\t\t<div class=\"message-box-wrapper green date-pace\">\n<h5>VI \u2013 MAZURSKI, AMATORSKI P\u00d3\u0141MARATON ROLKARSKI o Puchar W\u00f3jta Gminy Gi\u017cycko<\/h5>\n<span class=\"event-card\">\n<span class=\"section-title\">\n<i class=\"icon-calendar\"><\/i> <\/span>28\/06\/2015             \n<span class=\"span_event_time_label\"><i class=\"icon-time\"><\/i> <\/span>\n<span class=\"span_event_time_value\">08:00<\/span>\n<span class=\"span_event_time_label\"><i class=\"fa fa-long-arrow-right\"><\/i> <i class=\"icon-time\"><\/i> <\/span>\n<span class=\"span_event_time_value\">17:00<\/span><br>\n<span class=\"span_event_time_label\"><i class=\"fa fa-map-marker\"><\/i><\/span> <span class=\"span_event_time_value\"><a href=\"https:\/\/www.google.ae\/maps\/place\/Kamionki,+Poland\/@54.1753964,21.0697344,7z\/data=!4m2!3m1!1s0x46e2289d8d183bf3:0xd55703d11af82a89\" target=_blank>Kamionki k\/ Gi\u017cycka<\/a><\/span>\n<br><br>\n<span class=\"span_event_time_label\">Zapisanych uczestnik\u00f3w:<\/span>\n<span class=\"span_event_time_value\" id=zapisanych_8><\/span>\n<\/span>\n<\/div>\t\n<div class=\"message-box-wrapper green zloszeni2\">\n<p class=\"zgloszeni\">\n<i class=\"fa fa-users\"><\/i>\n<a data-fancybox-type=\"iframe\" class=\"various\" href=\"http:\/\/sport-timing.pl\/pomiar-czasu\/zapisy-online\/vi-mazurski-amatorski-polmaraton-rolkarski-puchar-wojta-gminy-gizycko\/vi-mazurski-amatorski-polmaraton-rolkarski-puchar-wojta-gminy-gizycko-lista-uczestnikow\/\" title=\"MP w rowerowym Enduro - \u015awierad\u00f3w - lista zg\u0142oszonych zawodnik\u00f3w\">Lista zg\u0142oszonych zawodnik\u00f3w<\/a><\/p><\/div>\n         \t\t\t\t\t\t\t\t\t\t\t\t\t\t\t\t\t\t\t\t\t\t\n\t\t\t\t\t\n\n\t\t<\/div>\n\t<\/div>\n<div class=\"vc_separator wpb_content_element vc_separator_align_center vc_sep_width_100 vc_sep_pos_align_center vc_sep_color_grey wpb_content_element vc_separator-has-text\" ><span class=\"vc_sep_holder vc_sep_holder_l\"><span class=\"vc_sep_line\"><\/span><\/span><h4>Formularz zg\u0142oszeniowy<\/h4><span class=\"vc_sep_holder vc_sep_holder_r\"><span class=\"vc_sep_line\"><\/span><\/span>\n<\/div>\n\t<div class=\"wpb_text_column wpb_content_element\" >\n\t\t<div class=\"wpb_wrapper\">\n\t\t\t<div class=\"message-box-wrapper blue\">\n<div class=\"message-box-title\"><\/div>\n<div class=\"message-box-content\">\n\n<\/div>\n<\/div>\n\n\t\t<\/div>\n\t<\/div>\n<\/div><\/div><\/div><\/div>\n<\/div>","protected":false},"excerpt":{"rendered":"Dane zosta\u0142y zaimportowane z\u00a0Twojego profilu. VI \u2013 MAZURSKI, AMATORSKI P\u00d3\u0141MARATON ROLKARSKI o Puchar W\u00f3jta Gminy Gi\u017cycko 28\/06\/2015 08:00 17:00 Kamionki k\/ Gi\u017cycka Zapisanych uczestnik\u00f3w: Lista zg\u0142oszonych zawodnik\u00f3w Formularz zg\u0142oszeniowy","protected":false},"author":2112,"featured_media":0,"parent":39880,"menu_order":0,"comment_status":"closed","ping_status":"closed","template":"page-zapisy.php","meta":{"_acf_changed":false,"_monsterinsights_skip_tracking":false,"_monsterinsights_sitenote_active":false,"_monsterinsights_sitenote_note":"","_monsterinsights_sitenote_category":0,"footnotes":""},"categories":[],"tags":[],"class_list":["post-1240","page","type-page","status-publish","hentry"],"acf":[],"aioseo_notices":[],"_links":{"self":[{"href":"https:\/\/sport-timing.pl\/pomiar-czasu\/wp-json\/wp\/v2\/pages\/1240","targetHints":{"allow":["GET"]}}],"collection":[{"href":"https:\/\/sport-timing.pl\/pomiar-czasu\/wp-json\/wp\/v2\/pages"}],"about":[{"href":"https:\/\/sport-timing.pl\/pomiar-czasu\/wp-json\/wp\/v2\/types\/page"}],"author":[{"embeddable":true,"href":"https:\/\/sport-timing.pl\/pomiar-czasu\/wp-json\/wp\/v2\/users\/2112"}],"replies":[{"embeddable":true,"href":"https:\/\/sport-timing.pl\/pomiar-czasu\/wp-json\/wp\/v2\/comments?post=1240"}],"version-history":[{"count":22,"href":"https:\/\/sport-timing.pl\/pomiar-czasu\/wp-json\/wp\/v2\/pages\/1240\/revisions"}],"predecessor-version":[{"id":1282,"href":"https:\/\/sport-timing.pl\/pomiar-czasu\/wp-json\/wp\/v2\/pages\/1240\/revisions\/1282"}],"up":[{"embeddable":true,"href":"https:\/\/sport-timing.pl\/pomiar-czasu\/wp-json\/wp\/v2\/pages\/39880"}],"wp:attachment":[{"href":"https:\/\/sport-timing.pl\/pomiar-czasu\/wp-json\/wp\/v2\/media?parent=1240"}],"wp:term":[{"taxonomy":"category","embeddable":true,"href":"https:\/\/sport-timing.pl\/pomiar-czasu\/wp-json\/wp\/v2\/categories?post=1240"},{"taxonomy":"post_tag","embeddable":true,"href":"https:\/\/sport-timing.pl\/pomiar-czasu\/wp-json\/wp\/v2\/tags?post=1240"}],"curies":[{"name":"wp","href":"https:\/\/api.w.org\/{rel}","templated":true}]}}