




{"id":1090,"date":"2015-05-25T11:05:19","date_gmt":"2015-05-25T09:05:19","guid":{"rendered":"https:\/\/sport-timing.pl\/pomiar-czasu\/?page_id=1090"},"modified":"2015-05-27T16:35:15","modified_gmt":"2015-05-27T14:35:15","slug":"mistrzostwa-polski-rowerowym-enduro-platnosci","status":"publish","type":"page","link":"https:\/\/sport-timing.pl\/pomiar-czasu\/zapisy-online\/mistrzostwa-polski-rowerowym-enduro\/mistrzostwa-polski-rowerowym-enduro-platnosci\/","title":{"rendered":"MISTRZOSTWA POLSKI W ROWEROWYM ENDURO &#8211; P\u0142atno\u015bci"},"content":{"rendered":"<div class=\"wpb-content-wrapper\"><div class=\"vc_row wpb_row vc_row-fluid\"><div class=\"wpb_column vc_column_container vc_col-sm-12\"><div class=\"vc_column-inner\"><div class=\"wpb_wrapper\"><div class=\"vc_row wpb_row vc_inner vc_row-fluid\"><div class=\"wpb_column vc_column_container vc_col-sm-3\"><div class=\"vc_column-inner\"><div class=\"wpb_wrapper\">\n\t<div  class=\"wpb_single_image wpb_content_element vc_align_left wpb_content_element\">\n\t\t\n\t\t<figure class=\"wpb_wrapper vc_figure\">\n\t\t\t<div class=\"vc_single_image-wrapper   vc_box_border_grey\"><img width=\"282\" height=\"110\" src=\"https:\/\/sport-timing.pl\/pomiar-czasu\/content\/uploads\/2014\/01\/sporttiming_logo-Converted-02.png\" class=\"vc_single_image-img attachment-medium\" alt=\"\" title=\"sporttiming_logo [Converted]-02\" \/><\/div>\n\t\t<\/figure>\n\t<\/div>\n<\/div><\/div><\/div><div class=\"wpb_column vc_column_container vc_col-sm-6\"><div class=\"vc_column-inner\"><div class=\"wpb_wrapper\">\n\t<div class=\"wpb_text_column wpb_content_element\" >\n\t\t<div class=\"wpb_wrapper\">\n\t\t\t<h4 style=\"text-align: center;\">MISTRZOSTWA POLSKI W ROWEROWYM ENDURO<br \/>\nPanel organizatora<\/h4>\n\n\t\t<\/div>\n\t<\/div>\n<div class=\"vc_message_box vc_message_box-standard vc_message_box-rounded vc_color-alert-info vc_do_message\" ><div class=\"vc_message_box-icon\"><i class=\"vc_pixel_icon vc_pixel_icon-info\"><\/i><\/div><p>Klikaj\u0105 na pole <b>EDYCJA<\/b> mo\u017cesz zmieni\u0107: <span style=\"text-decoration: underline;\">Op\u0142ata<\/span>, <span style=\"text-decoration: underline;\">Nazwa Teamu<\/span>, \u00a0<span style=\"text-decoration: underline;\">KATEGORIE<\/span>,\u00a0<span style=\"text-decoration: underline;\">Nr licencji.<br \/>\n<\/span>W celu edycji\u00a0dodatkowych informacji przesz\u0119 skorzysta\u0107 z formularza poni\u017cej listy zg\u0142osze\u0144.<\/p>\n<\/div><\/div><\/div><\/div><div class=\"wpb_column vc_column_container vc_col-sm-3\"><div class=\"vc_column-inner\"><div class=\"wpb_wrapper\"><a class=\"wpb_button_a\" title=\"Powr\u00f3t do strony publicznej\" href=\"https:\/\/sport-timing.pl\/pomiar-czasu\/zapisy-online\/\"><span class=\"wpb_button  wpb_btn-primary wpb_regularsize wpb_arrow\">Powr\u00f3t do strony publicznej <i class=\"icon\"> <\/i><\/span><\/a><\/div><\/div><\/div><\/div><div class=\"vc_separator wpb_content_element vc_separator_align_center vc_sep_width_100 vc_sep_pos_align_center vc_sep_color_grey wpb_content_element vc_separator-has-text\" ><span class=\"vc_sep_holder vc_sep_holder_l\"><span class=\"vc_sep_line\"><\/span><\/span><h4>Lista zg\u0142osze\u0144<\/h4><span class=\"vc_sep_holder vc_sep_holder_r\"><span class=\"vc_sep_line\"><\/span><\/span>\n<\/div>\n\t<div class=\"wpb_text_column wpb_content_element\" >\n\t\t<div class=\"wpb_wrapper\">\n\t\t\tYou are not allowed to view this content.\n\n\t\t<\/div>\n\t<\/div>\n<div class=\"vc_message_box vc_message_box-standard vc_message_box-rounded vc_color-alert-warning vc_do_message\" ><div class=\"vc_message_box-icon\"><i class=\"vc_pixel_icon vc_pixel_icon-alert\"><\/i><\/div><p><strong>Sport-Timing.pl nie ponosi odpowiedzialno\u015bci za zmiany w li\u015bcie zg\u0142oszonych uczestnik\u00f3w wprowadzone przez ogranizatora.<\/strong><br \/>\nW razie\u00a0pyta\u0144 prosimy o kontakt z administratorem +971 52 971 8414 lub biurem Sport-Timing.pl +48\u00a0607 844 393 \/ +48 18 20 68 858, biuro@sport-timing.pl<\/p>\n<\/div><div class=\"vc_row wpb_row vc_inner vc_row-fluid\"><div class=\"wpb_column vc_column_container vc_col-sm-3\"><div class=\"vc_column-inner\"><div class=\"wpb_wrapper\"><\/div><\/div><\/div><div class=\"wpb_column vc_column_container vc_col-sm-6\"><div class=\"vc_column-inner\"><div class=\"wpb_wrapper\">\n\t<div class=\"wpb_text_column wpb_content_element\" >\n\t\t<div class=\"wpb_wrapper\">\n\t\t\t<h4>Folmularz zg\u0142oszenia zmiany li\u015bcie\u00a0zapisanych<\/h4>\n\n\t\t<\/div>\n\t<\/div>\n<p><h4>W celu zg\u0142oszenia zmian lub gdy chc\u0105 Pa\u0144stwo zrezygnowa\u0107 z uczestnictwa w wydarzeniu, prosimy przej\u015b\u0107 do naszego <a href=\"https:\/\/sport-timing.pl\/support\/\">Centrum Obs\u0142ugi Klienta.<\/a><\/h4>\r\n<br>\r\n<hr><\/p><\/div><\/div><\/div><div class=\"wpb_column vc_column_container vc_col-sm-3\"><div class=\"vc_column-inner\"><div class=\"wpb_wrapper\"><\/div><\/div><\/div><\/div><\/div><\/div><\/div><\/div>\n<\/div>","protected":false},"excerpt":{"rendered":"MISTRZOSTWA POLSKI W ROWEROWYM ENDURO Panel organizatora Klikaj\u0105 na pole EDYCJA mo\u017cesz zmieni\u0107: Op\u0142ata, Nazwa Teamu, \u00a0KATEGORIE,\u00a0Nr licencji. W celu edycji\u00a0dodatkowych informacji przesz\u0119 skorzysta\u0107 z formularza poni\u017cej listy zg\u0142osze\u0144. Powr\u00f3t do strony publicznej Lista zg\u0142osze\u0144 You are not allowed to view this content. Sport-Timing.pl nie ponosi odpowiedzialno\u015bci za zmiany w li\u015bcie zg\u0142oszonych uczestnik\u00f3w wprowadzone przez ogranizatora. W razie\u00a0pyta\u0144 prosimy o kontakt z administratorem +971 52 971 8414 lub biurem Sport-Timing.pl +48\u00a0607 844 393 \/ +48 18 20 68 858, biuro@sport-timing.pl Folmularz zg\u0142oszenia zmiany li\u015bcie\u00a0zapisanych Informacje podane w formularzu s\u0105 niepoprawne. Prosimy o poprawienie pod\u015bwietlonych p\u00f3l. Zatwierd\u017a","protected":false},"author":2112,"featured_media":0,"parent":1067,"menu_order":0,"comment_status":"closed","ping_status":"closed","template":"","meta":{"_acf_changed":false,"_monsterinsights_skip_tracking":false,"_monsterinsights_sitenote_active":false,"_monsterinsights_sitenote_note":"","_monsterinsights_sitenote_category":0,"footnotes":""},"categories":[],"tags":[],"class_list":["post-1090","page","type-page","status-publish","hentry"],"acf":[],"aioseo_notices":[],"_links":{"self":[{"href":"https:\/\/sport-timing.pl\/pomiar-czasu\/wp-json\/wp\/v2\/pages\/1090","targetHints":{"allow":["GET"]}}],"collection":[{"href":"https:\/\/sport-timing.pl\/pomiar-czasu\/wp-json\/wp\/v2\/pages"}],"about":[{"href":"https:\/\/sport-timing.pl\/pomiar-czasu\/wp-json\/wp\/v2\/types\/page"}],"author":[{"embeddable":true,"href":"https:\/\/sport-timing.pl\/pomiar-czasu\/wp-json\/wp\/v2\/users\/2112"}],"replies":[{"embeddable":true,"href":"https:\/\/sport-timing.pl\/pomiar-czasu\/wp-json\/wp\/v2\/comments?post=1090"}],"version-history":[{"count":36,"href":"https:\/\/sport-timing.pl\/pomiar-czasu\/wp-json\/wp\/v2\/pages\/1090\/revisions"}],"predecessor-version":[{"id":1176,"href":"https:\/\/sport-timing.pl\/pomiar-czasu\/wp-json\/wp\/v2\/pages\/1090\/revisions\/1176"}],"up":[{"embeddable":true,"href":"https:\/\/sport-timing.pl\/pomiar-czasu\/wp-json\/wp\/v2\/pages\/1067"}],"wp:attachment":[{"href":"https:\/\/sport-timing.pl\/pomiar-czasu\/wp-json\/wp\/v2\/media?parent=1090"}],"wp:term":[{"taxonomy":"category","embeddable":true,"href":"https:\/\/sport-timing.pl\/pomiar-czasu\/wp-json\/wp\/v2\/categories?post=1090"},{"taxonomy":"post_tag","embeddable":true,"href":"https:\/\/sport-timing.pl\/pomiar-czasu\/wp-json\/wp\/v2\/tags?post=1090"}],"curies":[{"name":"wp","href":"https:\/\/api.w.org\/{rel}","templated":true}]}}